{"id":5707,"date":"2026-01-04T23:09:43","date_gmt":"2026-01-04T22:09:43","guid":{"rendered":"https:\/\/czas.m2web.pl\/?post_type=product&#038;p=5707"},"modified":"2026-01-04T23:10:13","modified_gmt":"2026-01-04T22:10:13","slug":"infantino-lancuch-gryzaczkow-8-elementow-206158","status":"publish","type":"product","link":"https:\/\/czas.m2web.pl\/?product=infantino-lancuch-gryzaczkow-8-elementow-206158","title":{"rendered":"Infantino \u0141a\u0144cuch gryzaczk\u00f3w &#8211; 8 element\u00f3w 206158"},"content":{"rendered":"<section class=\"section\">\n<div class=\"item item-6\">\n<section class=\"image-item\"><img decoding=\"async\" src=\"https:\/\/upload.cdn.baselinker.com\/products\/3029707\/b61a13fc73db0b85c35b5e0f88e91d46.jpg\"><\/section>\n<\/p><\/div>\n<div class=\"item item-6\">\n<section class=\"text-item\">\n<h1>\u0141a\u0144cuch gryzaczk\u00f3w &#8211; 8 element\u00f3w<\/h1>\n<h1>Infantino 206158<\/h1>\n<p>Kolorowe k\u00f3\u0142ka \u0142\u0105cz\u0105 si\u0119 ze sob\u0105 we wzorzysty \u0142a\u0144cuch. Ka\u017cdy element posiada wyj\u0105tkow\u0105 faktur\u0119 stymuluj\u0105c\u0105 zmys\u0142 dotyku. Stworzony z my\u015bl\u0105 o kreatywnej zabawie. 8 element\u00f3w daje nieograniczone mo\u017cliwo\u015bci \u0142\u0105czenia ich ze sob\u0105. Mo\u017ce by\u0107 r\u00f3wnie\u017c grzechotk\u0105.<\/p>\n<p>W zestawie 8 element\u00f3w.<\/p>\n<ul>\n<li>Wiek: 0m+.<\/li>\n<li>Wymiary opakowania: 14,5 x 18,5 cm.<\/li>\n<\/ul>\n<\/section><\/div>\n<\/section>\n<section class=\"section\">\n<div class=\"item item-6\">\n<section class=\"image-item\"><img decoding=\"async\" src=\"https:\/\/upload.cdn.baselinker.com\/products\/3029707\/008b0eaa1c3a12b9d74702f2a0c25162.jpg\"><\/section>\n<\/p><\/div>\n<div class=\"item item-6\">\n<section class=\"image-item\"><img decoding=\"async\" src=\"https:\/\/upload.cdn.baselinker.com\/products\/3029707\/b61a13fc73db0b85c35b5e0f88e91d46.jpg\"><\/section>\n<\/p><\/div>\n<\/section>\n<p><strong>Dodatkowe informacje:<\/strong><\/p>\n<ul>\n<li><strong>Producent: <\/strong>INFANTINO B KIDS INTERNATIONAL LIMITED  Flat\/Rm 1203, 12\/F, East Ocean Centre, 98 Granville Road TST East, Kowloon Hong Kong; customersupport@infantino.com<\/li>\n<li><strong>Podmiot odpowiedzialny za wprowadzenie produktu na rynek europejski:<\/strong>\u00a0Infantino B kids B.V. John M. Keynesplein 12-46 1066EP Amsterdam The Netherlands eu.info@infantino.com<\/li>\n<li><strong>Ostrze\u017cenia na opakowaniu: <\/strong><\/li>\n<li><strong>Instrukcja obs\u0142ugi jest:<\/strong> NIE<\/li>\n<li><strong>Kraj pochodzenia:<\/strong> CHINY<\/li>\n<\/ul>\n","protected":false},"excerpt":{"rendered":"<p>\u0141a\u0144cuch gryzaczk\u00f3w &#8211; 8 element\u00f3w Infantino 206158 Kolorowe k\u00f3\u0142ka \u0142\u0105cz\u0105 si\u0119 ze sob\u0105 we wzorzysty \u0142a\u0144cuch. Ka\u017cdy element posiada wyj\u0105tkow\u0105<\/p>\n","protected":false},"featured_media":5830,"comment_status":"open","ping_status":"closed","template":"","meta":[],"product_brand":[],"product_cat":[16],"product_tag":[],"class_list":{"0":"post-5707","1":"product","2":"type-product","3":"status-publish","4":"has-post-thumbnail","6":"product_cat-import","8":"first","9":"instock","10":"shipping-taxable","11":"purchasable","12":"product-type-simple"},"_links":{"self":[{"href":"https:\/\/czas.m2web.pl\/index.php?rest_route=\/wp\/v2\/product\/5707","targetHints":{"allow":["GET"]}}],"collection":[{"href":"https:\/\/czas.m2web.pl\/index.php?rest_route=\/wp\/v2\/product"}],"about":[{"href":"https:\/\/czas.m2web.pl\/index.php?rest_route=\/wp\/v2\/types\/product"}],"replies":[{"embeddable":true,"href":"https:\/\/czas.m2web.pl\/index.php?rest_route=%2Fwp%2Fv2%2Fcomments&post=5707"}],"version-history":[{"count":0,"href":"https:\/\/czas.m2web.pl\/index.php?rest_route=\/wp\/v2\/product\/5707\/revisions"}],"wp:featuredmedia":[{"embeddable":true,"href":"https:\/\/czas.m2web.pl\/index.php?rest_route=\/wp\/v2\/media\/5830"}],"wp:attachment":[{"href":"https:\/\/czas.m2web.pl\/index.php?rest_route=%2Fwp%2Fv2%2Fmedia&parent=5707"}],"wp:term":[{"taxonomy":"product_brand","embeddable":true,"href":"https:\/\/czas.m2web.pl\/index.php?rest_route=%2Fwp%2Fv2%2Fproduct_brand&post=5707"},{"taxonomy":"product_cat","embeddable":true,"href":"https:\/\/czas.m2web.pl\/index.php?rest_route=%2Fwp%2Fv2%2Fproduct_cat&post=5707"},{"taxonomy":"product_tag","embeddable":true,"href":"https:\/\/czas.m2web.pl\/index.php?rest_route=%2Fwp%2Fv2%2Fproduct_tag&post=5707"}],"curies":[{"name":"wp","href":"https:\/\/api.w.org\/{rel}","templated":true}]}}