{"id":5783,"date":"2026-01-04T23:10:04","date_gmt":"2026-01-04T22:10:04","guid":{"rendered":"https:\/\/czas.m2web.pl\/?post_type=product&#038;p=5783"},"modified":"2026-01-04T23:10:21","modified_gmt":"2026-01-04T22:10:21","slug":"infantino-kapielowe-zwierzatka-psikawki-w-akwarium","status":"publish","type":"product","link":"https:\/\/czas.m2web.pl\/?product=infantino-kapielowe-zwierzatka-psikawki-w-akwarium","title":{"rendered":"Infantino K\u0105pielowe zwierz\u0105tka psikawki w akwarium"},"content":{"rendered":"<section class=\"section\">\n<div class=\"item item-6\">\n<section class=\"image-item\"><img decoding=\"async\" src=\"https:\/\/upload.cdn.baselinker.com\/products\/3029707\/986a3345731f224a3b35dd370b788f86.jpg\"><\/section>\n<\/p><\/div>\n<div class=\"item item-6\">\n<section class=\"text-item\">\n<h1>INFANTINO K\u0105pielowe zwierz\u0105tka w akwarium<\/h1>\n<p>Nr kat.: 217024<\/p>\n<p><b>Cztery gumowe zwierz\u0105tka wodne mog\u0105 by\u0107 zar\u00f3wno zabawkami jak i psikawkami na wod\u0119.<\/b><\/p>\n<p>\u015awietne do chwytania i gryzienia, idealnie mieszcz\u0105 si\u0119 w ma\u0142ych r\u0105czkach.<\/p>\n<p><b>Ka\u017cda z zabawek sk\u0142ada si\u0119 z dw\u00f3ch roz\u0142\u0105czanych cz\u0119\u015bci, co pozwala na dowolne \u0142\u0105czenie ze sob\u0105 poszczeg\u00f3lnych element\u00f3w i kreatywne tworzenie nowych zwierz\u0105tek.<\/b><\/p>\n<p><b>W zestawie \u017cabka, konik morski, o\u015bmiornica i \u017c\u00f3\u0142wik.<\/b><\/p>\n<p>Wodne zwierz\u0105tka umil\u0105 ka\u017cd\u0105 k\u0105piel i zapewni\u0105 dziecku rozrywk\u0119.<\/p>\n<p><b>Akwarium pozwala na przechowywanie zabawek.<\/b><\/p>\n<p>Po rozkr\u0119ceniu zabawki mo\u017cna j\u0105 \u0142atwo umy\u0107 i wysuszy\u0107, co zapobiegnie powstawaniu osad\u00f3w i ple\u015bni.<\/p>\n<p>Zabawki wykonane z bezpiecznej gumy, nie zawieraj\u0105 BPA.<\/p>\n<p>Wymiary opakowania: 16,5 x 16 x 10 cm.<\/p>\n<p>Wiek: 6M+.<\/p>\n<\/section><\/div>\n<\/section>\n<section class=\"section\">\n<div class=\"item item-12\">\n<section class=\"image-item\"><img decoding=\"async\" src=\"https:\/\/upload.cdn.baselinker.com\/products\/3029707\/1c7b4e4033cc2c435b2697f9b286ce0f.jpg\"><\/section>\n<\/p><\/div>\n<\/section>\n<section class=\"section\">\n<div class=\"item item-6\">\n<section class=\"image-item\"><img decoding=\"async\" src=\"https:\/\/upload.cdn.baselinker.com\/products\/3029707\/366c01e0352cbcab0b3def9830d7af03.jpg\"><\/section>\n<\/p><\/div>\n<div class=\"item item-6\">\n<section class=\"image-item\"><img decoding=\"async\" src=\"https:\/\/upload.cdn.baselinker.com\/products\/3029707\/37aa4d0b41d9de4454b64facef8a5555.jpg\"><\/section>\n<\/p><\/div>\n<\/section>\n<section class=\"section\">\n<div class=\"item item-6\">\n<section class=\"image-item\"><img decoding=\"async\" src=\"https:\/\/upload.cdn.baselinker.com\/products\/3029707\/12394c28792b280adc4c4e7ab1a021d2.jpg\"><\/section>\n<\/p><\/div>\n<div class=\"item item-6\">\n<section class=\"image-item\"><img decoding=\"async\" src=\"https:\/\/upload.cdn.baselinker.com\/products\/3029707\/75d99d834121e4b6fc28dc6c657b6f94.jpg\"><\/section>\n<\/p><\/div>\n<\/section>\n<section class=\"section\">\n<div class=\"item item-12\">\n<section class=\"image-item\"><img decoding=\"async\" src=\"https:\/\/upload.cdn.baselinker.com\/products\/3029707\/e98f044569936b863f0ac4330d19e2ab.jpg\"><\/section>\n<\/p><\/div>\n<\/section>\n<section class=\"section\">\n<div class=\"item item-12\">\n<section class=\"image-item\"><img decoding=\"async\" src=\"https:\/\/upload.cdn.baselinker.com\/products\/3029707\/986a3345731f224a3b35dd370b788f86.jpg\"><\/section>\n<\/p><\/div>\n<\/section>\n<p><strong>Dodatkowe informacje:<\/strong><\/p>\n<ul>\n<li><strong>Producent: <\/strong>INFANTINO B KIDS INTERNATIONAL LIMITED  Flat\/Rm 1203, 12\/F, East Ocean Centre, 98 Granville Road TST East, Kowloon Hong Kong; customersupport@infantino.com<\/li>\n<li><strong>Podmiot odpowiedzialny za wprowadzenie produktu na rynek europejski:<\/strong>\u00a0Infantino B kids B.V. John M. Keynesplein 12-46 1066EP Amsterdam The Netherlands eu.info@infantino.com<\/li>\n<li><strong>Ostrze\u017cenia na opakowaniu: <\/strong><\/li>\n<li><strong>Instrukcja obs\u0142ugi jest:<\/strong> NIE<\/li>\n<li><strong>Kraj pochodzenia:<\/strong> CHINY<\/li>\n<\/ul>\n","protected":false},"excerpt":{"rendered":"<p>INFANTINO K\u0105pielowe zwierz\u0105tka w akwarium Nr kat.: 217024 Cztery gumowe zwierz\u0105tka wodne mog\u0105 by\u0107 zar\u00f3wno zabawkami jak i psikawkami na<\/p>\n","protected":false},"featured_media":5856,"comment_status":"open","ping_status":"closed","template":"","meta":[],"product_brand":[],"product_cat":[17,1226],"product_tag":[],"class_list":{"0":"post-5783","1":"product","2":"type-product","3":"status-publish","4":"has-post-thumbnail","6":"product_cat-dla-najmlodszych","7":"product_cat-zabawki-do-kapieli","9":"first","10":"instock","11":"shipping-taxable","12":"purchasable","13":"product-type-simple"},"_links":{"self":[{"href":"https:\/\/czas.m2web.pl\/index.php?rest_route=\/wp\/v2\/product\/5783","targetHints":{"allow":["GET"]}}],"collection":[{"href":"https:\/\/czas.m2web.pl\/index.php?rest_route=\/wp\/v2\/product"}],"about":[{"href":"https:\/\/czas.m2web.pl\/index.php?rest_route=\/wp\/v2\/types\/product"}],"replies":[{"embeddable":true,"href":"https:\/\/czas.m2web.pl\/index.php?rest_route=%2Fwp%2Fv2%2Fcomments&post=5783"}],"version-history":[{"count":0,"href":"https:\/\/czas.m2web.pl\/index.php?rest_route=\/wp\/v2\/product\/5783\/revisions"}],"wp:featuredmedia":[{"embeddable":true,"href":"https:\/\/czas.m2web.pl\/index.php?rest_route=\/wp\/v2\/media\/5856"}],"wp:attachment":[{"href":"https:\/\/czas.m2web.pl\/index.php?rest_route=%2Fwp%2Fv2%2Fmedia&parent=5783"}],"wp:term":[{"taxonomy":"product_brand","embeddable":true,"href":"https:\/\/czas.m2web.pl\/index.php?rest_route=%2Fwp%2Fv2%2Fproduct_brand&post=5783"},{"taxonomy":"product_cat","embeddable":true,"href":"https:\/\/czas.m2web.pl\/index.php?rest_route=%2Fwp%2Fv2%2Fproduct_cat&post=5783"},{"taxonomy":"product_tag","embeddable":true,"href":"https:\/\/czas.m2web.pl\/index.php?rest_route=%2Fwp%2Fv2%2Fproduct_tag&post=5783"}],"curies":[{"name":"wp","href":"https:\/\/api.w.org\/{rel}","templated":true}]}}