{"id":5789,"date":"2026-01-04T23:10:04","date_gmt":"2026-01-04T22:10:04","guid":{"rendered":"https:\/\/czas.m2web.pl\/?post_type=product&#038;p=5789"},"modified":"2026-01-04T23:10:28","modified_gmt":"2026-01-04T22:10:28","slug":"infantino-gryzaczkowy-lancuch-9-elementow-216277","status":"publish","type":"product","link":"https:\/\/czas.m2web.pl\/?product=infantino-gryzaczkowy-lancuch-9-elementow-216277","title":{"rendered":"INFANTINO Gryzaczkowy \u0142a\u0144cuch &#8211; 9 element\u00f3w 216277"},"content":{"rendered":"<section class=\"section\">\n<div class=\"item item-6\">\n<section class=\"image-item\"><img decoding=\"async\" src=\"https:\/\/upload.cdn.baselinker.com\/products\/3029707\/341b7db2e0df5f9d25091ae3917f6f65.jpg\"><\/section>\n<\/p><\/div>\n<div class=\"item item-6\">\n<section class=\"text-item\">\n<h1>Gryzaczkowy \u0142a\u0144cuch<\/h1>\n<h1>Infantino 216277<\/h1>\n<p>Kolorowe k\u00f3\u0142ka \u0142\u0105cz\u0105 si\u0119 ze sob\u0105 we wzorzysty \u0142a\u0144cuch. Ka\u017cdy element posiada wyj\u0105tkow\u0105 faktur\u0119 stymuluj\u0105c\u0105 zmys\u0142 dotyku. Zabawka zapewnia kreatywn\u0105 zabaw\u0119. Ka\u017cde k\u00f3\u0142ko mo\u017ce by\u0107 r\u00f3wnie\u017c gryzaczkiem.<\/p>\n<p>Po\u0142\u0105czone ze sob\u0105 elementy mo\u017cna \u0142atwo zawiesi\u0107 na w\u00f3zku lub foteliku samochodowym.<\/p>\n<p>W zestawie 9 element\u00f3w.<\/p>\n<ul>\n<li>Wiek: 0m+.<\/li>\n<li>Wymiary opakowania: 20 x 10,5 cm.<\/li>\n<\/ul>\n<\/section><\/div>\n<\/section>\n<section class=\"section\">\n<div class=\"item item-6\">\n<section class=\"image-item\"><img decoding=\"async\" src=\"https:\/\/upload.cdn.baselinker.com\/products\/3029707\/fbe58d7f0872c4757faec3d6a71ace98.jpg\"><\/section>\n<\/p><\/div>\n<div class=\"item item-6\">\n<section class=\"image-item\"><img decoding=\"async\" src=\"https:\/\/upload.cdn.baselinker.com\/products\/3029707\/10ec382a40a08a1bb1adf155e09d2233.jpg\"><\/section>\n<\/p><\/div>\n<\/section>\n<section class=\"section\">\n<div class=\"item item-12\">\n<section class=\"image-item\"><img decoding=\"async\" src=\"https:\/\/upload.cdn.baselinker.com\/products\/3029707\/341b7db2e0df5f9d25091ae3917f6f65.jpg\"><\/section>\n<\/p><\/div>\n<\/section>\n<p><strong>Dodatkowe informacje:<\/strong><\/p>\n<ul>\n<li><strong>Producent: <\/strong>INFANTINO B KIDS INTERNATIONAL LIMITED  Flat\/Rm 1203, 12\/F, East Ocean Centre, 98 Granville Road TST East, Kowloon Hong Kong; customersupport@infantino.com<\/li>\n<li><strong>Podmiot odpowiedzialny za wprowadzenie produktu na rynek europejski:<\/strong>\u00a0Infantino B kids B.V. John M. Keynesplein 12-46 1066EP Amsterdam The Netherlands eu.info@infantino.com<\/li>\n<li><strong>Ostrze\u017cenia na opakowaniu: <\/strong><\/li>\n<li><strong>Instrukcja obs\u0142ugi jest:<\/strong> NIE<\/li>\n<li><strong>Kraj pochodzenia:<\/strong> CHINY<\/li>\n<\/ul>\n","protected":false},"excerpt":{"rendered":"<p>Gryzaczkowy \u0142a\u0144cuch Infantino 216277 Kolorowe k\u00f3\u0142ka \u0142\u0105cz\u0105 si\u0119 ze sob\u0105 we wzorzysty \u0142a\u0144cuch. Ka\u017cdy element posiada wyj\u0105tkow\u0105 faktur\u0119 stymuluj\u0105c\u0105 zmys\u0142<\/p>\n","protected":false},"featured_media":5901,"comment_status":"open","ping_status":"closed","template":"","meta":[],"product_brand":[],"product_cat":[16],"product_tag":[],"class_list":{"0":"post-5789","1":"product","2":"type-product","3":"status-publish","4":"has-post-thumbnail","6":"product_cat-import","8":"first","9":"instock","10":"shipping-taxable","11":"purchasable","12":"product-type-simple"},"_links":{"self":[{"href":"https:\/\/czas.m2web.pl\/index.php?rest_route=\/wp\/v2\/product\/5789","targetHints":{"allow":["GET"]}}],"collection":[{"href":"https:\/\/czas.m2web.pl\/index.php?rest_route=\/wp\/v2\/product"}],"about":[{"href":"https:\/\/czas.m2web.pl\/index.php?rest_route=\/wp\/v2\/types\/product"}],"replies":[{"embeddable":true,"href":"https:\/\/czas.m2web.pl\/index.php?rest_route=%2Fwp%2Fv2%2Fcomments&post=5789"}],"version-history":[{"count":0,"href":"https:\/\/czas.m2web.pl\/index.php?rest_route=\/wp\/v2\/product\/5789\/revisions"}],"wp:featuredmedia":[{"embeddable":true,"href":"https:\/\/czas.m2web.pl\/index.php?rest_route=\/wp\/v2\/media\/5901"}],"wp:attachment":[{"href":"https:\/\/czas.m2web.pl\/index.php?rest_route=%2Fwp%2Fv2%2Fmedia&parent=5789"}],"wp:term":[{"taxonomy":"product_brand","embeddable":true,"href":"https:\/\/czas.m2web.pl\/index.php?rest_route=%2Fwp%2Fv2%2Fproduct_brand&post=5789"},{"taxonomy":"product_cat","embeddable":true,"href":"https:\/\/czas.m2web.pl\/index.php?rest_route=%2Fwp%2Fv2%2Fproduct_cat&post=5789"},{"taxonomy":"product_tag","embeddable":true,"href":"https:\/\/czas.m2web.pl\/index.php?rest_route=%2Fwp%2Fv2%2Fproduct_tag&post=5789"}],"curies":[{"name":"wp","href":"https:\/\/api.w.org\/{rel}","templated":true}]}}