{"id":5793,"date":"2026-01-04T23:10:04","date_gmt":"2026-01-04T22:10:04","guid":{"rendered":"https:\/\/czas.m2web.pl\/?post_type=product&#038;p=5793"},"modified":"2026-01-04T23:10:32","modified_gmt":"2026-01-04T22:10:32","slug":"infantino-miekka-ksiazeczka-do-kapieli-305085","status":"publish","type":"product","link":"https:\/\/czas.m2web.pl\/?product=infantino-miekka-ksiazeczka-do-kapieli-305085","title":{"rendered":"INFANTINO Mi\u0119kka ksi\u0105\u017ceczka do k\u0105pieli 305085"},"content":{"rendered":"<section class=\"section\">\n<div class=\"item item-6\">\n<section class=\"image-item\">             <img decoding=\"async\" src=\"https:\/\/upload.cdn.baselinker.com\/products\/3029707\/06532c343f562de329bfb30d663cb924.jpg\" \/>         <\/section>\n<\/p><\/div>\n<div class=\"item item-6\">\n<section class=\"text-item\">\n<h1>INFANTINO Mi\u0119kka ksi\u0105\u017ceczka do k\u0105pieli<\/h1>\n<p>Nr kat.: 305085<\/p>\n<p>Mi\u0119kka ksi\u0105\u017ceczka k\u0105pielowa ze zwierz\u0105tkami.<\/p>\n<p>Na ka\u017cdej z 6 stron, znajduje si\u0119 inne zwierz\u0105tko, co pozwoli dziecku na tworzenie dowolnych historyjek.<\/p>\n<p>Ksi\u0105\u017ceczka jest bardzo lekka i wykonana z wodoodpornego materia\u0142u, dzi\u0119ki czemu unosi si\u0119 na wodzie i jest \u0142atwa do czyszczenia.<\/p>\n<ul>\n<li>Rozmiar ksi\u0105\u017ceczki: 14x14cm.<\/li>\n<li>Wiek: 0m+<\/li>\n<\/ul>\n<\/section><\/div>\n<\/section>\n<section class=\"section\">\n<div class=\"item item-12\">\n<section class=\"image-item\">             <img decoding=\"async\" src=\"https:\/\/upload.cdn.baselinker.com\/products\/3029707\/06532c343f562de329bfb30d663cb924.jpg\" \/>         <\/section>\n<\/p><\/div>\n<\/section>\n<section class=\"section\">\n<div class=\"item item-12\">\n<section class=\"image-item\">             <img decoding=\"async\" src=\"https:\/\/upload.cdn.baselinker.com\/products\/3029707\/96e86c7ef569882706c1bb0a5c05840b.jpg\" \/>         <\/section>\n<\/p><\/div>\n<\/section>\n<section class=\"section\">\n<div class=\"item item-12\">\n<section class=\"image-item\">             <img decoding=\"async\" src=\"https:\/\/upload.cdn.baselinker.com\/products\/3029707\/624dd93b7039f2e017a596a8f362c418.jpg\" \/>         <\/section>\n<\/p><\/div>\n<\/section>\n<section class=\"section\">\n<div class=\"item item-12\">\n<section class=\"image-item\">             <img decoding=\"async\" src=\"https:\/\/upload.cdn.baselinker.com\/products\/3029707\/8b77f4949925787084ead9afe6a44604.jpg\" \/>         <\/section>\n<\/p><\/div>\n<\/section>\n<section class=\"section\">\n<div class=\"item item-6\">\n<section class=\"image-item\">             <img decoding=\"async\" src=\"https:\/\/upload.cdn.baselinker.com\/products\/3029707\/f5aeb5f8132e9ef34123c9bf8dfc955d.jpg\" \/>         <\/section>\n<\/p><\/div>\n<div class=\"item item-6\">\n<section class=\"image-item\">             <img decoding=\"async\" src=\"https:\/\/upload.cdn.baselinker.com\/products\/3029707\/acd3104da7f7578a8b1c679ad2f1db10.jpg\" \/>         <\/section>\n<\/p><\/div>\n<\/section>\n<section class=\"section\">\n<div class=\"item item-12\">\n<section class=\"image-item\">             <img decoding=\"async\" src=\"https:\/\/upload.cdn.baselinker.com\/products\/3029707\/dd1cc00424ccaaff0be527babd1dfcd8.jpg\" \/>         <\/section>\n<\/p><\/div>\n<\/section>\n<section class=\"section\">\n<div class=\"item item-12\">\n<section class=\"image-item\">             <img decoding=\"async\" src=\"https:\/\/upload.cdn.baselinker.com\/products\/3029707\/3453e86a82c766cdd6829439f59e81cd.jpg\" \/>         <\/section>\n<\/p><\/div>\n<\/section>\n<p><strong>Dodatkowe informacje:<\/strong><\/p>\n<ul>\n<li><strong>Producent: <\/strong>INFANTINO B KIDS INTERNATIONAL LIMITED  Flat\/Rm 1203, 12\/F, East Ocean Centre, 98 Granville Road TST East, Kowloon Hong Kong; customersupport@infantino.com<\/li>\n<li><strong>Podmiot odpowiedzialny za wprowadzenie produktu na rynek europejski:<\/strong>\u00a0Infantino B kids B.V. John M. Keynesplein 12-46 1066EP Amsterdam The Netherlands eu.info@infantino.com<\/li>\n<li><strong>Ostrze\u017cenia na opakowaniu: <\/strong><\/li>\n<li><strong>Instrukcja obs\u0142ugi jest:<\/strong> NIE<\/li>\n<li><strong>Kraj pochodzenia:<\/strong> CHINY<\/li>\n<\/ul>\n","protected":false},"excerpt":{"rendered":"<p>INFANTINO Mi\u0119kka ksi\u0105\u017ceczka do k\u0105pieli Nr kat.: 305085 Mi\u0119kka ksi\u0105\u017ceczka k\u0105pielowa ze zwierz\u0105tkami. Na ka\u017cdej z 6 stron, znajduje si\u0119<\/p>\n","protected":false},"featured_media":5912,"comment_status":"open","ping_status":"closed","template":"","meta":[],"product_brand":[],"product_cat":[17,1226],"product_tag":[],"class_list":{"0":"post-5793","1":"product","2":"type-product","3":"status-publish","4":"has-post-thumbnail","6":"product_cat-dla-najmlodszych","7":"product_cat-zabawki-do-kapieli","9":"first","10":"instock","11":"shipping-taxable","12":"purchasable","13":"product-type-simple"},"_links":{"self":[{"href":"https:\/\/czas.m2web.pl\/index.php?rest_route=\/wp\/v2\/product\/5793","targetHints":{"allow":["GET"]}}],"collection":[{"href":"https:\/\/czas.m2web.pl\/index.php?rest_route=\/wp\/v2\/product"}],"about":[{"href":"https:\/\/czas.m2web.pl\/index.php?rest_route=\/wp\/v2\/types\/product"}],"replies":[{"embeddable":true,"href":"https:\/\/czas.m2web.pl\/index.php?rest_route=%2Fwp%2Fv2%2Fcomments&post=5793"}],"version-history":[{"count":0,"href":"https:\/\/czas.m2web.pl\/index.php?rest_route=\/wp\/v2\/product\/5793\/revisions"}],"wp:featuredmedia":[{"embeddable":true,"href":"https:\/\/czas.m2web.pl\/index.php?rest_route=\/wp\/v2\/media\/5912"}],"wp:attachment":[{"href":"https:\/\/czas.m2web.pl\/index.php?rest_route=%2Fwp%2Fv2%2Fmedia&parent=5793"}],"wp:term":[{"taxonomy":"product_brand","embeddable":true,"href":"https:\/\/czas.m2web.pl\/index.php?rest_route=%2Fwp%2Fv2%2Fproduct_brand&post=5793"},{"taxonomy":"product_cat","embeddable":true,"href":"https:\/\/czas.m2web.pl\/index.php?rest_route=%2Fwp%2Fv2%2Fproduct_cat&post=5793"},{"taxonomy":"product_tag","embeddable":true,"href":"https:\/\/czas.m2web.pl\/index.php?rest_route=%2Fwp%2Fv2%2Fproduct_tag&post=5793"}],"curies":[{"name":"wp","href":"https:\/\/api.w.org\/{rel}","templated":true}]}}