{"id":5876,"date":"2026-01-04T23:10:24","date_gmt":"2026-01-04T22:10:24","guid":{"rendered":"https:\/\/czas.m2web.pl\/?post_type=product&#038;p=5876"},"modified":"2026-01-04T23:10:40","modified_gmt":"2026-01-04T22:10:40","slug":"infantino-muzyczna-poprzeczka-do-wozka-216265","status":"publish","type":"product","link":"https:\/\/czas.m2web.pl\/?product=infantino-muzyczna-poprzeczka-do-wozka-216265","title":{"rendered":"Infantino Muzyczna poprzeczka do w\u00f3zka 216265"},"content":{"rendered":"<section class=\"section\">\n<div class=\"item item-6\">\n<section class=\"image-item\"><img decoding=\"async\" src=\"https:\/\/upload.cdn.baselinker.com\/products\/3029707\/1183a78e53a1dd422dff94d48b60b3af.jpg\"><\/section>\n<\/p><\/div>\n<div class=\"item item-6\">\n<section class=\"text-item\">\n<h1>Muzyczna Poprzeczka do w\u00f3zka<\/h1>\n<p>Infantino 216265<\/p>\n<p>Aktywna poprzeczka \u0142atwo przymocowuje si\u0119 w w\u00f3zku i zapewnia godziny wspania\u0142ej zabawy! Kolorowa zabawka z trzema weso\u0142ymi zwierz\u0105tkami, z kt\u00f3rych ka\u017cde z nich pe\u0142ni r\u00f3\u017cne funkcje.<\/p>\n<p>Po naci\u015bni\u0119ciu, brzuszek s\u00f3wki za\u015bwieci si\u0119 i zagra weso\u0142e melodie (5 melodii i 4 efekty d\u017awi\u0119kowe). Lisek jest grzechotk\u0105, ptaszek posiada ruchome kr\u0105\u017cki. Wszystkie zwierz\u0105tka obracaj\u0105 si\u0119 o 360 stopni.<\/p>\n<ul>\n<li>D\u0142ugo\u015b\u0107 poprzeczki: 31 cm.<\/li>\n<li>Wiek: 0M+.<\/li>\n<li>Pasuje do wi\u0119kszo\u015bci w\u00f3zk\u00f3w i fotelik\u00f3w samochodowych.<\/li>\n<\/ul>\n<\/section><\/div>\n<\/section>\n<section class=\"section\">\n<div class=\"item item-12\">\n<section class=\"image-item\"><img decoding=\"async\" src=\"https:\/\/upload.cdn.baselinker.com\/products\/3029707\/1183a78e53a1dd422dff94d48b60b3af.jpg\"><\/section>\n<\/p><\/div>\n<\/section>\n<section class=\"section\">\n<div class=\"item item-12\">\n<section class=\"image-item\"><img decoding=\"async\" src=\"https:\/\/upload.cdn.baselinker.com\/products\/3029707\/076a8d534aa5b11c342a90cc8193b211.jpg\"><\/section>\n<\/p><\/div>\n<\/section>\n<p><strong>Dodatkowe informacje:<\/strong><\/p>\n<ul>\n<li><strong>Producent: <\/strong>INFANTINO B KIDS INTERNATIONAL LIMITED  Flat\/Rm 1203, 12\/F, East Ocean Centre, 98 Granville Road TST East, Kowloon Hong Kong; customersupport@infantino.com<\/li>\n<li><strong>Podmiot odpowiedzialny za wprowadzenie produktu na rynek europejski:<\/strong>\u00a0Infantino B kids B.V. John M. Keynesplein 12-46 1066EP Amsterdam The Netherlands eu.info@infantino.com<\/li>\n<li><strong>Ostrze\u017cenia na opakowaniu: <\/strong><\/li>\n<li><strong>Instrukcja obs\u0142ugi jest:<\/strong> NIE<\/li>\n<li><strong>Kraj pochodzenia:<\/strong> CHINY<\/li>\n<\/ul>\n","protected":false},"excerpt":{"rendered":"<p>Muzyczna Poprzeczka do w\u00f3zka Infantino 216265 Aktywna poprzeczka \u0142atwo przymocowuje si\u0119 w w\u00f3zku i zapewnia godziny wspania\u0142ej zabawy! Kolorowa zabawka<\/p>\n","protected":false},"featured_media":5942,"comment_status":"open","ping_status":"closed","template":"","meta":[],"product_brand":[],"product_cat":[16],"product_tag":[],"class_list":{"0":"post-5876","1":"product","2":"type-product","3":"status-publish","4":"has-post-thumbnail","6":"product_cat-import","8":"first","9":"instock","10":"shipping-taxable","11":"purchasable","12":"product-type-simple"},"_links":{"self":[{"href":"https:\/\/czas.m2web.pl\/index.php?rest_route=\/wp\/v2\/product\/5876","targetHints":{"allow":["GET"]}}],"collection":[{"href":"https:\/\/czas.m2web.pl\/index.php?rest_route=\/wp\/v2\/product"}],"about":[{"href":"https:\/\/czas.m2web.pl\/index.php?rest_route=\/wp\/v2\/types\/product"}],"replies":[{"embeddable":true,"href":"https:\/\/czas.m2web.pl\/index.php?rest_route=%2Fwp%2Fv2%2Fcomments&post=5876"}],"version-history":[{"count":0,"href":"https:\/\/czas.m2web.pl\/index.php?rest_route=\/wp\/v2\/product\/5876\/revisions"}],"wp:featuredmedia":[{"embeddable":true,"href":"https:\/\/czas.m2web.pl\/index.php?rest_route=\/wp\/v2\/media\/5942"}],"wp:attachment":[{"href":"https:\/\/czas.m2web.pl\/index.php?rest_route=%2Fwp%2Fv2%2Fmedia&parent=5876"}],"wp:term":[{"taxonomy":"product_brand","embeddable":true,"href":"https:\/\/czas.m2web.pl\/index.php?rest_route=%2Fwp%2Fv2%2Fproduct_brand&post=5876"},{"taxonomy":"product_cat","embeddable":true,"href":"https:\/\/czas.m2web.pl\/index.php?rest_route=%2Fwp%2Fv2%2Fproduct_cat&post=5876"},{"taxonomy":"product_tag","embeddable":true,"href":"https:\/\/czas.m2web.pl\/index.php?rest_route=%2Fwp%2Fv2%2Fproduct_tag&post=5876"}],"curies":[{"name":"wp","href":"https:\/\/api.w.org\/{rel}","templated":true}]}}