{"id":5877,"date":"2026-01-04T23:10:25","date_gmt":"2026-01-04T22:10:25","guid":{"rendered":"https:\/\/czas.m2web.pl\/?post_type=product&#038;p=5877"},"modified":"2026-01-04T23:10:41","modified_gmt":"2026-01-04T22:10:41","slug":"infantino-zawieszka-z-naciagiem-hipopotam-216185","status":"publish","type":"product","link":"https:\/\/czas.m2web.pl\/?product=infantino-zawieszka-z-naciagiem-hipopotam-216185","title":{"rendered":"Infantino Zawieszka z naci\u0105giem hipopotam 216185"},"content":{"rendered":"<section class=\"section\">\n<div class=\"item item-6\">\n<section class=\"image-item\"><img decoding=\"async\" src=\"https:\/\/upload.cdn.baselinker.com\/products\/3029707\/3a7b3b7a073b48860a7fce85bb2e6834.jpg\"><\/section>\n<\/p><\/div>\n<div class=\"item item-6\">\n<section class=\"text-item\">\n<h1>Zawieszka z naci\u0105giem hipopotam<\/h1>\n<h1>Infantino 216185<\/h1>\n<p>Zawieszka w kszta\u0142cie hipopotama z gryzaczkiem o r\u00f3\u017cnych fakturach b\u0119dzie niezast\u0105pionym towarzyszem podczas ka\u017cdego spaceru i podr\u00f3\u017cy dziecka. Rozci\u0105gliwa i wibruj\u0105ca ta\u015bma z k\u00f3\u0142eczkiem pozwala na powieszenie zabawki w dowolnym miejscu.<\/p>\n<p>Gdy dziecko chwyci zabawk\u0119 i poci\u0105gnie w d\u00f3\u0142, zwierz\u0105tko zacznie brz\u0119cze\u0107 i drga\u0107! Ciekawe kszta\u0142ty i faktury u\u017cytych materia\u0142\u00f3w zach\u0119c\u0105 dzieci do zabawy.<\/p>\n<p>Gryzaczek b\u0119dzie delikatnie masowa\u0142 dzi\u0105s\u0142a i rozwija\u0142 zmys\u0142 dotyku.<\/p>\n<ul>\n<li>Wiek 0M+.<\/li>\n<li>Ca\u0142kowita d\u0142ugo\u015b\u0107 zabawki (z gryzakiem i n\u00f3\u017ckami): 20 cm.<\/li>\n<\/ul>\n<\/section><\/div>\n<\/section>\n<section class=\"section\">\n<div class=\"item item-12\">\n<section class=\"image-item\"><img decoding=\"async\" src=\"https:\/\/upload.cdn.baselinker.com\/products\/3029707\/c5ae34cd323b6bb3536baa3ba119ca7b.jpg\"><\/section>\n<\/p><\/div>\n<\/section>\n<section class=\"section\">\n<div class=\"item item-12\">\n<section class=\"image-item\"><img decoding=\"async\" src=\"https:\/\/upload.cdn.baselinker.com\/products\/3029707\/cb810036b51e106c6674a7fe18de8d4d.jpg\"><\/section>\n<\/p><\/div>\n<\/section>\n<section class=\"section\">\n<div class=\"item item-12\">\n<section class=\"image-item\"><img decoding=\"async\" src=\"https:\/\/upload.cdn.baselinker.com\/products\/3029707\/3a7b3b7a073b48860a7fce85bb2e6834.jpg\"><\/section>\n<\/p><\/div>\n<\/section>\n<p><strong>Dodatkowe informacje:<\/strong><\/p>\n<ul>\n<li><strong>Producent: <\/strong>INFANTINO B KIDS INTERNATIONAL LIMITED  Flat\/Rm 1203, 12\/F, East Ocean Centre, 98 Granville Road TST East, Kowloon Hong Kong; customersupport@infantino.com<\/li>\n<li><strong>Podmiot odpowiedzialny za wprowadzenie produktu na rynek europejski:<\/strong>\u00a0Infantino B kids B.V. John M. Keynesplein 12-46 1066EP Amsterdam The Netherlands eu.info@infantino.com<\/li>\n<li><strong>Ostrze\u017cenia na opakowaniu: <\/strong><\/li>\n<li><strong>Instrukcja obs\u0142ugi jest:<\/strong> NIE<\/li>\n<li><strong>Kraj pochodzenia:<\/strong> CHINY<\/li>\n<\/ul>\n","protected":false},"excerpt":{"rendered":"<p>Zawieszka z naci\u0105giem hipopotam Infantino 216185 Zawieszka w kszta\u0142cie hipopotama z gryzaczkiem o r\u00f3\u017cnych fakturach b\u0119dzie niezast\u0105pionym towarzyszem podczas ka\u017cdego<\/p>\n","protected":false},"featured_media":5944,"comment_status":"open","ping_status":"closed","template":"","meta":[],"product_brand":[],"product_cat":[16],"product_tag":[],"class_list":{"0":"post-5877","1":"product","2":"type-product","3":"status-publish","4":"has-post-thumbnail","6":"product_cat-import","8":"first","9":"instock","10":"shipping-taxable","11":"purchasable","12":"product-type-simple"},"_links":{"self":[{"href":"https:\/\/czas.m2web.pl\/index.php?rest_route=\/wp\/v2\/product\/5877","targetHints":{"allow":["GET"]}}],"collection":[{"href":"https:\/\/czas.m2web.pl\/index.php?rest_route=\/wp\/v2\/product"}],"about":[{"href":"https:\/\/czas.m2web.pl\/index.php?rest_route=\/wp\/v2\/types\/product"}],"replies":[{"embeddable":true,"href":"https:\/\/czas.m2web.pl\/index.php?rest_route=%2Fwp%2Fv2%2Fcomments&post=5877"}],"version-history":[{"count":0,"href":"https:\/\/czas.m2web.pl\/index.php?rest_route=\/wp\/v2\/product\/5877\/revisions"}],"wp:featuredmedia":[{"embeddable":true,"href":"https:\/\/czas.m2web.pl\/index.php?rest_route=\/wp\/v2\/media\/5944"}],"wp:attachment":[{"href":"https:\/\/czas.m2web.pl\/index.php?rest_route=%2Fwp%2Fv2%2Fmedia&parent=5877"}],"wp:term":[{"taxonomy":"product_brand","embeddable":true,"href":"https:\/\/czas.m2web.pl\/index.php?rest_route=%2Fwp%2Fv2%2Fproduct_brand&post=5877"},{"taxonomy":"product_cat","embeddable":true,"href":"https:\/\/czas.m2web.pl\/index.php?rest_route=%2Fwp%2Fv2%2Fproduct_cat&post=5877"},{"taxonomy":"product_tag","embeddable":true,"href":"https:\/\/czas.m2web.pl\/index.php?rest_route=%2Fwp%2Fv2%2Fproduct_tag&post=5877"}],"curies":[{"name":"wp","href":"https:\/\/api.w.org\/{rel}","templated":true}]}}