{"id":5880,"date":"2026-01-04T23:10:25","date_gmt":"2026-01-04T22:10:25","guid":{"rendered":"https:\/\/czas.m2web.pl\/?post_type=product&#038;p=5880"},"modified":"2026-01-04T23:10:44","modified_gmt":"2026-01-04T22:10:44","slug":"infantino-pianinko-tukan-212011","status":"publish","type":"product","link":"https:\/\/czas.m2web.pl\/?product=infantino-pianinko-tukan-212011","title":{"rendered":"Infantino Pianinko Tukan 212011"},"content":{"rendered":"<section class=\"section\">\n<div class=\"item item-6\">\n<section class=\"image-item\"><img decoding=\"async\" src=\"https:\/\/upload.cdn.baselinker.com\/products\/3029707\/9ad23637c69101eb90a76280f1e6e0e9.jpg\"><\/section>\n<\/p><\/div>\n<div class=\"item item-6\">\n<section class=\"text-item\">\n<h1>Pianinko Tukan<\/h1>\n<h1>Infantino 212011<\/h1>\n<p>Pianinko w kszta\u0142cie tukana to idealna zabawka edukacyjna. Wyposa\u017cone jest w 4 kolorowe przyciski, kt\u00f3re po naci\u015bni\u0119ciu migaj\u0105 w rytm muzyki. Pianinko gra weso\u0142e melodie oraz wydaje efekty d\u017awi\u0119kowe i \u015bwietlne. Podczas zabawy dziecko uczy si\u0119 pierwszych cyferek.<\/p>\n<p>Zabawka dzia\u0142a w 2 trybach, kt\u00f3re prze\u0142\u0105cza si\u0119 grzebieniem na czubku g\u0142owy tukana. Pianinko jest niewielkie i por\u0119czne, mo\u017cna zabra\u0107 je ze sob\u0105 wsz\u0119dzie.<\/p>\n<ul>\n<li>Wymagane baterie: 2xAAA (w zestawie).<\/li>\n<li>Wiek: 6M+.<\/li>\n<li>Wymiary pianinka: szer. 13,5 cm x wys. 15 cm.<\/li>\n<li>Wymiary opakowania: szer. 15 cm x wys. 20,5 cm.<\/li>\n<\/ul>\n<\/section><\/div>\n<\/section>\n<section class=\"section\">\n<div class=\"item item-6\">\n<section class=\"image-item\"><img decoding=\"async\" src=\"https:\/\/upload.cdn.baselinker.com\/products\/3029707\/07d2c39ada4b3fb98ea69264f2b1f4b8.jpg\"><\/section>\n<\/p><\/div>\n<div class=\"item item-6\">\n<section class=\"image-item\"><img decoding=\"async\" src=\"https:\/\/upload.cdn.baselinker.com\/products\/3029707\/28d96be2b5177ff504a377504ec0541e.jpg\"><\/section>\n<\/p><\/div>\n<\/section>\n<section class=\"section\">\n<div class=\"item item-12\">\n<section class=\"image-item\"><img decoding=\"async\" src=\"https:\/\/upload.cdn.baselinker.com\/products\/3029707\/bebce4da3c5540d68a571eaf140ceb77.jpg\"><\/section>\n<\/p><\/div>\n<\/section>\n<section class=\"section\">\n<div class=\"item item-12\">\n<section class=\"image-item\"><img decoding=\"async\" src=\"https:\/\/upload.cdn.baselinker.com\/products\/3029707\/9ad23637c69101eb90a76280f1e6e0e9.jpg\"><\/section>\n<\/p><\/div>\n<\/section>\n<section class=\"section\">\n<div class=\"item item-12\">\n<section class=\"image-item\"><img decoding=\"async\" src=\"https:\/\/upload.cdn.baselinker.com\/products\/3029707\/71fc823c0890c4640084a821bdd72b15.jpg\"><\/section>\n<\/p><\/div>\n<\/section>\n<p><strong>Dodatkowe informacje:<\/strong><\/p>\n<ul>\n<li><strong>Producent: <\/strong>INFANTINO B KIDS INTERNATIONAL LIMITED  Flat\/Rm 1203, 12\/F, East Ocean Centre, 98 Granville Road TST East, Kowloon Hong Kong; customersupport@infantino.com<\/li>\n<li><strong>Podmiot odpowiedzialny za wprowadzenie produktu na rynek europejski:<\/strong>\u00a0Infantino B kids B.V. John M. Keynesplein 12-46 1066EP Amsterdam The Netherlands eu.info@infantino.com<\/li>\n<li><strong>Ostrze\u017cenia na opakowaniu: <\/strong><\/li>\n<li><strong>Instrukcja obs\u0142ugi jest:<\/strong> NIE<\/li>\n<li><strong>Kraj pochodzenia:<\/strong> CHINY<\/li>\n<\/ul>\n","protected":false},"excerpt":{"rendered":"<p>Pianinko Tukan Infantino 212011 Pianinko w kszta\u0142cie tukana to idealna zabawka edukacyjna. Wyposa\u017cone jest w 4 kolorowe przyciski, kt\u00f3re po<\/p>\n","protected":false},"featured_media":5956,"comment_status":"open","ping_status":"closed","template":"","meta":[],"product_brand":[],"product_cat":[121,17],"product_tag":[],"class_list":{"0":"post-5880","1":"product","2":"type-product","3":"status-publish","4":"has-post-thumbnail","6":"product_cat-aktywne-i-edukacyjne","7":"product_cat-dla-najmlodszych","9":"first","10":"instock","11":"shipping-taxable","12":"purchasable","13":"product-type-simple"},"_links":{"self":[{"href":"https:\/\/czas.m2web.pl\/index.php?rest_route=\/wp\/v2\/product\/5880","targetHints":{"allow":["GET"]}}],"collection":[{"href":"https:\/\/czas.m2web.pl\/index.php?rest_route=\/wp\/v2\/product"}],"about":[{"href":"https:\/\/czas.m2web.pl\/index.php?rest_route=\/wp\/v2\/types\/product"}],"replies":[{"embeddable":true,"href":"https:\/\/czas.m2web.pl\/index.php?rest_route=%2Fwp%2Fv2%2Fcomments&post=5880"}],"version-history":[{"count":0,"href":"https:\/\/czas.m2web.pl\/index.php?rest_route=\/wp\/v2\/product\/5880\/revisions"}],"wp:featuredmedia":[{"embeddable":true,"href":"https:\/\/czas.m2web.pl\/index.php?rest_route=\/wp\/v2\/media\/5956"}],"wp:attachment":[{"href":"https:\/\/czas.m2web.pl\/index.php?rest_route=%2Fwp%2Fv2%2Fmedia&parent=5880"}],"wp:term":[{"taxonomy":"product_brand","embeddable":true,"href":"https:\/\/czas.m2web.pl\/index.php?rest_route=%2Fwp%2Fv2%2Fproduct_brand&post=5880"},{"taxonomy":"product_cat","embeddable":true,"href":"https:\/\/czas.m2web.pl\/index.php?rest_route=%2Fwp%2Fv2%2Fproduct_cat&post=5880"},{"taxonomy":"product_tag","embeddable":true,"href":"https:\/\/czas.m2web.pl\/index.php?rest_route=%2Fwp%2Fv2%2Fproduct_tag&post=5880"}],"curies":[{"name":"wp","href":"https:\/\/api.w.org\/{rel}","templated":true}]}}