{"id":5965,"date":"2026-01-04T23:10:46","date_gmt":"2026-01-04T22:10:46","guid":{"rendered":"https:\/\/czas.m2web.pl\/?post_type=product&#038;p=5965"},"modified":"2026-01-04T23:10:58","modified_gmt":"2026-01-04T22:10:58","slug":"infantino-rozdzka-mlynek-do-kapieli-205042","status":"publish","type":"product","link":"https:\/\/czas.m2web.pl\/?product=infantino-rozdzka-mlynek-do-kapieli-205042","title":{"rendered":"Infantino R\u00f3\u017cd\u017cka, m\u0142ynek do k\u0105pieli 205042"},"content":{"rendered":"<section class=\"section\">\n<div class=\"item item-6\">\n<section class=\"image-item\"><img decoding=\"async\" src=\"https:\/\/upload.cdn.baselinker.com\/products\/3029707\/8fa1e6de90403bcef6b82d2b7a3ef913.jpg\"><\/section>\n<\/p><\/div>\n<div class=\"item item-6\">\n<section class=\"text-item\">\n<h1>R\u00f3\u017cd\u017cka, m\u0142ynek do k\u0105pieli<\/h1>\n<h1>Infantino 205042<\/h1>\n<p>Kolorowa r\u00f3\u017cd\u017cka zapewni wspania\u0142\u0105 zabaw\u0119 w czasie k\u0105pieli!<\/p>\n<p>Po nape\u0142nieniu wod\u0105 tworzy fontann\u0119 po przeciwnej stronie, poruszaj\u0105c przy tym ruchome elementy.<\/p>\n<ul>\n<li>Wiek: 12M+.<\/li>\n<li>Wymiary opakowania: 19 x 7 cm.<\/li>\n<\/ul>\n<\/section><\/div>\n<\/section>\n<section class=\"section\">\n<div class=\"item item-12\">\n<section class=\"image-item\"><img decoding=\"async\" src=\"https:\/\/upload.cdn.baselinker.com\/products\/3029707\/17af0cadcb9f0656fc9e9d67202bd4a5.jpg\"><\/section>\n<\/p><\/div>\n<\/section>\n<section class=\"section\">\n<div class=\"item item-6\">\n<section class=\"image-item\"><img decoding=\"async\" src=\"https:\/\/upload.cdn.baselinker.com\/products\/3029707\/a7f75934a862d63b6e8f5b4c884c83a3.jpg\"><\/section>\n<\/p><\/div>\n<div class=\"item item-6\">\n<section class=\"image-item\"><img decoding=\"async\" src=\"https:\/\/upload.cdn.baselinker.com\/products\/3029707\/8fa1e6de90403bcef6b82d2b7a3ef913.jpg\"><\/section>\n<\/p><\/div>\n<\/section>\n<p><strong>Dodatkowe informacje:<\/strong><\/p>\n<ul>\n<li><strong>Producent: <\/strong>INFANTINO B KIDS INTERNATIONAL LIMITED  Flat\/Rm 1203, 12\/F, East Ocean Centre, 98 Granville Road TST East, Kowloon Hong Kong; customersupport@infantino.com<\/li>\n<li><strong>Podmiot odpowiedzialny za wprowadzenie produktu na rynek europejski:<\/strong>\u00a0Infantino B kids B.V. John M. Keynesplein 12-46 1066EP Amsterdam The Netherlands eu.info@infantino.com<\/li>\n<li><strong>Ostrze\u017cenia na opakowaniu: <\/strong><\/li>\n<li><strong>Instrukcja obs\u0142ugi jest:<\/strong> NIE<\/li>\n<li><strong>Kraj pochodzenia:<\/strong> CHINY<\/li>\n<\/ul>\n","protected":false},"excerpt":{"rendered":"<p>R\u00f3\u017cd\u017cka, m\u0142ynek do k\u0105pieli Infantino 205042 Kolorowa r\u00f3\u017cd\u017cka zapewni wspania\u0142\u0105 zabaw\u0119 w czasie k\u0105pieli! Po nape\u0142nieniu wod\u0105 tworzy fontann\u0119 po<\/p>\n","protected":false},"featured_media":6025,"comment_status":"open","ping_status":"closed","template":"","meta":[],"product_brand":[],"product_cat":[17,1226],"product_tag":[],"class_list":{"0":"post-5965","1":"product","2":"type-product","3":"status-publish","4":"has-post-thumbnail","6":"product_cat-dla-najmlodszych","7":"product_cat-zabawki-do-kapieli","9":"first","10":"instock","11":"shipping-taxable","12":"purchasable","13":"product-type-simple"},"_links":{"self":[{"href":"https:\/\/czas.m2web.pl\/index.php?rest_route=\/wp\/v2\/product\/5965","targetHints":{"allow":["GET"]}}],"collection":[{"href":"https:\/\/czas.m2web.pl\/index.php?rest_route=\/wp\/v2\/product"}],"about":[{"href":"https:\/\/czas.m2web.pl\/index.php?rest_route=\/wp\/v2\/types\/product"}],"replies":[{"embeddable":true,"href":"https:\/\/czas.m2web.pl\/index.php?rest_route=%2Fwp%2Fv2%2Fcomments&post=5965"}],"version-history":[{"count":0,"href":"https:\/\/czas.m2web.pl\/index.php?rest_route=\/wp\/v2\/product\/5965\/revisions"}],"wp:featuredmedia":[{"embeddable":true,"href":"https:\/\/czas.m2web.pl\/index.php?rest_route=\/wp\/v2\/media\/6025"}],"wp:attachment":[{"href":"https:\/\/czas.m2web.pl\/index.php?rest_route=%2Fwp%2Fv2%2Fmedia&parent=5965"}],"wp:term":[{"taxonomy":"product_brand","embeddable":true,"href":"https:\/\/czas.m2web.pl\/index.php?rest_route=%2Fwp%2Fv2%2Fproduct_brand&post=5965"},{"taxonomy":"product_cat","embeddable":true,"href":"https:\/\/czas.m2web.pl\/index.php?rest_route=%2Fwp%2Fv2%2Fproduct_cat&post=5965"},{"taxonomy":"product_tag","embeddable":true,"href":"https:\/\/czas.m2web.pl\/index.php?rest_route=%2Fwp%2Fv2%2Fproduct_tag&post=5965"}],"curies":[{"name":"wp","href":"https:\/\/api.w.org\/{rel}","templated":true}]}}