{"id":5969,"date":"2026-01-04T23:10:46","date_gmt":"2026-01-04T22:10:46","guid":{"rendered":"https:\/\/czas.m2web.pl\/?post_type=product&#038;p=5969"},"modified":"2026-01-04T23:11:02","modified_gmt":"2026-01-04T22:11:02","slug":"infantino-zelowa-swiecaca-meduza-do-kapieli-305000","status":"publish","type":"product","link":"https:\/\/czas.m2web.pl\/?product=infantino-zelowa-swiecaca-meduza-do-kapieli-305000","title":{"rendered":"INFANTINO \u017belowa \u015bwiec\u0105ca meduza do k\u0105pieli 305000"},"content":{"rendered":"<section class=\"section\">\n<div class=\"item item-6\">\n<section class=\"image-item\">             <img decoding=\"async\" src=\"https:\/\/upload.cdn.baselinker.com\/products\/3029707\/0a9b872df0119d3b0de330ef5a59b07f.jpg\" \/>         <\/section>\n<\/p><\/div>\n<div class=\"item item-6\">\n<section class=\"text-item\">\n<h1>INFANTINO \u017belowa \u015bwiec\u0105ca meduza do k\u0105pieli<\/h1>\n<p>Nr kat.: 305000<\/p>\n<p>Kolor: pomara\u0144czowo-niebieski<\/p>\n<p>P\u0142ywaj\u0105ca meduza z materia\u0142u o r\u00f3\u017cnych fakturach.<\/p>\n<p><b>Wspania\u0142a zabawka dla dzieci lubi\u0105cych pluska\u0107 si\u0119 w wannie!<\/b><\/p>\n<p>Posiada mi\u0119kkie ramiona i jest przyjemna w dotyku.<\/p>\n<p>Unosi si\u0119 na wodzie, a \u015bwiec\u0105ce cia\u0142o anga\u017cuje dziecko wzrokowo.<\/p>\n<p><b>Meduza \u015bwieci po w\u0142o\u017ceniu do wody.<\/b><\/p>\n<ul>\n<li>Wiek: 6M+.<\/li>\n<li>Wymiary meduzy: 9 x 7 cm.<\/li>\n<\/ul>\n<\/section><\/div>\n<\/section>\n<section class=\"section\">\n<div class=\"item item-12\">\n<section class=\"image-item\">             <img decoding=\"async\" src=\"https:\/\/upload.cdn.baselinker.com\/products\/3029707\/0a9b872df0119d3b0de330ef5a59b07f.jpg\" \/>         <\/section>\n<\/p><\/div>\n<\/section>\n<section class=\"section\">\n<div class=\"item item-12\">\n<section class=\"image-item\">             <img decoding=\"async\" src=\"https:\/\/upload.cdn.baselinker.com\/products\/3029707\/06a6aa887776b7c99072e5fd7cff4502.jpg\" \/>         <\/section>\n<\/p><\/div>\n<\/section>\n<section class=\"section\">\n<div class=\"item item-12\">\n<section class=\"image-item\">             <img decoding=\"async\" src=\"https:\/\/upload.cdn.baselinker.com\/products\/3029707\/cf57d3d542f41814ea70783d7e9c8aa2.jpg\" \/>         <\/section>\n<\/p><\/div>\n<\/section>\n<p><strong>Dodatkowe informacje:<\/strong><\/p>\n<ul>\n<li><strong>Producent: <\/strong>INFANTINO B KIDS INTERNATIONAL LIMITED  Flat\/Rm 1203, 12\/F, East Ocean Centre, 98 Granville Road TST East, Kowloon Hong Kong; customersupport@infantino.com<\/li>\n<li><strong>Podmiot odpowiedzialny za wprowadzenie produktu na rynek europejski:<\/strong>\u00a0Infantino B kids B.V. John M. Keynesplein 12-46 1066EP Amsterdam The Netherlands eu.info@infantino.com<\/li>\n<li><strong>Ostrze\u017cenia na opakowaniu: <\/strong><\/li>\n<li><strong>Instrukcja obs\u0142ugi jest:<\/strong> NIE<\/li>\n<li><strong>Kraj pochodzenia:<\/strong> CHINY<\/li>\n<\/ul>\n","protected":false},"excerpt":{"rendered":"<p>INFANTINO \u017belowa \u015bwiec\u0105ca meduza do k\u0105pieli Nr kat.: 305000 Kolor: pomara\u0144czowo-niebieski P\u0142ywaj\u0105ca meduza z materia\u0142u o r\u00f3\u017cnych fakturach. Wspania\u0142a zabawka<\/p>\n","protected":false},"featured_media":6037,"comment_status":"open","ping_status":"closed","template":"","meta":[],"product_brand":[],"product_cat":[17,1226],"product_tag":[],"class_list":{"0":"post-5969","1":"product","2":"type-product","3":"status-publish","4":"has-post-thumbnail","6":"product_cat-dla-najmlodszych","7":"product_cat-zabawki-do-kapieli","9":"first","10":"instock","11":"shipping-taxable","12":"purchasable","13":"product-type-simple"},"_links":{"self":[{"href":"https:\/\/czas.m2web.pl\/index.php?rest_route=\/wp\/v2\/product\/5969","targetHints":{"allow":["GET"]}}],"collection":[{"href":"https:\/\/czas.m2web.pl\/index.php?rest_route=\/wp\/v2\/product"}],"about":[{"href":"https:\/\/czas.m2web.pl\/index.php?rest_route=\/wp\/v2\/types\/product"}],"replies":[{"embeddable":true,"href":"https:\/\/czas.m2web.pl\/index.php?rest_route=%2Fwp%2Fv2%2Fcomments&post=5969"}],"version-history":[{"count":0,"href":"https:\/\/czas.m2web.pl\/index.php?rest_route=\/wp\/v2\/product\/5969\/revisions"}],"wp:featuredmedia":[{"embeddable":true,"href":"https:\/\/czas.m2web.pl\/index.php?rest_route=\/wp\/v2\/media\/6037"}],"wp:attachment":[{"href":"https:\/\/czas.m2web.pl\/index.php?rest_route=%2Fwp%2Fv2%2Fmedia&parent=5969"}],"wp:term":[{"taxonomy":"product_brand","embeddable":true,"href":"https:\/\/czas.m2web.pl\/index.php?rest_route=%2Fwp%2Fv2%2Fproduct_brand&post=5969"},{"taxonomy":"product_cat","embeddable":true,"href":"https:\/\/czas.m2web.pl\/index.php?rest_route=%2Fwp%2Fv2%2Fproduct_cat&post=5969"},{"taxonomy":"product_tag","embeddable":true,"href":"https:\/\/czas.m2web.pl\/index.php?rest_route=%2Fwp%2Fv2%2Fproduct_tag&post=5969"}],"curies":[{"name":"wp","href":"https:\/\/api.w.org\/{rel}","templated":true}]}}