{"id":5972,"date":"2026-01-04T23:10:46","date_gmt":"2026-01-04T22:10:46","guid":{"rendered":"https:\/\/czas.m2web.pl\/?post_type=product&#038;p=5972"},"modified":"2026-01-04T23:11:05","modified_gmt":"2026-01-04T22:11:05","slug":"infantino-wodny-gryzak-kuleczki-zielony-216559","status":"publish","type":"product","link":"https:\/\/czas.m2web.pl\/?product=infantino-wodny-gryzak-kuleczki-zielony-216559","title":{"rendered":"Infantino Wodny gryzak kuleczki &#8211; zielony 216559"},"content":{"rendered":"<section class=\"section\">\n<div class=\"item item-6\">\n<section class=\"image-item\">             <img decoding=\"async\" src=\"https:\/\/upload.cdn.baselinker.com\/products\/3029707\/f1de00b13823d35dec759228d2985b8c.jpg\" \/>         <\/section>\n<\/p><\/div>\n<div class=\"item item-6\">\n<section class=\"text-item\">\n<h1>Wodny gryzak kuleczki &#8211; zielony<\/h1>\n<h2>Infantino 216559<\/h2>\n<p>Gryzaczek wodny w kszta\u0142cie po\u0142\u0105czonych ze sob\u0105 koralik\u00f3w. Na koralikach zosta\u0142y nadrukowane literki, kt\u00f3re tworz\u0105 r\u00f3\u017cne faktury.<\/p>\n<p>Sch\u0142odzony w lod\u00f3wce przyniesie ulg\u0119 podra\u017cnionym dzi\u0105s\u0142om maluszka.<\/p>\n<ul>\n<li>\u015arednica gryzaczka: 10 cm.<\/li>\n<li>Wymiary opakowania: 20,5 cm x 14 cm.<\/li>\n<li>Wiek: 0M-36M.<\/li>\n<\/ul>\n<\/section><\/div>\n<\/section>\n<section class=\"section\">\n<div class=\"item item-6\">\n<section class=\"image-item\">             <img decoding=\"async\" src=\"https:\/\/upload.cdn.baselinker.com\/products\/3029707\/b5915b78859ab0229d5349f666a0ec69.jpg\" \/>         <\/section>\n<\/p><\/div>\n<div class=\"item item-6\">\n<section class=\"image-item\">             <img decoding=\"async\" src=\"https:\/\/upload.cdn.baselinker.com\/products\/3029707\/7cafb8490c49068fc66eb23ac3de1fa6.jpg\" \/>         <\/section>\n<\/p><\/div>\n<\/section>\n<section class=\"section\">\n<div class=\"item item-12\">\n<section class=\"image-item\">             <img decoding=\"async\" src=\"https:\/\/upload.cdn.baselinker.com\/products\/3029707\/f1de00b13823d35dec759228d2985b8c.jpg\" \/>         <\/section>\n<\/p><\/div>\n<\/section>\n<p><strong>Dodatkowe informacje:<\/strong><\/p>\n<ul>\n<li><strong>Producent: <\/strong>INFANTINO B KIDS INTERNATIONAL LIMITED  Flat\/Rm 1203, 12\/F, East Ocean Centre, 98 Granville Road TST East, Kowloon Hong Kong; customersupport@infantino.com<\/li>\n<li><strong>Podmiot odpowiedzialny za wprowadzenie produktu na rynek europejski:<\/strong>\u00a0Infantino B kids B.V. John M. Keynesplein 12-46 1066EP Amsterdam The Netherlands eu.info@infantino.com<\/li>\n<li><strong>Ostrze\u017cenia na opakowaniu: <\/strong><\/li>\n<li><strong>Instrukcja obs\u0142ugi jest:<\/strong> NIE<\/li>\n<li><strong>Kraj pochodzenia:<\/strong> CHINY<\/li>\n<\/ul>\n","protected":false},"excerpt":{"rendered":"<p>Wodny gryzak kuleczki &#8211; zielony Infantino 216559 Gryzaczek wodny w kszta\u0142cie po\u0142\u0105czonych ze sob\u0105 koralik\u00f3w. Na koralikach zosta\u0142y nadrukowane literki,<\/p>\n","protected":false},"featured_media":6052,"comment_status":"open","ping_status":"closed","template":"","meta":[],"product_brand":[],"product_cat":[17,3302],"product_tag":[],"class_list":{"0":"post-5972","1":"product","2":"type-product","3":"status-publish","4":"has-post-thumbnail","6":"product_cat-dla-najmlodszych","7":"product_cat-grzechotki-i-gryzaczki","9":"first","10":"instock","11":"shipping-taxable","12":"purchasable","13":"product-type-simple"},"_links":{"self":[{"href":"https:\/\/czas.m2web.pl\/index.php?rest_route=\/wp\/v2\/product\/5972","targetHints":{"allow":["GET"]}}],"collection":[{"href":"https:\/\/czas.m2web.pl\/index.php?rest_route=\/wp\/v2\/product"}],"about":[{"href":"https:\/\/czas.m2web.pl\/index.php?rest_route=\/wp\/v2\/types\/product"}],"replies":[{"embeddable":true,"href":"https:\/\/czas.m2web.pl\/index.php?rest_route=%2Fwp%2Fv2%2Fcomments&post=5972"}],"version-history":[{"count":0,"href":"https:\/\/czas.m2web.pl\/index.php?rest_route=\/wp\/v2\/product\/5972\/revisions"}],"wp:featuredmedia":[{"embeddable":true,"href":"https:\/\/czas.m2web.pl\/index.php?rest_route=\/wp\/v2\/media\/6052"}],"wp:attachment":[{"href":"https:\/\/czas.m2web.pl\/index.php?rest_route=%2Fwp%2Fv2%2Fmedia&parent=5972"}],"wp:term":[{"taxonomy":"product_brand","embeddable":true,"href":"https:\/\/czas.m2web.pl\/index.php?rest_route=%2Fwp%2Fv2%2Fproduct_brand&post=5972"},{"taxonomy":"product_cat","embeddable":true,"href":"https:\/\/czas.m2web.pl\/index.php?rest_route=%2Fwp%2Fv2%2Fproduct_cat&post=5972"},{"taxonomy":"product_tag","embeddable":true,"href":"https:\/\/czas.m2web.pl\/index.php?rest_route=%2Fwp%2Fv2%2Fproduct_tag&post=5972"}],"curies":[{"name":"wp","href":"https:\/\/api.w.org\/{rel}","templated":true}]}}