{"id":5973,"date":"2026-01-04T23:10:46","date_gmt":"2026-01-04T22:10:46","guid":{"rendered":"https:\/\/czas.m2web.pl\/?post_type=product&#038;p=5973"},"modified":"2026-01-04T23:11:06","modified_gmt":"2026-01-04T22:11:06","slug":"infantino-zawieszka-ksiazeczka-z-gryzakiem-315201","status":"publish","type":"product","link":"https:\/\/czas.m2web.pl\/?product=infantino-zawieszka-ksiazeczka-z-gryzakiem-315201","title":{"rendered":"Infantino Zawieszka ksi\u0105\u017ceczka z gryzakiem 315201"},"content":{"rendered":"<section class=\"section\">\n<div class=\"item item-6\">\n<section class=\"image-item\">             <img decoding=\"async\" src=\"https:\/\/upload.cdn.baselinker.com\/products\/3029707\/24a0ea6f1b18de21c9dff13993fd4e73.jpg\" \/>         <\/section>\n<\/p><\/div>\n<div class=\"item item-6\">\n<section class=\"text-item\">\n<h1>Zawieszka ksi\u0105\u017ceczka z gryzakiem<\/h1>\n<p>Infantino 315201<\/p>\n<p>Ciekawie zaprojektowana, mi\u0119kka ksi\u0105\u017ceczka jest w sam raz na ka\u017cd\u0105 podr\u00f3\u017c. Wyposa\u017cona jest w gryzaczek o r\u00f3\u017cnych fakturach.<\/p>\n<p>Strony ksi\u0105\u017ceczki wykonane z mi\u0119kkiej tkaniny. Ka\u017cda z nich zawiera kolorowe obrazki przedstawiaj\u0105ce weso\u0142e zwierz\u0105tka.\u00a0Na ok\u0142adce pod postaci\u0105 ptaszka ukryta jest piszcza\u0142ka.<\/p>\n<p>Podczas zabawy ksi\u0105\u017ceczka szele\u015bci, co z pewno\u015bci\u0105 zaciekawi maluszka.<\/p>\n<p>Ksi\u0105\u017ceczka posiada k\u00f3\u0142eczko\u00a0z zaczepem\u00a0i tasiemk\u0105, kt\u00f3re s\u0142u\u017cy do mocowania zabawki w dowolnym miejscu (do w\u00f3zka lub fotelika).<\/p>\n<ul>\n<li>Wiek: 0M+.<\/li>\n<li>Wymiary ksi\u0105\u017ceczki: 10 cm x 10 cm.<\/li>\n<\/ul>\n<\/section><\/div>\n<\/section>\n<section class=\"section\">\n<div class=\"item item-6\">\n<section class=\"image-item\">             <img decoding=\"async\" src=\"https:\/\/upload.cdn.baselinker.com\/products\/3029707\/b7fdf1f23d82a9b0a8ad7a5a0ae8ee6c.jpg\" \/>         <\/section>\n<\/p><\/div>\n<div class=\"item item-6\">\n<section class=\"image-item\">             <img decoding=\"async\" src=\"https:\/\/upload.cdn.baselinker.com\/products\/3029707\/24a0ea6f1b18de21c9dff13993fd4e73.jpg\" \/>         <\/section>\n<\/p><\/div>\n<\/section>\n<section class=\"section\">\n<div class=\"item item-12\">\n<section class=\"image-item\">             <img decoding=\"async\" src=\"https:\/\/upload.cdn.baselinker.com\/products\/3029707\/c9f5559acde2c0a0ee3c223f7dcc0fd3.jpg\" \/>         <\/section>\n<\/p><\/div>\n<\/section>\n<p><strong>Dodatkowe informacje:<\/strong><\/p>\n<ul>\n<li><strong>Producent: <\/strong>INFANTINO B KIDS INTERNATIONAL LIMITED  Flat\/Rm 1203, 12\/F, East Ocean Centre, 98 Granville Road TST East, Kowloon Hong Kong; customersupport@infantino.com<\/li>\n<li><strong>Podmiot odpowiedzialny za wprowadzenie produktu na rynek europejski:<\/strong>\u00a0Infantino B kids B.V. John M. Keynesplein 12-46 1066EP Amsterdam The Netherlands eu.info@infantino.com<\/li>\n<li><strong>Ostrze\u017cenia na opakowaniu: <\/strong><\/li>\n<li><strong>Instrukcja obs\u0142ugi jest:<\/strong> NIE<\/li>\n<li><strong>Kraj pochodzenia:<\/strong> CHINY<\/li>\n<\/ul>\n","protected":false},"excerpt":{"rendered":"<p>Zawieszka ksi\u0105\u017ceczka z gryzakiem Infantino 315201 Ciekawie zaprojektowana, mi\u0119kka ksi\u0105\u017ceczka jest w sam raz na ka\u017cd\u0105 podr\u00f3\u017c. Wyposa\u017cona jest w<\/p>\n","protected":false},"featured_media":6055,"comment_status":"open","ping_status":"closed","template":"","meta":[],"product_brand":[],"product_cat":[17,3302],"product_tag":[],"class_list":{"0":"post-5973","1":"product","2":"type-product","3":"status-publish","4":"has-post-thumbnail","6":"product_cat-dla-najmlodszych","7":"product_cat-grzechotki-i-gryzaczki","9":"first","10":"instock","11":"shipping-taxable","12":"purchasable","13":"product-type-simple"},"_links":{"self":[{"href":"https:\/\/czas.m2web.pl\/index.php?rest_route=\/wp\/v2\/product\/5973","targetHints":{"allow":["GET"]}}],"collection":[{"href":"https:\/\/czas.m2web.pl\/index.php?rest_route=\/wp\/v2\/product"}],"about":[{"href":"https:\/\/czas.m2web.pl\/index.php?rest_route=\/wp\/v2\/types\/product"}],"replies":[{"embeddable":true,"href":"https:\/\/czas.m2web.pl\/index.php?rest_route=%2Fwp%2Fv2%2Fcomments&post=5973"}],"version-history":[{"count":0,"href":"https:\/\/czas.m2web.pl\/index.php?rest_route=\/wp\/v2\/product\/5973\/revisions"}],"wp:featuredmedia":[{"embeddable":true,"href":"https:\/\/czas.m2web.pl\/index.php?rest_route=\/wp\/v2\/media\/6055"}],"wp:attachment":[{"href":"https:\/\/czas.m2web.pl\/index.php?rest_route=%2Fwp%2Fv2%2Fmedia&parent=5973"}],"wp:term":[{"taxonomy":"product_brand","embeddable":true,"href":"https:\/\/czas.m2web.pl\/index.php?rest_route=%2Fwp%2Fv2%2Fproduct_brand&post=5973"},{"taxonomy":"product_cat","embeddable":true,"href":"https:\/\/czas.m2web.pl\/index.php?rest_route=%2Fwp%2Fv2%2Fproduct_cat&post=5973"},{"taxonomy":"product_tag","embeddable":true,"href":"https:\/\/czas.m2web.pl\/index.php?rest_route=%2Fwp%2Fv2%2Fproduct_tag&post=5973"}],"curies":[{"name":"wp","href":"https:\/\/api.w.org\/{rel}","templated":true}]}}