{"id":5975,"date":"2026-01-04T23:10:46","date_gmt":"2026-01-04T22:10:46","guid":{"rendered":"https:\/\/czas.m2web.pl\/?post_type=product&#038;p=5975"},"modified":"2026-01-04T23:11:10","modified_gmt":"2026-01-04T22:11:10","slug":"nadmuchiwana-mata-wodna-foczka-infantino-315077","status":"publish","type":"product","link":"https:\/\/czas.m2web.pl\/?product=nadmuchiwana-mata-wodna-foczka-infantino-315077","title":{"rendered":"Nadmuchiwana mata wodna Foczka Infantino 315077"},"content":{"rendered":"<section class=\"section\">\n<div class=\"item item-6\">\n<section class=\"image-item\">             <img decoding=\"async\" src=\"https:\/\/upload.cdn.baselinker.com\/products\/3029707\/3d5bd8c93869c64aff3692e974f8260c.jpg\" \/>         <\/section>\n<\/p><\/div>\n<div class=\"item item-6\">\n<section class=\"text-item\">\n<h1>Wodna mata Foczka<\/h1>\n<p>Infantino 315077<\/p>\n<p>Wodna mata doskona\u0142a do zabawy, gdy dziecko le\u017cy na brzuszku lub siedzi na krzese\u0142ku.<\/p>\n<p>Mat\u0119 wype\u0142niamy wod\u0105. W \u015brodku znajduje si\u0119 6 morskich zwierz\u0105tek, kt\u00f3re b\u0119d\u0105 unosi\u0107 si\u0119 na wodzie i przemieszcza\u0107 si\u0119, gdy dziecko naci\u015bnie na mat\u0119.<\/p>\n<p>W dw\u00f3ch p\u0142etwach znajduj\u0105 si\u0119 dwie grzechocz\u0105ce kulki, a w ogonie piszcza\u0142ka.<\/p>\n<p>Korzy\u015bci rozwojowe: mata pomaga dziecku anga\u017cowa\u0107 mi\u0119\u015bnie g\u0142owy i szyi,\u00a0 stymuluje rozw\u00f3j sensoryczny, doskonali zdolno\u015bci motoryczne maluszka.<\/p>\n<p>Spos\u00f3b u\u017cycia: zewn\u0119trzn\u0105 kraw\u0119d\u017a nale\u017cy wype\u0142ni\u0107 powietrzem, a wewn\u0119trzn\u0105 cz\u0119\u015b\u0107 wod\u0105.<\/p>\n<ul>\n<li>Wiek: 0M+<\/li>\n<li>Wymiary zabawki: 70 x 40 cm.<\/li>\n<li>Wymiary opakowania: 25 x 22 x 5 cm.<\/li>\n<li>Mata \u0142atwa do nape\u0142niania i osuszania.<\/li>\n<\/ul>\n<\/section><\/div>\n<\/section>\n<section class=\"section\">\n<div class=\"item item-6\">\n<section class=\"image-item\">             <img decoding=\"async\" src=\"https:\/\/upload.cdn.baselinker.com\/products\/3029707\/bd233e3b171db89d39f988e0784e5654.jpg\" \/>         <\/section>\n<\/p><\/div>\n<div class=\"item item-6\">\n<section class=\"image-item\">             <img decoding=\"async\" src=\"https:\/\/upload.cdn.baselinker.com\/products\/3029707\/df346d2574601ef0bb33ad0a1abf07b8.jpg\" \/>         <\/section>\n<\/p><\/div>\n<\/section>\n<section class=\"section\">\n<div class=\"item item-12\">\n<section class=\"image-item\">             <img decoding=\"async\" src=\"https:\/\/upload.cdn.baselinker.com\/products\/3029707\/3d5bd8c93869c64aff3692e974f8260c.jpg\" \/>         <\/section>\n<\/p><\/div>\n<\/section>\n<section class=\"section\">\n<div class=\"item item-12\">\n<section class=\"image-item\">             <img decoding=\"async\" src=\"https:\/\/upload.cdn.baselinker.com\/products\/3029707\/85353fb1ecea47c1fafd14651055cffc.jpg\" \/>         <\/section>\n<\/p><\/div>\n<\/section>\n<p><strong>Dodatkowe informacje:<\/strong><\/p>\n<ul>\n<li><strong>Producent: <\/strong>INFANTINO B KIDS INTERNATIONAL LIMITED  Flat\/Rm 1203, 12\/F, East Ocean Centre, 98 Granville Road TST East, Kowloon Hong Kong; customersupport@infantino.com<\/li>\n<li><strong>Podmiot odpowiedzialny za wprowadzenie produktu na rynek europejski:<\/strong>\u00a0Infantino B kids B.V. John M. Keynesplein 12-46 1066EP Amsterdam The Netherlands eu.info@infantino.com<\/li>\n<li><strong>Ostrze\u017cenia na opakowaniu: <\/strong><\/li>\n<li><strong>Instrukcja obs\u0142ugi jest:<\/strong> NIE<\/li>\n<li><strong>Kraj pochodzenia:<\/strong> CHINY<\/li>\n<\/ul>\n","protected":false},"excerpt":{"rendered":"<p>Wodna mata Foczka Infantino 315077 Wodna mata doskona\u0142a do zabawy, gdy dziecko le\u017cy na brzuszku lub siedzi na krzese\u0142ku. Mat\u0119<\/p>\n","protected":false},"featured_media":6082,"comment_status":"open","ping_status":"closed","template":"","meta":[],"product_brand":[],"product_cat":[17,1226],"product_tag":[],"class_list":{"0":"post-5975","1":"product","2":"type-product","3":"status-publish","4":"has-post-thumbnail","6":"product_cat-dla-najmlodszych","7":"product_cat-zabawki-do-kapieli","9":"first","10":"instock","11":"shipping-taxable","12":"purchasable","13":"product-type-simple"},"_links":{"self":[{"href":"https:\/\/czas.m2web.pl\/index.php?rest_route=\/wp\/v2\/product\/5975","targetHints":{"allow":["GET"]}}],"collection":[{"href":"https:\/\/czas.m2web.pl\/index.php?rest_route=\/wp\/v2\/product"}],"about":[{"href":"https:\/\/czas.m2web.pl\/index.php?rest_route=\/wp\/v2\/types\/product"}],"replies":[{"embeddable":true,"href":"https:\/\/czas.m2web.pl\/index.php?rest_route=%2Fwp%2Fv2%2Fcomments&post=5975"}],"version-history":[{"count":0,"href":"https:\/\/czas.m2web.pl\/index.php?rest_route=\/wp\/v2\/product\/5975\/revisions"}],"wp:featuredmedia":[{"embeddable":true,"href":"https:\/\/czas.m2web.pl\/index.php?rest_route=\/wp\/v2\/media\/6082"}],"wp:attachment":[{"href":"https:\/\/czas.m2web.pl\/index.php?rest_route=%2Fwp%2Fv2%2Fmedia&parent=5975"}],"wp:term":[{"taxonomy":"product_brand","embeddable":true,"href":"https:\/\/czas.m2web.pl\/index.php?rest_route=%2Fwp%2Fv2%2Fproduct_brand&post=5975"},{"taxonomy":"product_cat","embeddable":true,"href":"https:\/\/czas.m2web.pl\/index.php?rest_route=%2Fwp%2Fv2%2Fproduct_cat&post=5975"},{"taxonomy":"product_tag","embeddable":true,"href":"https:\/\/czas.m2web.pl\/index.php?rest_route=%2Fwp%2Fv2%2Fproduct_tag&post=5975"}],"curies":[{"name":"wp","href":"https:\/\/api.w.org\/{rel}","templated":true}]}}