{"id":5977,"date":"2026-01-04T23:10:46","date_gmt":"2026-01-04T22:10:46","guid":{"rendered":"https:\/\/czas.m2web.pl\/?post_type=product&#038;p=5977"},"modified":"2026-01-04T23:11:12","modified_gmt":"2026-01-04T22:11:12","slug":"b-kids-5216-sensoryczny-samochodzik-3-w-1","status":"publish","type":"product","link":"https:\/\/czas.m2web.pl\/?product=b-kids-5216-sensoryczny-samochodzik-3-w-1","title":{"rendered":"B-KIDS 5216 SENSORYCZNY SAMOCHODZIK 3 W 1"},"content":{"rendered":"<section class=\"section\">\n<div class=\"item item-6\">\n<section class=\"image-item\">             <img decoding=\"async\" src=\"https:\/\/upload.cdn.baselinker.com\/products\/3029707\/4625ac54ab6f8fb8b46984d6cb5398d7.jpg\" \/>         <\/section>\n<\/p><\/div>\n<div class=\"item item-6\">\n<section class=\"text-item\">\n<h1>SENSORYCZNY SAMOCHODZIK 3 W 1<\/h1>\n<h2>B-KIDS 5216<\/h2>\n<\/p>\n<p>Ten pchacz to a\u017c 3 r\u00f3\u017cne zabawki. Mo\u017ce pos\u0142u\u017cy\u0107 jako podpora dla ucz\u0105cego si\u0119 chodzi\u0107 malucha (9M+) oraz stanowisko do zabawy siedz\u0105cej (6M+) i stoj\u0105cej (12M+).<\/p>\n<p>Posiada kolorowe przyciski o r\u00f3\u017cnych fakturach, \u015bwiate\u0142ka oraz tunel z pi\u0142eczk\u0105. 4\u00a0melodie oraz 20 efekt\u00f3w d\u017awi\u0119kowych i \u015bwietlnych.<\/p>\n<p>Uchwyt\u00a0mo\u017cna dopasowa\u0107 do wzrostu dziecka, a ko\u0142a zablokowa\u0107 aby autko s\u0142u\u017cy\u0142o jako stabilna podpora dla dziecka ucz\u0105cego si\u0119 wstawania i trzymania r\u00f3wnowagi.\u00a0<\/p>\n<p>Zach\u0119ca dziecko do chwytania w r\u0105czki, raczkowania, biegania i odkrywania \u015bwiata. Wspomaga rozw\u00f3j motoryczny.<\/p>\n<ul>\n<li>Wiek: 6-36M+.<\/li>\n<li>Wymiary opakowania: 61x45x18 cm.<\/li>\n<li>Wymagane baterie: 2xAA (ZAWARTE W ZESTAWIE).<\/li>\n<\/ul>\n<\/section><\/div>\n<\/section>\n<section class=\"section\">\n<div class=\"item item-12\">\n<section class=\"image-item\">             <img decoding=\"async\" src=\"https:\/\/upload.cdn.baselinker.com\/products\/3029707\/dbf5304b8f357789c32874ace2f50376.jpg\" \/>         <\/section>\n<\/p><\/div>\n<\/section>\n<section class=\"section\">\n<div class=\"item item-6\">\n<section class=\"image-item\">             <img decoding=\"async\" src=\"https:\/\/upload.cdn.baselinker.com\/products\/3029707\/e3a873d2c0740f36fd7ae953a6cee15b.jpg\" \/>         <\/section>\n<\/p><\/div>\n<div class=\"item item-6\">\n<section class=\"image-item\">             <img decoding=\"async\" src=\"https:\/\/upload.cdn.baselinker.com\/products\/3029707\/4625ac54ab6f8fb8b46984d6cb5398d7.jpg\" \/>         <\/section>\n<\/p><\/div>\n<\/section>\n<section class=\"section\">\n<div class=\"item item-12\">\n<section class=\"image-item\">             <img decoding=\"async\" src=\"https:\/\/upload.cdn.baselinker.com\/products\/3029707\/4625ac54ab6f8fb8b46984d6cb5398d7.jpg\" \/>         <\/section>\n<\/p><\/div>\n<\/section>\n<p><strong>Dodatkowe informacje:<\/strong><\/p>\n<ul>\n<li><strong>Producent: <\/strong>INFANTINO B KIDS INTERNATIONAL LIMITED  Flat\/Rm 1203, 12\/F, East Ocean Centre, 98 Granville Road TST East, Kowloon Hong Kong; elsa.chan@infantino.com; sally.ho@infantino.com<\/li>\n<li><strong>Podmiot odpowiedzialny za wprowadzenie produktu na rynek europejski:<\/strong>\u00a0Infantino B kids B.V. John M. Keynesplein 12-46 1066EP Amsterdam The Netherlands eu.info@infantino.com<\/li>\n<li><strong>Ostrze\u017cenia na opakowaniu: <\/strong><\/li>\n<li><strong>Instrukcja obs\u0142ugi jest:<\/strong> NIE<\/li>\n<li><strong>Kraj pochodzenia:<\/strong> CHINY<\/li>\n<\/ul>\n","protected":false},"excerpt":{"rendered":"<p>SENSORYCZNY SAMOCHODZIK 3 W 1 B-KIDS 5216 Ten pchacz to a\u017c 3 r\u00f3\u017cne zabawki. Mo\u017ce pos\u0142u\u017cy\u0107 jako podpora dla ucz\u0105cego<\/p>\n","protected":false},"featured_media":6095,"comment_status":"open","ping_status":"closed","template":"","meta":[],"product_brand":[],"product_cat":[1657,17],"product_tag":[],"class_list":{"0":"post-5977","1":"product","2":"type-product","3":"status-publish","4":"has-post-thumbnail","6":"product_cat-chodziki-stoliki-i-krzeselka","7":"product_cat-dla-najmlodszych","9":"first","10":"instock","11":"shipping-taxable","12":"purchasable","13":"product-type-simple"},"_links":{"self":[{"href":"https:\/\/czas.m2web.pl\/index.php?rest_route=\/wp\/v2\/product\/5977","targetHints":{"allow":["GET"]}}],"collection":[{"href":"https:\/\/czas.m2web.pl\/index.php?rest_route=\/wp\/v2\/product"}],"about":[{"href":"https:\/\/czas.m2web.pl\/index.php?rest_route=\/wp\/v2\/types\/product"}],"replies":[{"embeddable":true,"href":"https:\/\/czas.m2web.pl\/index.php?rest_route=%2Fwp%2Fv2%2Fcomments&post=5977"}],"version-history":[{"count":0,"href":"https:\/\/czas.m2web.pl\/index.php?rest_route=\/wp\/v2\/product\/5977\/revisions"}],"wp:featuredmedia":[{"embeddable":true,"href":"https:\/\/czas.m2web.pl\/index.php?rest_route=\/wp\/v2\/media\/6095"}],"wp:attachment":[{"href":"https:\/\/czas.m2web.pl\/index.php?rest_route=%2Fwp%2Fv2%2Fmedia&parent=5977"}],"wp:term":[{"taxonomy":"product_brand","embeddable":true,"href":"https:\/\/czas.m2web.pl\/index.php?rest_route=%2Fwp%2Fv2%2Fproduct_brand&post=5977"},{"taxonomy":"product_cat","embeddable":true,"href":"https:\/\/czas.m2web.pl\/index.php?rest_route=%2Fwp%2Fv2%2Fproduct_cat&post=5977"},{"taxonomy":"product_tag","embeddable":true,"href":"https:\/\/czas.m2web.pl\/index.php?rest_route=%2Fwp%2Fv2%2Fproduct_tag&post=5977"}],"curies":[{"name":"wp","href":"https:\/\/api.w.org\/{rel}","templated":true}]}}