{"id":5980,"date":"2026-01-04T23:10:46","date_gmt":"2026-01-04T22:10:46","guid":{"rendered":"https:\/\/czas.m2web.pl\/?post_type=product&#038;p=5980"},"modified":"2026-01-04T23:11:20","modified_gmt":"2026-01-04T22:11:20","slug":"infantino-nosidelko-5-w-1-z-siedziskiem-300012","status":"publish","type":"product","link":"https:\/\/czas.m2web.pl\/?product=infantino-nosidelko-5-w-1-z-siedziskiem-300012","title":{"rendered":"INFANTINO Noside\u0142ko 5 w 1 z siedziskiem 300012"},"content":{"rendered":"<section class=\"section\">\n<div class=\"item item-6\">\n<section class=\"image-item\">             <img decoding=\"async\" src=\"https:\/\/upload.cdn.baselinker.com\/products\/3029707\/67e17384a7cea36b247bebd8612148f7.jpg\" \/>         <\/section>\n<\/p><\/div>\n<div class=\"item item-6\">\n<section class=\"text-item\">\n<h1>NOSIDE\u0141KO 5 W 1 Z SIEDZISKIEM<\/h1>\n<p><b>INFANTINO 300012<\/b><\/p>\n<p>Je\u015bli szukasz sposobu, aby zapewni\u0107 swojemu dziecku przytulno\u015b\u0107 i blisko\u015b\u0107 podczas komfortowego odkrywania wspania\u0142ych miejsc na \u015bwie\u017cym powietrzu, to noside\u0142ko biodrowe 5-w-1 b\u0119dzie idealne!<\/p>\n<p>Nasze rewolucyjne noside\u0142ko 5 w 1 zosta\u0142o zaprojektowane z my\u015bl\u0105 o maksymalnej elastyczno\u015bci, daj\u0105c rodzicom i ich dzieciom tradycyjne do\u015bwiadczenie w noszeniu dzieci i nie tylko!<\/p>\n<p><b>Unikalne tryby przej\u015bciowe Hip Rider umo\u017cliwiaj\u0105 noszenie dziecka na pi\u0119\u0107 sposob\u00f3w \u2013 przodem, ty\u0142em, na plecach oraz\u00a0w trybie fotelika biodrowego (skierowanego do wewn\u0105trz i na zewn\u0105trz) od niemowlaka do malucha.<\/b><\/p>\n<\/section><\/div>\n<\/section>\n<section class=\"section\">\n<div class=\"item item-6\">\n<section class=\"image-item\">             <img decoding=\"async\" src=\"https:\/\/upload.cdn.baselinker.com\/products\/3029707\/7b3f26bbb3e03eb939ec2da83e21ca2a.jpg\" \/>         <\/section>\n<\/p><\/div>\n<div class=\"item item-6\">\n<section class=\"text-item\">\n<p>Dzi\u0119ki regulowanym, wy\u015bcie\u0142anym paskom, pe\u0142nemu pasowi l\u0119d\u017awiowemu i podtrzymuj\u0105cemu biodro, to noside\u0142ko zapewnia dodatkowe wsparcie, kt\u00f3re pomaga roz\u0142o\u017cy\u0107 ci\u0119\u017car malucha, jednocze\u015bnie zmniejszaj\u0105c obci\u0105\u017cenie.<\/p>\n<p>Dzi\u0119ki opcjonalnemu zag\u0142\u00f3wkowi Twoje dziecko b\u0119dzie wygodnie ko\u0142ysane podczas wsp\u00f3lnego odkrywania \u015bwiata. \u0141atwo dost\u0119pna boczna kiesze\u0144\u00a0pozwali przechowywa\u0107 niezb\u0119dne przedmioty w pobli\u017cu!<\/p>\n<p>Zmiana mi\u0119dzy nosid\u0142em a biodrem jest \u0142atwa dzi\u0119ki naszemu \u0142atwemu systemowi zapinania i zdejmowania! Biodrowe siedzenie zapewnia Twoim plecom i barkom tak potrzebn\u0105 przerw\u0119, pozwalaj\u0105c Ci\u0119 odci\u0105\u017cy\u0107 poprzez r\u00f3wnomierne roz\u0142o\u017cenie ci\u0119\u017caru na biodrach. Po u\u017cyciu z\u0142\u00f3\u017c noside\u0142ko w przedni\u0105, pakowan\u0105 torb\u0119.<\/p>\n<\/section><\/div>\n<\/section>\n<section class=\"section\">\n<div class=\"item item-6\">\n<section class=\"image-item\">             <img decoding=\"async\" src=\"https:\/\/upload.cdn.baselinker.com\/products\/3029707\/67e17384a7cea36b247bebd8612148f7.jpg\" \/>         <\/section>\n<\/p><\/div>\n<div class=\"item item-6\">\n<section class=\"text-item\">\n<p>Dziecko noszone w noside\u0142ku czuje rytm oddechu matki, s\u0142yszy jej bicie serca i g\u0142os. S\u0105 to odg\u0142osy znane dziecku z \u0142ona matki.<\/p>\n<p>Zalety noszenia dziecka w noside\u0142ku:\u2013 buduje wi\u0119\u017a mi\u0119dzy rodzicem a dzieckiem\u2013 wzmacnia szyj\u0119 dziecka i mi\u0119\u015bnie plec\u00f3w\u2013 dzieci noszone w noside\u0142ku mniej p\u0142acz\u0105\u2013 wspiera rozw\u00f3j mentalny dziecka\u00a0 \u2013 stymuluje rozw\u00f3j emocjonalny i fizyczny\u2013 zwalnia r\u0119ce rodzica\u2013 pozwala trzyma\u0107 dziecko\u00a0 w zasi\u0119gu r\u0119ki w razie potrzeby\u2013 dodatkowo chroni dziecko\u2013 odpowiednie dla matek karmi\u0105cych<\/p>\n<p>*Na podstawie bada\u0144 IRI w punktach sprzeda\u017cy dla wielu odbiorc\u00f3w w 2018 roku<\/p>\n<ul>\n<li>Mo\u017cna pra\u0107 w pralce.<\/li>\n<li>Dopuszczalna waga dziecka: 5,5 \u2013 20,4kg.<\/li>\n<li>Wymiary opakowania: 31 x 13,5 x 29,5 cm.<\/li>\n<\/ul>\n<\/section><\/div>\n<\/section>\n<section class=\"section\">\n<div class=\"item item-6\">\n<section class=\"image-item\">             <img decoding=\"async\" src=\"https:\/\/upload.cdn.baselinker.com\/products\/3029707\/4327c02160b3bd2726d1c921ed3caa7c.jpg\" \/>         <\/section>\n<\/p><\/div>\n<div class=\"item item-6\">\n<section class=\"image-item\">             <img decoding=\"async\" src=\"https:\/\/upload.cdn.baselinker.com\/products\/3029707\/e575c0c7d77e38b6f028dabf0cbf2bb7.jpg\" \/>         <\/section>\n<\/p><\/div>\n<\/section>\n<section class=\"section\">\n<div class=\"item item-6\">\n<section class=\"image-item\">             <img decoding=\"async\" src=\"https:\/\/upload.cdn.baselinker.com\/products\/3029707\/25e98d14dc2e28f33e8ed43aedece3a4.jpg\" \/>         <\/section>\n<\/p><\/div>\n<div class=\"item item-6\">\n<section class=\"image-item\">             <img decoding=\"async\" src=\"https:\/\/upload.cdn.baselinker.com\/products\/3029707\/1874ddd04fa87a3fb57ef14056ec73a2.jpg\" \/>         <\/section>\n<\/p><\/div>\n<\/section>\n<section class=\"section\">\n<div class=\"item item-6\">\n<section class=\"image-item\">             <img decoding=\"async\" src=\"https:\/\/upload.cdn.baselinker.com\/products\/3029707\/40757499aa963711cb45b43682cfe939.jpg\" \/>         <\/section>\n<\/p><\/div>\n<div class=\"item item-6\">\n<section class=\"image-item\">             <img decoding=\"async\" src=\"https:\/\/upload.cdn.baselinker.com\/products\/3029707\/7df66f2e2e7c6b6e46d2c1ccceeeb60c.jpg\" \/>         <\/section>\n<\/p><\/div>\n<\/section>\n<section class=\"section\">\n<div class=\"item item-6\">\n<section class=\"image-item\">             <img decoding=\"async\" src=\"https:\/\/upload.cdn.baselinker.com\/products\/3029707\/ea58917f9eecfa7636ba3f9124a6ad86.jpg\" \/>         <\/section>\n<\/p><\/div>\n<div class=\"item item-6\">\n<section class=\"image-item\">             <img decoding=\"async\" src=\"https:\/\/upload.cdn.baselinker.com\/products\/3029707\/1b4f31aa223e501aa647bc42ab9e5830.jpg\" \/>         <\/section>\n<\/p><\/div>\n<\/section>\n<section class=\"section\">\n<div class=\"item item-6\">\n<section class=\"image-item\">             <img decoding=\"async\" src=\"https:\/\/upload.cdn.baselinker.com\/products\/3029707\/b7f83ef04e478f5409e7d325656bc4bf.jpg\" \/>         <\/section>\n<\/p><\/div>\n<div class=\"item item-6\">\n<section class=\"image-item\">             <img decoding=\"async\" src=\"https:\/\/upload.cdn.baselinker.com\/products\/3029707\/f27538c05a1b3987790e5f6463910999.jpg\" \/>         <\/section>\n<\/p><\/div>\n<\/section>\n<section class=\"section\">\n<div class=\"item item-6\">\n<section class=\"image-item\">             <img decoding=\"async\" src=\"https:\/\/upload.cdn.baselinker.com\/products\/3029707\/4723f308c8748018018fef32423c556e.jpg\" \/>         <\/section>\n<\/p><\/div>\n<div class=\"item item-6\">\n<section class=\"image-item\">             <img decoding=\"async\" src=\"https:\/\/upload.cdn.baselinker.com\/products\/3029707\/438c574d5abf2eed834b38d2c0cbd9f4.jpg\" \/>         <\/section>\n<\/p><\/div>\n<\/section>\n<section class=\"section\">\n<div class=\"item item-12\">\n<section class=\"image-item\">             <img decoding=\"async\" src=\"https:\/\/upload.cdn.baselinker.com\/products\/3029707\/67e17384a7cea36b247bebd8612148f7.jpg\" \/>         <\/section>\n<\/p><\/div>\n<\/section>\n<section class=\"section\">\n<div class=\"item item-12\">\n<section class=\"image-item\">             <img decoding=\"async\" src=\"https:\/\/upload.cdn.baselinker.com\/products\/3029707\/7ed89d4cd0a73e3d8ceaf59d4def070c.jpg\" \/>         <\/section>\n<\/p><\/div>\n<\/section>\n<p><strong>Dodatkowe informacje:<\/strong><\/p>\n<ul>\n<li><strong>Producent: <\/strong>INFANTINO B KIDS INTERNATIONAL LIMITED  Flat\/Rm 1203, 12\/F, East Ocean Centre, 98 Granville Road TST East, Kowloon Hong Kong; customersupport@infantino.com<\/li>\n<li><strong>Podmiot odpowiedzialny za wprowadzenie produktu na rynek europejski:<\/strong>\u00a0Infantino B kids B.V. John M. Keynesplein 12-46 1066EP Amsterdam The Netherlands eu.info@infantino.com<\/li>\n<li><strong>Ostrze\u017cenia na opakowaniu: <\/strong><\/li>\n<li><strong>Instrukcja obs\u0142ugi jest:<\/strong> NIE<\/li>\n<li><strong>Kraj pochodzenia:<\/strong> CHINY<\/li>\n<\/ul>\n","protected":false},"excerpt":{"rendered":"<p>NOSIDE\u0141KO 5 W 1 Z SIEDZISKIEM INFANTINO 300012 Je\u015bli szukasz sposobu, aby zapewni\u0107 swojemu dziecku przytulno\u015b\u0107 i blisko\u015b\u0107 podczas komfortowego<\/p>\n","protected":false},"featured_media":6109,"comment_status":"open","ping_status":"closed","template":"","meta":[],"product_brand":[],"product_cat":[17,18],"product_tag":[],"class_list":{"0":"post-5980","1":"product","2":"type-product","3":"status-publish","4":"has-post-thumbnail","6":"product_cat-dla-najmlodszych","7":"product_cat-nosidelka-i-maty","9":"first","10":"instock","11":"shipping-taxable","12":"purchasable","13":"product-type-simple"},"_links":{"self":[{"href":"https:\/\/czas.m2web.pl\/index.php?rest_route=\/wp\/v2\/product\/5980","targetHints":{"allow":["GET"]}}],"collection":[{"href":"https:\/\/czas.m2web.pl\/index.php?rest_route=\/wp\/v2\/product"}],"about":[{"href":"https:\/\/czas.m2web.pl\/index.php?rest_route=\/wp\/v2\/types\/product"}],"replies":[{"embeddable":true,"href":"https:\/\/czas.m2web.pl\/index.php?rest_route=%2Fwp%2Fv2%2Fcomments&post=5980"}],"version-history":[{"count":0,"href":"https:\/\/czas.m2web.pl\/index.php?rest_route=\/wp\/v2\/product\/5980\/revisions"}],"wp:featuredmedia":[{"embeddable":true,"href":"https:\/\/czas.m2web.pl\/index.php?rest_route=\/wp\/v2\/media\/6109"}],"wp:attachment":[{"href":"https:\/\/czas.m2web.pl\/index.php?rest_route=%2Fwp%2Fv2%2Fmedia&parent=5980"}],"wp:term":[{"taxonomy":"product_brand","embeddable":true,"href":"https:\/\/czas.m2web.pl\/index.php?rest_route=%2Fwp%2Fv2%2Fproduct_brand&post=5980"},{"taxonomy":"product_cat","embeddable":true,"href":"https:\/\/czas.m2web.pl\/index.php?rest_route=%2Fwp%2Fv2%2Fproduct_cat&post=5980"},{"taxonomy":"product_tag","embeddable":true,"href":"https:\/\/czas.m2web.pl\/index.php?rest_route=%2Fwp%2Fv2%2Fproduct_tag&post=5980"}],"curies":[{"name":"wp","href":"https:\/\/api.w.org\/{rel}","templated":true}]}}