{"id":6212,"date":"2026-01-04T23:11:50","date_gmt":"2026-01-04T22:11:50","guid":{"rendered":"https:\/\/czas.m2web.pl\/?post_type=product&#038;p=6212"},"modified":"2026-01-04T23:12:14","modified_gmt":"2026-01-04T22:12:14","slug":"bburago-junior-lodka-z-pozytywka-89024","status":"publish","type":"product","link":"https:\/\/czas.m2web.pl\/?product=bburago-junior-lodka-z-pozytywka-89024","title":{"rendered":"BBURAGO JUNIOR \u0141\u00f3dka z pozytywk\u0105 89024"},"content":{"rendered":"<section class=\"section\">\n<div class=\"item item-6\">\n<section class=\"image-item\">             <img decoding=\"async\" src=\"https:\/\/upload.cdn.baselinker.com\/products\/3029707\/e5f4b24d6789adf1d9c4e2183431569d.jpg\" \/>         <\/section>\n<\/p><\/div>\n<div class=\"item item-6\">\n<section class=\"text-item\">\n<h1>BBURAGO JUNIOR \u0141\u00f3dka z pozytywk\u0105<\/h1>\n<p>Nr kat.: 89024<\/p>\n<p>Kolor: seledynowy\/bia\u0142y<\/p>\n<p><b>Wspania\u0142a \u0142\u00f3d\u017a z pozytywk\u0105 z serii Splash&amp;Play marki Bburago.<\/b><\/p>\n<p><b>\u0141\u00f3d\u017a unosi si\u0119 na wodzie i mo\u017ce s\u0142u\u017cy\u0107 jako zabawka podczas k\u0105pieli.<\/b><\/p>\n<p><b>Po przekr\u0119ceniu ko\u0142a sterowniczego na g\u00f3rze, dziecko us\u0142yszy d\u017cwi\u0119ki pozytywki, a w okienku obraca\u0107 si\u0119 b\u0119d\u0105 wodne zwierz\u0105tka.<\/b><\/p>\n<p>Wymiary \u0142odzi: 15 x 9,5 x 14 cm.<\/p>\n<p>Wymiary opakowania: 16,5 x 19 x 10,5 cm.<\/p>\n<p>Wiek: 12M+.<\/p>\n<\/section><\/div>\n<\/section>\n<section class=\"section\">\n<div class=\"item item-12\">\n<section class=\"image-item\">             <img decoding=\"async\" src=\"https:\/\/upload.cdn.baselinker.com\/products\/3029707\/ce87a9b1e376eac828dc47d9d9363792.jpg\" \/>         <\/section>\n<\/p><\/div>\n<\/section>\n<section class=\"section\">\n<div class=\"item item-12\">\n<section class=\"image-item\">             <img decoding=\"async\" src=\"https:\/\/upload.cdn.baselinker.com\/products\/3029707\/6d21e0b652a197be071f559b1a6cf2a6.jpg\" \/>         <\/section>\n<\/p><\/div>\n<\/section>\n<section class=\"section\">\n<div class=\"item item-12\">\n<section class=\"image-item\">             <img decoding=\"async\" src=\"https:\/\/upload.cdn.baselinker.com\/products\/3029707\/1312637c1bc3284db2ad2e592130d843.jpg\" \/>         <\/section>\n<\/p><\/div>\n<\/section>\n<section class=\"section\">\n<div class=\"item item-12\">\n<section class=\"image-item\">             <img decoding=\"async\" src=\"https:\/\/upload.cdn.baselinker.com\/products\/3029707\/016f95ff5852acc17d34acb56b70dcc7.jpg\" \/>         <\/section>\n<\/p><\/div>\n<\/section>\n<p><strong>Dodatkowe informacje:<\/strong><\/p>\n<ul>\n<li><strong>Producent: <\/strong>May Cheong Group Limited Unit 901-2, 9\/F, East Ocean Centre,  98 Granville Road, Tsimshatsui East, Kowloon, Hong Kong info@maycheonggroup.com.hk<\/li>\n<li><strong>Podmiot odpowiedzialny za wprowadzenie produktu na rynek europejski:<\/strong>\u00a0Firma Handlowa PULIO Krzysztof Gebel ul. Kolejowa 3 55-040 Bielany Wroc\u0142awskie  tel. +48 71 352 07 80  biuro@pulio.pl  www.pulio.pl<\/li>\n<li><strong>Ostrze\u017cenia na opakowaniu: <\/strong>Ostrze\u017cenie! Wszystkie elementy opakowania, takie jak ta\u015bma, plastikowe elementy, druty i elementy mocuj\u0105ce nie s\u0105 cz\u0119\u015bciami tej zabawki i ze wzgl\u0119du na bezpiecze\u0144stwo dziecka powinny by\u0107 usuni\u0119te. Czy\u015bci\u0107 tylko zewn\u0119trzn\u0105 powierzchnie. Nale\u017cy czy\u015bci\u0107 za pomoc\u0105 wilgotnej szmatki. Ten produkt powinien by\u0107 u\u017cywany wy\u0142\u0105cznie pod nadzorem doros\u0142ej osoby. Opakowanie nale\u017cy zachowa\u0107 na przysz\u0142o\u015b\u0107. Zawiera ona istotne informacje. Zastrzegamy sobie prawo do modyfikacji\/modernizacji specyfikacji oraz kolor\u00f3w bez powiadomienia. Rzeczywisty produkt mo\u017ce r\u00f3\u017cni\u0107 si\u0119 od przedstawionego na ilustracji.<\/li>\n<li><strong>Instrukcja obs\u0142ugi jest:<\/strong> NIE<\/li>\n<li><strong>Kraj pochodzenia:<\/strong> CHINY<\/li>\n<\/ul>\n","protected":false},"excerpt":{"rendered":"<p>BBURAGO JUNIOR \u0141\u00f3dka z pozytywk\u0105 Nr kat.: 89024 Kolor: seledynowy\/bia\u0142y Wspania\u0142a \u0142\u00f3d\u017a z pozytywk\u0105 z serii Splash&amp;Play marki Bburago. \u0141\u00f3d\u017a<\/p>\n","protected":false},"featured_media":6288,"comment_status":"open","ping_status":"closed","template":"","meta":[],"product_brand":[],"product_cat":[17,1226],"product_tag":[],"class_list":{"0":"post-6212","1":"product","2":"type-product","3":"status-publish","4":"has-post-thumbnail","6":"product_cat-dla-najmlodszych","7":"product_cat-zabawki-do-kapieli","9":"first","10":"instock","11":"shipping-taxable","12":"purchasable","13":"product-type-simple"},"_links":{"self":[{"href":"https:\/\/czas.m2web.pl\/index.php?rest_route=\/wp\/v2\/product\/6212","targetHints":{"allow":["GET"]}}],"collection":[{"href":"https:\/\/czas.m2web.pl\/index.php?rest_route=\/wp\/v2\/product"}],"about":[{"href":"https:\/\/czas.m2web.pl\/index.php?rest_route=\/wp\/v2\/types\/product"}],"replies":[{"embeddable":true,"href":"https:\/\/czas.m2web.pl\/index.php?rest_route=%2Fwp%2Fv2%2Fcomments&post=6212"}],"version-history":[{"count":0,"href":"https:\/\/czas.m2web.pl\/index.php?rest_route=\/wp\/v2\/product\/6212\/revisions"}],"wp:featuredmedia":[{"embeddable":true,"href":"https:\/\/czas.m2web.pl\/index.php?rest_route=\/wp\/v2\/media\/6288"}],"wp:attachment":[{"href":"https:\/\/czas.m2web.pl\/index.php?rest_route=%2Fwp%2Fv2%2Fmedia&parent=6212"}],"wp:term":[{"taxonomy":"product_brand","embeddable":true,"href":"https:\/\/czas.m2web.pl\/index.php?rest_route=%2Fwp%2Fv2%2Fproduct_brand&post=6212"},{"taxonomy":"product_cat","embeddable":true,"href":"https:\/\/czas.m2web.pl\/index.php?rest_route=%2Fwp%2Fv2%2Fproduct_cat&post=6212"},{"taxonomy":"product_tag","embeddable":true,"href":"https:\/\/czas.m2web.pl\/index.php?rest_route=%2Fwp%2Fv2%2Fproduct_tag&post=6212"}],"curies":[{"name":"wp","href":"https:\/\/api.w.org\/{rel}","templated":true}]}}