{"id":6273,"date":"2026-01-04T23:12:10","date_gmt":"2026-01-04T22:12:10","guid":{"rendered":"https:\/\/czas.m2web.pl\/?post_type=product&#038;p=6273"},"modified":"2026-01-04T23:12:29","modified_gmt":"2026-01-04T22:12:29","slug":"bburago-tor-z-petla-i-wyrzutnia-auto-88616-rd","status":"publish","type":"product","link":"https:\/\/czas.m2web.pl\/?product=bburago-tor-z-petla-i-wyrzutnia-auto-88616-rd","title":{"rendered":"BBURAGO Tor z p\u0119tl\u0105 i wyrzutni\u0105 + auto 88616 RD"},"content":{"rendered":"<section class=\"section\">\n<div class=\"item item-6\">\n<section class=\"image-item\">             <img decoding=\"async\" src=\"https:\/\/upload.cdn.baselinker.com\/products\/3029707\/5e963b7ffc477f860993304e3729e7b9.jpg\" \/>         <\/section>\n<\/p><\/div>\n<div class=\"item item-6\">\n<section class=\"text-item\">\n<h1>BBURAGO JUNIOR Tor z p\u0119tl\u0105 i wyrzutni\u0105 + auto<\/h1>\n<p>Nr kat.: 88616<\/p>\n<p>W zestawie: <b>czerwone auto &#8211; Race Car<\/b><\/p>\n<p>Przyjazny dla malucha tor samochodowy ze zmotoryzowanym, mi\u0119kkim w dotyku pojazdem.<\/p>\n<p>Dzi\u0119ki temu zestawowi mo\u017cna zbudowa\u0107 trzy r\u00f3\u017cne konfiguracje: podw\u00f3jn\u0105 p\u0119tl\u0119, skok kaskaderski lub tor wyzwania!<\/p>\n<p>Po naci\u015bni\u0119ciu g\u00f3rnej cz\u0119\u015bci pojazdu, auto rusza do przdodu, pokonuj\u0105c z \u0142atwo\u015bci\u0105 p\u0119tle toru.<\/p>\n<p>Tor z p\u0119tl\u0105 zapewni nieograniczony czas zabawy!<\/p>\n<ul>\n<li><b>Wiek: 2+.<\/b><\/li>\n<li><b>Mo\u017cliwe trzy r\u00f3\u017cne konfiguracje.<\/b><\/li>\n<li><b>W zestawie czerwone auto.<\/b><\/li>\n<\/ul>\n<ul>\n<li>Wymiary toru: do ok. 168 cm d\u0142.<\/li>\n<li>Wymiary opakowania: 33 x 25 x 6 cm.<\/li>\n<\/ul>\n<\/section><\/div>\n<\/section>\n<section class=\"section\">\n<div class=\"item item-12\">\n<section class=\"image-item\">             <img decoding=\"async\" src=\"https:\/\/upload.cdn.baselinker.com\/products\/3029707\/876f5ff0a2147f0671b022a613847491.jpg\" \/>         <\/section>\n<\/p><\/div>\n<\/section>\n<section class=\"section\">\n<div class=\"item item-12\">\n<section class=\"image-item\">             <img decoding=\"async\" src=\"https:\/\/upload.cdn.baselinker.com\/products\/3029707\/6e41c00675527e5a2ef5c4e930772f36.jpg\" \/>         <\/section>\n<\/p><\/div>\n<\/section>\n<section class=\"section\">\n<div class=\"item item-12\">\n<section class=\"image-item\">             <img decoding=\"async\" src=\"https:\/\/upload.cdn.baselinker.com\/products\/3029707\/767a83192fded1fb98b1dcaf142c88c8.jpg\" \/>         <\/section>\n<\/p><\/div>\n<\/section>\n<section class=\"section\">\n<div class=\"item item-12\">\n<section class=\"image-item\">             <img decoding=\"async\" src=\"https:\/\/upload.cdn.baselinker.com\/products\/3029707\/53c780767a5d7e7c112e8cc697a9e015.jpg\" \/>         <\/section>\n<\/p><\/div>\n<\/section>\n<section class=\"section\">\n<div class=\"item item-12\">\n<section class=\"image-item\">             <img decoding=\"async\" src=\"https:\/\/upload.cdn.baselinker.com\/products\/3029707\/04fc84868350dcb3f78cb5b2e45dcff0.jpg\" \/>         <\/section>\n<\/p><\/div>\n<\/section>\n<section class=\"section\">\n<div class=\"item item-12\">\n<section class=\"image-item\">             <img decoding=\"async\" src=\"https:\/\/upload.cdn.baselinker.com\/products\/3029707\/0ae6852f3cb0a5d532aa32d5f86994e6.jpg\" \/>         <\/section>\n<\/p><\/div>\n<\/section>\n<section class=\"section\">\n<div class=\"item item-12\">\n<section class=\"image-item\">             <img decoding=\"async\" src=\"https:\/\/upload.cdn.baselinker.com\/products\/3029707\/941f4f9d0c07d7e7a33a14d79a3d6fec.jpg\" \/>         <\/section>\n<\/p><\/div>\n<\/section>\n<p><strong>Dodatkowe informacje:<\/strong><\/p>\n","protected":false},"excerpt":{"rendered":"<p>BBURAGO JUNIOR Tor z p\u0119tl\u0105 i wyrzutni\u0105 + auto Nr kat.: 88616 W zestawie: czerwone auto &#8211; Race Car Przyjazny<\/p>\n","protected":false},"featured_media":6330,"comment_status":"open","ping_status":"closed","template":"","meta":[],"product_brand":[],"product_cat":[19,1225,21],"product_tag":[],"class_list":{"0":"post-6273","1":"product","2":"type-product","3":"status-publish","4":"has-post-thumbnail","6":"product_cat-dla-chlopca","7":"product_cat-garaze-i-parkingi","8":"product_cat-pojazdy-2","10":"first","11":"instock","12":"shipping-taxable","13":"purchasable","14":"product-type-simple"},"_links":{"self":[{"href":"https:\/\/czas.m2web.pl\/index.php?rest_route=\/wp\/v2\/product\/6273","targetHints":{"allow":["GET"]}}],"collection":[{"href":"https:\/\/czas.m2web.pl\/index.php?rest_route=\/wp\/v2\/product"}],"about":[{"href":"https:\/\/czas.m2web.pl\/index.php?rest_route=\/wp\/v2\/types\/product"}],"replies":[{"embeddable":true,"href":"https:\/\/czas.m2web.pl\/index.php?rest_route=%2Fwp%2Fv2%2Fcomments&post=6273"}],"version-history":[{"count":0,"href":"https:\/\/czas.m2web.pl\/index.php?rest_route=\/wp\/v2\/product\/6273\/revisions"}],"wp:featuredmedia":[{"embeddable":true,"href":"https:\/\/czas.m2web.pl\/index.php?rest_route=\/wp\/v2\/media\/6330"}],"wp:attachment":[{"href":"https:\/\/czas.m2web.pl\/index.php?rest_route=%2Fwp%2Fv2%2Fmedia&parent=6273"}],"wp:term":[{"taxonomy":"product_brand","embeddable":true,"href":"https:\/\/czas.m2web.pl\/index.php?rest_route=%2Fwp%2Fv2%2Fproduct_brand&post=6273"},{"taxonomy":"product_cat","embeddable":true,"href":"https:\/\/czas.m2web.pl\/index.php?rest_route=%2Fwp%2Fv2%2Fproduct_cat&post=6273"},{"taxonomy":"product_tag","embeddable":true,"href":"https:\/\/czas.m2web.pl\/index.php?rest_route=%2Fwp%2Fv2%2Fproduct_tag&post=6273"}],"curies":[{"name":"wp","href":"https:\/\/api.w.org\/{rel}","templated":true}]}}