{"id":6279,"date":"2026-01-04T23:12:11","date_gmt":"2026-01-04T22:12:11","guid":{"rendered":"https:\/\/czas.m2web.pl\/?post_type=product&#038;p=6279"},"modified":"2026-01-04T23:12:37","modified_gmt":"2026-01-04T22:12:37","slug":"bburago-bugatti-divo-r-c-592013","status":"publish","type":"product","link":"https:\/\/czas.m2web.pl\/?product=bburago-bugatti-divo-r-c-592013","title":{"rendered":"BBURAGO BUGATTI DIVO R\/C 592013"},"content":{"rendered":"<section class=\"section\">\n<div class=\"item item-6\">\n<section class=\"image-item\">             <img decoding=\"async\" src=\"https:\/\/upload.cdn.baselinker.com\/products\/3029707\/f26618b4d3f4610d463460529cef5388.jpg\" \/>         <\/section>\n<\/p><\/div>\n<div class=\"item item-6\">\n<section class=\"text-item\">\n<h1>BBURAGO JUNIOR R\/C BUGATTI DIVO<\/h1>\n<p>Nr kat.: 592013<\/p>\n<p>Kolor: niebieski<\/p>\n<p><b>Zdalnie sterowany pojazd z serii My First RC na oficjalnej licencji marki Bugatti.<\/b><\/p>\n<p>Autko sterowane radiowo pilotem w kszta\u0142cie kierownicy. B\u0119dzie idealnym pierwszym autkiem R\/C dla dziecka.<\/p>\n<p>Na pilocie znajduj\u0105 si\u0119 2 przyciski (prz\u00f3d i ty\u0142), a po skr\u0119ceniu kierownic\u0105 autko skr\u0119ci w prawo lub w lewo.<\/p>\n<p>Auto wydaje realistyczne d\u017awi\u0119ki klaksonu, a przednie i tylne \u015bwiat\u0142a si\u0119 \u015bwiec\u0105.<\/p>\n<ul>\n<li>D\u0142ugo\u015b\u0107 pojazdu: 22 cm.<\/li>\n<li>W komplecie pilot dzia\u0142aj\u0105cy na cz\u0119stotliwo\u015bci 2,4 GHz.<\/li>\n<li>Wiek: 24M+<\/li>\n<li>Wymiary opakowania: 33 x 21,5 x 15,5 cm.<\/li>\n<li>Wymagane baterie: 3 x AA ( (pojazd) \u2013 brak w zestawie,\u00a0 3 x AAA (pilot) &#8211; w zestawie.<\/li>\n<\/ul>\n<\/section><\/div>\n<\/section>\n<section class=\"section\">\n<div class=\"item item-12\">\n<section class=\"image-item\">             <img decoding=\"async\" src=\"https:\/\/upload.cdn.baselinker.com\/products\/3029707\/9bebac0a929ff8caa1f926c95bde97d0.jpg\" \/>         <\/section>\n<\/p><\/div>\n<\/section>\n<section class=\"section\">\n<div class=\"item item-12\">\n<section class=\"image-item\">             <img decoding=\"async\" src=\"https:\/\/upload.cdn.baselinker.com\/products\/3029707\/b312aff596a876355105395a750be393.jpg\" \/>         <\/section>\n<\/p><\/div>\n<\/section>\n<section class=\"section\">\n<div class=\"item item-12\">\n<section class=\"image-item\">             <img decoding=\"async\" src=\"https:\/\/upload.cdn.baselinker.com\/products\/3029707\/a1cd9cc6435cd03439d186f91b68a777.jpg\" \/>         <\/section>\n<\/p><\/div>\n<\/section>\n<section class=\"section\">\n<div class=\"item item-6\">\n<section class=\"image-item\">             <img decoding=\"async\" src=\"https:\/\/upload.cdn.baselinker.com\/products\/3029707\/c8d3327e41a2e2c06be586430e28cbd1.jpg\" \/>         <\/section>\n<\/p><\/div>\n<div class=\"item item-6\">\n<section class=\"image-item\">             <img decoding=\"async\" src=\"https:\/\/upload.cdn.baselinker.com\/products\/3029707\/de30ef552e7fd5f623d5f5b41af4327f.jpg\" \/>         <\/section>\n<\/p><\/div>\n<\/section>\n<section class=\"section\">\n<div class=\"item item-12\">\n<section class=\"image-item\">             <img decoding=\"async\" src=\"https:\/\/upload.cdn.baselinker.com\/products\/3029707\/f26618b4d3f4610d463460529cef5388.jpg\" \/>         <\/section>\n<\/p><\/div>\n<\/section>\n<p><strong>Dodatkowe informacje:<\/strong><\/p>\n<ul>\n<li><strong>Producent: <\/strong>May Cheong Group Limited Unit 901-2, 9\/F, East Ocean Centre,  98 Granville Road, Tsimshatsui East, Kowloon, Hong Kong info@maycheonggroup.com.hk<\/li>\n<li><strong>Podmiot odpowiedzialny za wprowadzenie produktu na rynek europejski:<\/strong>\u00a0Firma Handlowa PULIO Krzysztof Gebel ul. Kolejowa 3 55-040 Bielany Wroc\u0142awskie  tel. +48 71 352 07 80  biuro@pulio.pl  www.pulio.pl<\/li>\n<li><strong>Ostrze\u017cenia na opakowaniu: <\/strong>\u2022 Samoch\u00f3d: 3 baterie 1,5 V \u201eAA\u201d LR6\/R6 (brak w zestawie). \u2022 Pilot: 3 baterie 1,5 V \u201eAAA\u201d LR03\/R03 (w zestawie) \u2022 Baterie s\u0105 dostarczone wy\u0142\u0105cznie do cel\u00f3w demonstracyjnych, a nie do d\u0142ugotrwa\u0142ego u\u017cytku. \u2022 Zalecamy u\u017cywanie baterii alkalicznych. \u2022 Zalecanie akumulatork\u00f3w (\u0142adowalnych baterii) nie jest zalecane. \u2022 Nie nale\u017cy miesza\u0107 starych baterii z nowymi. \u2022 Nie nale\u017cy miesza\u0107 baterii alkalicznych ze zwyk\u0142ymi (w\u0119glowo-cynkowymi) lub akumulatorkami. \u2022 Nale\u017cy zwr\u00f3ci\u0107 uwag\u0119 na prawid\u0142ow\u0105 polaryzacj\u0119 baterii. \u2022 Nie wolno zwiera\u0107 styk\u00f3w zasilania.<\/li>\n<li><strong>Instrukcja obs\u0142ugi jest:<\/strong> Uwaga: 1. Nie wolna pr\u00f3bowa\u0107 demontowa\u0107 produkt\u00f3w. 2. Nie nale\u017cy bawi\u0107 si\u0119 pojazdem, je\u015bli w tym samym pomieszczeniu znajduj\u0105 si\u0119 inne urz\u0105dzenia pracuj\u0105ce na tej samej cz\u0119stotliwo\u015bci. Spowoduje to zak\u0142\u00f3cenia i utrat\u0119 kontroli nad pojazdem. 3. Upewnij si\u0119, \u017ce baterie s\u0105 w\u0142a\u015bciwie zainstalowane zgodnie z oznaczeniami polaryzacji wewn\u0105trz pojemnika baterii. 4. Usun\u0105\u0107 opakowanie, wyj\u0105\u0107 wszystkie akcesoria i z\u0142o\u017cy\u0107 zabawk\u0119 przed przekazaniem jejdzieciom do zabawy. 5. Urz\u0105dzenie mo\u017ce by\u0107 stosowane jedynie z za\u0142\u0105czonym zasilaniem. Cz\u0119stotliwo\u015b\u0107 fal radiowych 27MHz&#8221;.<\/li>\n<li><strong>Kraj pochodzenia:<\/strong> CHINY<\/li>\n<\/ul>\n","protected":false},"excerpt":{"rendered":"<p>BBURAGO JUNIOR R\/C BUGATTI DIVO Nr kat.: 592013 Kolor: niebieski Zdalnie sterowany pojazd z serii My First RC na oficjalnej<\/p>\n","protected":false},"featured_media":6373,"comment_status":"open","ping_status":"closed","template":"","meta":[],"product_brand":[],"product_cat":[19,17,20],"product_tag":[],"class_list":{"0":"post-6279","1":"product","2":"type-product","3":"status-publish","4":"has-post-thumbnail","6":"product_cat-dla-chlopca","7":"product_cat-dla-najmlodszych","8":"product_cat-pojazdy","10":"first","11":"instock","12":"shipping-taxable","13":"purchasable","14":"product-type-simple"},"_links":{"self":[{"href":"https:\/\/czas.m2web.pl\/index.php?rest_route=\/wp\/v2\/product\/6279","targetHints":{"allow":["GET"]}}],"collection":[{"href":"https:\/\/czas.m2web.pl\/index.php?rest_route=\/wp\/v2\/product"}],"about":[{"href":"https:\/\/czas.m2web.pl\/index.php?rest_route=\/wp\/v2\/types\/product"}],"replies":[{"embeddable":true,"href":"https:\/\/czas.m2web.pl\/index.php?rest_route=%2Fwp%2Fv2%2Fcomments&post=6279"}],"version-history":[{"count":0,"href":"https:\/\/czas.m2web.pl\/index.php?rest_route=\/wp\/v2\/product\/6279\/revisions"}],"wp:featuredmedia":[{"embeddable":true,"href":"https:\/\/czas.m2web.pl\/index.php?rest_route=\/wp\/v2\/media\/6373"}],"wp:attachment":[{"href":"https:\/\/czas.m2web.pl\/index.php?rest_route=%2Fwp%2Fv2%2Fmedia&parent=6279"}],"wp:term":[{"taxonomy":"product_brand","embeddable":true,"href":"https:\/\/czas.m2web.pl\/index.php?rest_route=%2Fwp%2Fv2%2Fproduct_brand&post=6279"},{"taxonomy":"product_cat","embeddable":true,"href":"https:\/\/czas.m2web.pl\/index.php?rest_route=%2Fwp%2Fv2%2Fproduct_cat&post=6279"},{"taxonomy":"product_tag","embeddable":true,"href":"https:\/\/czas.m2web.pl\/index.php?rest_route=%2Fwp%2Fv2%2Fproduct_tag&post=6279"}],"curies":[{"name":"wp","href":"https:\/\/api.w.org\/{rel}","templated":true}]}}