{"id":6358,"date":"2026-01-04T23:12:34","date_gmt":"2026-01-04T22:12:34","guid":{"rendered":"https:\/\/czas.m2web.pl\/?post_type=product&#038;p=6358"},"modified":"2026-01-04T23:12:56","modified_gmt":"2026-01-04T22:12:56","slug":"interaktywny-pilot-z-dzwiekami-infantino","status":"publish","type":"product","link":"https:\/\/czas.m2web.pl\/?product=interaktywny-pilot-z-dzwiekami-infantino","title":{"rendered":"Interaktywny pilot z d\u017awi\u0119kami Infantino"},"content":{"rendered":"<section class=\"section\">\n<div class=\"item item-6\">\n<section class=\"image-item\">             <img decoding=\"async\" src=\"https:\/\/upload.cdn.baselinker.com\/products\/3029707\/96771dd74869de5e4d5f7448324b04d9.jpg\" \/>         <\/section>\n<\/p><\/div>\n<div class=\"item item-6\">\n<section class=\"text-item\">\n<h1>Interaktywny pilot z d\u017awi\u0119kami i \u015bwiate\u0142kiem<\/h1>\n<p>Infantino 307039<\/p>\n<p>Pierwszy pilot malucha dostarczy mu mn\u00f3stwo zabawy.<\/p>\n<p>Przyjazny pilot zdalnego sterowania za\u015bwieci si\u0119 po naci\u015bni\u0119ciu przycisk\u00f3w, a ka\u017cdemu naci\u015bni\u0119ciu b\u0119d\u0105 towarzyszy\u0107 zabawne d\u017awi\u0119ki lub kr\u00f3tkie melodie.<\/p>\n<p>Zabawka posiada uchwyt na kt\u00f3rym znajduj\u0105 si\u0119 trzy kolorowe pier\u015bcienie, kt\u00f3re mo\u017cna przesuwa\u0107. Interaktywne funkcje zabawki stymuluj\u0105 zmys\u0142y wzroku i s\u0142uchu, rozwijaj\u0105 wyobra\u017ani\u0119 dzieci. Pilot jest wygodny do trzymania, posiada regulacj\u0119 g\u0142osno\u015bci.<\/p>\n<p>Wiek 6M+.<\/p>\n<p>Wymiary pilota: 15 x 5,5 cm.<\/p>\n<p>Wymiary opakowania: 16,5 x 13,5 cm<\/p>\n<p>Wymagane baterie: 3&#215;1,5V (w zestawie).<\/p>\n<\/section><\/div>\n<\/section>\n<section class=\"section\">\n<div class=\"item item-12\">\n<section class=\"image-item\">             <img decoding=\"async\" src=\"https:\/\/upload.cdn.baselinker.com\/products\/3029707\/89937356f4447177b799b2312245a842.jpg\" \/>         <\/section>\n<\/p><\/div>\n<\/section>\n<section class=\"section\">\n<div class=\"item item-12\">\n<section class=\"image-item\">             <img decoding=\"async\" src=\"https:\/\/upload.cdn.baselinker.com\/products\/3029707\/892013b5f18019ff89b908d66f8e0f3a.jpg\" \/>         <\/section>\n<\/p><\/div>\n<\/section>\n<section class=\"section\">\n<div class=\"item item-6\">\n<section class=\"image-item\">                      <\/section>\n<\/p><\/div>\n<div class=\"item item-6\">\n<section class=\"image-item\">                      <\/section>\n<\/p><\/div>\n<\/section>\n<p><strong>Dodatkowe informacje:<\/strong><\/p>\n<ul>\n<li><strong>Producent: <\/strong>INFANTINO B KIDS INTERNATIONAL LIMITED  Flat\/Rm 1203, 12\/F, East Ocean Centre, 98 Granville Road TST East, Kowloon Hong Kong; customersupport@infantino.com<\/li>\n<li><strong>Podmiot odpowiedzialny za wprowadzenie produktu na rynek europejski:<\/strong>\u00a0Infantino B kids B.V. John M. Keynesplein 12-46 1066EP Amsterdam The Netherlands eu.info@infantino.com<\/li>\n<li><strong>Ostrze\u017cenia na opakowaniu: <\/strong><\/li>\n<li><strong>Instrukcja obs\u0142ugi jest:<\/strong> NIE<\/li>\n<li><strong>Kraj pochodzenia:<\/strong> CHINY<\/li>\n<\/ul>\n","protected":false},"excerpt":{"rendered":"<p>Interaktywny pilot z d\u017awi\u0119kami i \u015bwiate\u0142kiem Infantino 307039 Pierwszy pilot malucha dostarczy mu mn\u00f3stwo zabawy. Przyjazny pilot zdalnego sterowania za\u015bwieci<\/p>\n","protected":false},"featured_media":6437,"comment_status":"open","ping_status":"closed","template":"","meta":[],"product_brand":[],"product_cat":[121,17],"product_tag":[],"class_list":{"0":"post-6358","1":"product","2":"type-product","3":"status-publish","4":"has-post-thumbnail","6":"product_cat-aktywne-i-edukacyjne","7":"product_cat-dla-najmlodszych","9":"first","10":"instock","11":"shipping-taxable","12":"purchasable","13":"product-type-simple"},"_links":{"self":[{"href":"https:\/\/czas.m2web.pl\/index.php?rest_route=\/wp\/v2\/product\/6358","targetHints":{"allow":["GET"]}}],"collection":[{"href":"https:\/\/czas.m2web.pl\/index.php?rest_route=\/wp\/v2\/product"}],"about":[{"href":"https:\/\/czas.m2web.pl\/index.php?rest_route=\/wp\/v2\/types\/product"}],"replies":[{"embeddable":true,"href":"https:\/\/czas.m2web.pl\/index.php?rest_route=%2Fwp%2Fv2%2Fcomments&post=6358"}],"version-history":[{"count":0,"href":"https:\/\/czas.m2web.pl\/index.php?rest_route=\/wp\/v2\/product\/6358\/revisions"}],"wp:featuredmedia":[{"embeddable":true,"href":"https:\/\/czas.m2web.pl\/index.php?rest_route=\/wp\/v2\/media\/6437"}],"wp:attachment":[{"href":"https:\/\/czas.m2web.pl\/index.php?rest_route=%2Fwp%2Fv2%2Fmedia&parent=6358"}],"wp:term":[{"taxonomy":"product_brand","embeddable":true,"href":"https:\/\/czas.m2web.pl\/index.php?rest_route=%2Fwp%2Fv2%2Fproduct_brand&post=6358"},{"taxonomy":"product_cat","embeddable":true,"href":"https:\/\/czas.m2web.pl\/index.php?rest_route=%2Fwp%2Fv2%2Fproduct_cat&post=6358"},{"taxonomy":"product_tag","embeddable":true,"href":"https:\/\/czas.m2web.pl\/index.php?rest_route=%2Fwp%2Fv2%2Fproduct_tag&post=6358"}],"curies":[{"name":"wp","href":"https:\/\/api.w.org\/{rel}","templated":true}]}}