{"id":6363,"date":"2026-01-04T23:12:34","date_gmt":"2026-01-04T22:12:34","guid":{"rendered":"https:\/\/czas.m2web.pl\/?post_type=product&#038;p=6363"},"modified":"2026-01-04T23:13:02","modified_gmt":"2026-01-04T22:13:02","slug":"koszykowka-malpka-dla-maluchow-infantino","status":"publish","type":"product","link":"https:\/\/czas.m2web.pl\/?product=koszykowka-malpka-dla-maluchow-infantino","title":{"rendered":"Koszyk\u00f3wka ma\u0142pka dla maluch\u00f3w Infantino"},"content":{"rendered":"<section class=\"section\">\n<div class=\"item item-6\">\n<section class=\"image-item\">             <img decoding=\"async\" src=\"https:\/\/upload.cdn.baselinker.com\/products\/3029707\/9eb9f0422051a7165b5b881186d05b7a.jpg\" \/>         <\/section>\n<\/p><\/div>\n<div class=\"item item-6\">\n<section class=\"text-item\">\n<h1>Koszyk\u00f3wka ma\u0142pka dla maluch\u00f3w<\/h1>\n<h1>Infantino 31521<\/h1>\n<p>Weso\u0142a ma\u0142pka to idealna zabawka dla ma\u0142ych koszykarzy!<\/p>\n<p>Maluchy mog\u0105 wrzuca\u0107 \u015bwiec\u0105c\u0105 i mrugaj\u0105c\u0105 pi\u0142eczk\u0119 do kosza, a nast\u0119pnie ogl\u0105da\u0107 jak obracaj\u0105 si\u0119 kolorowe elementy i zbiera\u0107 punkty.<\/p>\n<p>Zabawa rozwija koordynacj\u0119 wzrokowo-ruchow\u0105.<\/p>\n<p>W zestawie pod\u015bwiet\u0142ana pi\u0142ka i pi\u0142ka z faktur\u0105.<\/p>\n<p>Wymagane baterie do pi\u0142eczki: 2 X baterie guzikowe 1,5V (LR44). Baterie zawarte w zestawie.<\/p>\n<p>Wiek: 12M+<\/p>\n<p>Wymiary opakowania: 37 x 9 x 30,5 cm.<\/p>\n<\/section><\/div>\n<\/section>\n<section class=\"section\">\n<div class=\"item item-12\">\n<section class=\"image-item\">             <img decoding=\"async\" src=\"https:\/\/upload.cdn.baselinker.com\/products\/3029707\/9eb9f0422051a7165b5b881186d05b7a.jpg\" \/>         <\/section>\n<\/p><\/div>\n<\/section>\n<section class=\"section\">\n<div class=\"item item-12\">\n<section class=\"image-item\">             <img decoding=\"async\" src=\"https:\/\/upload.cdn.baselinker.com\/products\/3029707\/803824ab0b6b753826f53220f8c961a0.jpg\" \/>         <\/section>\n<\/p><\/div>\n<\/section>\n<section class=\"section\">\n<div class=\"item item-12\">\n<section class=\"image-item\">             <img decoding=\"async\" src=\"https:\/\/upload.cdn.baselinker.com\/products\/3029707\/cc7d42a8a24fe3f8d47a9ecd395034d2.jpg\" \/>         <\/section>\n<\/p><\/div>\n<\/section>\n<section class=\"section\">\n<div class=\"item item-12\">\n<section class=\"image-item\">             <img decoding=\"async\" src=\"https:\/\/upload.cdn.baselinker.com\/products\/3029707\/3d82c09cd42ce3770ea1b66d657efb08.jpg\" \/>         <\/section>\n<\/p><\/div>\n<\/section>\n<section class=\"section\">\n<div class=\"item item-12\">\n<section class=\"image-item\">             <img decoding=\"async\" src=\"https:\/\/upload.cdn.baselinker.com\/products\/3029707\/1f89ece3892dbc9b3b336b510a50cda8.jpg\" \/>         <\/section>\n<\/p><\/div>\n<\/section>\n<p><strong>Dodatkowe informacje:<\/strong><\/p>\n<ul>\n<li><strong>Producent: <\/strong>INFANTINO B KIDS INTERNATIONAL LIMITED  Flat\/Rm 1203, 12\/F, East Ocean Centre, 98 Granville Road TST East, Kowloon Hong Kong; customersupport@infantino.com<\/li>\n<li><strong>Podmiot odpowiedzialny za wprowadzenie produktu na rynek europejski:<\/strong>\u00a0Infantino B kids B.V. John M. Keynesplein 12-46 1066EP Amsterdam The Netherlands eu.info@infantino.com<\/li>\n<li><strong>Ostrze\u017cenia na opakowaniu: <\/strong><\/li>\n<li><strong>Instrukcja obs\u0142ugi jest:<\/strong> NIE<\/li>\n<li><strong>Kraj pochodzenia:<\/strong> CHINY<\/li>\n<\/ul>\n","protected":false},"excerpt":{"rendered":"<p>Koszyk\u00f3wka ma\u0142pka dla maluch\u00f3w Infantino 31521 Weso\u0142a ma\u0142pka to idealna zabawka dla ma\u0142ych koszykarzy! Maluchy mog\u0105 wrzuca\u0107 \u015bwiec\u0105c\u0105 i mrugaj\u0105c\u0105<\/p>\n","protected":false},"featured_media":6454,"comment_status":"open","ping_status":"closed","template":"","meta":[],"product_brand":[],"product_cat":[121,17],"product_tag":[],"class_list":{"0":"post-6363","1":"product","2":"type-product","3":"status-publish","4":"has-post-thumbnail","6":"product_cat-aktywne-i-edukacyjne","7":"product_cat-dla-najmlodszych","9":"first","10":"instock","11":"shipping-taxable","12":"purchasable","13":"product-type-simple"},"_links":{"self":[{"href":"https:\/\/czas.m2web.pl\/index.php?rest_route=\/wp\/v2\/product\/6363","targetHints":{"allow":["GET"]}}],"collection":[{"href":"https:\/\/czas.m2web.pl\/index.php?rest_route=\/wp\/v2\/product"}],"about":[{"href":"https:\/\/czas.m2web.pl\/index.php?rest_route=\/wp\/v2\/types\/product"}],"replies":[{"embeddable":true,"href":"https:\/\/czas.m2web.pl\/index.php?rest_route=%2Fwp%2Fv2%2Fcomments&post=6363"}],"version-history":[{"count":0,"href":"https:\/\/czas.m2web.pl\/index.php?rest_route=\/wp\/v2\/product\/6363\/revisions"}],"wp:featuredmedia":[{"embeddable":true,"href":"https:\/\/czas.m2web.pl\/index.php?rest_route=\/wp\/v2\/media\/6454"}],"wp:attachment":[{"href":"https:\/\/czas.m2web.pl\/index.php?rest_route=%2Fwp%2Fv2%2Fmedia&parent=6363"}],"wp:term":[{"taxonomy":"product_brand","embeddable":true,"href":"https:\/\/czas.m2web.pl\/index.php?rest_route=%2Fwp%2Fv2%2Fproduct_brand&post=6363"},{"taxonomy":"product_cat","embeddable":true,"href":"https:\/\/czas.m2web.pl\/index.php?rest_route=%2Fwp%2Fv2%2Fproduct_cat&post=6363"},{"taxonomy":"product_tag","embeddable":true,"href":"https:\/\/czas.m2web.pl\/index.php?rest_route=%2Fwp%2Fv2%2Fproduct_tag&post=6363"}],"curies":[{"name":"wp","href":"https:\/\/api.w.org\/{rel}","templated":true}]}}