{"id":6366,"date":"2026-01-04T23:12:34","date_gmt":"2026-01-04T22:12:34","guid":{"rendered":"https:\/\/czas.m2web.pl\/?post_type=product&#038;p=6366"},"modified":"2026-01-04T23:13:05","modified_gmt":"2026-01-04T22:13:05","slug":"b-kids-4883n-bebenek-sortownik","status":"publish","type":"product","link":"https:\/\/czas.m2web.pl\/?product=b-kids-4883n-bebenek-sortownik","title":{"rendered":"B-KIDS 4883N B\u0118BENEK SORTOWNIK"},"content":{"rendered":"<section class=\"section\">\n<div class=\"item item-6\">\n<section class=\"image-item\">             <img decoding=\"async\" src=\"https:\/\/upload.cdn.baselinker.com\/products\/3029707\/6f060882d92c6524cdf942d73a9ca64a.jpg\" \/>         <\/section>\n<\/p><\/div>\n<div class=\"item item-6\">\n<section class=\"text-item\">\n<h1>B-KIDS 4883N B\u0118BENEK SORTOWNIK<\/h1>\n<p>U\u017cyj m\u0142otka aby wrzuca\u0107 kolorowe pi\u0142eczki w odpowiednie otwory lub po prostu zagraj na b\u0119benku! W zestawie 4 kolorowe pi\u0142eczki, m\u0142otek oraz specjalny pojemnik, kt\u00f3ry mo\u017ce s\u0142u\u017cy\u0107 jako b\u0119benek lub jako sortownik kolorowych pi\u0142eczek. Je\u015bli chcesz bawi\u0107 si\u0119 od nowa, otw\u00f3rz drzwi z boku b\u0119benka i wyci\u0105gnij pi\u0142eczki.<\/p>\n<p>Weso\u0142e kolory zabawki przyci\u0105gn\u0105 uwag\u0119 malucha.<\/p>\n<p>Klocki mo\u017cna wyci\u0105gn\u0105\u0107 ze \u015brodka, otwieraj\u0105c bok b\u0119benka.<\/p>\n<p>Zabawka uczy logicznego my\u015blenia, poznawania kolor\u00f3w, \u0107wiczy zdolno\u015bci manualne, pami\u0119\u0107 oraz koordynacj\u0119 wzrokowo-ruchow\u0105 ju\u017c od najm\u0142odszych lat.<\/p>\n<ul>\n<li>Wiek: 12M+.<\/li>\n<li>Wymiary opakowania: szer. 17 cm x wys. 17 cm.<\/li>\n<li>\u015arednica b\u0119benka: 15 cm.<\/li>\n<\/ul>\n<\/section><\/div>\n<\/section>\n<section class=\"section\">\n<div class=\"item item-6\">\n<section class=\"image-item\">             <img decoding=\"async\" src=\"https:\/\/upload.cdn.baselinker.com\/products\/3029707\/401a80742fd942e8e3cca5599286e399.jpg\" \/>         <\/section>\n<\/p><\/div>\n<div class=\"item item-6\">\n<section class=\"image-item\">             <img decoding=\"async\" src=\"https:\/\/upload.cdn.baselinker.com\/products\/3029707\/4a808980c92413316af6ee926611fd8a.jpg\" \/>         <\/section>\n<\/p><\/div>\n<\/section>\n<section class=\"section\">\n<div class=\"item item-6\">\n<section class=\"image-item\">             <img decoding=\"async\" src=\"https:\/\/upload.cdn.baselinker.com\/products\/3029707\/290e28636e30bead45e4a68d6c366f82.jpg\" \/>         <\/section>\n<\/p><\/div>\n<div class=\"item item-6\">\n<section class=\"image-item\">             <img decoding=\"async\" src=\"https:\/\/upload.cdn.baselinker.com\/products\/3029707\/671cacbd8e6f556210839b898fb3177b.jpg\" \/>         <\/section>\n<\/p><\/div>\n<\/section>\n<section class=\"section\">\n<div class=\"item item-12\">\n<section class=\"image-item\">             <img decoding=\"async\" src=\"https:\/\/upload.cdn.baselinker.com\/products\/3029707\/a10b93a167ce39026107491237d1946c.jpg\" \/>         <\/section>\n<\/p><\/div>\n<\/section>\n<p><strong>Dodatkowe informacje:<\/strong><\/p>\n<ul>\n<li><strong>Producent: <\/strong>INFANTINO B KIDS INTERNATIONAL LIMITED  Flat\/Rm 1203, 12\/F, East Ocean Centre, 98 Granville Road TST East, Kowloon Hong Kong; elsa.chan@infantino.com; sally.ho@infantino.com<\/li>\n<li><strong>Podmiot odpowiedzialny za wprowadzenie produktu na rynek europejski:<\/strong>\u00a0Infantino B kids B.V. John M. Keynesplein 12-46 1066EP Amsterdam The Netherlands eu.info@infantino.com<\/li>\n<li><strong>Ostrze\u017cenia na opakowaniu: <\/strong><\/li>\n<li><strong>Instrukcja obs\u0142ugi jest:<\/strong> NIE<\/li>\n<li><strong>Kraj pochodzenia:<\/strong> CHINY<\/li>\n<\/ul>\n","protected":false},"excerpt":{"rendered":"<p>B-KIDS 4883N B\u0118BENEK SORTOWNIK U\u017cyj m\u0142otka aby wrzuca\u0107 kolorowe pi\u0142eczki w odpowiednie otwory lub po prostu zagraj na b\u0119benku! W<\/p>\n","protected":false},"featured_media":6461,"comment_status":"open","ping_status":"closed","template":"","meta":[],"product_brand":[],"product_cat":[16],"product_tag":[],"class_list":{"0":"post-6366","1":"product","2":"type-product","3":"status-publish","4":"has-post-thumbnail","6":"product_cat-import","8":"first","9":"instock","10":"shipping-taxable","11":"purchasable","12":"product-type-simple"},"_links":{"self":[{"href":"https:\/\/czas.m2web.pl\/index.php?rest_route=\/wp\/v2\/product\/6366","targetHints":{"allow":["GET"]}}],"collection":[{"href":"https:\/\/czas.m2web.pl\/index.php?rest_route=\/wp\/v2\/product"}],"about":[{"href":"https:\/\/czas.m2web.pl\/index.php?rest_route=\/wp\/v2\/types\/product"}],"replies":[{"embeddable":true,"href":"https:\/\/czas.m2web.pl\/index.php?rest_route=%2Fwp%2Fv2%2Fcomments&post=6366"}],"version-history":[{"count":0,"href":"https:\/\/czas.m2web.pl\/index.php?rest_route=\/wp\/v2\/product\/6366\/revisions"}],"wp:featuredmedia":[{"embeddable":true,"href":"https:\/\/czas.m2web.pl\/index.php?rest_route=\/wp\/v2\/media\/6461"}],"wp:attachment":[{"href":"https:\/\/czas.m2web.pl\/index.php?rest_route=%2Fwp%2Fv2%2Fmedia&parent=6366"}],"wp:term":[{"taxonomy":"product_brand","embeddable":true,"href":"https:\/\/czas.m2web.pl\/index.php?rest_route=%2Fwp%2Fv2%2Fproduct_brand&post=6366"},{"taxonomy":"product_cat","embeddable":true,"href":"https:\/\/czas.m2web.pl\/index.php?rest_route=%2Fwp%2Fv2%2Fproduct_cat&post=6366"},{"taxonomy":"product_tag","embeddable":true,"href":"https:\/\/czas.m2web.pl\/index.php?rest_route=%2Fwp%2Fv2%2Fproduct_tag&post=6366"}],"curies":[{"name":"wp","href":"https:\/\/api.w.org\/{rel}","templated":true}]}}