{"id":6367,"date":"2026-01-04T23:12:34","date_gmt":"2026-01-04T22:12:34","guid":{"rendered":"https:\/\/czas.m2web.pl\/?post_type=product&#038;p=6367"},"modified":"2026-01-04T23:13:06","modified_gmt":"2026-01-04T22:13:06","slug":"radio-boombox-swiatlo-dzwiek-infantino","status":"publish","type":"product","link":"https:\/\/czas.m2web.pl\/?product=radio-boombox-swiatlo-dzwiek-infantino","title":{"rendered":"Radio, Boombox, \u015bwiat\u0142o, d\u017awi\u0119k, Infantino"},"content":{"rendered":"<section class=\"section\">\n<div class=\"item item-6\">\n<section class=\"image-item\">             <img decoding=\"async\" src=\"https:\/\/upload.cdn.baselinker.com\/products\/3029707\/5441925023251fcec90c9ee75f9fbf16.jpg\" \/>         <\/section>\n<\/p><\/div>\n<div class=\"item item-6\">\n<section class=\"text-item\">\n<h1>Interaktywne radio dla maluch\u00f3w, boombox<\/h1>\n<p>Infantino 307038<\/p>\n<p data-placeholder=\"T\u0142umaczenie\">Ten mini boombox, idealnie dopasowany do ma\u0142ych r\u0105czek, jest wyposa\u017cony w funkcje zapewniaj\u0105ce rozrywk\u0119 Twojemu dziecku.<\/p>\n<\/p>\n<p>Po naci\u015bni\u0119ciu przycisku z nutk\u0105, dziecko us\u0142yszy zabawne d\u017awi\u0119ki lub kr\u00f3tkie melodie, a okienko z u\u015bmiechni\u0119t\u0105 buzi\u0105 za\u015bwieci si\u0119 w r\u00f3\u017cnych kolorach.<\/p>\n<\/p>\n<p>Zabawka posiada uchwyt na kt\u00f3rym znajduj\u0105 si\u0119 kolorowe koraliki, kt\u00f3re mo\u017cna przesuwa\u0107. Interaktywne funkcje zabawki stymuluj\u0105 zmys\u0142y wzroku i s\u0142uchu, rozwijaj\u0105 wyobra\u017ani\u0119 dzieci. Boombox jest wygodny do trzymania, posiada regulacj\u0119 g\u0142osno\u015bci.<\/p>\n<p>Wiek 6M+.<\/p>\n<p>Wymiary radia: 14 x 9,5 cm.<\/p>\n<p>Wymiary opakowania: 15 x 13,5 cm<\/p>\n<p>Wymagane baterie: 3&#215;1,5V (w zestawie).<\/p>\n<\/section><\/div>\n<\/section>\n<section class=\"section\">\n<div class=\"item item-12\">\n<section class=\"image-item\">             <img decoding=\"async\" src=\"https:\/\/upload.cdn.baselinker.com\/products\/3029707\/7890654e78a228a6a9351775a7b5e452.jpg\" \/>         <\/section>\n<\/p><\/div>\n<\/section>\n<section class=\"section\">\n<div class=\"item item-12\">\n<section class=\"image-item\">             <img decoding=\"async\" src=\"https:\/\/upload.cdn.baselinker.com\/products\/3029707\/59453ef8461364d3204e7e2574626679.jpg\" \/>         <\/section>\n<\/p><\/div>\n<\/section>\n<section class=\"section\">\n<div class=\"item item-12\">\n<section class=\"image-item\">             <img decoding=\"async\" src=\"https:\/\/upload.cdn.baselinker.com\/products\/3029707\/5441925023251fcec90c9ee75f9fbf16.jpg\" \/>         <\/section>\n<\/p><\/div>\n<\/section>\n<p><strong>Dodatkowe informacje:<\/strong><\/p>\n<ul>\n<li><strong>Producent: <\/strong>INFANTINO B KIDS INTERNATIONAL LIMITED  Flat\/Rm 1203, 12\/F, East Ocean Centre, 98 Granville Road TST East, Kowloon Hong Kong; customersupport@infantino.com<\/li>\n<li><strong>Podmiot odpowiedzialny za wprowadzenie produktu na rynek europejski:<\/strong>\u00a0Infantino B kids B.V. John M. Keynesplein 12-46 1066EP Amsterdam The Netherlands eu.info@infantino.com<\/li>\n<li><strong>Ostrze\u017cenia na opakowaniu: <\/strong><\/li>\n<li><strong>Instrukcja obs\u0142ugi jest:<\/strong> NIE<\/li>\n<li><strong>Kraj pochodzenia:<\/strong> CHINY<\/li>\n<\/ul>\n","protected":false},"excerpt":{"rendered":"<p>Interaktywne radio dla maluch\u00f3w, boombox Infantino 307038 Ten mini boombox, idealnie dopasowany do ma\u0142ych r\u0105czek, jest wyposa\u017cony w funkcje zapewniaj\u0105ce<\/p>\n","protected":false},"featured_media":6467,"comment_status":"open","ping_status":"closed","template":"","meta":[],"product_brand":[],"product_cat":[121,17],"product_tag":[],"class_list":{"0":"post-6367","1":"product","2":"type-product","3":"status-publish","4":"has-post-thumbnail","6":"product_cat-aktywne-i-edukacyjne","7":"product_cat-dla-najmlodszych","9":"first","10":"instock","11":"shipping-taxable","12":"purchasable","13":"product-type-simple"},"_links":{"self":[{"href":"https:\/\/czas.m2web.pl\/index.php?rest_route=\/wp\/v2\/product\/6367","targetHints":{"allow":["GET"]}}],"collection":[{"href":"https:\/\/czas.m2web.pl\/index.php?rest_route=\/wp\/v2\/product"}],"about":[{"href":"https:\/\/czas.m2web.pl\/index.php?rest_route=\/wp\/v2\/types\/product"}],"replies":[{"embeddable":true,"href":"https:\/\/czas.m2web.pl\/index.php?rest_route=%2Fwp%2Fv2%2Fcomments&post=6367"}],"version-history":[{"count":0,"href":"https:\/\/czas.m2web.pl\/index.php?rest_route=\/wp\/v2\/product\/6367\/revisions"}],"wp:featuredmedia":[{"embeddable":true,"href":"https:\/\/czas.m2web.pl\/index.php?rest_route=\/wp\/v2\/media\/6467"}],"wp:attachment":[{"href":"https:\/\/czas.m2web.pl\/index.php?rest_route=%2Fwp%2Fv2%2Fmedia&parent=6367"}],"wp:term":[{"taxonomy":"product_brand","embeddable":true,"href":"https:\/\/czas.m2web.pl\/index.php?rest_route=%2Fwp%2Fv2%2Fproduct_brand&post=6367"},{"taxonomy":"product_cat","embeddable":true,"href":"https:\/\/czas.m2web.pl\/index.php?rest_route=%2Fwp%2Fv2%2Fproduct_cat&post=6367"},{"taxonomy":"product_tag","embeddable":true,"href":"https:\/\/czas.m2web.pl\/index.php?rest_route=%2Fwp%2Fv2%2Fproduct_tag&post=6367"}],"curies":[{"name":"wp","href":"https:\/\/api.w.org\/{rel}","templated":true}]}}