{"id":6369,"date":"2026-01-04T23:12:34","date_gmt":"2026-01-04T22:12:34","guid":{"rendered":"https:\/\/czas.m2web.pl\/?post_type=product&#038;p=6369"},"modified":"2026-01-04T23:13:08","modified_gmt":"2026-01-04T22:13:08","slug":"infantino-313017-skladana-mata-piankowa-kojec","status":"publish","type":"product","link":"https:\/\/czas.m2web.pl\/?product=infantino-313017-skladana-mata-piankowa-kojec","title":{"rendered":"INFANTINO 313017 SK\u0141ADANA MATA PIANKOWA KOJEC"},"content":{"rendered":"<section class=\"section\">\n<div class=\"item item-6\">\n<section class=\"image-item\">             <img decoding=\"async\" src=\"https:\/\/upload.cdn.baselinker.com\/products\/3029707\/700efed768c182430f36ed23296f7f71.jpg\" \/>         <\/section>\n<\/p><\/div>\n<div class=\"item item-6\">\n<section class=\"text-item\">\n<p>INFANTINO 313017 SK\u0141ADANA MATA PIANKOWA KOJEC<\/p>\n<p>Infantino 313017<\/p>\n<p>Ta wyj\u0105tkowo du\u017ca mata do \u0107wicze\u0144 tworzy bezpieczne i mi\u0119kkie miejsce do zabawy dla dziecka. Oferuje du\u017c\u0105 przestrze\u0144 do raczkowania, siedzenia oraz zabawy na brzuszku.<\/p>\n<p>Twoje dziecko pokocha t\u0119 mi\u0119kk\u0105, ale dobrze przyczepn\u0105 piankow\u0105 mat\u0119, kt\u00f3ra zapewnii amortyzacj\u0119, jednocze\u015bnie tworz\u0105c idealne miejsce do nauki nowych umiej\u0119tno\u015bci, takich jak turlanie si\u0119, siedzenie, raczkowanie. Wysuwane boki zapobiegaj\u0105 ucieczce zabawek, a dwustronny nadruk inspirowany stylem boho sprawia, \u017ce \u200b\u200bjest wizualnie atrakcyjna dla dziecka i dla rodzic\u00f3w.<\/p>\n<p>Kompaktowa, lekka konstrukcja, \u0142atwa do sk\u0142adania u\u0142atwia przechowywanie, przenoszenie z pokoju do pokoju lub zabranie ze sob\u0105.<\/p>\n<p>Po\u0142\u00f3\u017c p\u0142asko lub u\u017cyj 4 sk\u0142adanych \u015bcian, aby stworzy\u0107 plac zabaw.<\/p>\n<p>\u015awietna na czas zabawy na brzuszku, siedzenie i zabaw\u0119, gr\u0119 w pi\u0142k\u0119, czas na ksi\u0105\u017ck\u0119 i nie tylko!<\/p>\n<p>Dwustronna konstrukcja zapewniaj\u0105ca dodatkow\u0105 atrakcj\u0119 i r\u00f3\u017cnorodno\u015b\u0107 dla dziecka.<\/p>\n<p>\u0141atwa do czyszczenia.<\/p>\n<ul>\n<li>Wiek: 0M+.<\/li>\n<li>Torba w komplecie.<\/li>\n<li>Wymiary po zlo\u017ceniu: 29 cm x 49 cm.<\/li>\n<li>Wymiary maty: 147 cm x 147 cm.<\/li>\n<li>Wymiary maty po z\u0142o\u017ceniu bok\u00f3w: 114 cm x 114 cm.<\/li>\n<li>Grubo\u015b\u0107 ok. 1 cm.<\/li>\n<\/ul>\n<\/section><\/div>\n<\/section>\n<section class=\"section\">\n<div class=\"item item-12\">\n<section class=\"image-item\">             <img decoding=\"async\" src=\"https:\/\/upload.cdn.baselinker.com\/products\/3029707\/c62540de2b248440fb4a01a3e8d840ea.jpg\" \/>         <\/section>\n<\/p><\/div>\n<\/section>\n<section class=\"section\">\n<div class=\"item item-12\">\n<section class=\"image-item\">             <img decoding=\"async\" src=\"https:\/\/upload.cdn.baselinker.com\/products\/3029707\/db65f4d9debdf9b282d4617ba8ecccf3.jpg\" \/>         <\/section>\n<\/p><\/div>\n<\/section>\n<section class=\"section\">\n<div class=\"item item-6\">\n<section class=\"image-item\">             <img decoding=\"async\" src=\"https:\/\/upload.cdn.baselinker.com\/products\/3029707\/83f97ece32e7c860e0b9be2be15c15b1.jpg\" \/>         <\/section>\n<\/p><\/div>\n<div class=\"item item-6\">\n<section class=\"image-item\">             <img decoding=\"async\" src=\"https:\/\/upload.cdn.baselinker.com\/products\/3029707\/7f1dab12cb85f315c8c6284f1d77e9cb.jpg\" \/>         <\/section>\n<\/p><\/div>\n<\/section>\n<section class=\"section\">\n<div class=\"item item-6\">\n<section class=\"image-item\">             <img decoding=\"async\" src=\"https:\/\/upload.cdn.baselinker.com\/products\/3029707\/f8cfa60edf6c5eaf3cb51ad28fc77357.jpg\" \/>         <\/section>\n<\/p><\/div>\n<div class=\"item item-6\">\n<section class=\"image-item\">             <img decoding=\"async\" src=\"https:\/\/upload.cdn.baselinker.com\/products\/3029707\/55ec64b6e353678f7f8bd0b7f0c61c33.jpg\" \/>         <\/section>\n<\/p><\/div>\n<\/section>\n<section class=\"section\">\n<div class=\"item item-12\">\n<section class=\"image-item\">             <img decoding=\"async\" src=\"https:\/\/upload.cdn.baselinker.com\/products\/3029707\/347bf2709821a3ded6af7f1c72758684.jpg\" \/>         <\/section>\n<\/p><\/div>\n<\/section>\n<section class=\"section\">\n<div class=\"item item-12\">\n<section class=\"image-item\">             <img decoding=\"async\" src=\"https:\/\/upload.cdn.baselinker.com\/products\/3029707\/700efed768c182430f36ed23296f7f71.jpg\" \/>         <\/section>\n<\/p><\/div>\n<\/section>\n<p><strong>Dodatkowe informacje:<\/strong><\/p>\n<ul>\n<li><strong>Producent: <\/strong>INFANTINO B KIDS INTERNATIONAL LIMITED  Flat\/Rm 1203, 12\/F, East Ocean Centre, 98 Granville Road TST East, Kowloon Hong Kong; customersupport@infantino.com<\/li>\n<li><strong>Podmiot odpowiedzialny za wprowadzenie produktu na rynek europejski:<\/strong>\u00a0Infantino B kids B.V. John M. Keynesplein 12-46 1066EP Amsterdam The Netherlands eu.info@infantino.com<\/li>\n<li><strong>Ostrze\u017cenia na opakowaniu: <\/strong><\/li>\n<li><strong>Instrukcja obs\u0142ugi jest:<\/strong> NIE<\/li>\n<li><strong>Kraj pochodzenia:<\/strong> CHINY<\/li>\n<\/ul>\n","protected":false},"excerpt":{"rendered":"<p>INFANTINO 313017 SK\u0141ADANA MATA PIANKOWA KOJEC Infantino 313017 Ta wyj\u0105tkowo du\u017ca mata do \u0107wicze\u0144 tworzy bezpieczne i mi\u0119kkie miejsce do<\/p>\n","protected":false},"featured_media":6471,"comment_status":"open","ping_status":"closed","template":"","meta":[],"product_brand":[],"product_cat":[17,18],"product_tag":[],"class_list":{"0":"post-6369","1":"product","2":"type-product","3":"status-publish","4":"has-post-thumbnail","6":"product_cat-dla-najmlodszych","7":"product_cat-nosidelka-i-maty","9":"first","10":"instock","11":"shipping-taxable","12":"purchasable","13":"product-type-simple"},"_links":{"self":[{"href":"https:\/\/czas.m2web.pl\/index.php?rest_route=\/wp\/v2\/product\/6369","targetHints":{"allow":["GET"]}}],"collection":[{"href":"https:\/\/czas.m2web.pl\/index.php?rest_route=\/wp\/v2\/product"}],"about":[{"href":"https:\/\/czas.m2web.pl\/index.php?rest_route=\/wp\/v2\/types\/product"}],"replies":[{"embeddable":true,"href":"https:\/\/czas.m2web.pl\/index.php?rest_route=%2Fwp%2Fv2%2Fcomments&post=6369"}],"version-history":[{"count":0,"href":"https:\/\/czas.m2web.pl\/index.php?rest_route=\/wp\/v2\/product\/6369\/revisions"}],"wp:featuredmedia":[{"embeddable":true,"href":"https:\/\/czas.m2web.pl\/index.php?rest_route=\/wp\/v2\/media\/6471"}],"wp:attachment":[{"href":"https:\/\/czas.m2web.pl\/index.php?rest_route=%2Fwp%2Fv2%2Fmedia&parent=6369"}],"wp:term":[{"taxonomy":"product_brand","embeddable":true,"href":"https:\/\/czas.m2web.pl\/index.php?rest_route=%2Fwp%2Fv2%2Fproduct_brand&post=6369"},{"taxonomy":"product_cat","embeddable":true,"href":"https:\/\/czas.m2web.pl\/index.php?rest_route=%2Fwp%2Fv2%2Fproduct_cat&post=6369"},{"taxonomy":"product_tag","embeddable":true,"href":"https:\/\/czas.m2web.pl\/index.php?rest_route=%2Fwp%2Fv2%2Fproduct_tag&post=6369"}],"curies":[{"name":"wp","href":"https:\/\/api.w.org\/{rel}","templated":true}]}}