{"id":6420,"date":"2026-01-04T23:12:55","date_gmt":"2026-01-04T22:12:55","guid":{"rendered":"https:\/\/czas.m2web.pl\/?post_type=product&#038;p=6420"},"modified":"2026-01-04T23:13:11","modified_gmt":"2026-01-04T22:13:11","slug":"infantino-aktywny-sorter-trojkat-315178","status":"publish","type":"product","link":"https:\/\/czas.m2web.pl\/?product=infantino-aktywny-sorter-trojkat-315178","title":{"rendered":"Infantino Aktywny sorter tr\u00f3jk\u0105t 315178"},"content":{"rendered":"<section class=\"section\">\n<div class=\"item item-6\">\n<section class=\"image-item\">             <img decoding=\"async\" src=\"https:\/\/upload.cdn.baselinker.com\/products\/3029707\/500ff611289c0ce546cef15a539f7dcc.jpg\" \/>         <\/section>\n<\/p><\/div>\n<div class=\"item item-6\">\n<section class=\"text-item\">\n<h1>Aktywny sorter tr\u00f3jk\u0105t<\/h1>\n<h2>Infantino 315178<\/h2>\n<p>Ka\u017cda ze stron tego aktywnego tr\u00f3jk\u0105ta to inna zabawa dla naszych pociech.<\/p>\n<p>Pi\u0119\u0107 stron zabawy pozwala dziecku sortowa\u0107 cztery teksturowane kszta\u0142ty, ci\u0105gn\u0105\u0107 i pcha\u0107 teksturowane, gi\u0119tkie liny oraz przesuwa\u0107 lub obraca\u0107 dwa r\u00f3\u017cne kszta\u0142ty w g\u00f3r\u0119 i w d\u00f3\u0142 po torach przypominaj\u0105cych labirynt.<\/p>\n<p>Dwa gi\u0119tkie pr\u0119ty z sensorycznymi przesuwanymi pier\u015bcieniami zapewniaj\u0105 rozrywk\u0119 ma\u0142ym r\u0105czkom. Kolorowe, teksturowane gi\u0119tkie liny wyginaj\u0105 si\u0119, dzi\u0119ki czemu dziecko mo\u017ce przepchn\u0105\u0107 przez nie cztery kszta\u0142ty.<\/p>\n<p>Wszystkie te ekscytuj\u0105ce zaj\u0119cia i zabawne tekstury wspieraj\u0105 rozw\u00f3j motoryki dziecka, koordynacji r\u0119ka-oko oraz zdolno\u015bci poznawczych. Idealny rozmiar dla ma\u0142ych r\u0105czek do trzymania i odkrywania!<\/p>\n<p>Wiek: 3M+.<\/p>\n<p>Wymiary zabawki: szer. 14 x wys. 14 cm.<\/p>\n<\/section><\/div>\n<\/section>\n<section class=\"section\">\n<div class=\"item item-12\">\n<section class=\"image-item\">             <img decoding=\"async\" src=\"https:\/\/upload.cdn.baselinker.com\/products\/3029707\/500ff611289c0ce546cef15a539f7dcc.jpg\" \/>         <\/section>\n<\/p><\/div>\n<\/section>\n<section class=\"section\">\n<div class=\"item item-12\">\n<section class=\"image-item\">             <img decoding=\"async\" src=\"https:\/\/upload.cdn.baselinker.com\/products\/3029707\/f9e876ad115a7679bf8832ea391ef688.jpg\" \/>         <\/section>\n<\/p><\/div>\n<\/section>\n<section class=\"section\">\n<div class=\"item item-6\">\n<section class=\"image-item\">             <img decoding=\"async\" src=\"https:\/\/upload.cdn.baselinker.com\/products\/3029707\/9642b97f2a640fd46bce08066f816e36.jpg\" \/>         <\/section>\n<\/p><\/div>\n<div class=\"item item-6\">\n<section class=\"image-item\">             <img decoding=\"async\" src=\"https:\/\/upload.cdn.baselinker.com\/products\/3029707\/c1630d2683cf2a1710f7c376af4ffbb9.jpg\" \/>         <\/section>\n<\/p><\/div>\n<\/section>\n<section class=\"section\">\n<div class=\"item item-6\">\n<section class=\"image-item\">             <img decoding=\"async\" src=\"https:\/\/upload.cdn.baselinker.com\/products\/3029707\/3e2299fbc859e62fde4819748d3ae7f0.jpg\" \/>         <\/section>\n<\/p><\/div>\n<div class=\"item item-6\">\n<section class=\"image-item\">             <img decoding=\"async\" src=\"https:\/\/upload.cdn.baselinker.com\/products\/3029707\/cb3c8c9bc2b9af96ce3cf70e52e43a73.jpg\" \/>         <\/section>\n<\/p><\/div>\n<\/section>\n<section class=\"section\">\n<div class=\"item item-12\">\n<section class=\"image-item\">             <img decoding=\"async\" src=\"https:\/\/upload.cdn.baselinker.com\/products\/3029707\/72858468bbc754b1670a21b45bfe274b.jpg\" \/>         <\/section>\n<\/p><\/div>\n<\/section>\n<section class=\"section\">\n<div class=\"item item-12\">\n<section class=\"image-item\">             <img decoding=\"async\" src=\"https:\/\/upload.cdn.baselinker.com\/products\/3029707\/6d505876d1ea57cc0d3426393633e021.jpg\" \/>         <\/section>\n<\/p><\/div>\n<\/section>\n<section class=\"section\">\n<div class=\"item item-12\">\n<section class=\"image-item\">             <img decoding=\"async\" src=\"https:\/\/upload.cdn.baselinker.com\/products\/3029707\/f8fb656df539a905755f2aaae19b744d.jpg\" \/>         <\/section>\n<\/p><\/div>\n<\/section>\n<p><strong>Dodatkowe informacje:<\/strong><\/p>\n<ul>\n<li><strong>Producent: <\/strong>INFANTINO B KIDS INTERNATIONAL LIMITED  Flat\/Rm 1203, 12\/F, East Ocean Centre, 98 Granville Road TST East, Kowloon Hong Kong; customersupport@infantino.com<\/li>\n<li><strong>Podmiot odpowiedzialny za wprowadzenie produktu na rynek europejski:<\/strong>\u00a0Infantino B kids B.V. John M. Keynesplein 12-46 1066EP Amsterdam The Netherlands eu.info@infantino.com<\/li>\n<li><strong>Ostrze\u017cenia na opakowaniu: <\/strong><\/li>\n<li><strong>Instrukcja obs\u0142ugi jest:<\/strong> NIE<\/li>\n<li><strong>Kraj pochodzenia:<\/strong> CHINY<\/li>\n<\/ul>\n","protected":false},"excerpt":{"rendered":"<p>Aktywny sorter tr\u00f3jk\u0105t Infantino 315178 Ka\u017cda ze stron tego aktywnego tr\u00f3jk\u0105ta to inna zabawa dla naszych pociech. Pi\u0119\u0107 stron zabawy<\/p>\n","protected":false},"featured_media":6480,"comment_status":"open","ping_status":"closed","template":"","meta":[],"product_brand":[],"product_cat":[121,17],"product_tag":[],"class_list":{"0":"post-6420","1":"product","2":"type-product","3":"status-publish","4":"has-post-thumbnail","6":"product_cat-aktywne-i-edukacyjne","7":"product_cat-dla-najmlodszych","9":"first","10":"instock","11":"shipping-taxable","12":"purchasable","13":"product-type-simple"},"_links":{"self":[{"href":"https:\/\/czas.m2web.pl\/index.php?rest_route=\/wp\/v2\/product\/6420","targetHints":{"allow":["GET"]}}],"collection":[{"href":"https:\/\/czas.m2web.pl\/index.php?rest_route=\/wp\/v2\/product"}],"about":[{"href":"https:\/\/czas.m2web.pl\/index.php?rest_route=\/wp\/v2\/types\/product"}],"replies":[{"embeddable":true,"href":"https:\/\/czas.m2web.pl\/index.php?rest_route=%2Fwp%2Fv2%2Fcomments&post=6420"}],"version-history":[{"count":0,"href":"https:\/\/czas.m2web.pl\/index.php?rest_route=\/wp\/v2\/product\/6420\/revisions"}],"wp:featuredmedia":[{"embeddable":true,"href":"https:\/\/czas.m2web.pl\/index.php?rest_route=\/wp\/v2\/media\/6480"}],"wp:attachment":[{"href":"https:\/\/czas.m2web.pl\/index.php?rest_route=%2Fwp%2Fv2%2Fmedia&parent=6420"}],"wp:term":[{"taxonomy":"product_brand","embeddable":true,"href":"https:\/\/czas.m2web.pl\/index.php?rest_route=%2Fwp%2Fv2%2Fproduct_brand&post=6420"},{"taxonomy":"product_cat","embeddable":true,"href":"https:\/\/czas.m2web.pl\/index.php?rest_route=%2Fwp%2Fv2%2Fproduct_cat&post=6420"},{"taxonomy":"product_tag","embeddable":true,"href":"https:\/\/czas.m2web.pl\/index.php?rest_route=%2Fwp%2Fv2%2Fproduct_tag&post=6420"}],"curies":[{"name":"wp","href":"https:\/\/api.w.org\/{rel}","templated":true}]}}