{"id":6425,"date":"2026-01-04T23:12:55","date_gmt":"2026-01-04T22:12:55","guid":{"rendered":"https:\/\/czas.m2web.pl\/?post_type=product&#038;p=6425"},"modified":"2026-01-04T23:13:18","modified_gmt":"2026-01-04T22:13:18","slug":"infantino-stolik-360-stopni-z-siedziskiem-203002","status":"publish","type":"product","link":"https:\/\/czas.m2web.pl\/?product=infantino-stolik-360-stopni-z-siedziskiem-203002","title":{"rendered":"Infantino Stolik 360 stopni z siedziskiem 203002"},"content":{"rendered":"<section class=\"section\">\n<div class=\"item item-6\">\n<section class=\"image-item\">             <img decoding=\"async\" src=\"https:\/\/upload.cdn.baselinker.com\/products\/3029707\/dd8e92ba93734e7c6d3abdab37f38243.jpg\" \/>         <\/section>\n<\/p><\/div>\n<div class=\"item item-6\">\n<section class=\"text-item\">\n<h1>Stolik 360 stopni z siedziskiem<\/h1>\n<p>INFANTINO Nr kat.: 203002<\/p>\n<p>Stolik z obracaj\u0105cym si\u0119 o 360 stopni siedziskiem. Dziecko mo\u017ce siedzie\u0107 i kr\u0119ci\u0107 si\u0119, odkrywaj\u0105c 6 r\u00f3\u017cnych zabawek.<\/p>\n<p>Stolik z siedziskiem ro\u015bnie wraz z dzieckiem. Posiada \u0142atw\u0105 do przechowywania konstrukcji\u0119 ze sk\u0142adanymi nogami i zabawkami.<\/p>\n<p>6 wci\u0105gaj\u0105cych, interaktywnych zabawek o tematyce d\u017cungli zach\u0119ca dziecko do odkrywania i zabawy.<\/p>\n<p>\u015awiec\u0105ce przyciski pod palm\u0105 w\u0142\u0105czaj\u0105 muzyk\u0119 i efekty d\u017awi\u0119kowe. Zabawki mo\u017cna schowa\u0107 pod blat sto\u0142u, aby przechowywanie nie sprawia\u0142o \u017cadnych problem\u00f3w. Trzy zwierz\u0105tka na k\u00f3\u0142kach mo\u017cna odczepi\u0107 od blatu sto\u0142u i bawi\u0107 si\u0119 nimi osobno.<\/p>\n<p>Wyjmowane siedzisko mo\u017cna pra\u0107 w pralce,\u00a0zabawki i powierzchnie stolika s\u0105 \u0142atwe do czyszczenia.<\/p>\n<p>Stolik dostosowuje si\u0119 do trzech r\u00f3\u017cnych wysoko\u015bci w miar\u0119 wzrostu dziecka (max. wysoko\u015b\u0107 76 cm).<\/p>\n<p>Gdy dziecko dorasta i uczy si\u0119 chodzi\u0107 samodzielnie, st\u00f3\u0142 zamienia si\u0119 w stolik do zabawy na stoj\u0105co z krajobrazem na wierzchu i tr\u00f3jko\u0142owymi zwierz\u0119tami.<\/p>\n<p>Dzi\u0119ki kompaktowej sk\u0142adanej konstrukcji, stolik mo\u017cna spakowa\u0107 i zabra\u0107 ze sob\u0105 w podr\u00f3\u017c.<\/p>\n<ul>\n<li>Waga dziecka: do 11 kg.<\/li>\n<li>Wiek: od 4M+ do 5 lat.<\/li>\n<li>Wymaga baterii 3xAAA, baterie nie s\u0105 zawarte w zestawie.<\/li>\n<li>Wymiary opakowania: 70 cm x 70 cm x 17 cm.<\/li>\n<\/ul>\n<\/section><\/div>\n<\/section>\n<section class=\"section\">\n<div class=\"item item-12\">\n<section class=\"image-item\">             <img decoding=\"async\" src=\"https:\/\/upload.cdn.baselinker.com\/products\/3029707\/375bbffd58d128654f4e2f904526912c.jpg\" \/>         <\/section>\n<\/p><\/div>\n<\/section>\n<section class=\"section\">\n<div class=\"item item-12\">\n<section class=\"image-item\">             <img decoding=\"async\" src=\"https:\/\/upload.cdn.baselinker.com\/products\/3029707\/15a5f2cc5004a3014ed4f694d3e45afa.jpg\" \/>         <\/section>\n<\/p><\/div>\n<\/section>\n<section class=\"section\">\n<div class=\"item item-12\">\n<section class=\"image-item\">             <img decoding=\"async\" src=\"https:\/\/upload.cdn.baselinker.com\/products\/3029707\/1e7bacc86f15206e88565fdcd5185c4a.jpg\" \/>         <\/section>\n<\/p><\/div>\n<\/section>\n<section class=\"section\">\n<div class=\"item item-6\">\n<section class=\"image-item\">             <img decoding=\"async\" src=\"https:\/\/upload.cdn.baselinker.com\/products\/3029707\/5fcacf482f66097cd56281ac972313b8.jpg\" \/>         <\/section>\n<\/p><\/div>\n<div class=\"item item-6\">\n<section class=\"image-item\">             <img decoding=\"async\" src=\"https:\/\/upload.cdn.baselinker.com\/products\/3029707\/5fcc58ba71cc6f623353bd7bd34f2a55.jpg\" \/>         <\/section>\n<\/p><\/div>\n<\/section>\n<section class=\"section\">\n<div class=\"item item-12\">\n<section class=\"image-item\">             <img decoding=\"async\" src=\"https:\/\/upload.cdn.baselinker.com\/products\/3029707\/8734cb5888a0501034c6d7e7c94cffc6.jpg\" \/>         <\/section>\n<\/p><\/div>\n<\/section>\n<section class=\"section\">\n<div class=\"item item-6\">\n<section class=\"image-item\">             <img decoding=\"async\" src=\"https:\/\/upload.cdn.baselinker.com\/products\/3029707\/cb191bdec9108fb96be077407d39a03a.jpg\" \/>         <\/section>\n<\/p><\/div>\n<div class=\"item item-6\">\n<section class=\"image-item\">             <img decoding=\"async\" src=\"https:\/\/upload.cdn.baselinker.com\/products\/3029707\/b8e0877a38963b11362b78ca50361334.jpg\" \/>         <\/section>\n<\/p><\/div>\n<\/section>\n<p><strong>Dodatkowe informacje:<\/strong><\/p>\n<ul>\n<li><strong>Producent: <\/strong>INFANTINO B KIDS INTERNATIONAL LIMITED  Flat\/Rm 1203, 12\/F, East Ocean Centre, 98 Granville Road TST East, Kowloon Hong Kong; customersupport@infantino.com<\/li>\n<li><strong>Podmiot odpowiedzialny za wprowadzenie produktu na rynek europejski:<\/strong>\u00a0Infantino B kids B.V. John M. Keynesplein 12-46 1066EP Amsterdam The Netherlands eu.info@infantino.com<\/li>\n<li><strong>Ostrze\u017cenia na opakowaniu: <\/strong><\/li>\n<li><strong>Instrukcja obs\u0142ugi jest:<\/strong> NIE<\/li>\n<li><strong>Kraj pochodzenia:<\/strong> CHINY<\/li>\n<\/ul>\n","protected":false},"excerpt":{"rendered":"<p>Stolik 360 stopni z siedziskiem INFANTINO Nr kat.: 203002 Stolik z obracaj\u0105cym si\u0119 o 360 stopni siedziskiem. Dziecko mo\u017ce siedzie\u0107<\/p>\n","protected":false},"featured_media":6519,"comment_status":"open","ping_status":"closed","template":"","meta":[],"product_brand":[],"product_cat":[1657,17],"product_tag":[],"class_list":{"0":"post-6425","1":"product","2":"type-product","3":"status-publish","4":"has-post-thumbnail","6":"product_cat-chodziki-stoliki-i-krzeselka","7":"product_cat-dla-najmlodszych","9":"first","10":"instock","11":"shipping-taxable","12":"purchasable","13":"product-type-simple"},"_links":{"self":[{"href":"https:\/\/czas.m2web.pl\/index.php?rest_route=\/wp\/v2\/product\/6425","targetHints":{"allow":["GET"]}}],"collection":[{"href":"https:\/\/czas.m2web.pl\/index.php?rest_route=\/wp\/v2\/product"}],"about":[{"href":"https:\/\/czas.m2web.pl\/index.php?rest_route=\/wp\/v2\/types\/product"}],"replies":[{"embeddable":true,"href":"https:\/\/czas.m2web.pl\/index.php?rest_route=%2Fwp%2Fv2%2Fcomments&post=6425"}],"version-history":[{"count":0,"href":"https:\/\/czas.m2web.pl\/index.php?rest_route=\/wp\/v2\/product\/6425\/revisions"}],"wp:featuredmedia":[{"embeddable":true,"href":"https:\/\/czas.m2web.pl\/index.php?rest_route=\/wp\/v2\/media\/6519"}],"wp:attachment":[{"href":"https:\/\/czas.m2web.pl\/index.php?rest_route=%2Fwp%2Fv2%2Fmedia&parent=6425"}],"wp:term":[{"taxonomy":"product_brand","embeddable":true,"href":"https:\/\/czas.m2web.pl\/index.php?rest_route=%2Fwp%2Fv2%2Fproduct_brand&post=6425"},{"taxonomy":"product_cat","embeddable":true,"href":"https:\/\/czas.m2web.pl\/index.php?rest_route=%2Fwp%2Fv2%2Fproduct_cat&post=6425"},{"taxonomy":"product_tag","embeddable":true,"href":"https:\/\/czas.m2web.pl\/index.php?rest_route=%2Fwp%2Fv2%2Fproduct_tag&post=6425"}],"curies":[{"name":"wp","href":"https:\/\/api.w.org\/{rel}","templated":true}]}}