{"id":6427,"date":"2026-01-04T23:12:55","date_gmt":"2026-01-04T22:12:55","guid":{"rendered":"https:\/\/czas.m2web.pl\/?post_type=product&#038;p=6427"},"modified":"2026-01-04T23:13:25","modified_gmt":"2026-01-04T22:13:25","slug":"infantino-nosidelko-4-w-1-odciazajace-rodzica-moro-300116","status":"publish","type":"product","link":"https:\/\/czas.m2web.pl\/?product=infantino-nosidelko-4-w-1-odciazajace-rodzica-moro-300116","title":{"rendered":"INFANTINO Noside\u0142ko 4 w 1 odci\u0105\u017caj\u0105ce rodzica MORO 300116"},"content":{"rendered":"<section class=\"section\">\n<div class=\"item item-6\">\n<section class=\"image-item\">             <img decoding=\"async\" src=\"https:\/\/upload.cdn.baselinker.com\/products\/3029707\/b9f3fdcb13b8c57f03e1427ba5700f8f.jpg\" \/>         <\/section>\n<\/p><\/div>\n<div class=\"item item-6\">\n<section class=\"text-item\">\n<h1>Noside\u0142ko 4 w 1 odci\u0105\u017caj\u0105ce rodzica MORO<\/h1>\n<p>300116\u00a0 Infantino<\/p>\n<p>Waga dziecka: 3,6-14,5 kg. Wiek: 0M+.<\/p>\n<p><b>Wielofunkcyjne noside\u0142ko 4 w 1, kt\u00f3re ro\u015bnie razem z dzieckiem. <\/b><\/p>\n<p>Zalety noside\u0142ka:<\/p>\n<ul>\n<li>system pask\u00f3w rozprowadzaj\u0105cych wag\u0119 dziecka w spos\u00f3b zwi\u0119kszaj\u0105cy wygod\u0119 dziecka i nosz\u0105cego, pozwoli dziecku podr\u00f3\u017cowa\u0107 w naturalnej pozycji siedz\u0105cej;<\/li>\n<li>szeroki pas biodrowy roz\u0142o\u017cy wag\u0119 dziecka r\u00f3wnomiernie na nosz\u0105cego;<\/li>\n<li>ergonomiczne, regulowane siedzisko dopasowuje si\u0119 do kszta\u0142t\u00f3w dziecka. Mo\u017cna go u\u017cywa\u0107 w wersji szerokiej i w\u0105skiej.<\/li>\n<li>usztywniane rami\u0105czka z dodatkowym podbiciem zapewni\u0105 bezpiecze\u0144stwo i wi\u0119ksz\u0105 stabilno\u015b\u0107, a tak\u017ce komfort nosz\u0105cemu przy d\u0142ugim u\u017cytkowaniu;<\/li>\n<li>regulacja podparcia g\u0142owy zapewnia dodatkowy komfort;<\/li>\n<\/ul>\n<\/section><\/div>\n<\/section>\n<section class=\"section\">\n<div class=\"item item-6\">\n<section class=\"image-item\">             <img decoding=\"async\" src=\"https:\/\/upload.cdn.baselinker.com\/products\/3029707\/d9c2f72c4b7ae8337fa1b4000f7fdc7f.jpg\" \/>         <\/section>\n<\/p><\/div>\n<div class=\"item item-6\">\n<section class=\"text-item\">\n<ul>\n<li>mo\u017cliwo\u015b\u0107 noszenia w 4 pozycjach:<\/li>\n<\/ul>\n<p>\u2013 dziecko przodem do nosz\u0105cego w w\u0105skim siedzisku do momentu, a\u017c dziecko b\u0119dzie samodzielnie trzyma\u0107 g\u0142ow\u0119 pionowo \u2013 jest to dla niego prawid\u0142owa pozycja, daje du\u017c\u0105 dawk\u0119 kontaktu fizycznego i uwagi, a jednocze\u015bnie zostawia nosz\u0105cemu wolne r\u0119ce. W tej pozycji mo\u017cna bawi\u0107 si\u0119 z dzieckiem i utrzymywa\u0107 z nim kontakt przez dotyk, zabaw\u0119 lub wzrokowy;<\/p>\n<p>\u2013 dziecko przodem w szerokim siedzisku \u2013 szerokie siedzisko pozwala na noszenie wi\u0119kszych dzieci w pozycji siedz\u0105cej z nogami obejmuj\u0105cymi nosz\u0105cego;<\/p>\n<p>\u2013 dziecko ty\u0142em w w\u0105skim siedzisku \u2013 pozycja ta pozwala dziecku poznawa\u0107 wzrokowo otoczenie, a jednocze\u015bnie pozosta\u0107 w bliskim kontakcie z nosz\u0105c\u0105 je osob\u0105, nigdy nie nale\u017cy u\u017cywa\u0107 szerokiego siedziska podczas noszenia dziecka w pozycji twarz\u0105 na zewn\u0105trz;<\/p>\n<p>\u2013 dziecko przodem na plecach rodzic\u00f3w &#8211; dla dzieci b\u0119d\u0105cych w stanie ca\u0142kowicie samodzielnie siada\u0107. W tej pozycji dziecko mo\u017ce sprawdza\u0107 co si\u0119 dzieje dooko\u0142a, ale nadal wie, \u017ce rodzic jest tu\u017c obok.<\/p>\n<\/section><\/div>\n<\/section>\n<section class=\"section\">\n<div class=\"item item-6\">\n<section class=\"image-item\">             <img decoding=\"async\" src=\"https:\/\/upload.cdn.baselinker.com\/products\/3029707\/13bb4beead274e518837e1919483ad1a.jpg\" \/>         <\/section>\n<\/p><\/div>\n<div class=\"item item-6\">\n<section class=\"text-item\">\n<p>Noside\u0142ko 4 w 1:<\/p>\n<ul>\n<li>pozwala na noszenie dziecka w pozycji \u2018fizjologicznej \u017caby\u2019 rekomendowanej przez Mi\u0119dzynarodowy Instytut Dysplazji Biodrowej. Pozycja ta zapewnia prawid\u0142owy rozw\u00f3j staw\u00f3w biodrowych, kr\u0119gos\u0142upa i miednicy,<\/li>\n<li>noszenie bli\u017cej cia\u0142a i wy\u017cej na plecach lub klatce piersiowej zminimalizuje obci\u0105\u017cenie kr\u0119gos\u0142upa i ramion wynikaj\u0105ce z d\u0142ugotrwa\u0142ego u\u017cytkowania.<\/li>\n<\/ul>\n<\/section><\/div>\n<\/section>\n<section class=\"section\">\n<div class=\"item item-6\">\n<section class=\"image-item\">             <img decoding=\"async\" src=\"https:\/\/upload.cdn.baselinker.com\/products\/3029707\/328d3c7b7f71454fd03afd9ac3018a9c.jpg\" \/>         <\/section>\n<\/p><\/div>\n<div class=\"item item-6\">\n<section class=\"text-item\">\n<p>Zalety noszenia dziecka w noside\u0142ku:<\/p>\n<ul>\n<li>buduje wi\u0119\u017a mi\u0119dzy rodzicem a dzieckiem,<\/li>\n<li>wzmacnia szyj\u0119 dziecka i mi\u0119\u015bnie plec\u00f3w,<\/li>\n<li>dzieci noszone w noside\u0142ku mniej p\u0142acz\u0105,<\/li>\n<li>wspiera rozw\u00f3j mentalny dziecka,<\/li>\n<li>stymuluje rozw\u00f3j emocjonalny i fizyczny,<\/li>\n<li>zwalnia r\u0119ce rodzica,<\/li>\n<li>pozwala trzyma\u0107 dziecko w zasi\u0119gu r\u0119ki w razie potrzeby,<\/li>\n<li>dodatkowo chroni dziecko,<\/li>\n<li>odpowiednie dla matek karmi\u0105cych.<\/li>\n<\/ul>\n<p>Wymiary opakowania: 25,5 x 25,5 cm.<\/p>\n<\/section><\/div>\n<\/section>\n<section class=\"section\">\n<div class=\"item item-6\">\n<section class=\"image-item\">             <img decoding=\"async\" src=\"https:\/\/upload.cdn.baselinker.com\/products\/3029707\/f75d7cda1ec65c1a5d67abc709ae3c8e.jpg\" \/>         <\/section>\n<\/p><\/div>\n<div class=\"item item-6\">\n<section class=\"image-item\">             <img decoding=\"async\" src=\"https:\/\/upload.cdn.baselinker.com\/products\/3029707\/7908454dcecb6cd4c2ee593adcb66177.jpg\" \/>         <\/section>\n<\/p><\/div>\n<\/section>\n<section class=\"section\">\n<div class=\"item item-12\">\n<section class=\"image-item\">             <img decoding=\"async\" src=\"https:\/\/upload.cdn.baselinker.com\/products\/3029707\/3094fcd06a667a04eaa873929f9ba0b6.jpg\" \/>         <\/section>\n<\/p><\/div>\n<\/section>\n<section class=\"section\">\n<div class=\"item item-12\">\n<section class=\"image-item\">             <img decoding=\"async\" src=\"https:\/\/upload.cdn.baselinker.com\/products\/3029707\/bc963c39906df6f8fc2ed622e438e496.jpg\" \/>         <\/section>\n<\/p><\/div>\n<\/section>\n<section class=\"section\">\n<div class=\"item item-12\">\n<section class=\"image-item\">             <img decoding=\"async\" src=\"https:\/\/upload.cdn.baselinker.com\/products\/3029707\/b9f3fdcb13b8c57f03e1427ba5700f8f.jpg\" \/>         <\/section>\n<\/p><\/div>\n<\/section>\n<section class=\"section\">\n<div class=\"item item-12\">\n<section class=\"image-item\">             <img decoding=\"async\" src=\"https:\/\/upload.cdn.baselinker.com\/products\/3029707\/edc4fac8140baf0a0d2aa02467a9b77b.jpg\" \/>         <\/section>\n<\/p><\/div>\n<\/section>\n<p><strong>Dodatkowe informacje:<\/strong><\/p>\n<ul>\n<li><strong>Producent: <\/strong>INFANTINO B KIDS INTERNATIONAL LIMITED  Flat\/Rm 1203, 12\/F, East Ocean Centre, 98 Granville Road TST East, Kowloon Hong Kong; customersupport@infantino.com<\/li>\n<li><strong>Podmiot odpowiedzialny za wprowadzenie produktu na rynek europejski:<\/strong>\u00a0Infantino B kids B.V. John M. Keynesplein 12-46 1066EP Amsterdam The Netherlands eu.info@infantino.com<\/li>\n<li><strong>Ostrze\u017cenia na opakowaniu: <\/strong><\/li>\n<li><strong>Instrukcja obs\u0142ugi jest:<\/strong> NIE<\/li>\n<li><strong>Kraj pochodzenia:<\/strong> CHINY<\/li>\n<\/ul>\n","protected":false},"excerpt":{"rendered":"<p>Noside\u0142ko 4 w 1 odci\u0105\u017caj\u0105ce rodzica MORO 300116\u00a0 Infantino Waga dziecka: 3,6-14,5 kg. Wiek: 0M+. Wielofunkcyjne noside\u0142ko 4 w 1,<\/p>\n","protected":false},"featured_media":6541,"comment_status":"open","ping_status":"closed","template":"","meta":[],"product_brand":[],"product_cat":[17,18],"product_tag":[],"class_list":{"0":"post-6427","1":"product","2":"type-product","3":"status-publish","4":"has-post-thumbnail","6":"product_cat-dla-najmlodszych","7":"product_cat-nosidelka-i-maty","9":"first","10":"instock","11":"shipping-taxable","12":"purchasable","13":"product-type-simple"},"_links":{"self":[{"href":"https:\/\/czas.m2web.pl\/index.php?rest_route=\/wp\/v2\/product\/6427","targetHints":{"allow":["GET"]}}],"collection":[{"href":"https:\/\/czas.m2web.pl\/index.php?rest_route=\/wp\/v2\/product"}],"about":[{"href":"https:\/\/czas.m2web.pl\/index.php?rest_route=\/wp\/v2\/types\/product"}],"replies":[{"embeddable":true,"href":"https:\/\/czas.m2web.pl\/index.php?rest_route=%2Fwp%2Fv2%2Fcomments&post=6427"}],"version-history":[{"count":0,"href":"https:\/\/czas.m2web.pl\/index.php?rest_route=\/wp\/v2\/product\/6427\/revisions"}],"wp:featuredmedia":[{"embeddable":true,"href":"https:\/\/czas.m2web.pl\/index.php?rest_route=\/wp\/v2\/media\/6541"}],"wp:attachment":[{"href":"https:\/\/czas.m2web.pl\/index.php?rest_route=%2Fwp%2Fv2%2Fmedia&parent=6427"}],"wp:term":[{"taxonomy":"product_brand","embeddable":true,"href":"https:\/\/czas.m2web.pl\/index.php?rest_route=%2Fwp%2Fv2%2Fproduct_brand&post=6427"},{"taxonomy":"product_cat","embeddable":true,"href":"https:\/\/czas.m2web.pl\/index.php?rest_route=%2Fwp%2Fv2%2Fproduct_cat&post=6427"},{"taxonomy":"product_tag","embeddable":true,"href":"https:\/\/czas.m2web.pl\/index.php?rest_route=%2Fwp%2Fv2%2Fproduct_tag&post=6427"}],"curies":[{"name":"wp","href":"https:\/\/api.w.org\/{rel}","templated":true}]}}