{"id":6428,"date":"2026-01-04T23:12:55","date_gmt":"2026-01-04T22:12:55","guid":{"rendered":"https:\/\/czas.m2web.pl\/?post_type=product&#038;p=6428"},"modified":"2026-01-04T23:13:26","modified_gmt":"2026-01-04T22:13:26","slug":"infantino-304890-gryzaczek-grzechotka-wazka","status":"publish","type":"product","link":"https:\/\/czas.m2web.pl\/?product=infantino-304890-gryzaczek-grzechotka-wazka","title":{"rendered":"INFANTINO 304890 GRYZACZEK GRZECHOTKA WA\u017bKA"},"content":{"rendered":"<section class=\"section\">\n<div class=\"item item-6\">\n<section class=\"image-item\">             <img decoding=\"async\" src=\"https:\/\/upload.cdn.baselinker.com\/products\/3029707\/75592e5450170cb2f1337b1587f91097.jpg\" \/>         <\/section>\n<\/p><\/div>\n<div class=\"item item-6\">\n<section class=\"text-item\">\n<h1>Grzechotka wa\u017cka z gryzaczkami<\/h1>\n<p>Infantino 304890<\/p>\n<p>Weso\u0142a wa\u017cka to kolorowa grzechotka, kt\u00f3ra jednocze\u015bnie mo\u017ce s\u0142u\u017cy\u0107 jako gryzaczek. Przyci\u0105gnie wzrok dziecka \u017cywymi kolorami. Jedno skrzyd\u0142o wa\u017cki to mi\u0119kki gryzaczek z wypustkami, na drugim znajduj\u0105 si\u0119 kolorowe koraliki, kt\u00f3re mo\u017cna przesuwa\u0107. Poszczeg\u00f3lne cz\u0119\u015bci cia\u0142a wa\u017cki mo\u017cna dowolnie okr\u0119ca\u0107.<\/p>\n<ul>\n<li>Wiek: 0M+.<\/li>\n<li>Wymiary kraba: 17 x 9 cm.<\/li>\n<li>Wielokolorowa<\/li>\n<\/ul>\n<\/section><\/div>\n<\/section>\n<section class=\"section\">\n<div class=\"item item-12\">\n<section class=\"image-item\">             <img decoding=\"async\" src=\"https:\/\/upload.cdn.baselinker.com\/products\/3029707\/75592e5450170cb2f1337b1587f91097.jpg\" \/>         <\/section>\n<\/p><\/div>\n<\/section>\n<p><strong>Dodatkowe informacje:<\/strong><\/p>\n<ul>\n<li><strong>Producent: <\/strong>INFANTINO B KIDS INTERNATIONAL LIMITED  Flat\/Rm 1203, 12\/F, East Ocean Centre, 98 Granville Road TST East, Kowloon Hong Kong; customersupport@infantino.com<\/li>\n<li><strong>Podmiot odpowiedzialny za wprowadzenie produktu na rynek europejski:<\/strong>\u00a0Infantino B kids B.V. John M. Keynesplein 12-46 1066EP Amsterdam The Netherlands eu.info@infantino.com<\/li>\n<li><strong>Ostrze\u017cenia na opakowaniu: <\/strong><\/li>\n<li><strong>Instrukcja obs\u0142ugi jest:<\/strong> NIE<\/li>\n<li><strong>Kraj pochodzenia:<\/strong> CHINY<\/li>\n<\/ul>\n","protected":false},"excerpt":{"rendered":"<p>Grzechotka wa\u017cka z gryzaczkami Infantino 304890 Weso\u0142a wa\u017cka to kolorowa grzechotka, kt\u00f3ra jednocze\u015bnie mo\u017ce s\u0142u\u017cy\u0107 jako gryzaczek. Przyci\u0105gnie wzrok dziecka<\/p>\n","protected":false},"featured_media":6552,"comment_status":"open","ping_status":"closed","template":"","meta":[],"product_brand":[],"product_cat":[17,3302],"product_tag":[],"class_list":{"0":"post-6428","1":"product","2":"type-product","3":"status-publish","4":"has-post-thumbnail","6":"product_cat-dla-najmlodszych","7":"product_cat-grzechotki-i-gryzaczki","9":"first","10":"instock","11":"shipping-taxable","12":"purchasable","13":"product-type-simple"},"_links":{"self":[{"href":"https:\/\/czas.m2web.pl\/index.php?rest_route=\/wp\/v2\/product\/6428","targetHints":{"allow":["GET"]}}],"collection":[{"href":"https:\/\/czas.m2web.pl\/index.php?rest_route=\/wp\/v2\/product"}],"about":[{"href":"https:\/\/czas.m2web.pl\/index.php?rest_route=\/wp\/v2\/types\/product"}],"replies":[{"embeddable":true,"href":"https:\/\/czas.m2web.pl\/index.php?rest_route=%2Fwp%2Fv2%2Fcomments&post=6428"}],"version-history":[{"count":0,"href":"https:\/\/czas.m2web.pl\/index.php?rest_route=\/wp\/v2\/product\/6428\/revisions"}],"wp:featuredmedia":[{"embeddable":true,"href":"https:\/\/czas.m2web.pl\/index.php?rest_route=\/wp\/v2\/media\/6552"}],"wp:attachment":[{"href":"https:\/\/czas.m2web.pl\/index.php?rest_route=%2Fwp%2Fv2%2Fmedia&parent=6428"}],"wp:term":[{"taxonomy":"product_brand","embeddable":true,"href":"https:\/\/czas.m2web.pl\/index.php?rest_route=%2Fwp%2Fv2%2Fproduct_brand&post=6428"},{"taxonomy":"product_cat","embeddable":true,"href":"https:\/\/czas.m2web.pl\/index.php?rest_route=%2Fwp%2Fv2%2Fproduct_cat&post=6428"},{"taxonomy":"product_tag","embeddable":true,"href":"https:\/\/czas.m2web.pl\/index.php?rest_route=%2Fwp%2Fv2%2Fproduct_tag&post=6428"}],"curies":[{"name":"wp","href":"https:\/\/api.w.org\/{rel}","templated":true}]}}