{"id":6518,"date":"2026-01-04T23:13:16","date_gmt":"2026-01-04T22:13:16","guid":{"rendered":"https:\/\/czas.m2web.pl\/?post_type=product&#038;p=6518"},"modified":"2026-01-04T23:13:55","modified_gmt":"2026-01-04T22:13:55","slug":"infantino-5057n-wibrujaca-zawieszka-jednorozec","status":"publish","type":"product","link":"https:\/\/czas.m2web.pl\/?product=infantino-5057n-wibrujaca-zawieszka-jednorozec","title":{"rendered":"INFANTINO 5057N WIBRUJ\u0104CA ZAWIESZKA JEDNORO\u017bEC"},"content":{"rendered":"<section class=\"section\">\n<div class=\"item item-6\">\n<section class=\"image-item\">             <img decoding=\"async\" src=\"https:\/\/upload.cdn.baselinker.com\/products\/3029707\/ad0d103eab1a6313a0e98db7b6106512.jpg\" \/>         <\/section>\n<\/p><\/div>\n<div class=\"item item-6\">\n<section class=\"text-item\">\n<h1>Zawieszka z naci\u0105giem &#8211; jednoro\u017cec<\/h1>\n<h1>Infantino 5057N<\/h1>\n<p>Ten weso\u0142y jednoro\u017cec b\u0119dzie niezast\u0105pionym towarzyszem dziecka podczas ka\u017cdego spaceru i podr\u00f3\u017cy.<\/p>\n<p>Wyposa\u017cona jest w rozci\u0105gliw\u0105 ta\u015bm\u0119 oraz k\u00f3\u0142eczko pozwalaj\u0105ce zawiesi\u0107 zabawk\u0119 w dowolnym miejscu.<\/p>\n<p>Gdy dziecko chwyci zabawk\u0119 i poci\u0105gnie w d\u00f3\u0142, jednoro\u017cec zacznie brz\u0119cze\u0107 i wibrowa\u0107!<\/p>\n<p>Kolorowa zabawka wywo\u0142a rado\u015b\u0107 u dziecka, a gryzaczek w kszta\u0142cie li\u015bcia b\u0119dzie delikatnie masowa\u0142 dzi\u0105s\u0142a.<\/p>\n<p>Wiek: 0M+.<\/p>\n<p>Wymiary zabawki: szer. 14 cm x wys. 11,5 cm.<\/p>\n<\/section><\/div>\n<\/section>\n<section class=\"section\">\n<div class=\"item item-12\">\n<section class=\"image-item\">             <img decoding=\"async\" src=\"https:\/\/upload.cdn.baselinker.com\/products\/3029707\/ad0d103eab1a6313a0e98db7b6106512.jpg\" \/>         <\/section>\n<\/p><\/div>\n<\/section>\n<p><strong>Dodatkowe informacje:<\/strong><\/p>\n<ul>\n<li><strong>Producent: <\/strong>INFANTINO B KIDS INTERNATIONAL LIMITED  Flat\/Rm 1203, 12\/F, East Ocean Centre, 98 Granville Road TST East, Kowloon Hong Kong; customersupport@infantino.com<\/li>\n<li><strong>Podmiot odpowiedzialny za wprowadzenie produktu na rynek europejski:<\/strong>\u00a0Infantino B kids B.V. John M. Keynesplein 12-46 1066EP Amsterdam The Netherlands eu.info@infantino.com<\/li>\n<li><strong>Ostrze\u017cenia na opakowaniu: <\/strong><\/li>\n<li><strong>Instrukcja obs\u0142ugi jest:<\/strong> NIE<\/li>\n<li><strong>Kraj pochodzenia:<\/strong> CHINY<\/li>\n<\/ul>\n","protected":false},"excerpt":{"rendered":"<p>Zawieszka z naci\u0105giem &#8211; jednoro\u017cec Infantino 5057N Ten weso\u0142y jednoro\u017cec b\u0119dzie niezast\u0105pionym towarzyszem dziecka podczas ka\u017cdego spaceru i podr\u00f3\u017cy. Wyposa\u017cona<\/p>\n","protected":false},"featured_media":6611,"comment_status":"open","ping_status":"closed","template":"","meta":[],"product_brand":[],"product_cat":[16],"product_tag":[],"class_list":{"0":"post-6518","1":"product","2":"type-product","3":"status-publish","4":"has-post-thumbnail","6":"product_cat-import","8":"first","9":"instock","10":"shipping-taxable","11":"purchasable","12":"product-type-simple"},"_links":{"self":[{"href":"https:\/\/czas.m2web.pl\/index.php?rest_route=\/wp\/v2\/product\/6518","targetHints":{"allow":["GET"]}}],"collection":[{"href":"https:\/\/czas.m2web.pl\/index.php?rest_route=\/wp\/v2\/product"}],"about":[{"href":"https:\/\/czas.m2web.pl\/index.php?rest_route=\/wp\/v2\/types\/product"}],"replies":[{"embeddable":true,"href":"https:\/\/czas.m2web.pl\/index.php?rest_route=%2Fwp%2Fv2%2Fcomments&post=6518"}],"version-history":[{"count":0,"href":"https:\/\/czas.m2web.pl\/index.php?rest_route=\/wp\/v2\/product\/6518\/revisions"}],"wp:featuredmedia":[{"embeddable":true,"href":"https:\/\/czas.m2web.pl\/index.php?rest_route=\/wp\/v2\/media\/6611"}],"wp:attachment":[{"href":"https:\/\/czas.m2web.pl\/index.php?rest_route=%2Fwp%2Fv2%2Fmedia&parent=6518"}],"wp:term":[{"taxonomy":"product_brand","embeddable":true,"href":"https:\/\/czas.m2web.pl\/index.php?rest_route=%2Fwp%2Fv2%2Fproduct_brand&post=6518"},{"taxonomy":"product_cat","embeddable":true,"href":"https:\/\/czas.m2web.pl\/index.php?rest_route=%2Fwp%2Fv2%2Fproduct_cat&post=6518"},{"taxonomy":"product_tag","embeddable":true,"href":"https:\/\/czas.m2web.pl\/index.php?rest_route=%2Fwp%2Fv2%2Fproduct_tag&post=6518"}],"curies":[{"name":"wp","href":"https:\/\/api.w.org\/{rel}","templated":true}]}}