{"id":654,"date":"2026-01-04T22:48:26","date_gmt":"2026-01-04T21:48:26","guid":{"rendered":"https:\/\/czas.m2web.pl\/?post_type=product&#038;p=654"},"modified":"2026-01-04T22:48:31","modified_gmt":"2026-01-04T21:48:31","slug":"maisto-chevrolet-corvette-2020-skladania-1-24-39525","status":"publish","type":"product","link":"https:\/\/czas.m2web.pl\/?product=maisto-chevrolet-corvette-2020-skladania-1-24-39525","title":{"rendered":"MAISTO Chevrolet Corvette 2020 sk\u0142adania 1\/24 39525"},"content":{"rendered":"<section class=\"section\">\n<div class=\"item item-6\">\n<section class=\"image-item\"><img decoding=\"async\" src=\"https:\/\/upload.cdn.baselinker.com\/products\/3029707\/3e57278c862a4eff2faac59f919e3a8f.jpg\"><\/section>\n<\/p><\/div>\n<div class=\"item item-6\">\n<section class=\"text-item\">\n<h1>MAISTO Chevrolet Corvette Stingray Coupe Z51 2020 \u2013 model do sk\u0142adania<\/h1>\n<p>Nr kat.: 39525<\/p>\n<p>Skala: 1\/24<\/p>\n<p>Kolor: bia\u0142y<\/p>\n<p>Materia\u0142: metal (nadwozie)\/plastik\/guma<\/p>\n<p><b>Model do sk\u0142adania \u2013 nie wymaga u\u017cycia kleju, \u015brubokr\u0119t w komplecie.<\/b><\/p>\n<p>Model z serii MaiSto Assembly Line Model Kit wykonany z dba\u0142o\u015bci\u0105 o najmniejsze szczeg\u00f3\u0142y.<\/p>\n<p><b>Posiada ruchome elementy, polakierowane metalowe nadwozie, gumowe ko\u0142a i dwa komplety felg (zamiennie do wyboru czarne lub srebrne)<\/b><\/p>\n<p>Po z\u0142o\u017ceniu otrzymujemy w pe\u0142ni funkcjonalny, je\u017cd\u017c\u0105cy pojazd idealny jako zabawka dla dziecka lub model dla kolekcjonera.<\/p>\n<p><b>Model posiada otwierane drzwi.<\/b><\/p>\n<p>Liczba element\u00f3w: 39.<\/p>\n<p>Wymiary opakowania: szer. 23 cm, wys. 17 cm, g\u0142. 10,5 cm.<\/p>\n<p>Wiek: 8+.<\/p>\n<\/section><\/div>\n<\/section>\n<section class=\"section\">\n<div class=\"item item-12\">\n<section class=\"image-item\"><img decoding=\"async\" src=\"https:\/\/upload.cdn.baselinker.com\/products\/3029707\/3e57278c862a4eff2faac59f919e3a8f.jpg\"><\/section>\n<\/p><\/div>\n<\/section>\n<p><strong>Dodatkowe informacje:<\/strong><\/p>\n<ul>\n<li><strong>Producent: <\/strong>May Cheong Group Limited Unit 901-2, 9\/F, East Ocean Centre,  98 Granville Road, Tsimshatsui East, Kowloon, Hong Kong info@maycheonggroup.com.hk<\/li>\n<li><strong>Podmiot odpowiedzialny za wprowadzenie produktu na rynek europejski:<\/strong>\u00a0Firma Handlowa PULIO Krzysztof Gebel ul. Kolejowa 3 55-040 Bielany Wroc\u0142awskie  tel. +48 71 352 07 80  biuro@pulio.pl  www.pulio.pl<\/li>\n<li><strong>Ostrze\u017cenia na opakowaniu: <\/strong>Ostrze\u017cenia: Uwaga! Nieodpowiednie dla dzieci w wieku poni\u017cej 3 lat. Niebezpiecze\u0144stwo zad\u0142awienia drobnymi elementami. Prosimy zachowa\u0107 opakowanie wraz z ostrze\u017ceniami i pozosta\u0142ymi informacjami do p\u00f3\u017aniejszej korespondencji. Przed przekazaniem dziecku nale\u017cy usun\u0105\u0107 wszystkie elementy opakowania. Opakowanie nie stanowi cz\u0119\u015bci zabawki. Producent zastrzega sobie prawo do zmian technicznych i kolorystyki bez uprzedzenia. Kolory i zawarto\u015b\u0107 mog\u0105 r\u00f3\u017cni\u0107 si\u0119 od ilustracji na opakowaniu. Wyprodukowano w Chinach.<\/li>\n<li><strong>Instrukcja obs\u0142ugi jest:<\/strong> NIE<\/li>\n<li><strong>Kraj pochodzenia:<\/strong> CHINY<\/li>\n<\/ul>\n","protected":false},"excerpt":{"rendered":"<p>MAISTO Chevrolet Corvette Stingray Coupe Z51 2020 \u2013 model do sk\u0142adania Nr kat.: 39525 Skala: 1\/24 Kolor: bia\u0142y Materia\u0142: metal<\/p>\n","protected":false},"featured_media":695,"comment_status":"open","ping_status":"closed","template":"","meta":[],"product_brand":[],"product_cat":[19,420,20,22],"product_tag":[],"class_list":{"0":"post-654","1":"product","2":"type-product","3":"status-publish","4":"has-post-thumbnail","6":"product_cat-dla-chlopca","7":"product_cat-modele-124-do-skladania","8":"product_cat-pojazdy","9":"product_cat-samochody","11":"first","12":"instock","13":"shipping-taxable","14":"purchasable","15":"product-type-simple"},"_links":{"self":[{"href":"https:\/\/czas.m2web.pl\/index.php?rest_route=\/wp\/v2\/product\/654","targetHints":{"allow":["GET"]}}],"collection":[{"href":"https:\/\/czas.m2web.pl\/index.php?rest_route=\/wp\/v2\/product"}],"about":[{"href":"https:\/\/czas.m2web.pl\/index.php?rest_route=\/wp\/v2\/types\/product"}],"replies":[{"embeddable":true,"href":"https:\/\/czas.m2web.pl\/index.php?rest_route=%2Fwp%2Fv2%2Fcomments&post=654"}],"version-history":[{"count":0,"href":"https:\/\/czas.m2web.pl\/index.php?rest_route=\/wp\/v2\/product\/654\/revisions"}],"wp:featuredmedia":[{"embeddable":true,"href":"https:\/\/czas.m2web.pl\/index.php?rest_route=\/wp\/v2\/media\/695"}],"wp:attachment":[{"href":"https:\/\/czas.m2web.pl\/index.php?rest_route=%2Fwp%2Fv2%2Fmedia&parent=654"}],"wp:term":[{"taxonomy":"product_brand","embeddable":true,"href":"https:\/\/czas.m2web.pl\/index.php?rest_route=%2Fwp%2Fv2%2Fproduct_brand&post=654"},{"taxonomy":"product_cat","embeddable":true,"href":"https:\/\/czas.m2web.pl\/index.php?rest_route=%2Fwp%2Fv2%2Fproduct_cat&post=654"},{"taxonomy":"product_tag","embeddable":true,"href":"https:\/\/czas.m2web.pl\/index.php?rest_route=%2Fwp%2Fv2%2Fproduct_tag&post=654"}],"curies":[{"name":"wp","href":"https:\/\/api.w.org\/{rel}","templated":true}]}}