{"id":6631,"date":"2026-01-04T23:13:59","date_gmt":"2026-01-04T22:13:59","guid":{"rendered":"https:\/\/czas.m2web.pl\/?post_type=product&#038;p=6631"},"modified":"2026-01-04T23:15:40","modified_gmt":"2026-01-04T22:15:40","slug":"hulajnoga-trojkolowa-spiderman-50225-outlet","status":"publish","type":"product","link":"https:\/\/czas.m2web.pl\/?product=hulajnoga-trojkolowa-spiderman-50225-outlet","title":{"rendered":"Hulajnoga tr\u00f3jko\u0142owa Spiderman 50225 OUTLET"},"content":{"rendered":"<section class=\"section\">\n<div class=\"item item-6\">\n<section class=\"image-item\">             <img decoding=\"async\" src=\"https:\/\/upload.cdn.baselinker.com\/products\/3029707\/1df17d1a327794dcd2917c3bb0b6c6ce.jpg\" \/>         <\/section>\n<\/p><\/div>\n<div class=\"item item-6\">\n<section class=\"text-item\">\n<h1>Hulajnoga tr\u00f3jko\u0142owa Spiderman<\/h1>\n<p>50225 AS<\/p>\n<p>OUTLET -15% Opakowanie lekko uszkodzone w transporcie (wgniecione) produkt nowy, bez wad, na gwarancji.<\/p>\n<p><b>Metalowa hulajnoga tr\u00f3jko\u0142owa z motywem Spiderman&#8217;a<\/b><\/p>\n<p>Posiada wygodne uchwyty, antypo\u015blizgowy podest, ko\u0142a pokryte materia\u0142em PVC oraz zawieszan\u0105 na kierownicy tabliczk\u0119 z bohaterem bajki.<\/p>\n<p>Rozwija umiej\u0119tno\u015bci ruchowe i uczy utrzymywania r\u00f3wnowagi.<\/p>\n<ul>\n<li>Maks. obci\u0105\u017cenie: do 20 kg.<\/li>\n<li>Wysoko\u015b\u0107 kierownicy regulowana: 58-62 cm.<\/li>\n<li>\u015arednica ko\u0142a przedniego: 14 cm, k\u00f3\u0142 tylnych: 12 cm.<\/li>\n<li>Szeroko\u015b\u0107 kierownicy: 35 cm.<\/li>\n<li>Wymiary podestu: d\u0142. 23 cm, szer. 10,5 cm.<\/li>\n<\/ul>\n<p>Hulajnoga pozwala na zabaw\u0119 zar\u00f3wno w domu jak i na dworze.<\/p>\n<p><b>Wiek: od 2 lat.<\/b><\/p>\n<\/section><\/div>\n<\/section>\n<section class=\"section\">\n<div class=\"item item-12\">\n<section class=\"image-item\">             <img decoding=\"async\" src=\"https:\/\/upload.cdn.baselinker.com\/products\/3029707\/1df17d1a327794dcd2917c3bb0b6c6ce.jpg\" \/>         <\/section>\n<\/p><\/div>\n<\/section>\n<section class=\"section\">\n<div class=\"item item-12\">\n<section class=\"image-item\">             <img decoding=\"async\" src=\"https:\/\/upload.cdn.baselinker.com\/products\/3029707\/b94185c4de814a2089253798e7a1a480.jpg\" \/>         <\/section>\n<\/p><\/div>\n<\/section>\n<section class=\"section\">\n<div class=\"item item-12\">\n<section class=\"image-item\">             <img decoding=\"async\" src=\"https:\/\/upload.cdn.baselinker.com\/products\/3029707\/7135a556c58f6ab4aedc8b8ee9e451a7.jpg\" \/>         <\/section>\n<\/p><\/div>\n<\/section>\n<p><strong>Dodatkowe informacje:<\/strong><\/p>\n<ul>\n<li><strong>Producent: <\/strong>AS COMPANY S.A. IONIAS STREET ORAIOKASTRO, PO Box 176, 57013 THESSALONIKI, GREECE; tkoufou@ascompany.gr<\/li>\n<li><strong>Podmiot odpowiedzialny za wprowadzenie produktu na rynek europejski:<\/strong>\u00a0AS COMPANY S.A. IONIAS STREET ORAIOKASTRO, PO Box 176, 57013 THESSALONIKI, GREECE; tkoufou@ascompany.gr<\/li>\n<li><strong>Ostrze\u017cenia na opakowaniu: <\/strong>Waga maksymalna: 20kg; Instrukcja u\u017cytkowania wewn\u0105trz opakowania. Ostrze\u017cenia: Monta\u017cu mo\u017ce dokona\u0107 jedynie osoba doros\u0142a. Zabawka powinna by\u0107 u\u017cytkowana jedynie pod opiek\u0105 osoby doros\u0142ej. Podczas u\u017cytkowania zawsze nale\u017cy zak\u0142ada\u0107 ubranie ochronne (kask, ochraniacze na \u0142okcie i kolana). Zabronione jest u\u017cytkowanie na drogach publicznych i w miejscach prywatnych. Nie u\u017cywaj po ciemku ani przy ograniczonej widoczno\u015bci, w pobli\u017cu basenu, na chodniku ani pochy\u0142ych powierzchniach. Zabawka przeznaczona tylko dla jednego dziecka jednocze\u015bnie. Przed przekazaniem dziecku, nale\u017cy usun\u0105\u0107 wszystkie elementy opakowania oraz upewni\u0107 si\u0119, \u017ce wszystkie \u015bruby s\u0105 dok\u0142adnie dokr\u0119cone. Opakowanie nie stanowi cz\u0119\u015bci zabawki! Producent zastrzega sobie mo\u017cliwo\u015b\u0107 zmian kolorystycznych i technicznych. Prosimy zachowa\u0107 opakowanie wraz z ostrze\u017ceniami  i pozosta\u0142ymi informacjami do p\u00f3\u017aniejszej korespondencji. Wyprodukowano w Chinach<\/li>\n<li><strong>Instrukcja obs\u0142ugi jest:<\/strong> Ostrze\u017cenia: Monta\u017cu mo\u017ce dokona\u0107 jedynie osoba doros\u0142a! Do monta\u017cu potrzebny jest klucz. 1. Wyjmij wszystkie elementy z opakowania i u\u0142\u00f3\u017c przed sob\u0105. 2. Upewnij si\u0119, \u017ce wszystkie elementy zawarte s\u0105 w zestawie. 3. Rozpocznij od sk\u0142adania tylnych k\u00f3\u0142 (Rys. Monta\u017c tylnych k\u00f3\u0142) 4. \u201cTrzon\u201d g\u0142\u00f3wnego \u201cWidelca\u201d powinien z \u0142atwo\u015bci\u0105 wsun\u0105\u0107 si\u0119 w ram\u0119 \u0142\u0105cz\u0105c ze sob\u0105 ko\u0142a,  ram\u0119 oraz podest. 5. Aby po\u0142\u0105czy\u0107 ram\u0119 z kierownic\u0105 zaci\u015bnij obejm\u0119 wok\u00f3\u0142 trzonu widelca, tak aby nakr\u0119tka oraz \u015bruba  by\u0142y ustawione w stron\u0119 podestu. Wci\u015bnij plastikow\u0105 nasadk\u0119 w kierownic\u0119 w trakcie przy\u0142\u0105czania do ramy. 6. \u015aci\u015bnij obejm\u0119 i przeci\u0105gnij plastikow\u0105 nasadk\u0119 na uchwyt zaciskowy obejmy. 7. Upewnij si\u0119, \u017ce wszystkie lementy s\u0105 dobrze przykr\u0119cone i bezpieczne przed przekazaniem zabawki  dziecku.  MONTA\u017b TYLNYCH K\u00d3\u0141 HULAJNOGI 1. Umie\u015b\u0107 zewn\u0119trzn\u0105 i wewn\u0119trzn\u0105 piast\u0119 ko\u0142a w kole, nast\u0119pnie prze\u0142\u00f3\u017c ko\u0142o przez tyln\u0105 o\u015b ko\u0142a. 2. Umie\u015b\u0107 pr\u0119t tylnej osi w osi ko\u0142a.  3. Umie\u015b\u0107 drugie ko\u0142o (z zewn\u0119trzn\u0105 i wewn\u0119trzn\u0105 piast\u0105 ko\u0142a) oraz klips zabezpieczaj\u0105cy w tylnej osi. 4. Przy pomocy m\u0142otka wci\u015bnij metalow\u0105 nasadk\u0119 do ko\u0144ca pr\u0119tu osi.  POTRZEBNE NARZ\u0118DZIA Klucz 1PC M\u0142otek (niezawarty w zestawie) OSTRZE\u017bENIA:  1. Konieczno\u015b\u0107 stosowania \u015brodk\u00f3w ochronnych. Nie u\u017cywa\u0107 w ruchu ulicznym.  Waga max: 20kg. 2. Przeczytaj dok\u0142adnie instrukcje przed rozpocz\u0119ciem u\u017cytkowania. 3. Monta\u017cu mo\u017ce dokona\u0107 jedynie osoba doros\u0142a. 4. U\u017cytkowanie wy\u0142\u0105cznie pod nadzorem osoby doros\u0142ej. 5. Wprowadzanie zmian zmiejszaj\u0105cych bezpiecze\u0144stwo hulajnogi jest niedozwolone. 6. Podczas u\u017cytkowania zawsze nale\u017cy zak\u0142ada\u0107 ubranie ochronne (kask, r\u0119kawice, ochraniacze na \u0142okcie i kolana). 7. Przed ka\u017cdym u\u017cytkowaniem upewnij si\u0119, \u017ce wszystkie elementy hulajnogi s\u0105 odpowiednio przymocowane. 8. Przed ka\u017cdym u\u017cytkowaniem upewnij si\u0119, \u017ce wszystkie \u015bruby s\u0105 dok\u0142adnie przykr\u0119cone.  9. Korzystanie z hulajnogi jest zabronione na drogach u\u017cywanych przez pojazdy oraz og\u00f3lnie na wszystkich drogach publicznych. 10. Do u\u017cytku na g\u0142adkich, p\u0142askich i suchych powierzchniach, bez piasku, \u017cwiru i b\u0142ota. 11. Z zabawki nale\u017cy korzysta\u0107 bezpiecznie na prywatnym terenie. Nigdy nie u\u017cytkuj na drogach publicznych, pochy\u0142o\u015bciach, chodnikach, w pobli\u017cu schod\u00f3w czy basenu. Zabawka przeznaczona tylko dla jednego dziecka jednocze\u015bnie. 12. Nie u\u017cywaj po ciemku ani przy ograniczonej widoczno\u015bci. 13. Nie wolno holowa\u0107 zabawki rowerem, samochodem ani innym pojazdem podczas u\u017cytowania. 14. Hulajnog\u0119 nale\u017cy u\u017cywa\u0107 z ostro\u017cno\u015bci\u0105, poniewa\u017c wymagane s\u0105 umiej\u0119tno\u015bci, aby unikn\u0105\u0107 upadk\u00f3w lub kolizji powoduj\u0105cych obra\u017cenia u\u017cytkownika lub os\u00f3b trzecich.  15. Czy\u015bci\u0107 wilgotn\u0105 szmatk\u0105.  WYPRODUKOWANO W CHINACH Przed przekazaniem dziecku nale\u017cy usun\u0105\u0107 wszystkie elementy opakowania. Producent zastrzega sobie mo\u017cliwo\u015b\u0107 zmian kolorystycznych i technicznych.<\/li>\n<li><strong>Kraj pochodzenia:<\/strong> <\/li>\n<\/ul>\n","protected":false},"excerpt":{"rendered":"<p>Hulajnoga tr\u00f3jko\u0142owa Spiderman 50225 AS OUTLET -15% Opakowanie lekko uszkodzone w transporcie (wgniecione) produkt nowy, bez wad, na gwarancji. Metalowa<\/p>\n","protected":false},"featured_media":6690,"comment_status":"open","ping_status":"closed","template":"","meta":[],"product_brand":[],"product_cat":[418,417],"product_tag":[],"class_list":{"0":"post-6631","1":"product","2":"type-product","3":"status-publish","4":"has-post-thumbnail","6":"product_cat-hulajnogi-i-rowerki","7":"product_cat-zabawki-outdoorowe","9":"first","10":"instock","11":"shipping-taxable","12":"purchasable","13":"product-type-simple"},"_links":{"self":[{"href":"https:\/\/czas.m2web.pl\/index.php?rest_route=\/wp\/v2\/product\/6631","targetHints":{"allow":["GET"]}}],"collection":[{"href":"https:\/\/czas.m2web.pl\/index.php?rest_route=\/wp\/v2\/product"}],"about":[{"href":"https:\/\/czas.m2web.pl\/index.php?rest_route=\/wp\/v2\/types\/product"}],"replies":[{"embeddable":true,"href":"https:\/\/czas.m2web.pl\/index.php?rest_route=%2Fwp%2Fv2%2Fcomments&post=6631"}],"version-history":[{"count":0,"href":"https:\/\/czas.m2web.pl\/index.php?rest_route=\/wp\/v2\/product\/6631\/revisions"}],"wp:featuredmedia":[{"embeddable":true,"href":"https:\/\/czas.m2web.pl\/index.php?rest_route=\/wp\/v2\/media\/6690"}],"wp:attachment":[{"href":"https:\/\/czas.m2web.pl\/index.php?rest_route=%2Fwp%2Fv2%2Fmedia&parent=6631"}],"wp:term":[{"taxonomy":"product_brand","embeddable":true,"href":"https:\/\/czas.m2web.pl\/index.php?rest_route=%2Fwp%2Fv2%2Fproduct_brand&post=6631"},{"taxonomy":"product_cat","embeddable":true,"href":"https:\/\/czas.m2web.pl\/index.php?rest_route=%2Fwp%2Fv2%2Fproduct_cat&post=6631"},{"taxonomy":"product_tag","embeddable":true,"href":"https:\/\/czas.m2web.pl\/index.php?rest_route=%2Fwp%2Fv2%2Fproduct_tag&post=6631"}],"curies":[{"name":"wp","href":"https:\/\/api.w.org\/{rel}","templated":true}]}}