{"id":6635,"date":"2026-01-04T23:13:59","date_gmt":"2026-01-04T22:13:59","guid":{"rendered":"https:\/\/czas.m2web.pl\/?post_type=product&#038;p=6635"},"modified":"2026-01-04T23:15:45","modified_gmt":"2026-01-04T22:15:45","slug":"szkatulka-z-szufladka-jednorozec-pozytywka-136nuc","status":"publish","type":"product","link":"https:\/\/czas.m2web.pl\/?product=szkatulka-z-szufladka-jednorozec-pozytywka-136nuc","title":{"rendered":"Szkatu\u0142ka z szufladk\u0105 Jednoro\u017cec, pozytywka 136NUC"},"content":{"rendered":"<section class=\"section\">\n<div class=\"item item-6\">\n<section class=\"image-item\">             <img decoding=\"async\" src=\"https:\/\/upload.cdn.baselinker.com\/products\/3029707\/35493f4c8fc57c8091ec3f81f013f865.jpg\" \/>         <\/section>\n<\/p><\/div>\n<div class=\"item item-6\">\n<section class=\"text-item\">\n<h1>Szkatu\u0142ka z szufladk\u0105 i pozytywk\u0105 &#8211; Jednoro\u017cec<\/h1>\n<p>Pecoware 136NUC<\/p>\n<p>Szkatu\u0142ka z szufladk\u0105 umo\u017cliwia przechowywanie r\u00f3\u017cnych drobiazg\u00f3w oraz bi\u017cuterii.<\/p>\n<p>Pozytywka uruchamia si\u0119 po otwarciu wieczka. Wewn\u0105trz znajduje si\u0119 lusterko w kszta\u0142cie serca, miejsce na r\u00f3\u017cne drobiazgi oraz jednoro\u017cec kr\u0119c\u0105cy si\u0119 w rytm melodii &#8222;Dla Elizy&#8221;. W dolnej cz\u0119sci znajduje si\u0119 wysuwana szufladka z ozdobnym uchwytem.<\/p>\n<p>Pozytywka dzia\u0142a dzi\u0119ki mechanizmowi spr\u0119\u017cynowemu. Gdy melodia przestanie gra\u0107, pozytywk\u0119 wystarczy nakr\u0119ci\u0107.<\/p>\n<p>Szkatu\u0142k\u0119 wykonano ze wzmocnionej tektury.<\/p>\n<p>Wymiary: 14 x 16 x 9 cm.<\/p>\n<p>Wiek: 3+.<\/p>\n<\/section><\/div>\n<\/section>\n<section class=\"section\">\n<div class=\"item item-12\">\n<section class=\"image-item\">             <img decoding=\"async\" src=\"https:\/\/upload.cdn.baselinker.com\/products\/3029707\/dd1b26d45957368a8f67b3a5bcac61db.jpg\" \/>         <\/section>\n<\/p><\/div>\n<\/section>\n<section class=\"section\">\n<div class=\"item item-12\">\n<section class=\"image-item\">             <img decoding=\"async\" src=\"https:\/\/upload.cdn.baselinker.com\/products\/3029707\/35493f4c8fc57c8091ec3f81f013f865.jpg\" \/>         <\/section>\n<\/p><\/div>\n<\/section>\n<section class=\"section\">\n<div class=\"item item-12\">\n<section class=\"image-item\">             <img decoding=\"async\" src=\"https:\/\/upload.cdn.baselinker.com\/products\/3029707\/b9659979e04c481b34d82d79188d1c79.jpg\" \/>         <\/section>\n<\/p><\/div>\n<\/section>\n<p><strong>Dodatkowe informacje:<\/strong><\/p>\n<ul>\n<li><strong>Producent: <\/strong>Shanghai Broadwell Stationery CO.,Ltd. 556 DONGXING VILLAGE,JINHUI TOWN,FENGXIAN DISTRICT, SHANGHAI ,CHINA CHINA  CONTACT: Tel:86-21-57481826; Fax: 86-21-57481672; Email: sumer@broadwellchina.com<\/li>\n<li><strong>Podmiot odpowiedzialny za wprowadzenie produktu na rynek europejski:<\/strong>\u00a0Firma Handlowa PULIO Krzysztof Gebel ul. Kolejowa 3 55-040 Bielany Wroc\u0142awskie  tel. +48 71 352 07 80  biuro@pulio.pl  www.pulio.pl<\/li>\n<li><strong>Ostrze\u017cenia na opakowaniu: <\/strong>Ostrze\u017cenia: Nieodpowiednie dla dzieci poni\u017cej 3 roku \u017cycia. Niebezpiecze\u0144stwo zad\u0142awienia drobnymi  elementami! Przed przekazaniem dziecku nale\u017cy usun\u0105\u0107 wszystkie elementy opakowania. Opakowanie nie stanowi  cz\u0119\u015bci zabawki. Producent zastrzega sobie mo\u017cliwo\u015b\u0107 zmian kolorystycznych i technicznych. Prosimy zachowa\u0107  opakowanie wraz z ostrze\u017ceniami i pozosta\u0142ymi informacjami do p\u00f3\u017aniejszej korespondencji. Wyprodukowano w  Chinach.<\/li>\n<li><strong>Instrukcja obs\u0142ugi jest:<\/strong> NIE<\/li>\n<li><strong>Kraj pochodzenia:<\/strong> CHINY<\/li>\n<\/ul>\n","protected":false},"excerpt":{"rendered":"<p>Szkatu\u0142ka z szufladk\u0105 i pozytywk\u0105 &#8211; Jednoro\u017cec Pecoware 136NUC Szkatu\u0142ka z szufladk\u0105 umo\u017cliwia przechowywanie r\u00f3\u017cnych drobiazg\u00f3w oraz bi\u017cuterii. Pozytywka uruchamia<\/p>\n","protected":false},"featured_media":6724,"comment_status":"open","ping_status":"closed","template":"","meta":[],"product_brand":[],"product_cat":[284,285],"product_tag":[],"class_list":{"0":"post-6635","1":"product","2":"type-product","3":"status-publish","4":"has-post-thumbnail","6":"product_cat-dla-dziewczynki","7":"product_cat-zabawki-kreatywne","9":"first","10":"instock","11":"shipping-taxable","12":"purchasable","13":"product-type-simple"},"_links":{"self":[{"href":"https:\/\/czas.m2web.pl\/index.php?rest_route=\/wp\/v2\/product\/6635","targetHints":{"allow":["GET"]}}],"collection":[{"href":"https:\/\/czas.m2web.pl\/index.php?rest_route=\/wp\/v2\/product"}],"about":[{"href":"https:\/\/czas.m2web.pl\/index.php?rest_route=\/wp\/v2\/types\/product"}],"replies":[{"embeddable":true,"href":"https:\/\/czas.m2web.pl\/index.php?rest_route=%2Fwp%2Fv2%2Fcomments&post=6635"}],"version-history":[{"count":0,"href":"https:\/\/czas.m2web.pl\/index.php?rest_route=\/wp\/v2\/product\/6635\/revisions"}],"wp:featuredmedia":[{"embeddable":true,"href":"https:\/\/czas.m2web.pl\/index.php?rest_route=\/wp\/v2\/media\/6724"}],"wp:attachment":[{"href":"https:\/\/czas.m2web.pl\/index.php?rest_route=%2Fwp%2Fv2%2Fmedia&parent=6635"}],"wp:term":[{"taxonomy":"product_brand","embeddable":true,"href":"https:\/\/czas.m2web.pl\/index.php?rest_route=%2Fwp%2Fv2%2Fproduct_brand&post=6635"},{"taxonomy":"product_cat","embeddable":true,"href":"https:\/\/czas.m2web.pl\/index.php?rest_route=%2Fwp%2Fv2%2Fproduct_cat&post=6635"},{"taxonomy":"product_tag","embeddable":true,"href":"https:\/\/czas.m2web.pl\/index.php?rest_route=%2Fwp%2Fv2%2Fproduct_tag&post=6635"}],"curies":[{"name":"wp","href":"https:\/\/api.w.org\/{rel}","templated":true}]}}