{"id":6707,"date":"2026-01-04T23:15:42","date_gmt":"2026-01-04T22:15:42","guid":{"rendered":"https:\/\/czas.m2web.pl\/?post_type=product&#038;p=6707"},"modified":"2026-01-04T23:16:11","modified_gmt":"2026-01-04T22:16:11","slug":"szkatulka-owalna-z-pozytywka-flaming-pecoware-160fm","status":"publish","type":"product","link":"https:\/\/czas.m2web.pl\/?product=szkatulka-owalna-z-pozytywka-flaming-pecoware-160fm","title":{"rendered":"Szkatu\u0142ka owalna z pozytywk\u0105 Flaming Pecoware 160FM"},"content":{"rendered":"<section class=\"section\">\n<div class=\"item item-6\">\n<section class=\"image-item\">             <img decoding=\"async\" src=\"https:\/\/upload.cdn.baselinker.com\/products\/3029707\/01ad76c85052ea760588db8833507cba.jpg\" \/>         <\/section>\n<\/p><\/div>\n<div class=\"item item-6\">\n<section class=\"text-item\">\n<h1>Szkatu\u0142ka z pozytywk\u0105 &#8211; Flaming<\/h1>\n<p>Pecoware 160FM<\/p>\n<p>\u015aliczna szkatu\u0142ka z pozytywk\u0105 o owalnym kszta\u0142cie. Umo\u017cliwia przechowywanie r\u00f3\u017cnych drobiazg\u00f3w oraz bi\u017cuterii.<\/p>\n<p>Pozytywka uruchamia si\u0119 po otwarciu wieczka. Wewn\u0105trz znajduje si\u0119 lusterko, miejsce na r\u00f3\u017cne drobiazgi oraz figurka flaminga kr\u0119c\u0105ca si\u0119 w rytm melodii &#8222;Dla Elizy&#8221;.<\/p>\n<p>Pozytywka dzia\u0142a dzi\u0119ki mechanizmowi spr\u0119\u017cynowemu. Gdy melodia przestanie gra\u0107, pozytywk\u0119 wystarczy nakr\u0119ci\u0107.<\/p>\n<p>Szkatu\u0142k\u0119 wykonano ze wzmocnionej tektury.<\/p>\n<p>Wymiary: 15 x 13 x 7,5 cm.<\/p>\n<p>Wiek: 3+.<\/p>\n<\/section><\/div>\n<\/section>\n<section class=\"section\">\n<div class=\"item item-12\">\n<section class=\"image-item\">             <img decoding=\"async\" src=\"https:\/\/upload.cdn.baselinker.com\/products\/3029707\/a2455f7c1bacea0f2be3c1983dd1dd90.jpg\" \/>         <\/section>\n<\/p><\/div>\n<\/section>\n<section class=\"section\">\n<div class=\"item item-12\">\n<section class=\"image-item\">             <img decoding=\"async\" src=\"https:\/\/upload.cdn.baselinker.com\/products\/3029707\/01ad76c85052ea760588db8833507cba.jpg\" \/>         <\/section>\n<\/p><\/div>\n<\/section>\n<section class=\"section\">\n<div class=\"item item-12\">\n<section class=\"image-item\">             <img decoding=\"async\" src=\"https:\/\/upload.cdn.baselinker.com\/products\/3029707\/6dae112febf4a6b280074d0178b2894d.jpg\" \/>         <\/section>\n<\/p><\/div>\n<\/section>\n<p><strong>Dodatkowe informacje:<\/strong><\/p>\n<ul>\n<li><strong>Producent: <\/strong>Shanghai Broadwell Stationery CO.,Ltd. 556 DONGXING VILLAGE,JINHUI TOWN,FENGXIAN DISTRICT, SHANGHAI ,CHINA CHINA  CONTACT: Tel:86-21-57481826; Fax: 86-21-57481672; Email: sumer@broadwellchina.com<\/li>\n<li><strong>Podmiot odpowiedzialny za wprowadzenie produktu na rynek europejski:<\/strong>\u00a0Firma Handlowa PULIO Krzysztof Gebel ul. Kolejowa 3 55-040 Bielany Wroc\u0142awskie  tel. +48 71 352 07 80  biuro@pulio.pl  www.pulio.pl<\/li>\n<li><strong>Ostrze\u017cenia na opakowaniu: <\/strong>Ostrze\u017cenia: Nieodpowiednie dla dzieci poni\u017cej 3 roku \u017cycia. Niebezpiecze\u0144stwo zad\u0142awienia drobnymi  elementami! Przed przekazaniem dziecku nale\u017cy usun\u0105\u0107 wszystkie elementy opakowania. Opakowanie nie stanowi  cz\u0119\u015bci zabawki. Producent zastrzega sobie mo\u017cliwo\u015b\u0107 zmian kolorystycznych i technicznych. Prosimy zachowa\u0107  opakowanie wraz z ostrze\u017ceniami i pozosta\u0142ymi informacjami do p\u00f3\u017aniejszej korespondencji. Wyprodukowano w  Chinach.<\/li>\n<li><strong>Instrukcja obs\u0142ugi jest:<\/strong> NIE<\/li>\n<li><strong>Kraj pochodzenia:<\/strong> CHINY<\/li>\n<\/ul>\n","protected":false},"excerpt":{"rendered":"<p>Szkatu\u0142ka z pozytywk\u0105 &#8211; Flaming Pecoware 160FM \u015aliczna szkatu\u0142ka z pozytywk\u0105 o owalnym kszta\u0142cie. Umo\u017cliwia przechowywanie r\u00f3\u017cnych drobiazg\u00f3w oraz bi\u017cuterii.<\/p>\n","protected":false},"featured_media":6789,"comment_status":"open","ping_status":"closed","template":"","meta":[],"product_brand":[],"product_cat":[284,285],"product_tag":[],"class_list":{"0":"post-6707","1":"product","2":"type-product","3":"status-publish","4":"has-post-thumbnail","6":"product_cat-dla-dziewczynki","7":"product_cat-zabawki-kreatywne","9":"first","10":"instock","11":"shipping-taxable","12":"purchasable","13":"product-type-simple"},"_links":{"self":[{"href":"https:\/\/czas.m2web.pl\/index.php?rest_route=\/wp\/v2\/product\/6707","targetHints":{"allow":["GET"]}}],"collection":[{"href":"https:\/\/czas.m2web.pl\/index.php?rest_route=\/wp\/v2\/product"}],"about":[{"href":"https:\/\/czas.m2web.pl\/index.php?rest_route=\/wp\/v2\/types\/product"}],"replies":[{"embeddable":true,"href":"https:\/\/czas.m2web.pl\/index.php?rest_route=%2Fwp%2Fv2%2Fcomments&post=6707"}],"version-history":[{"count":0,"href":"https:\/\/czas.m2web.pl\/index.php?rest_route=\/wp\/v2\/product\/6707\/revisions"}],"wp:featuredmedia":[{"embeddable":true,"href":"https:\/\/czas.m2web.pl\/index.php?rest_route=\/wp\/v2\/media\/6789"}],"wp:attachment":[{"href":"https:\/\/czas.m2web.pl\/index.php?rest_route=%2Fwp%2Fv2%2Fmedia&parent=6707"}],"wp:term":[{"taxonomy":"product_brand","embeddable":true,"href":"https:\/\/czas.m2web.pl\/index.php?rest_route=%2Fwp%2Fv2%2Fproduct_brand&post=6707"},{"taxonomy":"product_cat","embeddable":true,"href":"https:\/\/czas.m2web.pl\/index.php?rest_route=%2Fwp%2Fv2%2Fproduct_cat&post=6707"},{"taxonomy":"product_tag","embeddable":true,"href":"https:\/\/czas.m2web.pl\/index.php?rest_route=%2Fwp%2Fv2%2Fproduct_tag&post=6707"}],"curies":[{"name":"wp","href":"https:\/\/api.w.org\/{rel}","templated":true}]}}