{"id":6713,"date":"2026-01-04T23:15:42","date_gmt":"2026-01-04T22:15:42","guid":{"rendered":"https:\/\/czas.m2web.pl\/?post_type=product&#038;p=6713"},"modified":"2026-01-04T23:16:18","modified_gmt":"2026-01-04T22:16:18","slug":"scrapbook-kreatywny-album-akcesoria-kotka-baletnica-558bk","status":"publish","type":"product","link":"https:\/\/czas.m2web.pl\/?product=scrapbook-kreatywny-album-akcesoria-kotka-baletnica-558bk","title":{"rendered":"SCRAPBOOK Kreatywny album, akcesoria &#8211; Kotka Baletnica 558BK"},"content":{"rendered":"<section class=\"section\">\n<div class=\"item item-6\">\n<section class=\"image-item\"><\/section>\n<\/p><\/div>\n<div class=\"item item-6\">\n<section class=\"text-item\">\n<h1>SCRAPBOOK Kreatywny album z akcesoriami &#8211; Kotka Baletnica<br \/><\/h1>\n<p>Pecoware 558BK<\/p>\n<p>Zestaw zawiera:<\/p>\n<ul>\n<li>ksi\u0119g\u0119 w twardej oprawie o wymiarach 26 x 21 cm ze zdobionymi kartkami,<\/li>\n<li>miejsca na zdj\u0119cia lub linijki na opisy,<\/li>\n<li>koraliki,<\/li>\n<li>tasiemki<\/li>\n<li>naklejki, w tym 5 du\u017cych naklejek 3D,<\/li>\n<li>kryszta\u0142ki w r\u00f3\u017cnych kszta\u0142tach i kolorach,<\/li>\n<li>tekturowe elementy dekoracyjne: ramki, zak\u0142adki itp.<\/li>\n<\/ul>\n<p>Scrapbook to zach\u0119ta do r\u0119cznego tworzenia i dekorowania ksi\u0119gi pami\u0105tkowej ze zdj\u0119ciami i pami\u0105tkami rodzinnymi.<\/p>\n<ul>\n<li>rozwija wyobra\u017ani\u0119 i kreatywno\u015b\u0107,<\/li>\n<li>zach\u0119ca do tw\u00f3rczej zabawy,<\/li>\n<li>wymiary opakowania: 27x23x4 cm.<\/li>\n<\/ul>\n<p>Wiek: 6+.<\/p>\n<\/section><\/div>\n<\/section>\n<section class=\"section\">\n<div class=\"item item-12\">\n<section class=\"image-item\"><\/section>\n<\/p><\/div>\n<\/section>\n<section class=\"section\">\n<div class=\"item item-12\">\n<section class=\"image-item\"><\/section>\n<\/p><\/div>\n<\/section>\n<section class=\"section\">\n<div class=\"item item-12\">\n<section class=\"image-item\"><\/section>\n<\/p><\/div>\n<\/section>\n<p><strong>Dodatkowe informacje:<\/strong><\/p>\n<ul>\n<li><strong>Producent: <\/strong>Shanghai Broadwell Stationery CO.,Ltd. 556 DONGXING VILLAGE,JINHUI TOWN,FENGXIAN DISTRICT, SHANGHAI ,CHINA CHINA  CONTACT: Tel:86-21-57481826; Fax: 86-21-57481672; Email: sumer@broadwellchina.com<\/li>\n<li><strong>Podmiot odpowiedzialny za wprowadzenie produktu na rynek europejski:<\/strong>\u00a0Firma Handlowa PULIO Krzysztof Gebel ul. Kolejowa 3 55-040 Bielany Wroc\u0142awskie  tel. +48 71 352 07 80  biuro@pulio.pl  www.pulio.pl<\/li>\n<li><strong>Ostrze\u017cenia na opakowaniu: <\/strong>Ostrze\u017cenia: Nieodpowiednie dla dzieci poni\u017cej 3 roku \u017cycia. Niebezpiecze\u0144stwo zad\u0142awienia drobnymi  elementami! Przed przekazaniem dziecku nale\u017cy usun\u0105\u0107 wszystkie elementy opakowania. Opakowanie nie stanowi  cz\u0119\u015bci zabawki. Producent zastrzega sobie mo\u017cliwo\u015b\u0107 zmian kolorystycznych i technicznych. Prosimy zachowa\u0107  opakowanie wraz z ostrze\u017ceniami i pozosta\u0142ymi informacjami do p\u00f3\u017aniejszej korespondencji. Wyprodukowano w  Chinach.<\/li>\n<li><strong>Instrukcja obs\u0142ugi jest:<\/strong> NIE<\/li>\n<li><strong>Kraj pochodzenia:<\/strong> CHINY<\/li>\n<\/ul>\n","protected":false},"excerpt":{"rendered":"<p>SCRAPBOOK Kreatywny album z akcesoriami &#8211; Kotka Baletnica Pecoware 558BK Zestaw zawiera: ksi\u0119g\u0119 w twardej oprawie o wymiarach 26 x<\/p>\n","protected":false},"featured_media":6801,"comment_status":"open","ping_status":"closed","template":"","meta":[],"product_brand":[],"product_cat":[16],"product_tag":[],"class_list":{"0":"post-6713","1":"product","2":"type-product","3":"status-publish","4":"has-post-thumbnail","6":"product_cat-import","8":"first","9":"instock","10":"shipping-taxable","11":"purchasable","12":"product-type-simple"},"_links":{"self":[{"href":"https:\/\/czas.m2web.pl\/index.php?rest_route=\/wp\/v2\/product\/6713","targetHints":{"allow":["GET"]}}],"collection":[{"href":"https:\/\/czas.m2web.pl\/index.php?rest_route=\/wp\/v2\/product"}],"about":[{"href":"https:\/\/czas.m2web.pl\/index.php?rest_route=\/wp\/v2\/types\/product"}],"replies":[{"embeddable":true,"href":"https:\/\/czas.m2web.pl\/index.php?rest_route=%2Fwp%2Fv2%2Fcomments&post=6713"}],"version-history":[{"count":0,"href":"https:\/\/czas.m2web.pl\/index.php?rest_route=\/wp\/v2\/product\/6713\/revisions"}],"wp:featuredmedia":[{"embeddable":true,"href":"https:\/\/czas.m2web.pl\/index.php?rest_route=\/wp\/v2\/media\/6801"}],"wp:attachment":[{"href":"https:\/\/czas.m2web.pl\/index.php?rest_route=%2Fwp%2Fv2%2Fmedia&parent=6713"}],"wp:term":[{"taxonomy":"product_brand","embeddable":true,"href":"https:\/\/czas.m2web.pl\/index.php?rest_route=%2Fwp%2Fv2%2Fproduct_brand&post=6713"},{"taxonomy":"product_cat","embeddable":true,"href":"https:\/\/czas.m2web.pl\/index.php?rest_route=%2Fwp%2Fv2%2Fproduct_cat&post=6713"},{"taxonomy":"product_tag","embeddable":true,"href":"https:\/\/czas.m2web.pl\/index.php?rest_route=%2Fwp%2Fv2%2Fproduct_tag&post=6713"}],"curies":[{"name":"wp","href":"https:\/\/api.w.org\/{rel}","templated":true}]}}