{"id":6811,"date":"2026-01-04T23:16:23","date_gmt":"2026-01-04T22:16:23","guid":{"rendered":"https:\/\/czas.m2web.pl\/?post_type=product&#038;p=6811"},"modified":"2026-01-04T23:16:32","modified_gmt":"2026-01-04T22:16:32","slug":"gonher-metalowy-pistolet-gangsterski-na-8-naboi-132-6","status":"publish","type":"product","link":"https:\/\/czas.m2web.pl\/?product=gonher-metalowy-pistolet-gangsterski-na-8-naboi-132-6","title":{"rendered":"GONHER Metalowy pistolet gangsterski na 8 naboi 132\/6"},"content":{"rendered":"<section class=\"section\">\n<div class=\"item item-12\">\n<section class=\"text-item\">\n<h1>GONHER Metalowy\u00a0pistolet gangsterski na 8 naboi Tommy Gun<\/h1>\n<p>Nr kat.: 132\/6<\/p>\n<p>Kolor: czarny\/br\u0105zowy<\/p>\n<p><b>Metalowy pistolet maszynowy z otwieran\u0105 komor\u0105 na 8 naboi (kapiszon\u00f3w).<\/b><\/p>\n<p><b>Wzorowany na ameryka\u0144skim pistolecie maszynowym Thompson M1928 (Tommy Gun)!<\/b><\/p>\n<p>W komplecie od\u0142\u0105czany, okr\u0105g\u0142y magazynek.<\/p>\n<p><b>Po naci\u015bni\u0119ciu spustu s\u0142ycha\u0107 g\u0142o\u015bny d\u017awi\u0119k zwalnianej spr\u0119\u017cyny (kapiszony nie s\u0105 niezb\u0119dne do zabawy).<\/b><\/p>\n<ul>\n<li>Wymiary karabinu: 74 x 18 cm.<\/li>\n<li>Wymiary opakowania: 76 x 26 cm.<\/li>\n<li>Materia\u0142: metal\/tworzywo sztuczne.<\/li>\n<li>Zestaw nie zawiera naboi.<\/li>\n<li>Wiek: 3+.<\/li>\n<\/ul>\n<p><b>Wyprodukowany w Hiszpanii.<\/b><\/p>\n<\/section><\/div>\n<\/section>\n<p><strong>Dodatkowe informacje:<\/strong><\/p>\n<ul>\n<li><strong>Producent: <\/strong>GONHER, S.A. C\/ CASTALLA 44 03440- IBI SPAIN Email: vteanguiz@gonher.es<\/li>\n<li><strong>Podmiot odpowiedzialny za wprowadzenie produktu na rynek europejski:<\/strong>\u00a0GONHER, S.A. C\/ CASTALLA 44 03440- IBI SPAIN Email: vteanguiz@gonher.es<\/li>\n<li><strong>Ostrze\u017cenia na opakowaniu: <\/strong>Ostrze\u017cenia: Nieodpowiednie dla dzieci poni\u017cej 3 roku \u017cycia. Niebezpiecze\u0144stwo zad\u0142awienia drobnymi elementami. Do u\u017cytku pod bezpo\u015brednim nadzorem osoby doros\u0142ej. Nie u\u017cywa\u0107 w pobli\u017cu uszu. Niew\u0142a\u015bciwe u\u017cycie mo\u017ce spowodowa\u0107 uszkodzenie s\u0142uchu. Nie strzela\u0107 w domu! Nale\u017cy u\u017cywa\u0107 kapiszon\u00f3w tylko zgodnie z zaleceniem producenta. Ten model spe\u0142nia obowi\u0105zuj\u0105ce przepisy bezpiecze\u0144stwa. Aby poziom ha\u0142asu by\u0142 zgodny z norm\u0105 UNE-EN 71-1. Nale\u017cy u\u017cywa\u0107 kapiszon\u00f3w \u2018WICKE EURO CAPS\u2019. Jakikolwiek inny rodzaj kapiszona mo\u017ce by\u0107 \u017ar\u00f3d\u0142em wi\u0119kszego ha\u0142asu. GONHER S.A. nie bierze odpowiedzialno\u015bci za post\u0119powanie u\u017cytkownik\u00f3w, ani te\u017c za konsekwencje z niego wynikaj\u0105ce. Zachowa\u0107 adres. Wyprodukowano w Hiszpanii.<\/li>\n<li><strong>Instrukcja obs\u0142ugi jest:<\/strong> NIE<\/li>\n<li><strong>Kraj pochodzenia:<\/strong> HISZPANIA<\/li>\n<\/ul>\n","protected":false},"excerpt":{"rendered":"<p>GONHER Metalowy\u00a0pistolet gangsterski na 8 naboi Tommy Gun Nr kat.: 132\/6 Kolor: czarny\/br\u0105zowy Metalowy pistolet maszynowy z otwieran\u0105 komor\u0105 na<\/p>\n","protected":false},"featured_media":6841,"comment_status":"open","ping_status":"closed","template":"","meta":[],"product_brand":[],"product_cat":[19,120],"product_tag":[],"class_list":{"0":"post-6811","1":"product","2":"type-product","3":"status-publish","4":"has-post-thumbnail","6":"product_cat-dla-chlopca","7":"product_cat-pistolety-i-karabiny","9":"first","10":"instock","11":"shipping-taxable","12":"purchasable","13":"product-type-simple"},"_links":{"self":[{"href":"https:\/\/czas.m2web.pl\/index.php?rest_route=\/wp\/v2\/product\/6811","targetHints":{"allow":["GET"]}}],"collection":[{"href":"https:\/\/czas.m2web.pl\/index.php?rest_route=\/wp\/v2\/product"}],"about":[{"href":"https:\/\/czas.m2web.pl\/index.php?rest_route=\/wp\/v2\/types\/product"}],"replies":[{"embeddable":true,"href":"https:\/\/czas.m2web.pl\/index.php?rest_route=%2Fwp%2Fv2%2Fcomments&post=6811"}],"version-history":[{"count":0,"href":"https:\/\/czas.m2web.pl\/index.php?rest_route=\/wp\/v2\/product\/6811\/revisions"}],"wp:featuredmedia":[{"embeddable":true,"href":"https:\/\/czas.m2web.pl\/index.php?rest_route=\/wp\/v2\/media\/6841"}],"wp:attachment":[{"href":"https:\/\/czas.m2web.pl\/index.php?rest_route=%2Fwp%2Fv2%2Fmedia&parent=6811"}],"wp:term":[{"taxonomy":"product_brand","embeddable":true,"href":"https:\/\/czas.m2web.pl\/index.php?rest_route=%2Fwp%2Fv2%2Fproduct_brand&post=6811"},{"taxonomy":"product_cat","embeddable":true,"href":"https:\/\/czas.m2web.pl\/index.php?rest_route=%2Fwp%2Fv2%2Fproduct_cat&post=6811"},{"taxonomy":"product_tag","embeddable":true,"href":"https:\/\/czas.m2web.pl\/index.php?rest_route=%2Fwp%2Fv2%2Fproduct_tag&post=6811"}],"curies":[{"name":"wp","href":"https:\/\/api.w.org\/{rel}","templated":true}]}}