{"id":6885,"date":"2026-01-04T23:16:46","date_gmt":"2026-01-04T22:16:46","guid":{"rendered":"https:\/\/czas.m2web.pl\/?post_type=product&#038;p=6885"},"modified":"2026-01-04T23:16:47","modified_gmt":"2026-01-04T22:16:47","slug":"lunch-box-bidon-aluminiowy-pudelko-princess","status":"publish","type":"product","link":"https:\/\/czas.m2web.pl\/?product=lunch-box-bidon-aluminiowy-pudelko-princess","title":{"rendered":"Lunch Box bidon aluminiowy, pude\u0142ko Princess"},"content":{"rendered":"<section class=\"section\">\n<div class=\"item item-6\">\n<section class=\"image-item\">             <img decoding=\"async\" src=\"https:\/\/upload.cdn.baselinker.com\/products\/3029707\/f5c2790190589e62d849b005d187f7c6.jpg\" \/>         <\/section>\n<\/p><\/div>\n<div class=\"item item-6\">\n<section class=\"text-item\">\n<h1>Lunch Box bidon aluminiowy + pude\u0142ko Princess<\/h1>\n<p>563565 Diakakis<\/p>\n<p>Zestaw \u015bniadaniowy: aluminiowy bidon 500 ml + plastikowe pude\u0142ko 800 ml. Sprawdzi si\u0119 w szkole, na pikniku i wycieczce.<\/p>\n<p>Zapakowany w oryginalne, ozdobne opakowanie z motywem Ksi\u0119\u017cniczek.<\/p>\n<p>Przeznaczony do kontaktu z \u017cywno\u015bci\u0105.<\/p>\n<p>Wymiary opakowania: 20,5 x 22 x 7 cm.<\/p>\n<p>Wiek: 3+.<\/p>\n<\/section><\/div>\n<\/section>\n<section class=\"section\">\n<div class=\"item item-12\">\n<section class=\"image-item\">             <img decoding=\"async\" src=\"https:\/\/upload.cdn.baselinker.com\/products\/3029707\/a7b58c5a3c2644321c866834844038b2.jpg\" \/>         <\/section>\n<\/p><\/div>\n<\/section>\n<section class=\"section\">\n<div class=\"item item-12\">\n<section class=\"image-item\">             <img decoding=\"async\" src=\"https:\/\/upload.cdn.baselinker.com\/products\/3029707\/83b0e292418ea2569ae7273b5a68fa9f.jpg\" \/>         <\/section>\n<\/p><\/div>\n<\/section>\n<section class=\"section\">\n<div class=\"item item-12\">\n<section class=\"image-item\">             <img decoding=\"async\" src=\"https:\/\/upload.cdn.baselinker.com\/products\/3029707\/f5c2790190589e62d849b005d187f7c6.jpg\" \/>         <\/section>\n<\/p><\/div>\n<\/section>\n<p><strong>Dodatkowe informacje:<\/strong><\/p>\n<ul>\n<li><strong>Producent: <\/strong>DIAKAKIS IMPORTS S.A. 3rd klm Simmahiki Str. Oreokastro-Diavata | P.P.Box 79, 57013| Thessaloniki | Greece; Email: exports@diakakisimports.gr<\/li>\n<li><strong>Podmiot odpowiedzialny za wprowadzenie produktu na rynek europejski:<\/strong>\u00a0DIAKAKIS IMPORTS S.A. 3rd klm Simmahiki Str. Oreokastro-Diavata | P.P.Box 79, 57013| Thessaloniki | Greece; Email: exports@diakakisimports.gr<\/li>\n<li><strong>Ostrze\u017cenia na opakowaniu: <\/strong>Ostrze\u017cenia: Nieodpowiednie dla dzieci poni\u017cej 3 roku \u017cycia. Niebezpiecze\u0144stwo zad\u0142awienia drobnymi elementami! Przed przekazaniem dziecku nale\u017cy usun\u0105\u0107 wszystkie elementy opakowania. Opakowanie nie stanowi cz\u0119\u015bci zabawki. Producent zastrzega sobie mo\u017cliwo\u015b\u0107 zmian kolorystycznych i technicznych. Prosimy zachowa\u0107 opakowanie wraz z ostrze\u017ceniami i pozosta\u0142ymi informacjami do p\u00f3\u017aniejszej korespondencji. Nale\u017cy dok\u0142adnie umy\u0107 przed pierwszym u\u017cyciem.Wyprodukowano w Chinach Butelka: nie u\u017cywa\u0107 do napoj\u00f3w gazowanych, sok\u00f3w, mleka, gor\u0105cych napoj\u00f3w. Nie wk\u0142ada\u0107 do mikrofal\u00f3wki, piekarnika. Nie my\u0107 w zmywarce. Nie zamra\u017ca\u0107. Pojemnik na jedzenie: mo\u017cna u\u017cywa\u0107 w mikrofal\u00f3wce, mo\u017cna my\u0107 w zmywarce. Nie wk\u0142ada\u0107 do piekarnika. Mo\u017cna podgrzewa\u0107 w nim jedzenie na parze. Przed w\u0142o\u017ceniem pojemnika z \u017cywno\u015bci\u0105 do kuchenki mikrofalowej przekr\u0119\u0107 zaw\u00f3r uwalniaj\u0105cy par\u0119 tak, aby strza\u0142ka na zaworze zr\u00f3wna\u0142a si\u0119 ze strza\u0142k\u0105 na pokrywce.<\/li>\n<li><strong>Instrukcja obs\u0142ugi jest:<\/strong> NIE<\/li>\n<li><strong>Kraj pochodzenia:<\/strong> CHINY<\/li>\n<\/ul>\n","protected":false},"excerpt":{"rendered":"<p>Lunch Box bidon aluminiowy + pude\u0142ko Princess 563565 Diakakis Zestaw \u015bniadaniowy: aluminiowy bidon 500 ml + plastikowe pude\u0142ko 800 ml.<\/p>\n","protected":false},"featured_media":6915,"comment_status":"open","ping_status":"closed","template":"","meta":[],"product_brand":[],"product_cat":[122,123],"product_tag":[],"class_list":{"0":"post-6885","1":"product","2":"type-product","3":"status-publish","4":"has-post-thumbnail","6":"product_cat-artykuly-szkolne","7":"product_cat-skarbonki-i-pojemniki","9":"first","10":"instock","11":"shipping-taxable","12":"purchasable","13":"product-type-simple"},"_links":{"self":[{"href":"https:\/\/czas.m2web.pl\/index.php?rest_route=\/wp\/v2\/product\/6885","targetHints":{"allow":["GET"]}}],"collection":[{"href":"https:\/\/czas.m2web.pl\/index.php?rest_route=\/wp\/v2\/product"}],"about":[{"href":"https:\/\/czas.m2web.pl\/index.php?rest_route=\/wp\/v2\/types\/product"}],"replies":[{"embeddable":true,"href":"https:\/\/czas.m2web.pl\/index.php?rest_route=%2Fwp%2Fv2%2Fcomments&post=6885"}],"version-history":[{"count":0,"href":"https:\/\/czas.m2web.pl\/index.php?rest_route=\/wp\/v2\/product\/6885\/revisions"}],"wp:featuredmedia":[{"embeddable":true,"href":"https:\/\/czas.m2web.pl\/index.php?rest_route=\/wp\/v2\/media\/6915"}],"wp:attachment":[{"href":"https:\/\/czas.m2web.pl\/index.php?rest_route=%2Fwp%2Fv2%2Fmedia&parent=6885"}],"wp:term":[{"taxonomy":"product_brand","embeddable":true,"href":"https:\/\/czas.m2web.pl\/index.php?rest_route=%2Fwp%2Fv2%2Fproduct_brand&post=6885"},{"taxonomy":"product_cat","embeddable":true,"href":"https:\/\/czas.m2web.pl\/index.php?rest_route=%2Fwp%2Fv2%2Fproduct_cat&post=6885"},{"taxonomy":"product_tag","embeddable":true,"href":"https:\/\/czas.m2web.pl\/index.php?rest_route=%2Fwp%2Fv2%2Fproduct_tag&post=6885"}],"curies":[{"name":"wp","href":"https:\/\/api.w.org\/{rel}","templated":true}]}}