{"id":6891,"date":"2026-01-04T23:16:46","date_gmt":"2026-01-04T22:16:46","guid":{"rendered":"https:\/\/czas.m2web.pl\/?post_type=product&#038;p=6891"},"modified":"2026-01-04T23:16:52","modified_gmt":"2026-01-04T22:16:52","slug":"pamietnik-na-klodke-dlugopis-minnie-563599","status":"publish","type":"product","link":"https:\/\/czas.m2web.pl\/?product=pamietnik-na-klodke-dlugopis-minnie-563599","title":{"rendered":"Pami\u0119tnik na k\u0142\u00f3dk\u0119, d\u0142ugopis Minnie 563599"},"content":{"rendered":"<section class=\"section\">\n<div class=\"item item-6\">\n<section class=\"image-item\">             <img decoding=\"async\" src=\"https:\/\/upload.cdn.baselinker.com\/products\/3029707\/8d93ceaed51011b2dc8ed1c3784c144e.jpg\" \/>         <\/section>\n<\/p><\/div>\n<div class=\"item item-6\">\n<section class=\"text-item\">\n<h1>Pami\u0119tnik z d\u0142ugopisem &#8211; Myszka Minnie<\/h1>\n<p>563599 Diakakis<\/p>\n<p>Pami\u0119tnik zamykany na k\u0142\u00f3dk\u0119 z motywem Myszki Minnie w zestawie z d\u0142ugopisem. D\u0142ugopis ozdobiony jest puszystym pomponem.<\/p>\n<ul>\n<li>Wymiary pami\u0119tnika 18 x 12 cm.<\/li>\n<li>Wymiary opakowania: 19 x 25 cm.<\/li>\n<li>Wiek: 3+.<\/li>\n<\/ul>\n<\/section><\/div>\n<\/section>\n<section class=\"section\">\n<div class=\"item item-12\">\n<section class=\"image-item\">             <img decoding=\"async\" src=\"https:\/\/upload.cdn.baselinker.com\/products\/3029707\/8d93ceaed51011b2dc8ed1c3784c144e.jpg\" \/>         <\/section>\n<\/p><\/div>\n<\/section>\n<section class=\"section\">\n<div class=\"item item-12\">\n<section class=\"image-item\">             <img decoding=\"async\" src=\"https:\/\/upload.cdn.baselinker.com\/products\/3029707\/30f2c5b0d855c9a34a18861da314f963.jpg\" \/>         <\/section>\n<\/p><\/div>\n<\/section>\n<p><strong>Dodatkowe informacje:<\/strong><\/p>\n<ul>\n<li><strong>Producent: <\/strong>DIAKAKIS IMPORTS S.A. 3rd klm Simmahiki Str. Oreokastro-Diavata | P.P.Box 79, 57013| Thessaloniki | Greece; Email: exports@diakakisimports.gr<\/li>\n<li><strong>Podmiot odpowiedzialny za wprowadzenie produktu na rynek europejski:<\/strong>\u00a0DIAKAKIS IMPORTS S.A. 3rd klm Simmahiki Str. Oreokastro-Diavata | P.P.Box 79, 57013| Thessaloniki | Greece; Email: exports@diakakisimports.gr<\/li>\n<li><strong>Ostrze\u017cenia na opakowaniu: <\/strong>Ostrze\u017cenia: Nieodpowiednie dla dzieci poni\u017cej 3 roku \u017cycia. Niebezpiecze\u0144stwo zad\u0142awienia drobnymi elementami! Przed przekazaniem dziecku nale\u017cy usun\u0105\u0107 wszystkie elementy opakowania. Opakowanie nie stanowi cz\u0119\u015bci zabawki. Producent zastrzega sobie mo\u017cliwo\u015b\u0107 zmian kolorystycznych i technicznych. Prosimy zachowa\u0107 opakowanie wraz z ostrze\u017ceniami i pozosta\u0142ymi informacjami do p\u00f3\u017aniejszej korespondencji. Wyprodukowano w Chinach<\/li>\n<li><strong>Instrukcja obs\u0142ugi jest:<\/strong> NIE<\/li>\n<li><strong>Kraj pochodzenia:<\/strong> CHINY<\/li>\n<\/ul>\n","protected":false},"excerpt":{"rendered":"<p>Pami\u0119tnik z d\u0142ugopisem &#8211; Myszka Minnie 563599 Diakakis Pami\u0119tnik zamykany na k\u0142\u00f3dk\u0119 z motywem Myszki Minnie w zestawie z d\u0142ugopisem.<\/p>\n","protected":false},"featured_media":6928,"comment_status":"open","ping_status":"closed","template":"","meta":[],"product_brand":[],"product_cat":[284,285],"product_tag":[],"class_list":{"0":"post-6891","1":"product","2":"type-product","3":"status-publish","4":"has-post-thumbnail","6":"product_cat-dla-dziewczynki","7":"product_cat-zabawki-kreatywne","9":"first","10":"instock","11":"shipping-taxable","12":"purchasable","13":"product-type-simple"},"_links":{"self":[{"href":"https:\/\/czas.m2web.pl\/index.php?rest_route=\/wp\/v2\/product\/6891","targetHints":{"allow":["GET"]}}],"collection":[{"href":"https:\/\/czas.m2web.pl\/index.php?rest_route=\/wp\/v2\/product"}],"about":[{"href":"https:\/\/czas.m2web.pl\/index.php?rest_route=\/wp\/v2\/types\/product"}],"replies":[{"embeddable":true,"href":"https:\/\/czas.m2web.pl\/index.php?rest_route=%2Fwp%2Fv2%2Fcomments&post=6891"}],"version-history":[{"count":0,"href":"https:\/\/czas.m2web.pl\/index.php?rest_route=\/wp\/v2\/product\/6891\/revisions"}],"wp:featuredmedia":[{"embeddable":true,"href":"https:\/\/czas.m2web.pl\/index.php?rest_route=\/wp\/v2\/media\/6928"}],"wp:attachment":[{"href":"https:\/\/czas.m2web.pl\/index.php?rest_route=%2Fwp%2Fv2%2Fmedia&parent=6891"}],"wp:term":[{"taxonomy":"product_brand","embeddable":true,"href":"https:\/\/czas.m2web.pl\/index.php?rest_route=%2Fwp%2Fv2%2Fproduct_brand&post=6891"},{"taxonomy":"product_cat","embeddable":true,"href":"https:\/\/czas.m2web.pl\/index.php?rest_route=%2Fwp%2Fv2%2Fproduct_cat&post=6891"},{"taxonomy":"product_tag","embeddable":true,"href":"https:\/\/czas.m2web.pl\/index.php?rest_route=%2Fwp%2Fv2%2Fproduct_tag&post=6891"}],"curies":[{"name":"wp","href":"https:\/\/api.w.org\/{rel}","templated":true}]}}