{"id":6903,"date":"2026-01-04T23:16:46","date_gmt":"2026-01-04T22:16:46","guid":{"rendered":"https:\/\/czas.m2web.pl\/?post_type=product&#038;p=6903"},"modified":"2026-01-04T23:16:58","modified_gmt":"2026-01-04T22:16:58","slug":"maszynka-do-baniek-mydlanych-frozen-01363","status":"publish","type":"product","link":"https:\/\/czas.m2web.pl\/?product=maszynka-do-baniek-mydlanych-frozen-01363","title":{"rendered":"Maszynka do baniek mydlanych Frozen 01363"},"content":{"rendered":"<section class=\"section\">\n<div class=\"item item-6\">\n<section class=\"image-item\">             <img decoding=\"async\" src=\"https:\/\/upload.cdn.baselinker.com\/products\/3029707\/a5ff045b4995517b8bdd17bf3a977466.jpg\" \/>         <\/section>\n<\/p><\/div>\n<div class=\"item item-6\">\n<section class=\"text-item\">\n<h1>Maszynka do baniek mydlanych &#8211; Frozen<\/h1>\n<p>AS 01363<\/p>\n<p>Maszynka z ulubionym bohaterem z bajki. Pozwala na samodzielne przygotowanie, a potem puszczanie baniek mydlanych!<\/p>\n<p>Wystarczy zdj\u0105\u0107 nakr\u0119tk\u0119 z pojemnika z p\u0142ynem, dokr\u0119ci\u0107 go do maszynki, nacisn\u0105\u0107 spust i gotowe! Zabawka jest uruchamiana manualnie, nie wymaga baterii.<\/p>\n<ul>\n<li>Wiek: 3+.<\/li>\n<li>Wymiary opakowania: 28 x 22 cm.<\/li>\n<li>Wymiary maszynki: 14 x 15 cm.<\/li>\n<li>Kolor: fioletowy.<\/li>\n<\/ul>\n<\/section><\/div>\n<\/section>\n<section class=\"section\">\n<div class=\"item item-12\">\n<section class=\"image-item\">             <img decoding=\"async\" src=\"https:\/\/upload.cdn.baselinker.com\/products\/3029707\/a5ff045b4995517b8bdd17bf3a977466.jpg\" \/>         <\/section>\n<\/p><\/div>\n<\/section>\n<section class=\"section\">\n<div class=\"item item-12\">\n<section class=\"image-item\">             <img decoding=\"async\" src=\"https:\/\/upload.cdn.baselinker.com\/products\/3029707\/ef69c59443d699ee0e3e4603c690c35e.jpg\" \/>         <\/section>\n<\/p><\/div>\n<\/section>\n<section class=\"section\">\n<div class=\"item item-12\">\n<section class=\"image-item\">             <img decoding=\"async\" src=\"https:\/\/upload.cdn.baselinker.com\/products\/3029707\/8a73f8bbd052700e5a886c3504dccad3.jpg\" \/>         <\/section>\n<\/p><\/div>\n<\/section>\n<p><strong>Dodatkowe informacje:<\/strong><\/p>\n<ul>\n<li><strong>Producent: <\/strong>AS COMPANY S.A, IONIA STREET, 57013, ORAIOKASTRO, THESSALONIKI, GREECE 57013. E-mail: info@ascompany.gr<\/li>\n<li><strong>Podmiot odpowiedzialny za wprowadzenie produktu na rynek europejski:<\/strong>\u00a0AS COMPANY S.A. IONIAS STREET ORAIOKASTRO, PO Box 176, 57013 THESSALONIKI, GREECE; tkoufou@ascompany.gr<\/li>\n<li><strong>Ostrze\u017cenia na opakowaniu: <\/strong>Ostrze\u017cenia: Nieodpowiednie dla dzieci poni\u017cej 3 roku \u017cycia. Niebezpiecze\u0144stwo zad\u0142awienia drobnymi elementami! Przed przekazaniem dziecku nale\u017cy usun\u0105\u0107 wszystkie elementy opakowania. Opakowanie nie stanowi cz\u0119\u015bci zabawki. Producent zastrzega sobie mo\u017cliwo\u015b\u0107 zmian kolorystycznych i technicznych. Prosimy zachowa\u0107 opakowanie wraz z ostrze\u017ceniami i pozosta\u0142ymi informacjami do p\u00f3\u017aniejszej korespondencji. U\u017cywa\u0107 tylko pod nadzorem osoby doros\u0142ej. Unika\u0107 kontaktu z oczami. W przypadku dostania si\u0119 do oczu nale\u017cy dok\u0142adnie przemy\u0107 zimn\u0105 wod\u0105. Je\u017celi podra\u017cnienie oczu b\u0119dzie si\u0119 utrzymywa\u0107 nale\u017cy skonsultowa\u0107 si\u0119 z lekarzem. Nie pi\u0107 p\u0142ynu. Je\u017celi p\u0142yn zostanie po\u0142kni\u0119ty, nale\u017cy przep\u0142uka\u0107 usta wod\u0105.  Wyprodukowano w Chinach<\/li>\n<li><strong>Instrukcja obs\u0142ugi jest:<\/strong> NIE<\/li>\n<li><strong>Kraj pochodzenia:<\/strong> CHINY<\/li>\n<\/ul>\n","protected":false},"excerpt":{"rendered":"<p>Maszynka do baniek mydlanych &#8211; Frozen AS 01363 Maszynka z ulubionym bohaterem z bajki. Pozwala na samodzielne przygotowanie, a potem<\/p>\n","protected":false},"featured_media":6942,"comment_status":"open","ping_status":"closed","template":"","meta":[],"product_brand":[],"product_cat":[16],"product_tag":[],"class_list":{"0":"post-6903","1":"product","2":"type-product","3":"status-publish","4":"has-post-thumbnail","6":"product_cat-import","8":"first","9":"instock","10":"shipping-taxable","11":"purchasable","12":"product-type-simple"},"_links":{"self":[{"href":"https:\/\/czas.m2web.pl\/index.php?rest_route=\/wp\/v2\/product\/6903","targetHints":{"allow":["GET"]}}],"collection":[{"href":"https:\/\/czas.m2web.pl\/index.php?rest_route=\/wp\/v2\/product"}],"about":[{"href":"https:\/\/czas.m2web.pl\/index.php?rest_route=\/wp\/v2\/types\/product"}],"replies":[{"embeddable":true,"href":"https:\/\/czas.m2web.pl\/index.php?rest_route=%2Fwp%2Fv2%2Fcomments&post=6903"}],"version-history":[{"count":0,"href":"https:\/\/czas.m2web.pl\/index.php?rest_route=\/wp\/v2\/product\/6903\/revisions"}],"wp:featuredmedia":[{"embeddable":true,"href":"https:\/\/czas.m2web.pl\/index.php?rest_route=\/wp\/v2\/media\/6942"}],"wp:attachment":[{"href":"https:\/\/czas.m2web.pl\/index.php?rest_route=%2Fwp%2Fv2%2Fmedia&parent=6903"}],"wp:term":[{"taxonomy":"product_brand","embeddable":true,"href":"https:\/\/czas.m2web.pl\/index.php?rest_route=%2Fwp%2Fv2%2Fproduct_brand&post=6903"},{"taxonomy":"product_cat","embeddable":true,"href":"https:\/\/czas.m2web.pl\/index.php?rest_route=%2Fwp%2Fv2%2Fproduct_cat&post=6903"},{"taxonomy":"product_tag","embeddable":true,"href":"https:\/\/czas.m2web.pl\/index.php?rest_route=%2Fwp%2Fv2%2Fproduct_tag&post=6903"}],"curies":[{"name":"wp","href":"https:\/\/api.w.org\/{rel}","templated":true}]}}