{"id":7115,"date":"2026-01-04T23:17:50","date_gmt":"2026-01-04T22:17:50","guid":{"rendered":"https:\/\/czas.m2web.pl\/?post_type=product&#038;p=7115"},"modified":"2026-01-04T23:18:22","modified_gmt":"2026-01-04T22:18:22","slug":"fisher-price-jezdzik-muzyczny-disco-rozowy-50837","status":"publish","type":"product","link":"https:\/\/czas.m2web.pl\/?product=fisher-price-jezdzik-muzyczny-disco-rozowy-50837","title":{"rendered":"Fisher Price Je\u017adzik Muzyczny Disco R\u00f3\u017cowy 50837"},"content":{"rendered":"<section class=\"section\">\n<div class=\"item item-6\">\n<section class=\"image-item\">             <img decoding=\"async\" src=\"https:\/\/upload.cdn.baselinker.com\/products\/3029707\/9eedba7b38701940ce93f63a62598062.jpg\" \/>         <\/section>\n<\/p><\/div>\n<div class=\"item item-6\">\n<section class=\"text-item\">\n<h1>FISHER PRICE Je\u017adzik Muzyczny Disco<\/h1>\n<p>Nr kat: 50837<\/p>\n<p>Kolor: r\u00f3\u017cowy<\/p>\n<p><b>Wielofunkcyjny je\u017adzik Fisher Price przeznaczony jest dla dzieci w wieku od 12-36M, o wadze nieprzekraczaj\u0105cej 20 kg.<\/b><\/p>\n<p>Dziecko mo\u017ce na nim siedzie\u0107 i porusza\u0107 si\u0119, odpychaj\u0105c si\u0119 n\u00f3\u017ckami.<\/p>\n<p><b>Je\u017adzik wyposa\u017cony w gramofon graj\u0105cy weso\u0142e melodie, talerz do skreczowania, disco-kul\u0119 ze \u015bwiec\u0105c\u0105 pod wp\u0142ywem drga\u0144 kuleczk\u0105 oraz mikrofon echa.<\/b><\/p>\n<p>Pojazd posiada szerokie ko\u0142a oraz stabilne siedzisko zapewniaj\u0105ce bezpiecze\u0144stwo podczas zabawy.<\/p>\n<p>Zalety je\u017adzika: rozwija umiej\u0119tno\u015bci, wyobra\u017ani\u0119, \u0107wiczy koordynacj\u0119 ruchow\u0105 dziecka.<\/p>\n<p>Weso\u0142e kolory przyci\u0105gn\u0105 uwag\u0119 ka\u017cdego maluszka!<\/p>\n<ul>\n<li>Wymiary opakowania: d\u0142. 53 cm, szer. 26 cm, wys. 33 cm.<\/li>\n<li>Wymiary je\u017adzika: d\u0142. 52 cm x szer. 25 cm, wys. 32 cm.<\/li>\n<li>Odleg\u0142o\u015b\u0107 od pod\u0142ogi do siedziska: 19 cm.<\/li>\n<\/ul>\n<p>Zabawka wymaga 2 baterii 1,5V AAA &#8211; zawarte w zestawie.<\/p>\n<\/section><\/div>\n<\/section>\n<section class=\"section\">\n<div class=\"item item-12\">\n<section class=\"image-item\">             <img decoding=\"async\" src=\"https:\/\/upload.cdn.baselinker.com\/products\/3029707\/c593dfbf6bf704c0ddcc727d1c62ad29.jpg\" \/>         <\/section>\n<\/p><\/div>\n<\/section>\n<section class=\"section\">\n<div class=\"item item-6\">\n<section class=\"image-item\">             <img decoding=\"async\" src=\"https:\/\/upload.cdn.baselinker.com\/products\/3029707\/19839705b8652051cc0eb0d076867381.jpg\" \/>         <\/section>\n<\/p><\/div>\n<div class=\"item item-6\">\n<section class=\"image-item\">             <img decoding=\"async\" src=\"https:\/\/upload.cdn.baselinker.com\/products\/3029707\/6533a02a01dd16bfffedb3733c5dcbea.jpg\" \/>         <\/section>\n<\/p><\/div>\n<\/section>\n<section class=\"section\">\n<div class=\"item item-6\">\n<section class=\"image-item\">             <img decoding=\"async\" src=\"https:\/\/upload.cdn.baselinker.com\/products\/3029707\/36cb4a2322a6f245522e7506c28e5d2e.jpg\" \/>         <\/section>\n<\/p><\/div>\n<div class=\"item item-6\">\n<section class=\"image-item\">             <img decoding=\"async\" src=\"https:\/\/upload.cdn.baselinker.com\/products\/3029707\/02987a7f4344ec7ba41de9dc467c8336.jpg\" \/>         <\/section>\n<\/p><\/div>\n<\/section>\n<section class=\"section\">\n<div class=\"item item-12\">\n<section class=\"image-item\">             <img decoding=\"async\" src=\"https:\/\/upload.cdn.baselinker.com\/products\/3029707\/9eedba7b38701940ce93f63a62598062.jpg\" \/>         <\/section>\n<\/p><\/div>\n<\/section>\n<section class=\"section\">\n<div class=\"item item-12\">\n<section class=\"image-item\">             <img decoding=\"async\" src=\"https:\/\/upload.cdn.baselinker.com\/products\/3029707\/88521445d62c17e4d3a839386b0b9d64.jpg\" \/>         <\/section>\n<\/p><\/div>\n<\/section>\n<p><strong>Dodatkowe informacje:<\/strong><\/p>\n<ul>\n<li><strong>Producent: <\/strong>JAKKS Pacific. Inc \/ 2951 28th Street | Santa Monica, CA 90405 \/  consumers@jakks.com<\/li>\n<li><strong>Podmiot odpowiedzialny za wprowadzenie produktu na rynek europejski:<\/strong>\u00a0Firma Handlowa PULIO Krzysztof Gebel ul. Kolejowa 3 55-040 Bielany Wroc\u0142awskie  tel. +48 71 352 07 80  biuro@pulio.pl  www.pulio.pl<\/li>\n<li><strong>Ostrze\u017cenia na opakowaniu: <\/strong>OSTRZE\u017bENIE: Nie pozw\u00f3l dziecku na zabaw\u0119 dop\u00f3ki produkt nie zostanie prawid\u0142owo z\u0142o\u017cony przez  osob\u0119 doros\u0142\u0105. \u2022 Zabawa wymaga nadzoru osoby doros\u0142ej. Upewnij si\u0119, \u017ce dziecko u\u017cywa produktu w  prawid\u0142owy i bezpieczny spos\u00f3b aby unikn\u0105\u0107 wypadk\u00f3w, kt\u00f3re mog\u0142yby spowodowa\u0107 urazy. \u2022 Produkt przeznaczony dla dzieci od 12 miesi\u0105ca \u017cycia o wadze nieprzekraczaj\u0105cej 20 kg. \u2022 Zabawka przeznaczona wy\u0142\u0105cznie dla jednego dziecka jednocze\u015bnie. \u2022 Upewnij si\u0119, \u017ce dziecko ma obuwie podczas zabawy je\u017adzikiem. \u2022 Kiedy dziecko bawi si\u0119 je\u017adzikiem, nie pozw\u00f3l aby by\u0142 on popychany przez inne dziecko. \u2022 Produkt nie mo\u017ce by\u0107 u\u017cywany na pochy\u0142ych powierzchniach, w pobli\u017cu ulic, basen\u00f3w,  stromych zboczy, ramp, wzg\u00f3rz czy schod\u00f3w. \u2022 Dziecko powinno zawsze siedzie\u0107 na je\u017adziku w pozycji przodem. \u2022 Nie pozw\u00f3l dziecku sta\u0107 na je\u017adziku lub przechyla\u0107 si\u0119 w prz\u00f3d lub w ty\u0142. \u2022 Sprawdzaj wszystkie zapi\u0119cia regularnie i upewnij si\u0119, \u017ce s\u0105 dobrze przymocowane, je\u017celi si\u0119  poluzowa\u0142y, przymocuj je ponownie.  \u2022 Przed przekazaniem dziecku nale\u017cy usun\u0105\u0107 wszystkie elementy opakowania. \u2022 Zachowaj opakowanie wraz z ostrze\u017ceniami i pozosta\u0142ymi informacjami do p\u00f3\u017aniejszej  korespondencji. Wszystkie symbole, znaki, loga i wzory (\u201eZnaki  towarowe\u201d) s\u0105 zastrze\u017cone dla ich w\u0142a\u015bciciela i u\u017cywane jedynie pod licencj\u0105.   Konserwacja i utrzymanie produktu \u2022 Unika\u0107 zwil\u017cenia czy zamoczenia produktu, gdy\u017c mo\u017ce to spowodowa\u0107 uszkodzenie  element\u00f3w elektronicznych. Trzymaj z daleka od \u017ar\u00f3de\u0142 \u015bwiat\u0142a s\u0142onecznego i ciep\u0142a. \u2022 Czy\u015bci\u0107 wilgotn\u0105 szmatk\u0105. \u2022 Unikaj upadku produktu na twarde powierzchnie. \u2022 Nie przechowuj produktu na zewn\u0105trz zim\u0105. \u2022 Je\u015bli d\u017awi\u0119k nie dzia\u0142a, wymie\u0144 baterie na nowe Informacje dotycz\u0105ce baterii: OS TRZE\u017bE N I E ! Wyciek kwasu akumulatorowego mo\u017ce spowodowa\u0107 zranienie oraz  uszkodzenie zabawki i przedmiot\u00f3w znajduj\u0105cych si\u0119 w pobli\u017cu. Je\u017celi wyst\u0105pi wyciek kwasu  akumulatorowego  nale\u017cy dok\u0142adnie przemy\u0107 sk\u00f3r\u0119 i nie dopu\u015bci\u0107 aby kwas dosta\u0142 si\u0119 do oczu, uszu, nosa i ust.  Natychmiast wyczy\u015bci\u0107 odzie\u017c lub inn\u0105 powierzchni\u0119, kt\u00f3ra mia\u0142a kontakt z kwasem. Baterie, z  kt\u00f3rych wyciek\u0142 kwas akumulatorowy mog\u0105 wydawa\u0107 \u201estrzelaj\u0105ce\u201d d\u017awi\u0119ki. \u2022 Nie nale\u017cy miesza\u0107 ze sob\u0105 baterii r\u00f3\u017cnych typ\u00f3w lub nowych i u\u017cywanych. \u2022 Nale\u017cy u\u017cywa\u0107 jedynie baterii zalecanego typu lub r\u00f3wnowa\u017cnych. \u2022 Nie nale\u017cy u\u017cywa\u0107 baterii przewidzianych do \u0142adowania, chyba \u017ce jest to zalecane. Baterie  nieprzewidziane do\u0142adowania nie mog\u0105 by\u0107 \u0142adowane. Baterie przewidziane do \u0142adowania  mog\u0105 by\u0107 \u0142adowane jedynie po wyj\u0119ciu z produktu pod nadzorem osoby doros\u0142ej. \u2022 Baterie nale\u017cy wk\u0142ada\u0107 z zachowaniem prawid\u0142owej biegunowo\u015bci (+\/-). Nie wolno zwiera\u0107  zacisk\u00f3w zasilania. \u2022 Wyj\u0105\u0107 baterie gdy s\u0105 zu\u017cyte. \u2022 Baterie nale\u017cy wyj\u0105\u0107 je\u017celi produkt nie jest u\u017cywany przez d\u0142u\u017cszy czas. \u2022 Zu\u017cyte baterie nale\u017cy wyrzuca\u0107 do odpowiednio oznaczonych pojemnik\u00f3w. \u2022 Zu\u017cytych elektrycznych i elektronicznych produkt\u00f3w nie nale\u017cy umieszcza\u0107 z pozosta\u0142ymi  odpadami domowymi. \u2022 Produkt musi by\u0107 dostarczony do punktu zbi\u00f3rki s\u0142u\u017c\u0105cego recyklingowi urz\u0105dze\u0144 elektrycznych i  elektronicznych. Skontaktuj si\u0119 z w\u0142adzami lokalnymi aby dowiedzie\u0107 si\u0119 o dost\u0119pnych punktach. Wymiana baterii: Baterie s\u0105 zawarte w zestawie (2xAAA), jednak\u017ce maj\u0105 charakter wy\u0142\u0105cznie demonstracyjny \u2013 nale\u017cy je wymieni\u0107 na nowe przed rozpocz\u0119ciem u\u017cywania. Zalecana jest wymiana baterii na nowe baterie alkaliczne 1,5V AA (LR03A). BATERIE MUSZ\u0104 BY\u0106 WYMIENIONE PRZEZ OSOB\u0118 DOROS\u0141\u0104. \u2022 Zlokalizuj pokryw\u0119 baterii (sp\u00f3jrz na obrazek na opakowaniu). \u2022 U\u017cyj \u015brubokr\u0119tu aby odkr\u0119ci\u0107 \u015brubki pokrywy. \u2022 W\u0142\u00f3\u017c nowe baterie. \u2022 Na\u0142\u00f3\u017c pokryw\u0119 i przykr\u0119\u0107 \u015brubki. \u2022 Chro\u0144 \u015brodowisko wyrzucaj\u0105c zu\u017cyte baterie w przeznaczonych do tego specjalnych punktach (2011\/65\/EU).  Skontaktuj  si\u0119 z w\u0142adzami lokalnymi aby dowiedzie\u0107 si\u0119 o dost\u0119pnych punktach.  \u2022 Elektryczno\u015b\u0107 statyczna mo\u017ce spowodowa\u0107 nieprawid\u0142owe dzia\u0142anie produktu. W takim przypadku, usu\u0144 baterie i  w\u0142\u00f3\u017c je ponownie.<\/li>\n<li><strong>Instrukcja obs\u0142ugi jest:<\/strong> Informacje dla u\u017cytkownik\u00f3w: OSTRZE\u017bENIE: Z\u0142o\u017cenie i u\u017cywanie produktu wy\u0142\u0105cznie pod  opiek\u0105 doros\u0142ych: \u2022 Nie pozw\u00f3l dziecku na zabaw\u0119 dop\u00f3ki produkt nie zostanie prawid\u0142owo z\u0142o\u017cony przez  osob\u0119 doros\u0142\u0105. \u2022 Zabawa wymaga nadzoru osoby doros\u0142ej. Upewnij si\u0119, \u017ce dziecko u\u017cywa produktu w  prawid\u0142owy i bezpieczny spos\u00f3b aby unikn\u0105\u0107 wypadk\u00f3w, kt\u00f3re mog\u0142yby spowodowa\u0107 urazy. \u2022 Produkt przeznaczony dla dzieci od 12 miesi\u0105ca \u017cycia o wadze nieprzekraczaj\u0105cej 20 kg. \u2022 Zabawka przeznaczona wy\u0142\u0105cznie dla jednego dziecka jednocze\u015bnie. \u2022 Upewnij si\u0119, \u017ce dziecko ma obuwie podczas zabawy je\u017adzikiem. \u2022 Kiedy dziecko bawi si\u0119 je\u017adzikiem, nie pozw\u00f3l aby by\u0142 on popychany przez inne dziecko. \u2022 Produkt nie mo\u017ce by\u0107 u\u017cywany na pochy\u0142ych powierzchniach, w pobli\u017cu ulic, basen\u00f3w,  stromych zboczy, ramp, wzg\u00f3rz czy schod\u00f3w. \u2022 Dziecko powinno zawsze siedzie\u0107 na je\u017adziku w pozycji przodem. \u2022 Nie pozw\u00f3l dziecku sta\u0107 na je\u017adziku lub przechyla\u0107 si\u0119 w prz\u00f3d lub w ty\u0142. \u2022 Sprawdzaj wszystkie zapi\u0119cia regularnie i upewnij si\u0119, \u017ce s\u0105 dobrze przymocowane, je\u017celi si\u0119  poluzowa\u0142y, przymocuj je ponownie. Konserwacja i utrzymanie produktu \u2022 Unika\u0107 zwil\u017cenia czy zamoczenia produktu, gdy\u017c mo\u017ce to spowodowa\u0107 uszkodzenie element\u00f3w  elektronicznych. \u2022 Czy\u015bci\u0107 tylko wilgotn\u0105 szmatk\u0105. \u2022 Nie wystawiaj na dzia\u0142anie \u015bwiat\u0142a s\u0142onecznego i trzymaj z dala od \u017ar\u00f3de\u0142 ciep\u0142a \u2022 Trzymaj wewn\u0105trz w czasie zimowych miesi\u0119cy. \u2022 Unikaj upadku produktu na twarde powierzchnie. \u2022 Z\u0142o\u017cenie i roz\u0142o\u017cenie wy\u0142\u0105cznie przez osob\u0119 doros\u0142\u0105. Ostrze\u017cenie dotycz\u0105ce baterii: OS TRZE\u017bE N I E ! Wyciek kwasu akumulatorowego mo\u017ce spowodowa\u0107 zranienie oraz  uszkodzenie zabawki i przedmiot\u00f3w znajduj\u0105cych si\u0119 w pobli\u017cu. Je\u017celi wyst\u0105pi wyciek kwasu  akumulatorowego  nale\u017cy dok\u0142adnie przemy\u0107 sk\u00f3r\u0119 i nie dopu\u015bci\u0107 aby kwas dosta\u0142 si\u0119 do oczu, uszu, nosa i ust.  Natychmiast wyczy\u015bci\u0107 odzie\u017c lub inn\u0105 powierzchni\u0119, kt\u00f3ra mia\u0142a kontakt z kwasem. Baterie, z  kt\u00f3rych wyciek\u0142 kwas akumulatorowy mog\u0105 wydawa\u0107 \u201estrzelaj\u0105ce\u201d d\u017awi\u0119ki. \u2022 Nie nale\u017cy miesza\u0107 ze sob\u0105 baterii r\u00f3\u017cnych typ\u00f3w lub nowych i u\u017cywanych. \u2022 Nale\u017cy u\u017cywa\u0107 jedynie baterii zalecanego typu lub r\u00f3wnowa\u017cnych. \u2022 Nie nale\u017cy u\u017cywa\u0107 baterii przewidzianych do \u0142adowania, chyba \u017ce jest to zalecane. Baterie  nieprzewidziane do\u0142adowania nie mog\u0105 by\u0107 \u0142adowane. Baterie przewidziane do \u0142adowania  mog\u0105 by\u0107 \u0142adowane jedynie po wyj\u0119ciu z produktu pod nadzorem osoby doros\u0142ej. \u2022 Baterie nale\u017cy wk\u0142ada\u0107 z zachowaniem prawid\u0142owej biegunowo\u015bci (+\/-). Nie wolno zwiera\u0107  zacisk\u00f3w zasilania. \u2022 Wyj\u0105\u0107 baterie gdy s\u0105 zu\u017cyte. \u2022 Baterie nale\u017cy wyj\u0105\u0107 je\u017celi produkt nie jest u\u017cywany przez d\u0142u\u017cszy czas. \u2022 Zu\u017cyte baterie nale\u017cy wyrzuca\u0107 do odpowiednio oznaczonych pojemnik\u00f3w. \u2022 Zu\u017cytych elektrycznych i elektronicznych produkt\u00f3w nie nale\u017cy umieszcza\u0107 z pozosta\u0142ymi  odpadami domowymi. \u2022 Produkt musi by\u0107 dostarczony do punktu zbi\u00f3rki s\u0142u\u017c\u0105cego recyklingowi urz\u0105dze\u0144 elektrycznych i  elektronicznych. Skontaktuj si\u0119 z w\u0142adzami lokalnymi aby dowiedzie\u0107 si\u0119 o dost\u0119pnych punktach. Wymiana baterii: Baterie s\u0105 zawarte w zestawie (2xAAA), jednak\u017ce maj\u0105 charakter wy\u0142\u0105cznie demonstracyjny \u2013 nale\u017cy je wymieni\u0107 na nowe przed rozpocz\u0119ciem u\u017cywania. Zalecana jest wymiana baterii  na nowe baterie alkaliczne 1,5V AA (LR03A). BATERIE MUSZ\u0104 BY\u0106 WYMIENIONE PRZEZ  OSOB\u0118 DOROS\u0141\u0104. 1. Zlokalizuj pokryw\u0119 baterii (sp\u00f3jrz na obrazek  obok) 2. U\u017cyj \u015brubokr\u0119tu aby odkr\u0119ci\u0107 \u015brubki pokrywy. 3. W\u0142\u00f3\u017c nowe baterie. 4. Na\u0142\u00f3\u017c pokryw\u0119 i przykr\u0119\u0107 \u015brubki. \u2022 Chro\u0144 \u015brodowisko wyrzucaj\u0105c zu\u017cyte  baterie w przeznaczonych do tego  specjalnych punktach (2011\/65\/EU).  Skontaktuj si\u0119 z w\u0142adzami lokalnymi aby dowiedzie\u0107 si\u0119 o dost\u0119pnych punktach. \u2022 Chro\u0144 \u015brodowisko wyrzucaj\u0105c zu\u017cyte  baterie w przeznaczonych do tego  specjalnych punktach (2011\/65\/EU).  Skontaktuj si\u0119 z w\u0142adzami lokalnymi aby dowiedzie\u0107 si\u0119 o dost\u0119pnych punktach.  Elektryczno\u015b\u0107 statyczna mo\u017ce spowodowa\u0107  nieprawid\u0142owe dzia\u0142anie produktu. W takim  przypadku, usu\u0144 baterie i w\u0142\u00f3\u017c je ponownie. Producent zastrzega sobie mo\u017cliwo\u015b\u0107 zmian kolorystycznych i technicznych. W razie pyta\u0144, komentarzy lub problem\u00f3w, odwied\u017a nasz\u0105 stron\u0119 internetow\u0105  www.moosemountaintoys.com lub skontaktuj si\u0119 mailowo info@moosemountaintoys.com lub  telefonicznie pod numerem 1-877-875-2557. Fisher Price i powi\u0105zane znaki towarowe s\u0105 w\u0142asno\u015bci\u0105 firmy Mattel i s\u0105 u\u017cywane na podstawie licencji firmy Mattel Europa B.V. Produkowane i dystrybuowane przez Moose Mountain Marketing,  Inc 2951 28th Street, Santa Monica, CA 90405 U.S.A. Wszystkie symbole, znaki, loga i wzory (\u201eZnaki  towarowe\u201d) s\u0105 zastrze\u017cone dla ich w\u0142a\u015bciciela i u\u017cywane jedynie pod licencj\u0105.  Wyprodukowano w Chinach.<\/li>\n<li><strong>Kraj pochodzenia:<\/strong> CHINY<\/li>\n<\/ul>\n","protected":false},"excerpt":{"rendered":"<p>FISHER PRICE Je\u017adzik Muzyczny Disco Nr kat: 50837 Kolor: r\u00f3\u017cowy Wielofunkcyjny je\u017adzik Fisher Price przeznaczony jest dla dzieci w wieku<\/p>\n","protected":false},"featured_media":7194,"comment_status":"open","ping_status":"closed","template":"","meta":[],"product_brand":[],"product_cat":[965,417],"product_tag":[],"class_list":{"0":"post-7115","1":"product","2":"type-product","3":"status-publish","4":"has-post-thumbnail","6":"product_cat-jezdziki","7":"product_cat-zabawki-outdoorowe","9":"first","10":"instock","11":"shipping-taxable","12":"purchasable","13":"product-type-simple"},"_links":{"self":[{"href":"https:\/\/czas.m2web.pl\/index.php?rest_route=\/wp\/v2\/product\/7115","targetHints":{"allow":["GET"]}}],"collection":[{"href":"https:\/\/czas.m2web.pl\/index.php?rest_route=\/wp\/v2\/product"}],"about":[{"href":"https:\/\/czas.m2web.pl\/index.php?rest_route=\/wp\/v2\/types\/product"}],"replies":[{"embeddable":true,"href":"https:\/\/czas.m2web.pl\/index.php?rest_route=%2Fwp%2Fv2%2Fcomments&post=7115"}],"version-history":[{"count":0,"href":"https:\/\/czas.m2web.pl\/index.php?rest_route=\/wp\/v2\/product\/7115\/revisions"}],"wp:featuredmedia":[{"embeddable":true,"href":"https:\/\/czas.m2web.pl\/index.php?rest_route=\/wp\/v2\/media\/7194"}],"wp:attachment":[{"href":"https:\/\/czas.m2web.pl\/index.php?rest_route=%2Fwp%2Fv2%2Fmedia&parent=7115"}],"wp:term":[{"taxonomy":"product_brand","embeddable":true,"href":"https:\/\/czas.m2web.pl\/index.php?rest_route=%2Fwp%2Fv2%2Fproduct_brand&post=7115"},{"taxonomy":"product_cat","embeddable":true,"href":"https:\/\/czas.m2web.pl\/index.php?rest_route=%2Fwp%2Fv2%2Fproduct_cat&post=7115"},{"taxonomy":"product_tag","embeddable":true,"href":"https:\/\/czas.m2web.pl\/index.php?rest_route=%2Fwp%2Fv2%2Fproduct_tag&post=7115"}],"curies":[{"name":"wp","href":"https:\/\/api.w.org\/{rel}","templated":true}]}}