{"id":7118,"date":"2026-01-04T23:17:50","date_gmt":"2026-01-04T22:17:50","guid":{"rendered":"https:\/\/czas.m2web.pl\/?post_type=product&#038;p=7118"},"modified":"2026-01-04T23:18:28","modified_gmt":"2026-01-04T22:18:28","slug":"atlas-samolot-wojskowy-messerschmitt-me-262-a-1a-172-adfww002a","status":"publish","type":"product","link":"https:\/\/czas.m2web.pl\/?product=atlas-samolot-wojskowy-messerschmitt-me-262-a-1a-172-adfww002a","title":{"rendered":"ATLAS Samolot wojskowy Messerschmitt Me 262 A-1A 1:72 ADFWW002A"},"content":{"rendered":"<section class=\"section\">\n<div class=\"item item-6\">\n<section class=\"image-item\">                      <\/section>\n<\/p><\/div>\n<div class=\"item item-6\">\n<section class=\"text-item\">\n<h2>ATLAS Collection FIGHTERS OF WORLD WAR II<\/h2>\n<h2>Messerschmitt Me 262 A-1A (pilot: Heinrich B\u00e4r 1945)<\/h2>\n<p>Nr kat.: ADFWW002A<\/p>\n<p>Materia\u0142: metal+tworzywo sztuczne<\/p>\n<p>Skala: 1:72<\/p>\n<p><b>Model niemieckiego samolotu my\u015bliwskiego o nap\u0119dzie odrzutowym z okresu II wojny \u015bwiatowej.<\/b><\/p>\n<p>Model wykonany z du\u017c\u0105 dba\u0142o\u015bci\u0105 o detale, b\u0119dzie si\u0119 wspaniale prezentowa\u0142 na p\u00f3\u0142ce lub biurku kolekcjonera.<\/p>\n<p><b>W komplecie podstawka ekspozycyjna z nazw\u0105 modelu.<\/b><\/p>\n<p>Model zabezpieczony na czas transportu wyt\u0142oczk\u0105 z tworzywa, ko\u0142a i \u015bmig\u0142a dla bezpiecze\u0144stwa zapakowane osobno &#8211; do samodzielnego monta\u017cu.<\/p>\n<p><b>Produkt w oryginalnym, zamkni\u0119tym fabrycznie opakowaniu.<\/b><\/p>\n<p>Wiek: 14+.<\/p>\n<\/section><\/div>\n<\/section>\n<section class=\"section\">\n<div class=\"item item-12\">\n<section class=\"image-item\">                      <\/section>\n<\/p><\/div>\n<\/section>\n<section class=\"section\">\n<div class=\"item item-12\">\n<section class=\"image-item\">                      <\/section>\n<\/p><\/div>\n<\/section>\n<p><strong>Dodatkowe informacje:<\/strong><\/p>\n","protected":false},"excerpt":{"rendered":"<p>ATLAS Collection FIGHTERS OF WORLD WAR II Messerschmitt Me 262 A-1A (pilot: Heinrich B\u00e4r 1945) Nr kat.: ADFWW002A Materia\u0142: metal+tworzywo<\/p>\n","protected":false},"featured_media":7211,"comment_status":"open","ping_status":"closed","template":"","meta":[],"product_brand":[],"product_cat":[19,21,1026],"product_tag":[],"class_list":{"0":"post-7118","1":"product","2":"type-product","3":"status-publish","4":"has-post-thumbnail","6":"product_cat-dla-chlopca","7":"product_cat-pojazdy-2","8":"product_cat-samoloty-i-smiglowce","10":"first","11":"instock","12":"shipping-taxable","13":"purchasable","14":"product-type-simple"},"_links":{"self":[{"href":"https:\/\/czas.m2web.pl\/index.php?rest_route=\/wp\/v2\/product\/7118","targetHints":{"allow":["GET"]}}],"collection":[{"href":"https:\/\/czas.m2web.pl\/index.php?rest_route=\/wp\/v2\/product"}],"about":[{"href":"https:\/\/czas.m2web.pl\/index.php?rest_route=\/wp\/v2\/types\/product"}],"replies":[{"embeddable":true,"href":"https:\/\/czas.m2web.pl\/index.php?rest_route=%2Fwp%2Fv2%2Fcomments&post=7118"}],"version-history":[{"count":0,"href":"https:\/\/czas.m2web.pl\/index.php?rest_route=\/wp\/v2\/product\/7118\/revisions"}],"wp:featuredmedia":[{"embeddable":true,"href":"https:\/\/czas.m2web.pl\/index.php?rest_route=\/wp\/v2\/media\/7211"}],"wp:attachment":[{"href":"https:\/\/czas.m2web.pl\/index.php?rest_route=%2Fwp%2Fv2%2Fmedia&parent=7118"}],"wp:term":[{"taxonomy":"product_brand","embeddable":true,"href":"https:\/\/czas.m2web.pl\/index.php?rest_route=%2Fwp%2Fv2%2Fproduct_brand&post=7118"},{"taxonomy":"product_cat","embeddable":true,"href":"https:\/\/czas.m2web.pl\/index.php?rest_route=%2Fwp%2Fv2%2Fproduct_cat&post=7118"},{"taxonomy":"product_tag","embeddable":true,"href":"https:\/\/czas.m2web.pl\/index.php?rest_route=%2Fwp%2Fv2%2Fproduct_tag&post=7118"}],"curies":[{"name":"wp","href":"https:\/\/api.w.org\/{rel}","templated":true}]}}