{"id":7181,"date":"2026-01-04T23:18:11","date_gmt":"2026-01-04T22:18:11","guid":{"rendered":"https:\/\/czas.m2web.pl\/?post_type=product&#038;p=7181"},"modified":"2026-01-04T23:18:43","modified_gmt":"2026-01-04T22:18:43","slug":"diakakis-krzeselko-metalowe-koci-domek-gabi-574040","status":"publish","type":"product","link":"https:\/\/czas.m2web.pl\/?product=diakakis-krzeselko-metalowe-koci-domek-gabi-574040","title":{"rendered":"DIAKAKIS Krzese\u0142ko metalowe Koci domek Gabi 574040"},"content":{"rendered":"<section class=\"section\">\n<div class=\"item item-6\">\n<section class=\"image-item\">             <img decoding=\"async\" src=\"https:\/\/upload.cdn.baselinker.com\/products\/3029707\/5ee0c6f9b9d4f782c11cf0f20ad20707.jpg\" \/>         <\/section>\n<\/p><\/div>\n<div class=\"item item-6\">\n<section class=\"text-item\">\n<h1>Krzese\u0142ko metalowe Koci domek Gabi<\/h1>\n<p>Diakakis 574040<\/p>\n<p>Metalowe krzese\u0142ko z motywem bajki Koci domek Gabi.<\/p>\n<p>Krzese\u0142ko na wytrzyma\u0142ych metalowych n\u00f3\u017ckach z mi\u0119kkim siedziskiem. Idealne na prezent dla wszystkich fan\u00f3w bajki.<\/p>\n<ul>\n<li>Stabilne krzese\u0142ko w pi\u0119knej kolorystyce z mi\u0119kkim siedziskiem.<\/li>\n<li>Wysoko\u015b\u0107 z oparciem: 36 cm, szeroko\u015b\u0107: 36 cm.<\/li>\n<li>Szeroko\u015b\u0107 siedziska: 27 cm, g\u0142\u0119boko\u015b\u0107 siedziska: 27 cm.<\/li>\n<li>Wysoko\u015b\u0107 oparcia: 19 cm.<\/li>\n<li>Wiek: 3+.<\/li>\n<\/ul>\n<\/section><\/div>\n<\/section>\n<section class=\"section\">\n<div class=\"item item-12\">\n<section class=\"image-item\">             <img decoding=\"async\" src=\"https:\/\/upload.cdn.baselinker.com\/products\/3029707\/5ee0c6f9b9d4f782c11cf0f20ad20707.jpg\" \/>         <\/section>\n<\/p><\/div>\n<\/section>\n<p><strong>Dodatkowe informacje:<\/strong><\/p>\n<ul>\n<li><strong>Producent: <\/strong>DIAKAKIS IMPORTS S.A. 3rd klm Simmahiki Str. Oreokastro-Diavata | P.P.Box 79, 57013| Thessaloniki | Greece; Email: exports@diakakisimports.gr<\/li>\n<li><strong>Podmiot odpowiedzialny za wprowadzenie produktu na rynek europejski:<\/strong>\u00a0DIAKAKIS IMPORTS S.A. 3rd klm Simmahiki Str. Oreokastro-Diavata | P.P.Box 79, 57013| Thessaloniki | Greece; Email: exports@diakakisimports.gr<\/li>\n<li><strong>Ostrze\u017cenia na opakowaniu: <\/strong>Ostrze\u017cenia: Nieodpowiednie dla dzieci poni\u017cej 3 roku \u017cycia. Niebezpiecze\u0144stwo zad\u0142awienia drobnymi elementami! Przed przekazaniem dziecku nale\u017cy usun\u0105\u0107 wszystkie elementy opakowania. Opakowanie nie stanowi cz\u0119\u015bci zabawki. Producent zastrzega sobie mo\u017cliwo\u015b\u0107 zmian kolorystycznych i technicznych. Prosimy zachowa\u0107 opakowanie wraz z ostrze\u017ceniami i pozosta\u0142ymi informacjami do p\u00f3\u017aniejszej korespondencji. Wyprodukowano w Chinach Waga maksymalna &#8211; 80kg<\/li>\n<li><strong>Instrukcja obs\u0142ugi jest:<\/strong> NIE<\/li>\n<li><strong>Kraj pochodzenia:<\/strong> CHINY<\/li>\n<\/ul>\n","protected":false},"excerpt":{"rendered":"<p>Krzese\u0142ko metalowe Koci domek Gabi Diakakis 574040 Metalowe krzese\u0142ko z motywem bajki Koci domek Gabi. Krzese\u0142ko na wytrzyma\u0142ych metalowych n\u00f3\u017ckach<\/p>\n","protected":false},"featured_media":7262,"comment_status":"open","ping_status":"closed","template":"","meta":[],"product_brand":[],"product_cat":[1657,17],"product_tag":[],"class_list":{"0":"post-7181","1":"product","2":"type-product","3":"status-publish","4":"has-post-thumbnail","6":"product_cat-chodziki-stoliki-i-krzeselka","7":"product_cat-dla-najmlodszych","9":"first","10":"instock","11":"shipping-taxable","12":"purchasable","13":"product-type-simple"},"_links":{"self":[{"href":"https:\/\/czas.m2web.pl\/index.php?rest_route=\/wp\/v2\/product\/7181","targetHints":{"allow":["GET"]}}],"collection":[{"href":"https:\/\/czas.m2web.pl\/index.php?rest_route=\/wp\/v2\/product"}],"about":[{"href":"https:\/\/czas.m2web.pl\/index.php?rest_route=\/wp\/v2\/types\/product"}],"replies":[{"embeddable":true,"href":"https:\/\/czas.m2web.pl\/index.php?rest_route=%2Fwp%2Fv2%2Fcomments&post=7181"}],"version-history":[{"count":0,"href":"https:\/\/czas.m2web.pl\/index.php?rest_route=\/wp\/v2\/product\/7181\/revisions"}],"wp:featuredmedia":[{"embeddable":true,"href":"https:\/\/czas.m2web.pl\/index.php?rest_route=\/wp\/v2\/media\/7262"}],"wp:attachment":[{"href":"https:\/\/czas.m2web.pl\/index.php?rest_route=%2Fwp%2Fv2%2Fmedia&parent=7181"}],"wp:term":[{"taxonomy":"product_brand","embeddable":true,"href":"https:\/\/czas.m2web.pl\/index.php?rest_route=%2Fwp%2Fv2%2Fproduct_brand&post=7181"},{"taxonomy":"product_cat","embeddable":true,"href":"https:\/\/czas.m2web.pl\/index.php?rest_route=%2Fwp%2Fv2%2Fproduct_cat&post=7181"},{"taxonomy":"product_tag","embeddable":true,"href":"https:\/\/czas.m2web.pl\/index.php?rest_route=%2Fwp%2Fv2%2Fproduct_tag&post=7181"}],"curies":[{"name":"wp","href":"https:\/\/api.w.org\/{rel}","templated":true}]}}