{"id":7354,"date":"2026-01-04T23:19:15","date_gmt":"2026-01-04T22:19:15","guid":{"rendered":"https:\/\/czas.m2web.pl\/?post_type=product&#038;p=7354"},"modified":"2026-01-04T23:20:01","modified_gmt":"2026-01-04T22:20:01","slug":"atlas-opel-kapitan-1954-1-24-ab24p011a","status":"publish","type":"product","link":"https:\/\/czas.m2web.pl\/?product=atlas-opel-kapitan-1954-1-24-ab24p011a","title":{"rendered":"ATLAS Opel Kapit\u00e4n &#8211; 1954 1\/24 AB24P011A"},"content":{"rendered":"<section class=\"section\">\n<div class=\"item item-12\">\n<section class=\"text-item\">\n<h1>ATLAS Opel Kapit\u00e4n &#8211; 1954<\/h1>\n<p>Nr kat.: AB24P011A<\/p>\n<p>Skala: 1\/24<\/p>\n<p>Kolor: bia\u0142y<\/p>\n<p>Materia\u0142: metal (nadwozie)\/plastik\/guma<\/p>\n<p><b>Wykonany z dba\u0142o\u015bci\u0105 o detale, starannie pomalowany, metalowy model pojazdu na oficjalnej licencji marki Opel Automobile GmbH.<br \/><\/b><\/p>\n<p>Model z dystrybucji gazetowej, pochodz\u0105cy z rynku francuskiego.<\/p>\n<p><b>W komplecie podstawka ekspozycyjna z nazw\u0105 modelu.<br \/><\/b><\/p>\n<p><b>Model posiada otwierane przednie drzwi.<br \/><\/b><\/p>\n<p>Wymiary opakowania: szer. 25 cm, wys. 8 cm, g\u0142. 14 cm.<\/p>\n<p>Wiek: 14+.<\/p>\n<\/section><\/div>\n<\/section>\n<p><strong>Dodatkowe informacje:<\/strong><\/p>\n","protected":false},"excerpt":{"rendered":"<p>ATLAS Opel Kapit\u00e4n &#8211; 1954 Nr kat.: AB24P011A Skala: 1\/24 Kolor: bia\u0142y Materia\u0142: metal (nadwozie)\/plastik\/guma Wykonany z dba\u0142o\u015bci\u0105 o detale,<\/p>\n","protected":false},"featured_media":7429,"comment_status":"open","ping_status":"closed","template":"","meta":[],"product_brand":[],"product_cat":[19,4437,21,22],"product_tag":[],"class_list":{"0":"post-7354","1":"product","2":"type-product","3":"status-publish","4":"has-post-thumbnail","6":"product_cat-dla-chlopca","7":"product_cat-modele-124","8":"product_cat-pojazdy-2","9":"product_cat-samochody","11":"first","12":"instock","13":"shipping-taxable","14":"purchasable","15":"product-type-simple"},"_links":{"self":[{"href":"https:\/\/czas.m2web.pl\/index.php?rest_route=\/wp\/v2\/product\/7354","targetHints":{"allow":["GET"]}}],"collection":[{"href":"https:\/\/czas.m2web.pl\/index.php?rest_route=\/wp\/v2\/product"}],"about":[{"href":"https:\/\/czas.m2web.pl\/index.php?rest_route=\/wp\/v2\/types\/product"}],"replies":[{"embeddable":true,"href":"https:\/\/czas.m2web.pl\/index.php?rest_route=%2Fwp%2Fv2%2Fcomments&post=7354"}],"version-history":[{"count":0,"href":"https:\/\/czas.m2web.pl\/index.php?rest_route=\/wp\/v2\/product\/7354\/revisions"}],"wp:featuredmedia":[{"embeddable":true,"href":"https:\/\/czas.m2web.pl\/index.php?rest_route=\/wp\/v2\/media\/7429"}],"wp:attachment":[{"href":"https:\/\/czas.m2web.pl\/index.php?rest_route=%2Fwp%2Fv2%2Fmedia&parent=7354"}],"wp:term":[{"taxonomy":"product_brand","embeddable":true,"href":"https:\/\/czas.m2web.pl\/index.php?rest_route=%2Fwp%2Fv2%2Fproduct_brand&post=7354"},{"taxonomy":"product_cat","embeddable":true,"href":"https:\/\/czas.m2web.pl\/index.php?rest_route=%2Fwp%2Fv2%2Fproduct_cat&post=7354"},{"taxonomy":"product_tag","embeddable":true,"href":"https:\/\/czas.m2web.pl\/index.php?rest_route=%2Fwp%2Fv2%2Fproduct_tag&post=7354"}],"curies":[{"name":"wp","href":"https:\/\/api.w.org\/{rel}","templated":true}]}}