{"id":7405,"date":"2026-01-04T23:19:40","date_gmt":"2026-01-04T22:19:40","guid":{"rendered":"https:\/\/czas.m2web.pl\/?post_type=product&#038;p=7405"},"modified":"2026-01-04T23:20:49","modified_gmt":"2026-01-04T22:20:49","slug":"dwustronna-tablica-do-malowania-sztaluga-princess-563418","status":"publish","type":"product","link":"https:\/\/czas.m2web.pl\/?product=dwustronna-tablica-do-malowania-sztaluga-princess-563418","title":{"rendered":"Dwustronna tablica do malowania &#8211; sztaluga Princess 563418"},"content":{"rendered":"<section class=\"section\">\n<div class=\"item item-6\">\n<section class=\"image-item\">             <img decoding=\"async\" src=\"https:\/\/upload.cdn.baselinker.com\/products\/3029707\/46e2c1332f0416e8f9ac12c6cf1fb1bc.jpg\" \/>         <\/section>\n<\/p><\/div>\n<div class=\"item item-6\">\n<section class=\"text-item\">\n<h1>Dwustronna tablica do malowania Princess<\/h1>\n<p>Diakakis 563418<\/p>\n<p>Dwustronna tablica do malowania na sztaludze. Idealna do rozpocz\u0119cia przygody z malowaniem dla ma\u0142ego artysty.<\/p>\n<p>Na jednej stronie tablicy mo\u017cna malowa\u0107 kred\u0105, a na drugiej (bia\u0142ej) markerem.<\/p>\n<p>Zestaw zawiera: kred\u0119 w 6 kolorach, 1 marker, g\u0105bk\u0119 do zmazywania, p\u00f3\u0142eczk\u0119 na akcesoria.<\/p>\n<ul>\n<li>Wymiary tablicy:\u00a048 x 35 cm.<\/li>\n<li>Wymiary opakowania: 56 x 40 x 6 cm.<\/li>\n<li>Wiek: 3+.<\/li>\n<\/ul>\n<\/section><\/div>\n<\/section>\n<section class=\"section\">\n<div class=\"item item-6\">\n<section class=\"image-item\">             <img decoding=\"async\" src=\"https:\/\/upload.cdn.baselinker.com\/products\/3029707\/869755dd403881a4731bcbf0dff95fd6.jpg\" \/>         <\/section>\n<\/p><\/div>\n<div class=\"item item-6\">\n<section class=\"image-item\">             <img decoding=\"async\" src=\"https:\/\/upload.cdn.baselinker.com\/products\/3029707\/253126a1338efeb45fb6cf479f5e234b.jpg\" \/>         <\/section>\n<\/p><\/div>\n<\/section>\n<section class=\"section\">\n<div class=\"item item-12\">\n<section class=\"image-item\">             <img decoding=\"async\" src=\"https:\/\/upload.cdn.baselinker.com\/products\/3029707\/46e2c1332f0416e8f9ac12c6cf1fb1bc.jpg\" \/>         <\/section>\n<\/p><\/div>\n<\/section>\n<p><strong>Dodatkowe informacje:<\/strong><\/p>\n<ul>\n<li><strong>Producent: <\/strong>DIAKAKIS IMPORTS S.A. 3rd klm Simmahiki Str. Oreokastro-Diavata | P.P.Box 79, 57013| Thessaloniki | Greece; Email: exports@diakakisimports.gr<\/li>\n<li><strong>Podmiot odpowiedzialny za wprowadzenie produktu na rynek europejski:<\/strong>\u00a0DIAKAKIS IMPORTS S.A. 3rd klm Simmahiki Str. Oreokastro-Diavata | P.P.Box 79, 57013| Thessaloniki | Greece; Email: exports@diakakisimports.gr<\/li>\n<li><strong>Ostrze\u017cenia na opakowaniu: <\/strong>Ostrze\u017cenia: Nieodpowiednie dla dzieci poni\u017cej 3 roku \u017cycia. Niebezpiecze\u0144stwo zad\u0142awienia drobnymi elementami! Przed przekazaniem dziecku nale\u017cy usun\u0105\u0107 wszystkie elementy opakowania. Opakowanie nie stanowi cz\u0119\u015bci zabawki. Producent zastrzega sobie mo\u017cliwo\u015b\u0107 zmian kolorystycznych i technicznych. Prosimy zachowa\u0107 opakowanie wraz z ostrze\u017ceniami i pozosta\u0142ymi informacjami do p\u00f3\u017aniejszej korespondencji. Wyprodukowano w Chinach<\/li>\n<li><strong>Instrukcja obs\u0142ugi jest:<\/strong> NIE<\/li>\n<li><strong>Kraj pochodzenia:<\/strong> CHINY<\/li>\n<\/ul>\n","protected":false},"excerpt":{"rendered":"<p>Dwustronna tablica do malowania Princess Diakakis 563418 Dwustronna tablica do malowania na sztaludze. Idealna do rozpocz\u0119cia przygody z malowaniem dla<\/p>\n","protected":false},"featured_media":7538,"comment_status":"open","ping_status":"closed","template":"","meta":[],"product_brand":[],"product_cat":[16],"product_tag":[],"class_list":{"0":"post-7405","1":"product","2":"type-product","3":"status-publish","4":"has-post-thumbnail","6":"product_cat-import","8":"first","9":"instock","10":"shipping-taxable","11":"purchasable","12":"product-type-simple"},"_links":{"self":[{"href":"https:\/\/czas.m2web.pl\/index.php?rest_route=\/wp\/v2\/product\/7405","targetHints":{"allow":["GET"]}}],"collection":[{"href":"https:\/\/czas.m2web.pl\/index.php?rest_route=\/wp\/v2\/product"}],"about":[{"href":"https:\/\/czas.m2web.pl\/index.php?rest_route=\/wp\/v2\/types\/product"}],"replies":[{"embeddable":true,"href":"https:\/\/czas.m2web.pl\/index.php?rest_route=%2Fwp%2Fv2%2Fcomments&post=7405"}],"version-history":[{"count":0,"href":"https:\/\/czas.m2web.pl\/index.php?rest_route=\/wp\/v2\/product\/7405\/revisions"}],"wp:featuredmedia":[{"embeddable":true,"href":"https:\/\/czas.m2web.pl\/index.php?rest_route=\/wp\/v2\/media\/7538"}],"wp:attachment":[{"href":"https:\/\/czas.m2web.pl\/index.php?rest_route=%2Fwp%2Fv2%2Fmedia&parent=7405"}],"wp:term":[{"taxonomy":"product_brand","embeddable":true,"href":"https:\/\/czas.m2web.pl\/index.php?rest_route=%2Fwp%2Fv2%2Fproduct_brand&post=7405"},{"taxonomy":"product_cat","embeddable":true,"href":"https:\/\/czas.m2web.pl\/index.php?rest_route=%2Fwp%2Fv2%2Fproduct_cat&post=7405"},{"taxonomy":"product_tag","embeddable":true,"href":"https:\/\/czas.m2web.pl\/index.php?rest_route=%2Fwp%2Fv2%2Fproduct_tag&post=7405"}],"curies":[{"name":"wp","href":"https:\/\/api.w.org\/{rel}","templated":true}]}}