{"id":7521,"date":"2026-01-04T23:20:44","date_gmt":"2026-01-04T22:20:44","guid":{"rendered":"https:\/\/czas.m2web.pl\/?post_type=product&#038;p=7521"},"modified":"2026-01-04T23:21:08","modified_gmt":"2026-01-04T22:21:08","slug":"b-kids-aktywny-sorter-pilka-315249","status":"publish","type":"product","link":"https:\/\/czas.m2web.pl\/?product=b-kids-aktywny-sorter-pilka-315249","title":{"rendered":"B-Kids Aktywny sorter pi\u0142ka 315249"},"content":{"rendered":"<section class=\"section\">\n<div class=\"item item-6\">\n<section class=\"image-item\">             <img decoding=\"async\" src=\"https:\/\/upload.cdn.baselinker.com\/products\/3029707\/4fe1b091a863b7f124a728ba811bb292.jpg\" \/>         <\/section>\n<\/p><\/div>\n<div class=\"item item-6\">\n<section class=\"text-item\">\n<h1>Aktywny sorter pi\u0142ka<\/h1>\n<h2>B-Kids 315249<\/h2>\n<p>Aktywna pi\u0142ka pozwala dziecku sortowa\u0107 cztery teksturowane kszta\u0142ty oraz wygina\u0107 gi\u0119kie pr\u0119ty. Na g\u00f3rze znajduj\u0105 si\u0119 kolorowe koraliki, kt\u00f3re przy potrz\u0105saniu zabawk\u0105, delikatnie grzechorz\u0105.<\/p>\n<p>Wszystkie te ekscytuj\u0105ce zaj\u0119cia i zabawne tekstury wspieraj\u0105 rozw\u00f3j motoryki dziecka, koordynacji r\u0119ka-oko oraz zdolno\u015bci poznawczych. Idealny rozmiar dla ma\u0142ych r\u0105czek do trzymania i odkrywania!<\/p>\n<p>Wiek: 3M+.<\/p>\n<p>Wymiary zabawki: szer. 12 x wys. 14 cm.<\/p>\n<\/section><\/div>\n<\/section>\n<section class=\"section\">\n<div class=\"item item-12\">\n<section class=\"image-item\">             <img decoding=\"async\" src=\"https:\/\/upload.cdn.baselinker.com\/products\/3029707\/4fe1b091a863b7f124a728ba811bb292.jpg\" \/>         <\/section>\n<\/p><\/div>\n<\/section>\n<section class=\"section\">\n<div class=\"item item-12\">\n<section class=\"image-item\">             <img decoding=\"async\" src=\"https:\/\/upload.cdn.baselinker.com\/products\/3029707\/b34ab6a1a366c623f328e97b7ed77adc.jpg\" \/>         <\/section>\n<\/p><\/div>\n<\/section>\n<section class=\"section\">\n<div class=\"item item-12\">\n<section class=\"image-item\">             <img decoding=\"async\" src=\"https:\/\/upload.cdn.baselinker.com\/products\/3029707\/ba49b2be9516615a8d5ea5fbfde0c1bb.jpg\" \/>         <\/section>\n<\/p><\/div>\n<\/section>\n<section class=\"section\">\n<div class=\"item item-12\">\n<section class=\"image-item\">             <img decoding=\"async\" src=\"https:\/\/upload.cdn.baselinker.com\/products\/3029707\/8ec6865ee6e12b36ed74c133335f53fd.jpg\" \/>         <\/section>\n<\/p><\/div>\n<\/section>\n<section class=\"section\">\n<div class=\"item item-12\">\n<section class=\"image-item\">             <img decoding=\"async\" src=\"https:\/\/upload.cdn.baselinker.com\/products\/3029707\/e0c203fd85ef3f406f8ffa4616e9524b.jpg\" \/>         <\/section>\n<\/p><\/div>\n<\/section>\n<p><strong>Dodatkowe informacje:<\/strong><\/p>\n<ul>\n<li><strong>Producent: <\/strong>INFANTINO B KIDS INTERNATIONAL LIMITED  Flat\/Rm 1203, 12\/F, East Ocean Centre, 98 Granville Road TST East, Kowloon Hong Kong; customersupport@infantino.com<\/li>\n<li><strong>Podmiot odpowiedzialny za wprowadzenie produktu na rynek europejski:<\/strong>\u00a0Infantino B kids B.V. John M. Keynesplein 12-46 1066EP Amsterdam The Netherlands eu.info@infantino.com<\/li>\n<li><strong>Ostrze\u017cenia na opakowaniu: <\/strong><\/li>\n<li><strong>Instrukcja obs\u0142ugi jest:<\/strong> NIE<\/li>\n<li><strong>Kraj pochodzenia:<\/strong> CHINY<\/li>\n<\/ul>\n","protected":false},"excerpt":{"rendered":"<p>Aktywny sorter pi\u0142ka B-Kids 315249 Aktywna pi\u0142ka pozwala dziecku sortowa\u0107 cztery teksturowane kszta\u0142ty oraz wygina\u0107 gi\u0119kie pr\u0119ty. Na g\u00f3rze znajduj\u0105<\/p>\n","protected":false},"featured_media":7604,"comment_status":"open","ping_status":"closed","template":"","meta":[],"product_brand":[],"product_cat":[16],"product_tag":[],"class_list":{"0":"post-7521","1":"product","2":"type-product","3":"status-publish","4":"has-post-thumbnail","6":"product_cat-import","8":"first","9":"instock","10":"shipping-taxable","11":"purchasable","12":"product-type-simple"},"_links":{"self":[{"href":"https:\/\/czas.m2web.pl\/index.php?rest_route=\/wp\/v2\/product\/7521","targetHints":{"allow":["GET"]}}],"collection":[{"href":"https:\/\/czas.m2web.pl\/index.php?rest_route=\/wp\/v2\/product"}],"about":[{"href":"https:\/\/czas.m2web.pl\/index.php?rest_route=\/wp\/v2\/types\/product"}],"replies":[{"embeddable":true,"href":"https:\/\/czas.m2web.pl\/index.php?rest_route=%2Fwp%2Fv2%2Fcomments&post=7521"}],"version-history":[{"count":0,"href":"https:\/\/czas.m2web.pl\/index.php?rest_route=\/wp\/v2\/product\/7521\/revisions"}],"wp:featuredmedia":[{"embeddable":true,"href":"https:\/\/czas.m2web.pl\/index.php?rest_route=\/wp\/v2\/media\/7604"}],"wp:attachment":[{"href":"https:\/\/czas.m2web.pl\/index.php?rest_route=%2Fwp%2Fv2%2Fmedia&parent=7521"}],"wp:term":[{"taxonomy":"product_brand","embeddable":true,"href":"https:\/\/czas.m2web.pl\/index.php?rest_route=%2Fwp%2Fv2%2Fproduct_brand&post=7521"},{"taxonomy":"product_cat","embeddable":true,"href":"https:\/\/czas.m2web.pl\/index.php?rest_route=%2Fwp%2Fv2%2Fproduct_cat&post=7521"},{"taxonomy":"product_tag","embeddable":true,"href":"https:\/\/czas.m2web.pl\/index.php?rest_route=%2Fwp%2Fv2%2Fproduct_tag&post=7521"}],"curies":[{"name":"wp","href":"https:\/\/api.w.org\/{rel}","templated":true}]}}