{"id":7651,"date":"2026-01-04T23:21:26","date_gmt":"2026-01-04T22:21:26","guid":{"rendered":"https:\/\/czas.m2web.pl\/?post_type=product&#038;p=7651"},"modified":"2026-01-04T23:21:33","modified_gmt":"2026-01-04T22:21:33","slug":"infantino-kapielowa-mata-antyposlizgowa-koszyk-na-zabawki-205027","status":"publish","type":"product","link":"https:\/\/czas.m2web.pl\/?product=infantino-kapielowa-mata-antyposlizgowa-koszyk-na-zabawki-205027","title":{"rendered":"Infantino K\u0105pielowa mata antypo\u015blizgowa &#8211; koszyk na zabawki 205027"},"content":{"rendered":"<section class=\"section\">\n<div class=\"item item-6\">\n<section class=\"image-item\">             <img decoding=\"async\" src=\"https:\/\/upload.cdn.baselinker.com\/products\/3029707\/c55765d7217e11de293930b4d44a77a1.jpg\" \/>         <\/section>\n<\/p><\/div>\n<div class=\"item item-6\">\n<section class=\"text-item\">\n<h1>K\u0105pielowa mata antypo\u015blizgowa &#8211; koszyk na zabawki<\/h1>\n<h2>Infantino 205027<\/h2>\n<p>Mata k\u0105pielowa 2 w 1 zapobiega \u015blizganiu si\u0119 maluch\u00f3w w wannie, a tak\u017ce s\u0142u\u017cy jako kosz do przechowywania zabawek.\u00a0<\/p>\n<p>Po zako\u0144czeniu k\u0105pieli, mat\u0119 mo\u017cna z\u0142o\u017cy\u0107 i stworzy\u0107 kosz do przechowywania zabawek, utrzymuj\u0105c porz\u0105dek w wannie.<\/p>\n<p>Antypo\u015blizgowa mata posiada przyssawki do mocowania w wannie.\u00a0<\/p>\n<p>Wykonana jest z mi\u0119kkiego materia\u0142u.\u00a0<\/p>\n<p>Z\u0142o\u017cona jako koszyk, umo\u017cliwia suszenie zabawek k\u0105pielowych.<\/p>\n<p>W zestawie jest r\u00f3wnie\u017c haczyk z przyssawk\u0105 do zawieszenia z\u0142o\u017conej maty.<\/p>\n<p>Wymiary: 47,5 cm x 76,7 cm.\u00a0\u00a0\u00a0<\/p>\n<\/section><\/div>\n<\/section>\n<section class=\"section\">\n<div class=\"item item-6\">\n<section class=\"image-item\">             <img decoding=\"async\" src=\"https:\/\/upload.cdn.baselinker.com\/products\/3029707\/859c276f7d06d3c191a15cfdc6ba3e0c.jpg\" \/>         <\/section>\n<\/p><\/div>\n<div class=\"item item-6\">\n<section class=\"image-item\">             <img decoding=\"async\" src=\"https:\/\/upload.cdn.baselinker.com\/products\/3029707\/94bf3c826ecc56a68cc7f87c800f86db.jpg\" \/>         <\/section>\n<\/p><\/div>\n<\/section>\n<section class=\"section\">\n<div class=\"item item-6\">\n<section class=\"image-item\">             <img decoding=\"async\" src=\"https:\/\/upload.cdn.baselinker.com\/products\/3029707\/b116e8ae2d7ebfc0a87a399ab2d8ffb9.jpg\" \/>         <\/section>\n<\/p><\/div>\n<div class=\"item item-6\">\n<section class=\"image-item\">             <img decoding=\"async\" src=\"https:\/\/upload.cdn.baselinker.com\/products\/3029707\/6fa22d1192037c41a192565462861bfa.jpg\" \/>         <\/section>\n<\/p><\/div>\n<\/section>\n<section class=\"section\">\n<div class=\"item item-12\">\n<section class=\"image-item\">             <img decoding=\"async\" src=\"https:\/\/upload.cdn.baselinker.com\/products\/3029707\/859c276f7d06d3c191a15cfdc6ba3e0c.jpg\" \/>         <\/section>\n<\/p><\/div>\n<\/section>\n<p><strong>Dodatkowe informacje:<\/strong><\/p>\n<ul>\n<li><strong>Producent: <\/strong>INFANTINO B KIDS INTERNATIONAL LIMITED  Flat\/Rm 1203, 12\/F, East Ocean Centre, 98 Granville Road TST East, Kowloon Hong Kong; customersupport@infantino.com<\/li>\n<li><strong>Podmiot odpowiedzialny za wprowadzenie produktu na rynek europejski:<\/strong>\u00a0Infantino B kids B.V. John M. Keynesplein 12-46 1066EP Amsterdam The Netherlands eu.info@infantino.com<\/li>\n<li><strong>Ostrze\u017cenia na opakowaniu: <\/strong><\/li>\n<li><strong>Instrukcja obs\u0142ugi jest:<\/strong> NIE<\/li>\n<li><strong>Kraj pochodzenia:<\/strong> CHINY<\/li>\n<\/ul>\n","protected":false},"excerpt":{"rendered":"<p>K\u0105pielowa mata antypo\u015blizgowa &#8211; koszyk na zabawki Infantino 205027 Mata k\u0105pielowa 2 w 1 zapobiega \u015blizganiu si\u0119 maluch\u00f3w w wannie,<\/p>\n","protected":false},"featured_media":7682,"comment_status":"open","ping_status":"closed","template":"","meta":[],"product_brand":[],"product_cat":[17,1226],"product_tag":[],"class_list":{"0":"post-7651","1":"product","2":"type-product","3":"status-publish","4":"has-post-thumbnail","6":"product_cat-dla-najmlodszych","7":"product_cat-zabawki-do-kapieli","9":"first","10":"instock","11":"shipping-taxable","12":"purchasable","13":"product-type-simple"},"_links":{"self":[{"href":"https:\/\/czas.m2web.pl\/index.php?rest_route=\/wp\/v2\/product\/7651","targetHints":{"allow":["GET"]}}],"collection":[{"href":"https:\/\/czas.m2web.pl\/index.php?rest_route=\/wp\/v2\/product"}],"about":[{"href":"https:\/\/czas.m2web.pl\/index.php?rest_route=\/wp\/v2\/types\/product"}],"replies":[{"embeddable":true,"href":"https:\/\/czas.m2web.pl\/index.php?rest_route=%2Fwp%2Fv2%2Fcomments&post=7651"}],"version-history":[{"count":0,"href":"https:\/\/czas.m2web.pl\/index.php?rest_route=\/wp\/v2\/product\/7651\/revisions"}],"wp:featuredmedia":[{"embeddable":true,"href":"https:\/\/czas.m2web.pl\/index.php?rest_route=\/wp\/v2\/media\/7682"}],"wp:attachment":[{"href":"https:\/\/czas.m2web.pl\/index.php?rest_route=%2Fwp%2Fv2%2Fmedia&parent=7651"}],"wp:term":[{"taxonomy":"product_brand","embeddable":true,"href":"https:\/\/czas.m2web.pl\/index.php?rest_route=%2Fwp%2Fv2%2Fproduct_brand&post=7651"},{"taxonomy":"product_cat","embeddable":true,"href":"https:\/\/czas.m2web.pl\/index.php?rest_route=%2Fwp%2Fv2%2Fproduct_cat&post=7651"},{"taxonomy":"product_tag","embeddable":true,"href":"https:\/\/czas.m2web.pl\/index.php?rest_route=%2Fwp%2Fv2%2Fproduct_tag&post=7651"}],"curies":[{"name":"wp","href":"https:\/\/api.w.org\/{rel}","templated":true}]}}