{"id":7652,"date":"2026-01-04T23:21:26","date_gmt":"2026-01-04T22:21:26","guid":{"rendered":"https:\/\/czas.m2web.pl\/?post_type=product&#038;p=7652"},"modified":"2026-01-04T23:21:34","modified_gmt":"2026-01-04T22:21:34","slug":"b-kids-gumowy-skoczek-zyrafka-315223","status":"publish","type":"product","link":"https:\/\/czas.m2web.pl\/?product=b-kids-gumowy-skoczek-zyrafka-315223","title":{"rendered":"B-KIDS Gumowy skoczek \u017byrafka 315223"},"content":{"rendered":"<section class=\"section\">\n<div class=\"item item-6\">\n<section class=\"image-item\">             <img decoding=\"async\" src=\"https:\/\/upload.cdn.baselinker.com\/products\/3029707\/c1d69479b90b990ce8eb7bf20ecb316b.jpg\" \/>         <\/section>\n<\/p><\/div>\n<div class=\"item item-6\">\n<section class=\"text-item\">\n<h1>Gumowy skoczek \u017byrafka<\/h1>\n<p>Infantino (B-Kids) 315223<\/p>\n<p>Skoczek \u017byrafka to nie tylko zwyk\u0142a zabawka, ale r\u00f3wnie\u017c przyrz\u0105d do \u0107wicze\u0144 gimnastycznych. Dzi\u0119ki niemu dziecko mo\u017ce rozwija\u0107 swoje zdolno\u015bci motoryczne oraz r\u00f3wnowag\u0119. W zestawie znajduje si\u0119 do\u0142\u0105czona pompka umo\u017cliwiaj\u0105ca \u0142atwe i wygodne napompowanie skoczka.<\/p>\n<p>Po naci\u015bni\u0119ciu guzika na skoczku w\u0142\u0105cz\u0105 si\u0119 3 weso\u0142e melodie oraz jeden efekt d\u017awi\u0119kowy, kt\u00f3re dostarcz\u0105 dziecku jeszcze wi\u0119ksz\u0105 rado\u015b\u0107 i zabaw\u0119.<\/p>\n<p>Wiek: 10M+<\/p>\n<p>Wymiary opakowania: 31 x 19,5 x 19,5 cm.<\/p>\n<\/section><\/div>\n<\/section>\n<section class=\"section\">\n<div class=\"item item-12\">\n<section class=\"image-item\">             <img decoding=\"async\" src=\"https:\/\/upload.cdn.baselinker.com\/products\/3029707\/c1d69479b90b990ce8eb7bf20ecb316b.jpg\" \/>         <\/section>\n<\/p><\/div>\n<\/section>\n<section class=\"section\">\n<div class=\"item item-12\">\n<section class=\"image-item\">             <img decoding=\"async\" src=\"https:\/\/upload.cdn.baselinker.com\/products\/3029707\/4a6b6683d517d11812f659d2a82c036f.jpg\" \/>         <\/section>\n<\/p><\/div>\n<\/section>\n<section class=\"section\">\n<div class=\"item item-12\">\n<section class=\"image-item\">             <img decoding=\"async\" src=\"https:\/\/upload.cdn.baselinker.com\/products\/3029707\/516c6e0feaa267c8371fe9e411475333.jpg\" \/>         <\/section>\n<\/p><\/div>\n<\/section>\n<section class=\"section\">\n<div class=\"item item-12\">\n<section class=\"image-item\">             <img decoding=\"async\" src=\"https:\/\/upload.cdn.baselinker.com\/products\/3029707\/04ea9bb074ffdfc4a3cc09835f50213b.jpg\" \/>         <\/section>\n<\/p><\/div>\n<\/section>\n<p><strong>Dodatkowe informacje:<\/strong><\/p>\n<ul>\n<li><strong>Producent: <\/strong>INFANTINO B KIDS INTERNATIONAL LIMITED  Flat\/Rm 1203, 12\/F, East Ocean Centre, 98 Granville Road TST East, Kowloon Hong Kong; elsa.chan@infantino.com; sally.ho@infantino.com<\/li>\n<li><strong>Podmiot odpowiedzialny za wprowadzenie produktu na rynek europejski:<\/strong>\u00a0Infantino B kids B.V. John M. Keynesplein 12-46 1066EP Amsterdam The Netherlands eu.info@infantino.com<\/li>\n<li><strong>Ostrze\u017cenia na opakowaniu: <\/strong><\/li>\n<li><strong>Instrukcja obs\u0142ugi jest:<\/strong> NIE<\/li>\n<li><strong>Kraj pochodzenia:<\/strong> CHINY<\/li>\n<\/ul>\n","protected":false},"excerpt":{"rendered":"<p>Gumowy skoczek \u017byrafka Infantino (B-Kids) 315223 Skoczek \u017byrafka to nie tylko zwyk\u0142a zabawka, ale r\u00f3wnie\u017c przyrz\u0105d do \u0107wicze\u0144 gimnastycznych. Dzi\u0119ki<\/p>\n","protected":false},"featured_media":7687,"comment_status":"open","ping_status":"closed","template":"","meta":[],"product_brand":[],"product_cat":[16],"product_tag":[],"class_list":{"0":"post-7652","1":"product","2":"type-product","3":"status-publish","4":"has-post-thumbnail","6":"product_cat-import","8":"first","9":"instock","10":"shipping-taxable","11":"purchasable","12":"product-type-simple"},"_links":{"self":[{"href":"https:\/\/czas.m2web.pl\/index.php?rest_route=\/wp\/v2\/product\/7652","targetHints":{"allow":["GET"]}}],"collection":[{"href":"https:\/\/czas.m2web.pl\/index.php?rest_route=\/wp\/v2\/product"}],"about":[{"href":"https:\/\/czas.m2web.pl\/index.php?rest_route=\/wp\/v2\/types\/product"}],"replies":[{"embeddable":true,"href":"https:\/\/czas.m2web.pl\/index.php?rest_route=%2Fwp%2Fv2%2Fcomments&post=7652"}],"version-history":[{"count":0,"href":"https:\/\/czas.m2web.pl\/index.php?rest_route=\/wp\/v2\/product\/7652\/revisions"}],"wp:featuredmedia":[{"embeddable":true,"href":"https:\/\/czas.m2web.pl\/index.php?rest_route=\/wp\/v2\/media\/7687"}],"wp:attachment":[{"href":"https:\/\/czas.m2web.pl\/index.php?rest_route=%2Fwp%2Fv2%2Fmedia&parent=7652"}],"wp:term":[{"taxonomy":"product_brand","embeddable":true,"href":"https:\/\/czas.m2web.pl\/index.php?rest_route=%2Fwp%2Fv2%2Fproduct_brand&post=7652"},{"taxonomy":"product_cat","embeddable":true,"href":"https:\/\/czas.m2web.pl\/index.php?rest_route=%2Fwp%2Fv2%2Fproduct_cat&post=7652"},{"taxonomy":"product_tag","embeddable":true,"href":"https:\/\/czas.m2web.pl\/index.php?rest_route=%2Fwp%2Fv2%2Fproduct_tag&post=7652"}],"curies":[{"name":"wp","href":"https:\/\/api.w.org\/{rel}","templated":true}]}}