{"id":7653,"date":"2026-01-04T23:21:26","date_gmt":"2026-01-04T22:21:26","guid":{"rendered":"https:\/\/czas.m2web.pl\/?post_type=product&#038;p=7653"},"modified":"2026-01-04T23:21:36","modified_gmt":"2026-01-04T22:21:36","slug":"infantino-pingwinek-do-kapieli-z-pokretlami-305221","status":"publish","type":"product","link":"https:\/\/czas.m2web.pl\/?product=infantino-pingwinek-do-kapieli-z-pokretlami-305221","title":{"rendered":"INFANTINO pingwinek do k\u0105pieli z pokr\u0119t\u0142ami 305221"},"content":{"rendered":"<section class=\"section\">\n<div class=\"item item-6\">\n<section class=\"image-item\">             <img decoding=\"async\" src=\"https:\/\/upload.cdn.baselinker.com\/products\/3029707\/e66dad5094f496801b1f5c3e0b052b26.jpg\" \/>         <\/section>\n<\/p><\/div>\n<div class=\"item item-6\">\n<section class=\"text-item\">\n<h2>Pingwinek do k\u0105pieli z przyssawk\u0105 i pokr\u0119t\u0142ami<\/h2>\n<p>Infantino 305221<\/p>\n<p>Pingwinek to idealna zabawka dla Twojego malucha podczas k\u0105pieli. Dzi\u0119ki przyssawce z ty\u0142u, zabawk\u0119 mo\u017cna przyczepi\u0107 do \u015bciany lub wanny.<\/p>\n<p>Ten uroczy pingwinek ma wiele ciekawych funkcji. Wyposa\u017cony jest w kubeczek do nalewania wody, pokr\u0119t\u0142a i ma\u0142\u0105 zje\u017cd\u017calni\u0119. To wszystko umo\u017cliwi maluchowi nie tylko wykorzystanie w\u0142asnej wyobra\u017ani, ale tak\u017ce pozwoli na rozwijanie umiej\u0119tno\u015bci motorycznych.<\/p>\n<p>Zabawka zapewni Twojemu dziecku nie tylko rado\u015b\u0107 i zabaw\u0119 podczas k\u0105pieli, ale tak\u017ce stymulacj\u0119 sensoryczn\u0105 i nauk\u0119 przez zabaw\u0119.<\/p>\n<p>Wiek: 12 M+.<\/p>\n<p>Wymiary opakowania: 24 cm x 25,5 cm x 9 cm.<\/p>\n<\/section><\/div>\n<\/section>\n<section class=\"section\">\n<div class=\"item item-12\">\n<section class=\"image-item\">             <img decoding=\"async\" src=\"https:\/\/upload.cdn.baselinker.com\/products\/3029707\/ec94273bf6688d82517054257013dcda.jpg\" \/>         <\/section>\n<\/p><\/div>\n<\/section>\n<section class=\"section\">\n<div class=\"item item-12\">\n<section class=\"image-item\">             <img decoding=\"async\" src=\"https:\/\/upload.cdn.baselinker.com\/products\/3029707\/93b4f6e666d52209366e3ca6ec8e1183.jpg\" \/>         <\/section>\n<\/p><\/div>\n<\/section>\n<p><strong>Dodatkowe informacje:<\/strong><\/p>\n<ul>\n<li><strong>Producent: <\/strong>INFANTINO B KIDS INTERNATIONAL LIMITED  Flat\/Rm 1203, 12\/F, East Ocean Centre, 98 Granville Road TST East, Kowloon Hong Kong; customersupport@infantino.com<\/li>\n<li><strong>Podmiot odpowiedzialny za wprowadzenie produktu na rynek europejski:<\/strong>\u00a0Infantino B kids B.V. John M. Keynesplein 12-46 1066EP Amsterdam The Netherlands eu.info@infantino.com<\/li>\n<li><strong>Ostrze\u017cenia na opakowaniu: <\/strong><\/li>\n<li><strong>Instrukcja obs\u0142ugi jest:<\/strong> NIE<\/li>\n<li><strong>Kraj pochodzenia:<\/strong> CHINY<\/li>\n<\/ul>\n","protected":false},"excerpt":{"rendered":"<p>Pingwinek do k\u0105pieli z przyssawk\u0105 i pokr\u0119t\u0142ami Infantino 305221 Pingwinek to idealna zabawka dla Twojego malucha podczas k\u0105pieli. Dzi\u0119ki przyssawce<\/p>\n","protected":false},"featured_media":7691,"comment_status":"open","ping_status":"closed","template":"","meta":[],"product_brand":[],"product_cat":[121,17],"product_tag":[],"class_list":{"0":"post-7653","1":"product","2":"type-product","3":"status-publish","4":"has-post-thumbnail","6":"product_cat-aktywne-i-edukacyjne","7":"product_cat-dla-najmlodszych","9":"first","10":"instock","11":"shipping-taxable","12":"purchasable","13":"product-type-simple"},"_links":{"self":[{"href":"https:\/\/czas.m2web.pl\/index.php?rest_route=\/wp\/v2\/product\/7653","targetHints":{"allow":["GET"]}}],"collection":[{"href":"https:\/\/czas.m2web.pl\/index.php?rest_route=\/wp\/v2\/product"}],"about":[{"href":"https:\/\/czas.m2web.pl\/index.php?rest_route=\/wp\/v2\/types\/product"}],"replies":[{"embeddable":true,"href":"https:\/\/czas.m2web.pl\/index.php?rest_route=%2Fwp%2Fv2%2Fcomments&post=7653"}],"version-history":[{"count":0,"href":"https:\/\/czas.m2web.pl\/index.php?rest_route=\/wp\/v2\/product\/7653\/revisions"}],"wp:featuredmedia":[{"embeddable":true,"href":"https:\/\/czas.m2web.pl\/index.php?rest_route=\/wp\/v2\/media\/7691"}],"wp:attachment":[{"href":"https:\/\/czas.m2web.pl\/index.php?rest_route=%2Fwp%2Fv2%2Fmedia&parent=7653"}],"wp:term":[{"taxonomy":"product_brand","embeddable":true,"href":"https:\/\/czas.m2web.pl\/index.php?rest_route=%2Fwp%2Fv2%2Fproduct_brand&post=7653"},{"taxonomy":"product_cat","embeddable":true,"href":"https:\/\/czas.m2web.pl\/index.php?rest_route=%2Fwp%2Fv2%2Fproduct_cat&post=7653"},{"taxonomy":"product_tag","embeddable":true,"href":"https:\/\/czas.m2web.pl\/index.php?rest_route=%2Fwp%2Fv2%2Fproduct_tag&post=7653"}],"curies":[{"name":"wp","href":"https:\/\/api.w.org\/{rel}","templated":true}]}}