{"id":7654,"date":"2026-01-04T23:21:26","date_gmt":"2026-01-04T22:21:26","guid":{"rendered":"https:\/\/czas.m2web.pl\/?post_type=product&#038;p=7654"},"modified":"2026-01-04T23:21:39","modified_gmt":"2026-01-04T22:21:39","slug":"infantino-kubeczki-do-nakladania-z-pileczka-315206","status":"publish","type":"product","link":"https:\/\/czas.m2web.pl\/?product=infantino-kubeczki-do-nakladania-z-pileczka-315206","title":{"rendered":"INFANTINO kubeczki do nak\u0142adania z pi\u0142eczk\u0105 315206"},"content":{"rendered":"<section class=\"section\">\n<div class=\"item item-6\">\n<section class=\"image-item\">             <img decoding=\"async\" src=\"https:\/\/upload.cdn.baselinker.com\/products\/3029707\/043ebc3ef36a2e2537ca8afaff8b79a9.jpg\" \/>         <\/section>\n<\/p><\/div>\n<div class=\"item item-6\">\n<section class=\"text-item\">\n<h2>KUBECZKI DO NAK\u0141ADANIA Z PI\u0141ECZK\u0104<\/h2>\n<p>INFANTINO 315206<\/p>\n<p>Ten zestaw kubeczk\u00f3w do nak\u0142adania z pi\u0142eczk\u0105 to doskona\u0142y spos\u00f3b na rozwijanie zdolno\u015bci manualnych i koordynacji dziecka. Zaprojektowane specjalnie dla maluch\u00f3w, zapewni\u0105 wiele godzin rado\u015bci i edukacji.<\/p>\n<p>Wykonane z wysokiej jako\u015bci plastiku, kubeczki s\u0105 bezpieczne dla maluszk\u00f3w i przystosowane do codziennego u\u017cytku. Ich kszta\u0142ty oraz jedna, wi\u0119ksza pi\u0142eczka zach\u0119caj\u0105 do eksperymentowania i nauki poprzez zabaw\u0119.<\/p>\n<p>Dziecko b\u0119dzie mog\u0142o nauczy\u0107 si\u0119, jak uk\u0142ada\u0107 kubki w r\u00f3\u017cne konfiguracje, przek\u0142ada\u0107 pi\u0142eczki mi\u0119dzy nimi oraz tworzy\u0107 wie\u017ce, rozwijaj\u0105c jednocze\u015bnie umiej\u0119tno\u015bci manualne i logiczne my\u015blenie.<\/p>\n<p>Zestaw kubeczk\u00f3w Infantino to nie tylko doskona\u0142y pretekst do zabawy, ale tak\u017ce narz\u0119dzie wspomagaj\u0105ce rozw\u00f3j percepcji wzrokowej i umiej\u0119tno\u015bci motorycznych dziecka.<\/p>\n<p>Wiek: 6M+<\/p>\n<p>Wymiary opakowania: 21 cm x 21 cm x 12 cm.<\/p>\n<\/section><\/div>\n<\/section>\n<section class=\"section\">\n<div class=\"item item-12\">\n<section class=\"image-item\">             <img decoding=\"async\" src=\"https:\/\/upload.cdn.baselinker.com\/products\/3029707\/98655229737960d94ffa5d241ef181a8.jpg\" \/>         <\/section>\n<\/p><\/div>\n<\/section>\n<section class=\"section\">\n<div class=\"item item-12\">\n<section class=\"image-item\">             <img decoding=\"async\" src=\"https:\/\/upload.cdn.baselinker.com\/products\/3029707\/87d53be6768ac2fb7c7811997597632a.jpg\" \/>         <\/section>\n<\/p><\/div>\n<\/section>\n<section class=\"section\">\n<div class=\"item item-12\">\n<section class=\"image-item\">             <img decoding=\"async\" src=\"https:\/\/upload.cdn.baselinker.com\/products\/3029707\/0f5b70b72af76e27dc9e543fa750c263.jpg\" \/>         <\/section>\n<\/p><\/div>\n<\/section>\n<section class=\"section\">\n<div class=\"item item-6\">\n<section class=\"image-item\">             <img decoding=\"async\" src=\"https:\/\/upload.cdn.baselinker.com\/products\/3029707\/c0d999bc7b7eb7d842c234c269081d9b.png\" \/>         <\/section>\n<\/p><\/div>\n<div class=\"item item-6\">\n<section class=\"image-item\">             <img decoding=\"async\" src=\"https:\/\/upload.cdn.baselinker.com\/products\/3029707\/fe437fe01c5d5be9b920a948c537280c.png\" \/>         <\/section>\n<\/p><\/div>\n<\/section>\n<section class=\"section\">\n<div class=\"item item-6\">\n<section class=\"image-item\">             <img decoding=\"async\" src=\"https:\/\/upload.cdn.baselinker.com\/products\/3029707\/022ed1337fdf028e2dbaf9f9ecf6eb95.png\" \/>         <\/section>\n<\/p><\/div>\n<div class=\"item item-6\">\n<section class=\"image-item\">             <img decoding=\"async\" src=\"https:\/\/upload.cdn.baselinker.com\/products\/3029707\/8054885a337327902699e208337af757.png\" \/>         <\/section>\n<\/p><\/div>\n<\/section>\n<section class=\"section\">\n<div class=\"item item-12\">\n<section class=\"image-item\">             <img decoding=\"async\" src=\"https:\/\/upload.cdn.baselinker.com\/products\/3029707\/c698515ca9a6d88e7258cdb47ab9add6.jpg\" \/>         <\/section>\n<\/p><\/div>\n<\/section>\n<p><strong>Dodatkowe informacje:<\/strong><\/p>\n<ul>\n<li><strong>Producent: <\/strong>INFANTINO B KIDS INTERNATIONAL LIMITED  Flat\/Rm 1203, 12\/F, East Ocean Centre, 98 Granville Road TST East, Kowloon Hong Kong; customersupport@infantino.com<\/li>\n<li><strong>Podmiot odpowiedzialny za wprowadzenie produktu na rynek europejski:<\/strong>\u00a0Infantino B kids B.V. John M. Keynesplein 12-46 1066EP Amsterdam The Netherlands eu.info@infantino.com<\/li>\n<li><strong>Ostrze\u017cenia na opakowaniu: <\/strong><\/li>\n<li><strong>Instrukcja obs\u0142ugi jest:<\/strong> NIE<\/li>\n<li><strong>Kraj pochodzenia:<\/strong> CHINY<\/li>\n<\/ul>\n","protected":false},"excerpt":{"rendered":"<p>KUBECZKI DO NAK\u0141ADANIA Z PI\u0141ECZK\u0104 INFANTINO 315206 Ten zestaw kubeczk\u00f3w do nak\u0142adania z pi\u0142eczk\u0105 to doskona\u0142y spos\u00f3b na rozwijanie zdolno\u015bci<\/p>\n","protected":false},"featured_media":7695,"comment_status":"open","ping_status":"closed","template":"","meta":[],"product_brand":[],"product_cat":[121,17],"product_tag":[],"class_list":{"0":"post-7654","1":"product","2":"type-product","3":"status-publish","4":"has-post-thumbnail","6":"product_cat-aktywne-i-edukacyjne","7":"product_cat-dla-najmlodszych","9":"first","10":"instock","11":"shipping-taxable","12":"purchasable","13":"product-type-simple"},"_links":{"self":[{"href":"https:\/\/czas.m2web.pl\/index.php?rest_route=\/wp\/v2\/product\/7654","targetHints":{"allow":["GET"]}}],"collection":[{"href":"https:\/\/czas.m2web.pl\/index.php?rest_route=\/wp\/v2\/product"}],"about":[{"href":"https:\/\/czas.m2web.pl\/index.php?rest_route=\/wp\/v2\/types\/product"}],"replies":[{"embeddable":true,"href":"https:\/\/czas.m2web.pl\/index.php?rest_route=%2Fwp%2Fv2%2Fcomments&post=7654"}],"version-history":[{"count":0,"href":"https:\/\/czas.m2web.pl\/index.php?rest_route=\/wp\/v2\/product\/7654\/revisions"}],"wp:featuredmedia":[{"embeddable":true,"href":"https:\/\/czas.m2web.pl\/index.php?rest_route=\/wp\/v2\/media\/7695"}],"wp:attachment":[{"href":"https:\/\/czas.m2web.pl\/index.php?rest_route=%2Fwp%2Fv2%2Fmedia&parent=7654"}],"wp:term":[{"taxonomy":"product_brand","embeddable":true,"href":"https:\/\/czas.m2web.pl\/index.php?rest_route=%2Fwp%2Fv2%2Fproduct_brand&post=7654"},{"taxonomy":"product_cat","embeddable":true,"href":"https:\/\/czas.m2web.pl\/index.php?rest_route=%2Fwp%2Fv2%2Fproduct_cat&post=7654"},{"taxonomy":"product_tag","embeddable":true,"href":"https:\/\/czas.m2web.pl\/index.php?rest_route=%2Fwp%2Fv2%2Fproduct_tag&post=7654"}],"curies":[{"name":"wp","href":"https:\/\/api.w.org\/{rel}","templated":true}]}}