{"id":7655,"date":"2026-01-04T23:21:26","date_gmt":"2026-01-04T22:21:26","guid":{"rendered":"https:\/\/czas.m2web.pl\/?post_type=product&#038;p=7655"},"modified":"2026-01-04T23:21:41","modified_gmt":"2026-01-04T22:21:41","slug":"infantino-sensoryczna-teczowa-pilka-5217","status":"publish","type":"product","link":"https:\/\/czas.m2web.pl\/?product=infantino-sensoryczna-teczowa-pilka-5217","title":{"rendered":"INFANTINO sensoryczna t\u0119czowa pi\u0142ka 5217"},"content":{"rendered":"<section class=\"section\">\n<div class=\"item item-6\">\n<section class=\"image-item\">             <img decoding=\"async\" src=\"https:\/\/upload.cdn.baselinker.com\/products\/3029707\/154e4d0965aa96a94cd8fe2d1aa33310.jpg\" \/>         <\/section>\n<\/p><\/div>\n<div class=\"item item-6\">\n<section class=\"text-item\">\n<h2>T\u0119czowa pi\u0142ka dla niemowl\u0105t<\/h2>\n<p>Infantino 5217<\/p>\n<p>Ta t\u0119czowa pi\u0142ka dla niemowl\u0105t zosta\u0142a stworzona, aby zapewni\u0107\u00a0 maluszkowi mn\u00f3stwo rado\u015bci i pobudzi\u0107 jego rozw\u00f3j sensoryczny. Pi\u0142ka posiada nier\u00f3wne, kolorowe kratery o r\u00f3\u017cnorodnych fakturach.<\/p>\n<p>Kiedy pi\u0142ka zostanie wprowadzona w ruch, dziecko mo\u017ce cieszy\u0107 si\u0119 weso\u0142ymi melodiami i migaj\u0105cymi \u015bwiate\u0142kami, kt\u00f3re dzia\u0142aj\u0105 na zmys\u0142 s\u0142uchu i wzroku. To zapewnia nie tylko rozrywk\u0119, ale r\u00f3wnie\u017c stymuluje rozw\u00f3j sensoryczny.<\/p>\n<p>Dodatkowo, gdy pi\u0142ka przestaje si\u0119 toczy\u0107, wydaje g\u0142osowe oznaczenie kolor\u00f3w po angielsku, co pomaga maluchowi w nauce rozpoznawania i nazewnictwa kolor\u00f3w.<\/p>\n<p>Ta pi\u0142ka jest idealnym towarzyszem zabaw zar\u00f3wno w domu, jak i na zewn\u0105trz.<\/p>\n<p>Wiek: 9M+.<\/p>\n<p>Wymiary opakowania: 13,5 cm x 13, 5 cm<\/p>\n<\/section><\/div>\n<\/section>\n<section class=\"section\">\n<div class=\"item item-12\">\n<section class=\"image-item\">             <img decoding=\"async\" src=\"https:\/\/upload.cdn.baselinker.com\/products\/3029707\/154e4d0965aa96a94cd8fe2d1aa33310.jpg\" \/>         <\/section>\n<\/p><\/div>\n<\/section>\n<section class=\"section\">\n<div class=\"item item-6\">\n<section class=\"image-item\">             <img decoding=\"async\" src=\"https:\/\/upload.cdn.baselinker.com\/products\/3029707\/c26dee4f72beab9354643eb8dce1e6b3.jpg\" \/>         <\/section>\n<\/p><\/div>\n<div class=\"item item-6\">\n<section class=\"image-item\">             <img decoding=\"async\" src=\"https:\/\/upload.cdn.baselinker.com\/products\/3029707\/16c49ee543c3c5c957e7b09b2f0dbe92.jpg\" \/>         <\/section>\n<\/p><\/div>\n<\/section>\n<section class=\"section\">\n<div class=\"item item-6\">\n<section class=\"image-item\">             <img decoding=\"async\" src=\"https:\/\/upload.cdn.baselinker.com\/products\/3029707\/671eb51d368614f1238c37a3ad88b86d.jpg\" \/>         <\/section>\n<\/p><\/div>\n<div class=\"item item-6\">\n<section class=\"image-item\">             <img decoding=\"async\" src=\"https:\/\/upload.cdn.baselinker.com\/products\/3029707\/ece3251a2549bfab0d38eae2d21e7caf.jpg\" \/>         <\/section>\n<\/p><\/div>\n<\/section>\n<section class=\"section\">\n<div class=\"item item-12\">\n<section class=\"image-item\">             <img decoding=\"async\" src=\"https:\/\/upload.cdn.baselinker.com\/products\/3029707\/d5e93cb50461c5545926c32732692005.jpg\" \/>         <\/section>\n<\/p><\/div>\n<\/section>\n<p><strong>Dodatkowe informacje:<\/strong><\/p>\n<ul>\n<li><strong>Producent: <\/strong>INFANTINO B KIDS INTERNATIONAL LIMITED  Flat\/Rm 1203, 12\/F, East Ocean Centre, 98 Granville Road TST East, Kowloon Hong Kong; customersupport@infantino.com<\/li>\n<li><strong>Podmiot odpowiedzialny za wprowadzenie produktu na rynek europejski:<\/strong>\u00a0Infantino B kids B.V. John M. Keynesplein 12-46 1066EP Amsterdam The Netherlands eu.info@infantino.com<\/li>\n<li><strong>Ostrze\u017cenia na opakowaniu: <\/strong><\/li>\n<li><strong>Instrukcja obs\u0142ugi jest:<\/strong> NIE<\/li>\n<li><strong>Kraj pochodzenia:<\/strong> CHINY<\/li>\n<\/ul>\n","protected":false},"excerpt":{"rendered":"<p>T\u0119czowa pi\u0142ka dla niemowl\u0105t Infantino 5217 Ta t\u0119czowa pi\u0142ka dla niemowl\u0105t zosta\u0142a stworzona, aby zapewni\u0107\u00a0 maluszkowi mn\u00f3stwo rado\u015bci i pobudzi\u0107<\/p>\n","protected":false},"featured_media":7704,"comment_status":"open","ping_status":"closed","template":"","meta":[],"product_brand":[],"product_cat":[121,17],"product_tag":[],"class_list":{"0":"post-7655","1":"product","2":"type-product","3":"status-publish","4":"has-post-thumbnail","6":"product_cat-aktywne-i-edukacyjne","7":"product_cat-dla-najmlodszych","9":"first","10":"instock","11":"shipping-taxable","12":"purchasable","13":"product-type-simple"},"_links":{"self":[{"href":"https:\/\/czas.m2web.pl\/index.php?rest_route=\/wp\/v2\/product\/7655","targetHints":{"allow":["GET"]}}],"collection":[{"href":"https:\/\/czas.m2web.pl\/index.php?rest_route=\/wp\/v2\/product"}],"about":[{"href":"https:\/\/czas.m2web.pl\/index.php?rest_route=\/wp\/v2\/types\/product"}],"replies":[{"embeddable":true,"href":"https:\/\/czas.m2web.pl\/index.php?rest_route=%2Fwp%2Fv2%2Fcomments&post=7655"}],"version-history":[{"count":0,"href":"https:\/\/czas.m2web.pl\/index.php?rest_route=\/wp\/v2\/product\/7655\/revisions"}],"wp:featuredmedia":[{"embeddable":true,"href":"https:\/\/czas.m2web.pl\/index.php?rest_route=\/wp\/v2\/media\/7704"}],"wp:attachment":[{"href":"https:\/\/czas.m2web.pl\/index.php?rest_route=%2Fwp%2Fv2%2Fmedia&parent=7655"}],"wp:term":[{"taxonomy":"product_brand","embeddable":true,"href":"https:\/\/czas.m2web.pl\/index.php?rest_route=%2Fwp%2Fv2%2Fproduct_brand&post=7655"},{"taxonomy":"product_cat","embeddable":true,"href":"https:\/\/czas.m2web.pl\/index.php?rest_route=%2Fwp%2Fv2%2Fproduct_cat&post=7655"},{"taxonomy":"product_tag","embeddable":true,"href":"https:\/\/czas.m2web.pl\/index.php?rest_route=%2Fwp%2Fv2%2Fproduct_tag&post=7655"}],"curies":[{"name":"wp","href":"https:\/\/api.w.org\/{rel}","templated":true}]}}