{"id":7661,"date":"2026-01-04T23:21:27","date_gmt":"2026-01-04T22:21:27","guid":{"rendered":"https:\/\/czas.m2web.pl\/?post_type=product&#038;p=7661"},"modified":"2026-01-04T23:21:50","modified_gmt":"2026-01-04T22:21:50","slug":"hulajnoga-trojkolowa-balansowa-barbie-stamp-200045","status":"publish","type":"product","link":"https:\/\/czas.m2web.pl\/?product=hulajnoga-trojkolowa-balansowa-barbie-stamp-200045","title":{"rendered":"Hulajnoga tr\u00f3jko\u0142owa balansowa Barbie Stamp 200045"},"content":{"rendered":"<section class=\"section\">\n<div class=\"item item-6\">\n<section class=\"image-item\">             <img decoding=\"async\" src=\"https:\/\/upload.cdn.baselinker.com\/products\/3029707\/58bf4b18093c2e0f4bd72eb69aac8108.jpg\" \/>         <\/section>\n<\/p><\/div>\n<div class=\"item item-6\">\n<section class=\"text-item\">\n<h1>Hulajnoga balansowa Barbie<\/h1>\n<p>Nr kat.:\u00a0200045  Stamp<\/p>\n<p>Hulajnoga posiada innowacyjn\u0105 i unikaln\u0105 konstrukcj\u0119. Dwa k\u00f3\u0142ka z przodu, jedno z ty\u0142u. Steruje si\u0119 poprzez odpowiednie ruchy cia\u0142a i pochylenie w odpowiednim kierunku. Umo\u017cliwia to szybsz\u0105 i bezpieczniejsz\u0105 zmian\u0119 kierunku jazdy.<\/p>\n<p>Hulajnoga posiada antypo\u015blizgowy podest, hamulec tylnego k\u00f3\u0142ka, antypo\u015blizgowe r\u0105czki kierownicy. Ko\u0142a hulajnogi wykonane s\u0105 z tworzywa PVC, nie ha\u0142asuj\u0105 i pozwalaj\u0105 dziecku na zabaw\u0119 zar\u00f3wno w domu, jak i na dworze.<\/p>\n<ul>\n<li>Hulajnoga jest sk\u0142adana (wyjmowana r\u0105czka).<\/li>\n<li>Wysoko\u015b\u0107 65 cm, od podestu \u2013 58 cm.<\/li>\n<li>Wymiary podestu: 27 x 11 cm.<\/li>\n<li>R\u0105czka nie jest regulowana.<\/li>\n<li>Hulajnoga przeznaczona jest dla dzieci do 20 kg.<\/li>\n<li>\u015arednica k\u00f3\u0142 przednich: 12,5 cm.<\/li>\n<li>\u015arednica tylnego k\u00f3\u0142ka: 9,5 cm.<\/li>\n<\/ul>\n<\/section><\/div>\n<\/section>\n<section class=\"section\">\n<div class=\"item item-12\">\n<section class=\"image-item\">             <img decoding=\"async\" src=\"https:\/\/upload.cdn.baselinker.com\/products\/3029707\/58bf4b18093c2e0f4bd72eb69aac8108.jpg\" \/>         <\/section>\n<\/p><\/div>\n<\/section>\n<section class=\"section\">\n<div class=\"item item-12\">\n<section class=\"image-item\">             <img decoding=\"async\" src=\"https:\/\/upload.cdn.baselinker.com\/products\/3029707\/b52c02ef45ab398f328db2dc3d8a36a3.jpg\" \/>         <\/section>\n<\/p><\/div>\n<\/section>\n<section class=\"section\">\n<div class=\"item item-12\">\n<section class=\"image-item\">             <img decoding=\"async\" src=\"https:\/\/upload.cdn.baselinker.com\/products\/3029707\/45e9ea0ef3204e13c80f257118f9d9be.jpg\" \/>         <\/section>\n<\/p><\/div>\n<\/section>\n<p><strong>Dodatkowe informacje:<\/strong><\/p>\n<ul>\n<li><strong>Producent: <\/strong>STAMP S.A.S, 7 Rue Denis Papin, 67400 Illkirch-Graff, France;  emmanuellelaurent@stamp-fr.com<\/li>\n<li><strong>Podmiot odpowiedzialny za wprowadzenie produktu na rynek europejski:<\/strong>\u00a0STAMP S.A.S, 7 Rue Denis Papin, 67400 Illkirch-Graff, France;  emmanuellelaurent@stamp-fr.com<\/li>\n<li><strong>Ostrze\u017cenia na opakowaniu: <\/strong>Wiek: 3+; Waga maksymalna: 20kg; Instrukcja u\u017cytkowania wewn\u0105trz opakowania. Ostrze\u017cenia: Uwaga! Nieodpowiednie dla dzieci poni\u017cej 3 roku \u017cycia. Zestaw zawiera ma\u0142e elementy, kt\u00f3re mog\u0105 by\u0107 po\u0142kni\u0119te co grozi uduszeniem. Monta\u017cu mo\u017ce dokona\u0107 jedynie osoba doros\u0142a. Zabawka powinna by\u0107 u\u017cytkowana jedynie pod opiek\u0105 osoby doros\u0142ej. Podczas u\u017cytkowania zawsze nale\u017cy zak\u0142ada\u0107 ubranie ochronne (kask, r\u0119kawice, ochraniacze na \u0142okcie i kolana). Zabronione jest u\u017cytkowanie na drogach publicznych, do u\u017cytku jedynie w miejscach prywatnych. Nie u\u017cywaj po ciemku ani przy ograniczonej widoczno\u015bci, w pobli\u017cu basenu, na chodniku ani pochy\u0142ych powierzchniach. Zabawka przeznaczona tylko dla jednego dziecka jednocze\u015bnie. Przed przekazaniem dziecku, nale\u017cy usun\u0105\u0107 wszystkie elementy opakowania oraz upewni\u0107 si\u0119, \u017ce wszystkie \u015bruby s\u0105 dok\u0142adnie dokr\u0119cone. Opakowanie nie stanowi cz\u0119\u015bci zabawki!  Producent zastrzega sobie mo\u017cliwo\u015b\u0107 zmian kolorystycznych i technicznych. Prosimy zachowa\u0107 opakowanie wraz z ostrze\u017ceniami i pozosta\u0142ymi informacjami do p\u00f3\u017aniejszej korespondencji. Wyprodukowano w Chinach<\/li>\n<li><strong>Instrukcja obs\u0142ugi jest:<\/strong> OSTRZE\u017bENIE: Nale\u017cy stosowa\u0107 \u015brodki ochrony indywidualnej. Nie u\u017cywa\u0107 w ruchu ulicznym. Nie u\u017cywa\u0107 na drogach publicznych. Maksymalne dopuszczalne obci\u0105\u017cenie \u2013 20 kg. Przed przekazaniem dziecku nale\u017cy usun\u0105\u0107 wszystkie elementy opakowania. Roz\u0142\u00f3\u017c wszystkie cz\u0119\u015bci p\u0142asko i przed rozpocz\u0119ciem monta\u017cu zapoznaj si\u0119 ze schematami w instrukcji. Zatrzymaj wszystkie cz\u0119\u015bci opakowania a\u017c do uko\u0144czenia monta\u017cu.  Instrukcje og\u00f3lne: Produkt powinien by\u0107 zmontowany przez osob\u0119 doros\u0142\u0105. Post\u0119puj zgodnie z instrukcj\u0105 monta\u017cu i przed przekazaniem dziecku sprawd\u017a czy hulajnoga zosta\u0142a z\u0142o\u017cona prawid\u0142owo. U\u017cywanie hulajnogi wymaga precyzji i umiej\u0119tno\u015bci, nale\u017cy u\u017cytkowa\u0107 j\u0105 ostro\u017cnie, aby unikn\u0105\u0107 wypadk\u00f3w. Upewnij si\u0119, \u017ce dziecko ma za\u0142o\u017cone \u015brodki ochronne (kask, r\u0119kawice, ochraniacze na \u0142okcie i kolana). Zaleca si\u0119 jazd\u0119 w obuwiu sportowym z p\u0142ask\u0105 podeszw\u0105. Dzieci musz\u0105 zosta\u0107 nauczone, jak bezpiecznie je\u017adzi\u0107 na hulajnodze.   Wskaz\u00f3wki dotycz\u0105ce u\u017cytkowania: &#8211; Nie u\u017cywa\u0107 w ruchu ulicznym &#8211; U\u017cywaj na suchych, g\u0142adkich i p\u0142askich nawierzchniach, z dala od piasku, \u017cwiru czy b\u0142ota &#8211; Nie pozwalaj dziecku je\u017adzi\u0107 na hulajnodze noc\u0105, gdy\u017c nie zawiera ona przednich \u015bwiate\u0142 &#8211; Wysoce rekomendowany jest nadz\u00f3r osoby doros\u0142ej nad dzieckiem bawi\u0105cym si\u0119 hulajnog\u0105 &#8211; nie pozw\u00f3l na zabaw\u0119 hulajnog\u0105 wi\u0119cej ni\u017c jednemu dziecku w tym samym czasie &#8211; przed ka\u017cdym u\u017cyciem sprawd\u017a czy wszystkie elementy s\u0105 prawid\u0142owo zamontowane i nie poluzowa\u0142y si\u0119. Sprawd\u017a te\u017c wszystkie z\u0142\u0105czenia oraz poziom zu\u017cycia k\u00f3\u0142 &#8211; w czasie u\u017cytkowania: dziecko powinno sta\u0107 na hulajnodze prosto trzymaj\u0105c r\u0105czki hulajnogi obydwoma r\u0119kami i odpycha\u0107 si\u0119 jedn\u0105 nog\u0105 w celu jazdy do przodu &#8211; hamulec umieszczony jest nad tylnym ko\u0142em. Naciskaj go ostro\u017cnie i stopniowo aby unikn\u0105\u0107 gwa\u0142townego zahamowania i utraty r\u00f3wnowagi  Upewnij si\u0119, \u017ce dziecko ma za\u0142o\u017cone \u015brodki ochronne (kask, r\u0119kawice, ochraniacze na \u0142okcie i kolana). Zaleca si\u0119 jazd\u0119 w obuwiu sportowym z p\u0142ask\u0105 podeszw\u0105. SK\u0141ADANIE HULAJNOGI: 1.\tUmie\u015b\u0107 kierownic\u0119 w otworze znajduj\u0105cym si\u0119 na przodzie hulajnogi pomi\u0119dzy dwoma przednimi ko\u0142ami zwracaj\u0105c uwag\u0119 na kierunek umiejscowienia. 2.\tUpewnij si\u0119, \u017ce przycisk blokuj\u0105cy zostanie prawid\u0142owo umieszczony w otworze i zablokuje kierownic\u0119 w odpowiedni spos\u00f3b. Informacje dotycz\u0105ce bezpiecze\u0144stwa i utrzymania: 1.\tUnikaj u\u017cywania hulajnogi na wodzie, oleju, piasku, gdy\u017c mo\u017ce to uszkodzi\u0107 mechanizm k\u00f3\u0142 2.\tKo\u0142a z czasem mog\u0105 ulec zu\u017cyciu, zw\u0142aszcza je\u017celi b\u0119d\u0105 u\u017cywane na twardych powierzchniach. Szczeg\u00f3lnie tylne ko\u0142o z hamulcem nara\u017cone jest na uszkodzenia i zu\u017cycia. Dlatego ze wzgl\u0119d\u00f3w bezpiecze\u0144stwa sprawdzaj ko\u0142a regularnie i wymie\u0144 w razie potrzeby. 3.\tWprowadzanie jakichkolwiek zmian w hulajnodze za wyj\u0105tkiem tych, o kt\u00f3rych wspomniano w instrukcji jest zakazane. 4.\t\u015arubki i o\u015b hulajnogi r\u00f3wnie\u017c powinny by\u0107 regularnie sprawdzane. Je\u017celi \u015brubki si\u0119 poluzuj\u0105, nale\u017cy je przykr\u0119ci\u0107. Zu\u017cyte \u015brubki nale\u017cy wymieni\u0107. 5.\tHulajnog\u0119 czy\u015bci\u0107 mi\u0119kk\u0105 wilgotn\u0105 szmatk\u0105<\/li>\n<li><strong>Kraj pochodzenia:<\/strong> CHINY<\/li>\n<\/ul>\n","protected":false},"excerpt":{"rendered":"<p>Hulajnoga balansowa Barbie Nr kat.:\u00a0200045 Stamp Hulajnoga posiada innowacyjn\u0105 i unikaln\u0105 konstrukcj\u0119. Dwa k\u00f3\u0142ka z przodu, jedno z ty\u0142u. Steruje<\/p>\n","protected":false},"featured_media":7746,"comment_status":"open","ping_status":"closed","template":"","meta":[],"product_brand":[],"product_cat":[418,417],"product_tag":[],"class_list":{"0":"post-7661","1":"product","2":"type-product","3":"status-publish","4":"has-post-thumbnail","6":"product_cat-hulajnogi-i-rowerki","7":"product_cat-zabawki-outdoorowe","9":"first","10":"instock","11":"shipping-taxable","12":"purchasable","13":"product-type-simple"},"_links":{"self":[{"href":"https:\/\/czas.m2web.pl\/index.php?rest_route=\/wp\/v2\/product\/7661","targetHints":{"allow":["GET"]}}],"collection":[{"href":"https:\/\/czas.m2web.pl\/index.php?rest_route=\/wp\/v2\/product"}],"about":[{"href":"https:\/\/czas.m2web.pl\/index.php?rest_route=\/wp\/v2\/types\/product"}],"replies":[{"embeddable":true,"href":"https:\/\/czas.m2web.pl\/index.php?rest_route=%2Fwp%2Fv2%2Fcomments&post=7661"}],"version-history":[{"count":0,"href":"https:\/\/czas.m2web.pl\/index.php?rest_route=\/wp\/v2\/product\/7661\/revisions"}],"wp:featuredmedia":[{"embeddable":true,"href":"https:\/\/czas.m2web.pl\/index.php?rest_route=\/wp\/v2\/media\/7746"}],"wp:attachment":[{"href":"https:\/\/czas.m2web.pl\/index.php?rest_route=%2Fwp%2Fv2%2Fmedia&parent=7661"}],"wp:term":[{"taxonomy":"product_brand","embeddable":true,"href":"https:\/\/czas.m2web.pl\/index.php?rest_route=%2Fwp%2Fv2%2Fproduct_brand&post=7661"},{"taxonomy":"product_cat","embeddable":true,"href":"https:\/\/czas.m2web.pl\/index.php?rest_route=%2Fwp%2Fv2%2Fproduct_cat&post=7661"},{"taxonomy":"product_tag","embeddable":true,"href":"https:\/\/czas.m2web.pl\/index.php?rest_route=%2Fwp%2Fv2%2Fproduct_tag&post=7661"}],"curies":[{"name":"wp","href":"https:\/\/api.w.org\/{rel}","templated":true}]}}