{"id":7672,"date":"2026-01-04T23:21:27","date_gmt":"2026-01-04T22:21:27","guid":{"rendered":"https:\/\/czas.m2web.pl\/?post_type=product&#038;p=7672"},"modified":"2026-01-04T23:22:02","modified_gmt":"2026-01-04T22:22:02","slug":"walizka-podrozna-dla-dzieci-lew-3d-klocki-1708","status":"publish","type":"product","link":"https:\/\/czas.m2web.pl\/?product=walizka-podrozna-dla-dzieci-lew-3d-klocki-1708","title":{"rendered":"Walizka podr\u00f3\u017cna dla dzieci LEW 3D + klocki  1708"},"content":{"rendered":"<section class=\"section\">\n<div class=\"item item-6\">\n<section class=\"image-item\">             <img decoding=\"async\" src=\"https:\/\/upload.cdn.baselinker.com\/products\/3029707\/56a7cb86a750677e74e2d1ca18b08d7f.jpg\" \/>         <\/section>\n<\/p><\/div>\n<div class=\"item item-6\">\n<section class=\"text-item\">\n<h1>Walizka podr\u00f3\u017cna dla dzieci LEW 3D + klocki<\/h1>\n<p>Nr kat.: 1708<\/p>\n<p>Wspania\u0142a walizka 3D dla dzieci na podr\u00f3\u017c, biwak, wycieczk\u0119 szkoln\u0105 lub przedszkoln\u0105!<\/p>\n<p>Cechy:<\/p>\n<p>&#8211; wykonana z twardego i wytrzyma\u0142ego tworzywa<\/p>\n<p>&#8211; wyposa\u017cona w wysuwany, teleskopowy uchwyt oraz wygodn\u0105 r\u0105czk\u0119 do przenoszenia<\/p>\n<p>&#8211; cztery ko\u0142a dla wi\u0119kszej stabilno\u015bci<\/p>\n<p>&#8211; dwucz\u0119\u015bciowa komora z pasami zabezpieczaj\u0105cymi i oddzielaj\u0105c\u0105 przegrod\u0105 z materia\u0142u<\/p>\n<p>&#8211; mie\u015bci si\u0119 do samolotu jako baga\u017c podr\u0119czny<\/p>\n<p>&#8211; dodatkowo w zestawie zestaw klock\u00f3w do wpinania w przedni\u0105 cze\u015b\u0107 walizki &#8211; \u015bwietna zabawa w czasie oczekiwania na podr\u00f3\u017c<\/p>\n<p>Wymiary walizki: 46 x 33,5 x 30,5 cm.<\/p>\n<p>Waga: 2,4 kg.<\/p>\n<\/section><\/div>\n<\/section>\n<section class=\"section\">\n<div class=\"item item-12\">\n<section class=\"image-item\">             <img decoding=\"async\" src=\"https:\/\/upload.cdn.baselinker.com\/products\/3029707\/56a7cb86a750677e74e2d1ca18b08d7f.jpg\" \/>         <\/section>\n<\/p><\/div>\n<\/section>\n<section class=\"section\">\n<div class=\"item item-12\">\n<section class=\"image-item\">             <img decoding=\"async\" src=\"https:\/\/upload.cdn.baselinker.com\/products\/3029707\/986fe87f0d25726d6ca0e648f22bd663.jpg\" \/>         <\/section>\n<\/p><\/div>\n<\/section>\n<section class=\"section\">\n<div class=\"item item-12\">\n<section class=\"image-item\">             <img decoding=\"async\" src=\"https:\/\/upload.cdn.baselinker.com\/products\/3029707\/d8ff4cf56205038ce1e21316d10787fc.jpg\" \/>         <\/section>\n<\/p><\/div>\n<\/section>\n<p><strong>Dodatkowe informacje:<\/strong><\/p>\n<ul>\n<li><strong>Producent: <\/strong>SHANTOU PENG DA TOYS FACTORY ADD: YANDONGPIAN INDUSTRIAL AREA, DONGWAN, LIANXIA, CHENGHAI, SHANTOU, GUANGDONG, CHINA EMAIL: EMMATOYS@OUTLOOK.COM<\/li>\n<li><strong>Podmiot odpowiedzialny za wprowadzenie produktu na rynek europejski:<\/strong>\u00a0Firma Handlowa PULIO Krzysztof Gebel ul. Kolejowa 3 55-040 Bielany Wroc\u0142awskie  tel. +48 71 352 07 80  biuro@pulio.pl  www.pulio.pl<\/li>\n<li><strong>Ostrze\u017cenia na opakowaniu: <\/strong>Ostrze\u017cenia: Nieodpowiednie dla dzieci poni\u017cej 3 roku \u017cycia. Niebezpiecze\u0144stwo zad\u0142awienia drobnymi elementami! Przed przekazaniem dziecku nale\u017cy usun\u0105\u0107 wszystkie elementy opakowania. Opakowanie nie stanowi cz\u0119\u015bci zabawki. Producent zastrzega sobie mo\u017cliwo\u015b\u0107 zmian kolorystycznych i technicznych. Prosimy zachowa\u0107 opakowanie wraz z ostrze\u017ceniami i pozosta\u0142ymi informacjami gdy\u017c zawiera ono wa\u017cne informacje. Wyprodukowano w Chinach.<\/li>\n<li><strong>Instrukcja obs\u0142ugi jest:<\/strong> NIE<\/li>\n<li><strong>Kraj pochodzenia:<\/strong> CHINY<\/li>\n<\/ul>\n","protected":false},"excerpt":{"rendered":"<p>Walizka podr\u00f3\u017cna dla dzieci LEW 3D + klocki Nr kat.: 1708 Wspania\u0142a walizka 3D dla dzieci na podr\u00f3\u017c, biwak, wycieczk\u0119<\/p>\n","protected":false},"featured_media":7779,"comment_status":"open","ping_status":"closed","template":"","meta":[],"product_brand":[],"product_cat":[16],"product_tag":[],"class_list":{"0":"post-7672","1":"product","2":"type-product","3":"status-publish","4":"has-post-thumbnail","6":"product_cat-import","8":"first","9":"instock","10":"shipping-taxable","11":"purchasable","12":"product-type-simple"},"_links":{"self":[{"href":"https:\/\/czas.m2web.pl\/index.php?rest_route=\/wp\/v2\/product\/7672","targetHints":{"allow":["GET"]}}],"collection":[{"href":"https:\/\/czas.m2web.pl\/index.php?rest_route=\/wp\/v2\/product"}],"about":[{"href":"https:\/\/czas.m2web.pl\/index.php?rest_route=\/wp\/v2\/types\/product"}],"replies":[{"embeddable":true,"href":"https:\/\/czas.m2web.pl\/index.php?rest_route=%2Fwp%2Fv2%2Fcomments&post=7672"}],"version-history":[{"count":0,"href":"https:\/\/czas.m2web.pl\/index.php?rest_route=\/wp\/v2\/product\/7672\/revisions"}],"wp:featuredmedia":[{"embeddable":true,"href":"https:\/\/czas.m2web.pl\/index.php?rest_route=\/wp\/v2\/media\/7779"}],"wp:attachment":[{"href":"https:\/\/czas.m2web.pl\/index.php?rest_route=%2Fwp%2Fv2%2Fmedia&parent=7672"}],"wp:term":[{"taxonomy":"product_brand","embeddable":true,"href":"https:\/\/czas.m2web.pl\/index.php?rest_route=%2Fwp%2Fv2%2Fproduct_brand&post=7672"},{"taxonomy":"product_cat","embeddable":true,"href":"https:\/\/czas.m2web.pl\/index.php?rest_route=%2Fwp%2Fv2%2Fproduct_cat&post=7672"},{"taxonomy":"product_tag","embeddable":true,"href":"https:\/\/czas.m2web.pl\/index.php?rest_route=%2Fwp%2Fv2%2Fproduct_tag&post=7672"}],"curies":[{"name":"wp","href":"https:\/\/api.w.org\/{rel}","templated":true}]}}