{"id":7808,"date":"2026-01-04T23:22:10","date_gmt":"2026-01-04T22:22:10","guid":{"rendered":"https:\/\/czas.m2web.pl\/?post_type=product&#038;p=7808"},"modified":"2026-01-04T23:22:49","modified_gmt":"2026-01-04T22:22:49","slug":"zestaw-artystyczny-w-kuferku-kredki-wish-564240","status":"publish","type":"product","link":"https:\/\/czas.m2web.pl\/?product=zestaw-artystyczny-w-kuferku-kredki-wish-564240","title":{"rendered":"Zestaw artystyczny w kuferku, kredki Wish 564240"},"content":{"rendered":"<section class=\"section\">\n<div class=\"item item-6\">\n<section class=\"image-item\">             <img decoding=\"async\" src=\"https:\/\/upload.cdn.baselinker.com\/products\/3029707\/174d27a702d35657792b340c1d0360dd.jpg\" \/>         <\/section>\n<\/p><\/div>\n<div class=\"item item-6\">\n<section class=\"text-item\">\n<h1>Zestaw artystyczny w kuferku Wish<\/h1>\n<p>Diakakis 564240<\/p>\n<p>Zestaw przybor\u00f3w dla ma\u0142ego artysty zapakowany w ozdobne pude\u0142ko-kuferek. Posiada r\u0105czk\u0119 do wygodnego przenoszenia i dwie wysuwane szufladki. Kuferek zapianany jest na 2 rzepy.<\/p>\n<p>Zestaw zawiera:<\/p>\n<ul>\n<li>8 kredek o\u0142\u00f3wkowych,<\/li>\n<li>8 kredek \u015bwiecowych,<\/li>\n<li>8 pisak\u00f3w,<\/li>\n<li>12 farbek wodnych,<\/li>\n<li>pedzelek,<\/li>\n<li>g\u0105beczk\u0119,<\/li>\n<li>2 gumki do mazania,<\/li>\n<li>o\u0142\u00f3wek,<\/li>\n<li>kolorowank\u0119 w formie notesika.<\/li>\n<\/ul>\n<p>Wiek: 3+.<\/p>\n<p>Wymiary kuferka: 26 x 13,5 x 10 cm.<\/p>\n<\/section><\/div>\n<\/section>\n<section class=\"section\">\n<div class=\"item item-12\">\n<section class=\"image-item\">             <img decoding=\"async\" src=\"https:\/\/upload.cdn.baselinker.com\/products\/3029707\/583dc9f8d6736a26683bdb2ade1b940d.jpg\" \/>         <\/section>\n<\/p><\/div>\n<\/section>\n<section class=\"section\">\n<div class=\"item item-12\">\n<section class=\"image-item\">             <img decoding=\"async\" src=\"https:\/\/upload.cdn.baselinker.com\/products\/3029707\/a84e85b65aafaf7d63ea6ef546dd8a80.jpg\" \/>         <\/section>\n<\/p><\/div>\n<\/section>\n<p><strong>Dodatkowe informacje:<\/strong><\/p>\n<ul>\n<li><strong>Producent: <\/strong>DIAKAKIS IMPORTS S.A. 3rd klm Simmahiki Str. Oreokastro-Diavata | P.P.Box 79, 57013| Thessaloniki | Greece; Email: exports@diakakisimports.gr<\/li>\n<li><strong>Podmiot odpowiedzialny za wprowadzenie produktu na rynek europejski:<\/strong>\u00a0DIAKAKIS IMPORTS S.A. 3rd klm Simmahiki Str. Oreokastro-Diavata | P.P.Box 79, 57013| Thessaloniki | Greece; Email: exports@diakakisimports.gr<\/li>\n<li><strong>Ostrze\u017cenia na opakowaniu: <\/strong>Ostrze\u017cenia: Nieodpowiednie dla dzieci poni\u017cej 3 roku \u017cycia. Niebezpiecze\u0144stwo zad\u0142awienia drobnymi elementami! Przed przekazaniem dziecku nale\u017cy usun\u0105\u0107 wszystkie elementy opakowania. Opakowanie nie stanowi cz\u0119\u015bci zabawki. Producent zastrzega sobie mo\u017cliwo\u015b\u0107 zmian kolorystycznych i technicznych. Prosimy zachowa\u0107 opakowanie wraz z ostrze\u017ceniami i pozosta\u0142ymi informacjami do p\u00f3\u017aniejszej korespondencji. Wyprodukowano w Chinach<\/li>\n<li><strong>Instrukcja obs\u0142ugi jest:<\/strong> NIE<\/li>\n<li><strong>Kraj pochodzenia:<\/strong> CHINY<\/li>\n<\/ul>\n","protected":false},"excerpt":{"rendered":"<p>Zestaw artystyczny w kuferku Wish Diakakis 564240 Zestaw przybor\u00f3w dla ma\u0142ego artysty zapakowany w ozdobne pude\u0142ko-kuferek. Posiada r\u0105czk\u0119 do wygodnego<\/p>\n","protected":false},"featured_media":7902,"comment_status":"open","ping_status":"closed","template":"","meta":[],"product_brand":[],"product_cat":[16],"product_tag":[],"class_list":{"0":"post-7808","1":"product","2":"type-product","3":"status-publish","4":"has-post-thumbnail","6":"product_cat-import","8":"first","9":"instock","10":"shipping-taxable","11":"purchasable","12":"product-type-simple"},"_links":{"self":[{"href":"https:\/\/czas.m2web.pl\/index.php?rest_route=\/wp\/v2\/product\/7808","targetHints":{"allow":["GET"]}}],"collection":[{"href":"https:\/\/czas.m2web.pl\/index.php?rest_route=\/wp\/v2\/product"}],"about":[{"href":"https:\/\/czas.m2web.pl\/index.php?rest_route=\/wp\/v2\/types\/product"}],"replies":[{"embeddable":true,"href":"https:\/\/czas.m2web.pl\/index.php?rest_route=%2Fwp%2Fv2%2Fcomments&post=7808"}],"version-history":[{"count":0,"href":"https:\/\/czas.m2web.pl\/index.php?rest_route=\/wp\/v2\/product\/7808\/revisions"}],"wp:featuredmedia":[{"embeddable":true,"href":"https:\/\/czas.m2web.pl\/index.php?rest_route=\/wp\/v2\/media\/7902"}],"wp:attachment":[{"href":"https:\/\/czas.m2web.pl\/index.php?rest_route=%2Fwp%2Fv2%2Fmedia&parent=7808"}],"wp:term":[{"taxonomy":"product_brand","embeddable":true,"href":"https:\/\/czas.m2web.pl\/index.php?rest_route=%2Fwp%2Fv2%2Fproduct_brand&post=7808"},{"taxonomy":"product_cat","embeddable":true,"href":"https:\/\/czas.m2web.pl\/index.php?rest_route=%2Fwp%2Fv2%2Fproduct_cat&post=7808"},{"taxonomy":"product_tag","embeddable":true,"href":"https:\/\/czas.m2web.pl\/index.php?rest_route=%2Fwp%2Fv2%2Fproduct_tag&post=7808"}],"curies":[{"name":"wp","href":"https:\/\/api.w.org\/{rel}","templated":true}]}}